{"id":989,"date":"2026-01-21T16:11:08","date_gmt":"2026-01-21T16:11:08","guid":{"rendered":"https:\/\/kaashandeldammers.nl\/product\/kaasdoek-l\/"},"modified":"2026-01-21T16:11:08","modified_gmt":"2026-01-21T16:11:08","slug":"kaasdoek-l","status":"publish","type":"product","link":"https:\/\/kaashandeldammers.nl\/de\/produkt\/kaasdoek-l\/","title":{"rendered":"K\u00e4setuch L"},"content":{"rendered":"<p>&nbsp;K\u00e4setuch L<\/p>\n<p>Sie m\u00f6chten Ihren Lieblingsk\u00e4se ohne Papier und Plastik aufbewahren? Dann ist dieses Tuch genau das Richtige f\u00fcr Sie. Es besteht aus Bio-Baumwolle, Bienenwachs und Baumharz. Dieses Naturprodukt ist ideal, um Ihren K\u00e4se frisch zu halten. Das K\u00e4setuch ist atmungsaktiv und sorgt daf\u00fcr, dass Ihr K\u00e4se in bestem Zustand bleibt \u2013 sowohl geschmacklich als auch von der Konsistenz her. Das Bienenwachs h\u00e4lt Ihren K\u00e4se zudem lange frisch und wirkt antibakteriell.&nbsp;<\/p>\n<p>K\u00e4setuch Gr\u00f6\u00dfe L (40 x 50 cm) eignet sich f\u00fcr K\u00e4sest\u00fccke mit einem Gewicht von bis zu ca. 700 Gramm bis zu einem Kilo. F\u00fcr kleinere K\u00e4sest\u00fccke verwenden Sie bitte Gr\u00f6\u00dfe L. <a href=\"https:\/\/kaasonlinebestellen.nl\/Kaasdoek-M\">Gr\u00f6\u00dfe M.<\/a><\/p>\n<p>Wartungshinweise:<\/p>\n<p><strong>WIE VERWENDET MAN DAS K\u00c4SETUCH?<\/strong> Wickeln Sie einfach ein Tuch mit der W\u00e4rme Ihrer H\u00e4nde um Ihr K\u00e4sest\u00fcck. Das K\u00e4setuch k\u00fchlt ab und beh\u00e4lt so seine luftdichte Form.<\/p>\n<p><strong>WIE PFLEGT MAN K\u00c4SETUCH?<\/strong> Das K\u00e4setuch l\u00e4sst sich ganz einfach von Hand in kaltem oder lauwarmem Wasser mit etwas Sp\u00fclmittel waschen. Lassen Sie es vor dem n\u00e4chsten Gebrauch gr\u00fcndlich trocknen. Wenn Sie Ihr K\u00e4setuch nach einiger Zeit auffrischen m\u00f6chten, legen Sie es auf ein Backblech und schmelzen Sie das Bienenwachs bei 80 Grad Celsius im Ofen. Lassen Sie es einige Minuten ruhen, nehmen Sie es dann schnell, aber vorsichtig heraus und halten Sie es einige Sekunden in den H\u00e4nden, bis es abgek\u00fchlt ist. Schon haben Sie ein wie neu!<\/p>\n<p><em>Haben Sie dieses sch\u00f6ne K\u00e4setuch in Ihren Warenkorb gelegt? Sie k\u00f6nnen auf das Hinzuf\u00fcgen von K\u00e4sepapier zu Ihrem K\u00e4se verzichten, damit wir kein unn\u00f6tiges Papier und Plastik verschwenden.<\/em><\/p>\n<p>&nbsp;<\/p>","protected":false},"excerpt":{"rendered":"<p>Sie m\u00f6chten Ihren Lieblingsk\u00e4se ohne Verpackung aufbewahren? Dieses K\u00e4setuch ist die perfekte L\u00f6sung!<\/p>","protected":false},"featured_media":986,"template":"","meta":[],"product_brand":[],"product_cat":[22],"product_tag":[],"class_list":{"0":"post-989","1":"product","2":"type-product","3":"status-publish","4":"has-post-thumbnail","6":"product_cat-geen-categorie","8":"first","9":"instock","10":"taxable","11":"shipping-taxable","12":"product-type-simple"},"yoast_head":"<!-- This site is optimized with the Yoast SEO plugin v27.3 - https:\/\/yoast.com\/product\/yoast-seo-wordpress\/ -->\n<title>Kaasdoek L - Kaashandel Dammers<\/title>\n<meta name=\"robots\" content=\"index, follow, max-snippet:-1, max-image-preview:large, max-video-preview:-1\" \/>\n<link rel=\"canonical\" href=\"https:\/\/kaashandeldammers.nl\/de\/produkt\/kaasdoek-l\/\" \/>\n<meta property=\"og:locale\" content=\"de_DE\" \/>\n<meta property=\"og:type\" content=\"article\" \/>\n<meta property=\"og:title\" content=\"Kaasdoek L - Kaashandel Dammers\" \/>\n<meta property=\"og:description\" content=\"Verpakkingsvrij jouw favoriete kaas bewaren? Dan is deze kaasdoek voor jouw de oplossing!\" \/>\n<meta property=\"og:url\" content=\"https:\/\/kaashandeldammers.nl\/de\/produkt\/kaasdoek-l\/\" \/>\n<meta property=\"og:site_name\" content=\"Kaashandel Dammers\" \/>\n<meta name=\"twitter:card\" content=\"summary_large_image\" \/>\n<meta name=\"twitter:label1\" content=\"Gesch\u00e4tzte Lesezeit\" \/>\n\t<meta name=\"twitter:data1\" content=\"1\u00a0Minute\" \/>\n<script type=\"application\/ld+json\" class=\"yoast-schema-graph\">{\"@context\":\"https:\\\/\\\/schema.org\",\"@graph\":[{\"@type\":\"WebPage\",\"@id\":\"https:\\\/\\\/kaashandeldammers.nl\\\/product\\\/kaasdoek-l\\\/\",\"url\":\"https:\\\/\\\/kaashandeldammers.nl\\\/product\\\/kaasdoek-l\\\/\",\"name\":\"Kaasdoek L - Kaashandel Dammers\",\"isPartOf\":{\"@id\":\"https:\\\/\\\/kaashandeldammers.nl\\\/#website\"},\"primaryImageOfPage\":{\"@id\":\"https:\\\/\\\/kaashandeldammers.nl\\\/product\\\/kaasdoek-l\\\/#primaryimage\"},\"image\":{\"@id\":\"https:\\\/\\\/kaashandeldammers.nl\\\/product\\\/kaasdoek-l\\\/#primaryimage\"},\"thumbnailUrl\":\"https:\\\/\\\/kaashandeldammers.nl\\\/wp-content\\\/uploads\\\/2026\\\/01\\\/1959719151.png\",\"datePublished\":\"2026-01-21T16:11:08+00:00\",\"breadcrumb\":{\"@id\":\"https:\\\/\\\/kaashandeldammers.nl\\\/product\\\/kaasdoek-l\\\/#breadcrumb\"},\"inLanguage\":\"de\",\"potentialAction\":[{\"@type\":\"ReadAction\",\"target\":[\"https:\\\/\\\/kaashandeldammers.nl\\\/product\\\/kaasdoek-l\\\/\"]}]},{\"@type\":\"ImageObject\",\"inLanguage\":\"de\",\"@id\":\"https:\\\/\\\/kaashandeldammers.nl\\\/product\\\/kaasdoek-l\\\/#primaryimage\",\"url\":\"https:\\\/\\\/kaashandeldammers.nl\\\/wp-content\\\/uploads\\\/2026\\\/01\\\/1959719151.png\",\"contentUrl\":\"https:\\\/\\\/kaashandeldammers.nl\\\/wp-content\\\/uploads\\\/2026\\\/01\\\/1959719151.png\",\"width\":600,\"height\":400},{\"@type\":\"BreadcrumbList\",\"@id\":\"https:\\\/\\\/kaashandeldammers.nl\\\/product\\\/kaasdoek-l\\\/#breadcrumb\",\"itemListElement\":[{\"@type\":\"ListItem\",\"position\":1,\"name\":\"Home\",\"item\":\"https:\\\/\\\/kaashandeldammers.nl\\\/\"},{\"@type\":\"ListItem\",\"position\":2,\"name\":\"Aanbod\",\"item\":\"https:\\\/\\\/kaashandeldammers.nl\\\/aanbod\\\/\"},{\"@type\":\"ListItem\",\"position\":3,\"name\":\"Kaasdoek L\"}]},{\"@type\":\"WebSite\",\"@id\":\"https:\\\/\\\/kaashandeldammers.nl\\\/#website\",\"url\":\"https:\\\/\\\/kaashandeldammers.nl\\\/\",\"name\":\"Kaashandel Dammers\",\"description\":\"Ambachtelijke kaas, vers van het mes\",\"potentialAction\":[{\"@type\":\"SearchAction\",\"target\":{\"@type\":\"EntryPoint\",\"urlTemplate\":\"https:\\\/\\\/kaashandeldammers.nl\\\/?s={search_term_string}\"},\"query-input\":{\"@type\":\"PropertyValueSpecification\",\"valueRequired\":true,\"valueName\":\"search_term_string\"}}],\"inLanguage\":\"de\"}]}<\/script>\n<!-- \/ Yoast SEO plugin. -->","yoast_head_json":{"title":"Kaasdoek L - Kaashandel Dammers","robots":{"index":"index","follow":"follow","max-snippet":"max-snippet:-1","max-image-preview":"max-image-preview:large","max-video-preview":"max-video-preview:-1"},"canonical":"https:\/\/kaashandeldammers.nl\/de\/produkt\/kaasdoek-l\/","og_locale":"de_DE","og_type":"article","og_title":"Kaasdoek L - Kaashandel Dammers","og_description":"Verpakkingsvrij jouw favoriete kaas bewaren? Dan is deze kaasdoek voor jouw de oplossing!","og_url":"https:\/\/kaashandeldammers.nl\/de\/produkt\/kaasdoek-l\/","og_site_name":"Kaashandel Dammers","twitter_card":"summary_large_image","twitter_misc":{"Gesch\u00e4tzte Lesezeit":"1\u00a0Minute"},"schema":{"@context":"https:\/\/schema.org","@graph":[{"@type":"WebPage","@id":"https:\/\/kaashandeldammers.nl\/product\/kaasdoek-l\/","url":"https:\/\/kaashandeldammers.nl\/product\/kaasdoek-l\/","name":"Kaasdoek L - Kaashandel Dammers","isPartOf":{"@id":"https:\/\/kaashandeldammers.nl\/#website"},"primaryImageOfPage":{"@id":"https:\/\/kaashandeldammers.nl\/product\/kaasdoek-l\/#primaryimage"},"image":{"@id":"https:\/\/kaashandeldammers.nl\/product\/kaasdoek-l\/#primaryimage"},"thumbnailUrl":"https:\/\/kaashandeldammers.nl\/wp-content\/uploads\/2026\/01\/1959719151.png","datePublished":"2026-01-21T16:11:08+00:00","breadcrumb":{"@id":"https:\/\/kaashandeldammers.nl\/product\/kaasdoek-l\/#breadcrumb"},"inLanguage":"de","potentialAction":[{"@type":"ReadAction","target":["https:\/\/kaashandeldammers.nl\/product\/kaasdoek-l\/"]}]},{"@type":"ImageObject","inLanguage":"de","@id":"https:\/\/kaashandeldammers.nl\/product\/kaasdoek-l\/#primaryimage","url":"https:\/\/kaashandeldammers.nl\/wp-content\/uploads\/2026\/01\/1959719151.png","contentUrl":"https:\/\/kaashandeldammers.nl\/wp-content\/uploads\/2026\/01\/1959719151.png","width":600,"height":400},{"@type":"BreadcrumbList","@id":"https:\/\/kaashandeldammers.nl\/product\/kaasdoek-l\/#breadcrumb","itemListElement":[{"@type":"ListItem","position":1,"name":"Home","item":"https:\/\/kaashandeldammers.nl\/"},{"@type":"ListItem","position":2,"name":"Aanbod","item":"https:\/\/kaashandeldammers.nl\/aanbod\/"},{"@type":"ListItem","position":3,"name":"Kaasdoek L"}]},{"@type":"WebSite","@id":"https:\/\/kaashandeldammers.nl\/#website","url":"https:\/\/kaashandeldammers.nl\/","name":"Dammers K\u00e4segesch\u00e4ft","description":"Handwerklich hergestellter K\u00e4se, frisch vom Messer","potentialAction":[{"@type":"SearchAction","target":{"@type":"EntryPoint","urlTemplate":"https:\/\/kaashandeldammers.nl\/?s={search_term_string}"},"query-input":{"@type":"PropertyValueSpecification","valueRequired":true,"valueName":"search_term_string"}}],"inLanguage":"de"}]}},"jetpack_sharing_enabled":true,"_links":{"self":[{"href":"https:\/\/kaashandeldammers.nl\/de\/wp-json\/wp\/v2\/product\/989","targetHints":{"allow":["GET"]}}],"collection":[{"href":"https:\/\/kaashandeldammers.nl\/de\/wp-json\/wp\/v2\/product"}],"about":[{"href":"https:\/\/kaashandeldammers.nl\/de\/wp-json\/wp\/v2\/types\/product"}],"wp:featuredmedia":[{"embeddable":true,"href":"https:\/\/kaashandeldammers.nl\/de\/wp-json\/wp\/v2\/media\/986"}],"wp:attachment":[{"href":"https:\/\/kaashandeldammers.nl\/de\/wp-json\/wp\/v2\/media?parent=989"}],"wp:term":[{"taxonomy":"product_brand","embeddable":true,"href":"https:\/\/kaashandeldammers.nl\/de\/wp-json\/wp\/v2\/product_brand?post=989"},{"taxonomy":"product_cat","embeddable":true,"href":"https:\/\/kaashandeldammers.nl\/de\/wp-json\/wp\/v2\/product_cat?post=989"},{"taxonomy":"product_tag","embeddable":true,"href":"https:\/\/kaashandeldammers.nl\/de\/wp-json\/wp\/v2\/product_tag?post=989"}],"curies":[{"name":"wp","href":"https:\/\/api.w.org\/{rel}","templated":true}]}}