{"id":946,"date":"2026-01-21T16:02:59","date_gmt":"2026-01-21T16:02:59","guid":{"rendered":"https:\/\/kaashandeldammers.nl\/product\/stolwijkse-meesterlijk-belegen-boerenkaas\/"},"modified":"2026-01-21T16:42:29","modified_gmt":"2026-01-21T16:42:29","slug":"stolwijkse-meesterlijk-belegen-boerenkaas","status":"publish","type":"product","link":"https:\/\/kaashandeldammers.nl\/de\/produkt\/stolwijkse-meesterlijk-belegen-boerenkaas\/","title":{"rendered":"Stolwijks meisterhaft gereifter Bauernk\u00e4se"},"content":{"rendered":"<p>Meisterhaft gereift \u2013 dieser K\u00e4se tr\u00e4gt seinen Namen aus gutem Grund. Wir sind \u00fcberzeugt, dass dies unser k\u00f6stlichster gereifter K\u00e4se ist. Dieser Rohmilch-Bauernk\u00e4se vereint alles, was einen guten K\u00e4se ausmacht: Er ist unglaublich vollmundig und reichhaltig im Geschmack mit genau dem richtigen Nachgeschmack. Genau dieser Nachgeschmack zeichnet einen echten Bauernk\u00e4se aus, der aus frischer Rohmilch hergestellt wird. Die Milch wird direkt von der Kuh ohne Erhitzen in den K\u00e4sekessel verarbeitet, wodurch der charakteristische Bauernk\u00e4segeschmack entsteht.<\/p>\n<p>Vollmundig und cremig \u2013 genau so schmeckt dieser k\u00f6stliche K\u00e4se. Er schmeckt genau so, wie ein echter Bauernk\u00e4se schmecken sollte: cremig und vollmundig.<\/p>\n<p>Der beste K\u00e4se wird auf dem K\u00e4sehof Kool in Stolwijk, S\u00fcdholland, hergestellt.<\/p>","protected":false},"excerpt":{"rendered":"<p>Echter Rohmilch-Bauernk\u00e4se von h\u00f6chster Qualit\u00e4t. Besonders geschmacksintensiv und super cremig.<\/p>","protected":false},"featured_media":1330,"template":"","meta":[],"product_brand":[],"product_cat":[40],"product_tag":[],"class_list":{"0":"post-946","1":"product","2":"type-product","3":"status-publish","4":"has-post-thumbnail","6":"product_cat-boerenkaas","8":"first","9":"instock","10":"taxable","11":"shipping-taxable","12":"product-type-simple"},"yoast_head":"<!-- This site is optimized with the Yoast SEO plugin v27.3 - https:\/\/yoast.com\/product\/yoast-seo-wordpress\/ -->\n<title>Stolwijkse meesterlijk belegen boerenkaas - Kaashandel Dammers<\/title>\n<meta name=\"robots\" content=\"index, follow, max-snippet:-1, max-image-preview:large, max-video-preview:-1\" \/>\n<link rel=\"canonical\" href=\"https:\/\/kaashandeldammers.nl\/de\/produkt\/stolwijkse-meesterlijk-belegen-boerenkaas\/\" \/>\n<meta property=\"og:locale\" content=\"de_DE\" \/>\n<meta property=\"og:type\" content=\"article\" \/>\n<meta property=\"og:title\" content=\"Stolwijkse meesterlijk belegen boerenkaas - Kaashandel Dammers\" \/>\n<meta property=\"og:description\" content=\"Echte rauwmelkse boerenkaas van het allerhoogste niveau. Mega vol van smaak en super romig\" \/>\n<meta property=\"og:url\" content=\"https:\/\/kaashandeldammers.nl\/de\/produkt\/stolwijkse-meesterlijk-belegen-boerenkaas\/\" \/>\n<meta property=\"og:site_name\" content=\"Kaashandel Dammers\" \/>\n<meta property=\"article:modified_time\" content=\"2026-01-21T16:42:29+00:00\" \/>\n<meta name=\"twitter:card\" content=\"summary_large_image\" \/>\n<meta name=\"twitter:label1\" content=\"Gesch\u00e4tzte Lesezeit\" \/>\n\t<meta name=\"twitter:data1\" content=\"1\u00a0Minute\" \/>\n<script type=\"application\/ld+json\" class=\"yoast-schema-graph\">{\"@context\":\"https:\\\/\\\/schema.org\",\"@graph\":[{\"@type\":\"WebPage\",\"@id\":\"https:\\\/\\\/kaashandeldammers.nl\\\/product\\\/stolwijkse-meesterlijk-belegen-boerenkaas\\\/\",\"url\":\"https:\\\/\\\/kaashandeldammers.nl\\\/product\\\/stolwijkse-meesterlijk-belegen-boerenkaas\\\/\",\"name\":\"Stolwijkse meesterlijk belegen boerenkaas - Kaashandel Dammers\",\"isPartOf\":{\"@id\":\"https:\\\/\\\/kaashandeldammers.nl\\\/#website\"},\"primaryImageOfPage\":{\"@id\":\"https:\\\/\\\/kaashandeldammers.nl\\\/product\\\/stolwijkse-meesterlijk-belegen-boerenkaas\\\/#primaryimage\"},\"image\":{\"@id\":\"https:\\\/\\\/kaashandeldammers.nl\\\/product\\\/stolwijkse-meesterlijk-belegen-boerenkaas\\\/#primaryimage\"},\"thumbnailUrl\":\"https:\\\/\\\/kaashandeldammers.nl\\\/wp-content\\\/uploads\\\/2026\\\/01\\\/2009349096-1.png\",\"datePublished\":\"2026-01-21T16:02:59+00:00\",\"dateModified\":\"2026-01-21T16:42:29+00:00\",\"breadcrumb\":{\"@id\":\"https:\\\/\\\/kaashandeldammers.nl\\\/product\\\/stolwijkse-meesterlijk-belegen-boerenkaas\\\/#breadcrumb\"},\"inLanguage\":\"de\",\"potentialAction\":[{\"@type\":\"ReadAction\",\"target\":[\"https:\\\/\\\/kaashandeldammers.nl\\\/product\\\/stolwijkse-meesterlijk-belegen-boerenkaas\\\/\"]}]},{\"@type\":\"ImageObject\",\"inLanguage\":\"de\",\"@id\":\"https:\\\/\\\/kaashandeldammers.nl\\\/product\\\/stolwijkse-meesterlijk-belegen-boerenkaas\\\/#primaryimage\",\"url\":\"https:\\\/\\\/kaashandeldammers.nl\\\/wp-content\\\/uploads\\\/2026\\\/01\\\/2009349096-1.png\",\"contentUrl\":\"https:\\\/\\\/kaashandeldammers.nl\\\/wp-content\\\/uploads\\\/2026\\\/01\\\/2009349096-1.png\",\"width\":1080,\"height\":1080},{\"@type\":\"BreadcrumbList\",\"@id\":\"https:\\\/\\\/kaashandeldammers.nl\\\/product\\\/stolwijkse-meesterlijk-belegen-boerenkaas\\\/#breadcrumb\",\"itemListElement\":[{\"@type\":\"ListItem\",\"position\":1,\"name\":\"Home\",\"item\":\"https:\\\/\\\/kaashandeldammers.nl\\\/\"},{\"@type\":\"ListItem\",\"position\":2,\"name\":\"Aanbod\",\"item\":\"https:\\\/\\\/kaashandeldammers.nl\\\/aanbod\\\/\"},{\"@type\":\"ListItem\",\"position\":3,\"name\":\"Stolwijkse meesterlijk belegen boerenkaas\"}]},{\"@type\":\"WebSite\",\"@id\":\"https:\\\/\\\/kaashandeldammers.nl\\\/#website\",\"url\":\"https:\\\/\\\/kaashandeldammers.nl\\\/\",\"name\":\"Kaashandel Dammers\",\"description\":\"Ambachtelijke kaas, vers van het mes\",\"potentialAction\":[{\"@type\":\"SearchAction\",\"target\":{\"@type\":\"EntryPoint\",\"urlTemplate\":\"https:\\\/\\\/kaashandeldammers.nl\\\/?s={search_term_string}\"},\"query-input\":{\"@type\":\"PropertyValueSpecification\",\"valueRequired\":true,\"valueName\":\"search_term_string\"}}],\"inLanguage\":\"de\"}]}<\/script>\n<!-- \/ Yoast SEO plugin. -->","yoast_head_json":{"title":"Stolwijkse meesterlijk belegen boerenkaas - Kaashandel Dammers","robots":{"index":"index","follow":"follow","max-snippet":"max-snippet:-1","max-image-preview":"max-image-preview:large","max-video-preview":"max-video-preview:-1"},"canonical":"https:\/\/kaashandeldammers.nl\/de\/produkt\/stolwijkse-meesterlijk-belegen-boerenkaas\/","og_locale":"de_DE","og_type":"article","og_title":"Stolwijkse meesterlijk belegen boerenkaas - Kaashandel Dammers","og_description":"Echte rauwmelkse boerenkaas van het allerhoogste niveau. Mega vol van smaak en super romig","og_url":"https:\/\/kaashandeldammers.nl\/de\/produkt\/stolwijkse-meesterlijk-belegen-boerenkaas\/","og_site_name":"Kaashandel Dammers","article_modified_time":"2026-01-21T16:42:29+00:00","twitter_card":"summary_large_image","twitter_misc":{"Gesch\u00e4tzte Lesezeit":"1\u00a0Minute"},"schema":{"@context":"https:\/\/schema.org","@graph":[{"@type":"WebPage","@id":"https:\/\/kaashandeldammers.nl\/product\/stolwijkse-meesterlijk-belegen-boerenkaas\/","url":"https:\/\/kaashandeldammers.nl\/product\/stolwijkse-meesterlijk-belegen-boerenkaas\/","name":"Stolwijkse meesterlijk belegen boerenkaas - Kaashandel Dammers","isPartOf":{"@id":"https:\/\/kaashandeldammers.nl\/#website"},"primaryImageOfPage":{"@id":"https:\/\/kaashandeldammers.nl\/product\/stolwijkse-meesterlijk-belegen-boerenkaas\/#primaryimage"},"image":{"@id":"https:\/\/kaashandeldammers.nl\/product\/stolwijkse-meesterlijk-belegen-boerenkaas\/#primaryimage"},"thumbnailUrl":"https:\/\/kaashandeldammers.nl\/wp-content\/uploads\/2026\/01\/2009349096-1.png","datePublished":"2026-01-21T16:02:59+00:00","dateModified":"2026-01-21T16:42:29+00:00","breadcrumb":{"@id":"https:\/\/kaashandeldammers.nl\/product\/stolwijkse-meesterlijk-belegen-boerenkaas\/#breadcrumb"},"inLanguage":"de","potentialAction":[{"@type":"ReadAction","target":["https:\/\/kaashandeldammers.nl\/product\/stolwijkse-meesterlijk-belegen-boerenkaas\/"]}]},{"@type":"ImageObject","inLanguage":"de","@id":"https:\/\/kaashandeldammers.nl\/product\/stolwijkse-meesterlijk-belegen-boerenkaas\/#primaryimage","url":"https:\/\/kaashandeldammers.nl\/wp-content\/uploads\/2026\/01\/2009349096-1.png","contentUrl":"https:\/\/kaashandeldammers.nl\/wp-content\/uploads\/2026\/01\/2009349096-1.png","width":1080,"height":1080},{"@type":"BreadcrumbList","@id":"https:\/\/kaashandeldammers.nl\/product\/stolwijkse-meesterlijk-belegen-boerenkaas\/#breadcrumb","itemListElement":[{"@type":"ListItem","position":1,"name":"Home","item":"https:\/\/kaashandeldammers.nl\/"},{"@type":"ListItem","position":2,"name":"Aanbod","item":"https:\/\/kaashandeldammers.nl\/aanbod\/"},{"@type":"ListItem","position":3,"name":"Stolwijkse meesterlijk belegen boerenkaas"}]},{"@type":"WebSite","@id":"https:\/\/kaashandeldammers.nl\/#website","url":"https:\/\/kaashandeldammers.nl\/","name":"Dammers K\u00e4segesch\u00e4ft","description":"Handwerklich hergestellter K\u00e4se, frisch vom Messer","potentialAction":[{"@type":"SearchAction","target":{"@type":"EntryPoint","urlTemplate":"https:\/\/kaashandeldammers.nl\/?s={search_term_string}"},"query-input":{"@type":"PropertyValueSpecification","valueRequired":true,"valueName":"search_term_string"}}],"inLanguage":"de"}]}},"jetpack_sharing_enabled":true,"_links":{"self":[{"href":"https:\/\/kaashandeldammers.nl\/de\/wp-json\/wp\/v2\/product\/946","targetHints":{"allow":["GET"]}}],"collection":[{"href":"https:\/\/kaashandeldammers.nl\/de\/wp-json\/wp\/v2\/product"}],"about":[{"href":"https:\/\/kaashandeldammers.nl\/de\/wp-json\/wp\/v2\/types\/product"}],"wp:featuredmedia":[{"embeddable":true,"href":"https:\/\/kaashandeldammers.nl\/de\/wp-json\/wp\/v2\/media\/1330"}],"wp:attachment":[{"href":"https:\/\/kaashandeldammers.nl\/de\/wp-json\/wp\/v2\/media?parent=946"}],"wp:term":[{"taxonomy":"product_brand","embeddable":true,"href":"https:\/\/kaashandeldammers.nl\/de\/wp-json\/wp\/v2\/product_brand?post=946"},{"taxonomy":"product_cat","embeddable":true,"href":"https:\/\/kaashandeldammers.nl\/de\/wp-json\/wp\/v2\/product_cat?post=946"},{"taxonomy":"product_tag","embeddable":true,"href":"https:\/\/kaashandeldammers.nl\/de\/wp-json\/wp\/v2\/product_tag?post=946"}],"curies":[{"name":"wp","href":"https:\/\/api.w.org\/{rel}","templated":true}]}}