{"id":942,"date":"2026-01-21T16:02:41","date_gmt":"2026-01-21T16:02:41","guid":{"rendered":"https:\/\/kaashandeldammers.nl\/product\/fondueset-nero-l-13l\/"},"modified":"2026-01-21T16:02:41","modified_gmt":"2026-01-21T16:02:41","slug":"fondueset-nero-l-13l","status":"publish","type":"product","link":"https:\/\/kaashandeldammers.nl\/de\/produkt\/fondueset-nero-l-13l\/","title":{"rendered":"Fondue-Set Nero L 1,3L"},"content":{"rendered":"<p>Genie\u00dfen Sie einen entspannten Abend mit K\u00e4sefondue \u2013 mit dem Nero Fondue-Set. Dieses Komplettset enth\u00e4lt einen hitzebest\u00e4ndigen Keramiktopf mit 1,3 Litern Fassungsverm\u00f6gen und 6 stabile Gabeln. Der gusseiserne Boden h\u00e4lt den K\u00e4se stundenlang warm. Dazu Wein, ein Baguette und los geht&#039;s!<\/p>\n<p><strong>Ausreichend f\u00fcr 875 Gramm Fondue<\/strong><br \/>\nDer schwarze Keramiktopf dieses praktischen Sets ist f\u00fcr die Verwendung auf einem Gasherd geeignet. Mit seinem Fassungsverm\u00f6gen von 1,3 Litern bietet er ausreichend Platz f\u00fcr 875 Gramm K\u00e4sefondue \u2013 genug f\u00fcr mehrere Personen.<\/p>\n<p><strong>Hochwertiges Fondue-Zubeh\u00f6r<\/strong><br \/>\nMit diesem Fondue-Set haben Sie alles, was Sie f\u00fcr einen gelungenen Fondue-Abend ben\u00f6tigen. Der Fonduebrenner ist f\u00fcr fl\u00fcssiges und gelartiges Fondue geeignet (Brennstoff nicht im Lieferumfang enthalten). Der Topf steht sicher auf dem robusten Gusseisenfu\u00df. Die sechs Fonduegabeln sind aus Edelstahl gefertigt und bieten optimalen Halt.<\/p>\n<p><strong>Sp\u00fclmaschinenfester Fonduetopf<\/strong><br \/>\nDer Vorteil dieses Fondue-Sets liegt in seiner einfachen Reinigung. Topf und Gabeln sind sp\u00fclmaschinenfest. Einfach den Boden mit einem Tuch abwischen, und schon ist das Set wieder einsatzbereit. Mit wem genie\u00dfen Sie ein k\u00f6stliches K\u00e4sefondue?<\/p>\n<p><strong>Der Fonduetopf ist nur f\u00fcr die Verwendung auf einem Gasherd geeignet.<\/strong>&nbsp;Falls Sie nur eine andere W\u00e4rmequelle haben \u2013 wie zum Beispiel ein Induktions- oder Elektrokochfeld \u2013 empfehlen wir, zum Erhitzen des Fondues einen anderen Topf zu verwenden.<\/p>","protected":false},"excerpt":{"rendered":"<p>Schitterend 4 persoons fondue set.<\/p>","protected":false},"featured_media":938,"template":"","meta":[],"product_brand":[],"product_cat":[22],"product_tag":[],"class_list":{"0":"post-942","1":"product","2":"type-product","3":"status-publish","4":"has-post-thumbnail","6":"product_cat-geen-categorie","8":"first","9":"instock","10":"taxable","11":"shipping-taxable","12":"product-type-simple"},"yoast_head":"<!-- This site is optimized with the Yoast SEO plugin v27.3 - https:\/\/yoast.com\/product\/yoast-seo-wordpress\/ -->\n<title>Fondueset Nero L 1,3L - Kaashandel Dammers<\/title>\n<meta name=\"robots\" content=\"index, follow, max-snippet:-1, max-image-preview:large, max-video-preview:-1\" \/>\n<link rel=\"canonical\" href=\"https:\/\/kaashandeldammers.nl\/de\/produkt\/fondueset-nero-l-13l\/\" \/>\n<meta property=\"og:locale\" content=\"de_DE\" \/>\n<meta property=\"og:type\" content=\"article\" \/>\n<meta property=\"og:title\" content=\"Fondueset Nero L 1,3L - Kaashandel Dammers\" \/>\n<meta property=\"og:description\" content=\"Schitterend 4 persoons fondue set.\" \/>\n<meta property=\"og:url\" content=\"https:\/\/kaashandeldammers.nl\/de\/produkt\/fondueset-nero-l-13l\/\" \/>\n<meta property=\"og:site_name\" content=\"Kaashandel Dammers\" \/>\n<meta name=\"twitter:card\" content=\"summary_large_image\" \/>\n<meta name=\"twitter:label1\" content=\"Gesch\u00e4tzte Lesezeit\" \/>\n\t<meta name=\"twitter:data1\" content=\"1\u00a0Minute\" \/>\n<script type=\"application\/ld+json\" class=\"yoast-schema-graph\">{\"@context\":\"https:\\\/\\\/schema.org\",\"@graph\":[{\"@type\":\"WebPage\",\"@id\":\"https:\\\/\\\/kaashandeldammers.nl\\\/product\\\/fondueset-nero-l-13l\\\/\",\"url\":\"https:\\\/\\\/kaashandeldammers.nl\\\/product\\\/fondueset-nero-l-13l\\\/\",\"name\":\"Fondueset Nero L 1,3L - Kaashandel Dammers\",\"isPartOf\":{\"@id\":\"https:\\\/\\\/kaashandeldammers.nl\\\/#website\"},\"primaryImageOfPage\":{\"@id\":\"https:\\\/\\\/kaashandeldammers.nl\\\/product\\\/fondueset-nero-l-13l\\\/#primaryimage\"},\"image\":{\"@id\":\"https:\\\/\\\/kaashandeldammers.nl\\\/product\\\/fondueset-nero-l-13l\\\/#primaryimage\"},\"thumbnailUrl\":\"https:\\\/\\\/kaashandeldammers.nl\\\/wp-content\\\/uploads\\\/2026\\\/01\\\/1934107563.png\",\"datePublished\":\"2026-01-21T16:02:41+00:00\",\"breadcrumb\":{\"@id\":\"https:\\\/\\\/kaashandeldammers.nl\\\/product\\\/fondueset-nero-l-13l\\\/#breadcrumb\"},\"inLanguage\":\"de\",\"potentialAction\":[{\"@type\":\"ReadAction\",\"target\":[\"https:\\\/\\\/kaashandeldammers.nl\\\/product\\\/fondueset-nero-l-13l\\\/\"]}]},{\"@type\":\"ImageObject\",\"inLanguage\":\"de\",\"@id\":\"https:\\\/\\\/kaashandeldammers.nl\\\/product\\\/fondueset-nero-l-13l\\\/#primaryimage\",\"url\":\"https:\\\/\\\/kaashandeldammers.nl\\\/wp-content\\\/uploads\\\/2026\\\/01\\\/1934107563.png\",\"contentUrl\":\"https:\\\/\\\/kaashandeldammers.nl\\\/wp-content\\\/uploads\\\/2026\\\/01\\\/1934107563.png\",\"width\":562,\"height\":562},{\"@type\":\"BreadcrumbList\",\"@id\":\"https:\\\/\\\/kaashandeldammers.nl\\\/product\\\/fondueset-nero-l-13l\\\/#breadcrumb\",\"itemListElement\":[{\"@type\":\"ListItem\",\"position\":1,\"name\":\"Home\",\"item\":\"https:\\\/\\\/kaashandeldammers.nl\\\/\"},{\"@type\":\"ListItem\",\"position\":2,\"name\":\"Aanbod\",\"item\":\"https:\\\/\\\/kaashandeldammers.nl\\\/aanbod\\\/\"},{\"@type\":\"ListItem\",\"position\":3,\"name\":\"Fondueset Nero L 1,3L\"}]},{\"@type\":\"WebSite\",\"@id\":\"https:\\\/\\\/kaashandeldammers.nl\\\/#website\",\"url\":\"https:\\\/\\\/kaashandeldammers.nl\\\/\",\"name\":\"Kaashandel Dammers\",\"description\":\"Ambachtelijke kaas, vers van het mes\",\"potentialAction\":[{\"@type\":\"SearchAction\",\"target\":{\"@type\":\"EntryPoint\",\"urlTemplate\":\"https:\\\/\\\/kaashandeldammers.nl\\\/?s={search_term_string}\"},\"query-input\":{\"@type\":\"PropertyValueSpecification\",\"valueRequired\":true,\"valueName\":\"search_term_string\"}}],\"inLanguage\":\"de\"}]}<\/script>\n<!-- \/ Yoast SEO plugin. -->","yoast_head_json":{"title":"Fondueset Nero L 1,3L - Kaashandel Dammers","robots":{"index":"index","follow":"follow","max-snippet":"max-snippet:-1","max-image-preview":"max-image-preview:large","max-video-preview":"max-video-preview:-1"},"canonical":"https:\/\/kaashandeldammers.nl\/de\/produkt\/fondueset-nero-l-13l\/","og_locale":"de_DE","og_type":"article","og_title":"Fondueset Nero L 1,3L - Kaashandel Dammers","og_description":"Schitterend 4 persoons fondue set.","og_url":"https:\/\/kaashandeldammers.nl\/de\/produkt\/fondueset-nero-l-13l\/","og_site_name":"Kaashandel Dammers","twitter_card":"summary_large_image","twitter_misc":{"Gesch\u00e4tzte Lesezeit":"1\u00a0Minute"},"schema":{"@context":"https:\/\/schema.org","@graph":[{"@type":"WebPage","@id":"https:\/\/kaashandeldammers.nl\/product\/fondueset-nero-l-13l\/","url":"https:\/\/kaashandeldammers.nl\/product\/fondueset-nero-l-13l\/","name":"Fondueset Nero L 1,3L - Kaashandel Dammers","isPartOf":{"@id":"https:\/\/kaashandeldammers.nl\/#website"},"primaryImageOfPage":{"@id":"https:\/\/kaashandeldammers.nl\/product\/fondueset-nero-l-13l\/#primaryimage"},"image":{"@id":"https:\/\/kaashandeldammers.nl\/product\/fondueset-nero-l-13l\/#primaryimage"},"thumbnailUrl":"https:\/\/kaashandeldammers.nl\/wp-content\/uploads\/2026\/01\/1934107563.png","datePublished":"2026-01-21T16:02:41+00:00","breadcrumb":{"@id":"https:\/\/kaashandeldammers.nl\/product\/fondueset-nero-l-13l\/#breadcrumb"},"inLanguage":"de","potentialAction":[{"@type":"ReadAction","target":["https:\/\/kaashandeldammers.nl\/product\/fondueset-nero-l-13l\/"]}]},{"@type":"ImageObject","inLanguage":"de","@id":"https:\/\/kaashandeldammers.nl\/product\/fondueset-nero-l-13l\/#primaryimage","url":"https:\/\/kaashandeldammers.nl\/wp-content\/uploads\/2026\/01\/1934107563.png","contentUrl":"https:\/\/kaashandeldammers.nl\/wp-content\/uploads\/2026\/01\/1934107563.png","width":562,"height":562},{"@type":"BreadcrumbList","@id":"https:\/\/kaashandeldammers.nl\/product\/fondueset-nero-l-13l\/#breadcrumb","itemListElement":[{"@type":"ListItem","position":1,"name":"Home","item":"https:\/\/kaashandeldammers.nl\/"},{"@type":"ListItem","position":2,"name":"Aanbod","item":"https:\/\/kaashandeldammers.nl\/aanbod\/"},{"@type":"ListItem","position":3,"name":"Fondueset Nero L 1,3L"}]},{"@type":"WebSite","@id":"https:\/\/kaashandeldammers.nl\/#website","url":"https:\/\/kaashandeldammers.nl\/","name":"Dammers K\u00e4segesch\u00e4ft","description":"Handwerklich hergestellter K\u00e4se, frisch vom Messer","potentialAction":[{"@type":"SearchAction","target":{"@type":"EntryPoint","urlTemplate":"https:\/\/kaashandeldammers.nl\/?s={search_term_string}"},"query-input":{"@type":"PropertyValueSpecification","valueRequired":true,"valueName":"search_term_string"}}],"inLanguage":"de"}]}},"jetpack_sharing_enabled":true,"_links":{"self":[{"href":"https:\/\/kaashandeldammers.nl\/de\/wp-json\/wp\/v2\/product\/942","targetHints":{"allow":["GET"]}}],"collection":[{"href":"https:\/\/kaashandeldammers.nl\/de\/wp-json\/wp\/v2\/product"}],"about":[{"href":"https:\/\/kaashandeldammers.nl\/de\/wp-json\/wp\/v2\/types\/product"}],"wp:featuredmedia":[{"embeddable":true,"href":"https:\/\/kaashandeldammers.nl\/de\/wp-json\/wp\/v2\/media\/938"}],"wp:attachment":[{"href":"https:\/\/kaashandeldammers.nl\/de\/wp-json\/wp\/v2\/media?parent=942"}],"wp:term":[{"taxonomy":"product_brand","embeddable":true,"href":"https:\/\/kaashandeldammers.nl\/de\/wp-json\/wp\/v2\/product_brand?post=942"},{"taxonomy":"product_cat","embeddable":true,"href":"https:\/\/kaashandeldammers.nl\/de\/wp-json\/wp\/v2\/product_cat?post=942"},{"taxonomy":"product_tag","embeddable":true,"href":"https:\/\/kaashandeldammers.nl\/de\/wp-json\/wp\/v2\/product_tag?post=942"}],"curies":[{"name":"wp","href":"https:\/\/api.w.org\/{rel}","templated":true}]}}