{"id":927,"date":"2026-01-21T16:02:06","date_gmt":"2026-01-21T16:02:06","guid":{"rendered":"https:\/\/kaashandeldammers.nl\/product\/zomermix\/"},"modified":"2026-01-21T16:41:23","modified_gmt":"2026-01-21T16:41:23","slug":"zomermix","status":"publish","type":"product","link":"https:\/\/kaashandeldammers.nl\/de\/produkt\/zomermix\/","title":{"rendered":"Sommermix"},"content":{"rendered":"<p data-end=\"243\" data-start=\"106\"><strong data-end=\"148\" data-start=\"106\">Neu: Sommerk\u00e4se vom Bauernhof \ud83c\udf1e\ud83e\uddc0<\/strong><br data-end=\"151\" data-start=\"148\" \/><br \/>\nAb heute erh\u00e4ltlich: unser brandneues <strong data-end=\"209\" data-start=\"196\">Sommerk\u00e4se<\/strong>, Direkt vom Bauernhof!<\/p>\n<p data-end=\"485\" data-start=\"245\">Dieser frische, cremige K\u00e4se wird nach folgendem Rezept zubereitet: <strong data-end=\"312\" data-start=\"292\">neues Rezept<\/strong> und speziell f\u00fcr die Sommermonate entwickelt. Eine perfekte Balance aus Cremigkeit und ... <strong data-end=\"427\" data-start=\"402\">leckere Kr\u00e4utermischung<\/strong> bietet ein \u00fcberraschend mildes, aber dennoch w\u00fcrziges Geschmackserlebnis.<\/p>\n<p data-end=\"618\" data-start=\"487\"><strong data-end=\"504\" data-start=\"487\">Was schmeckst du?<\/strong><br data-end=\"507\" data-start=\"504\" \/><br \/>\nEine sorgf\u00e4ltig zusammengestellte Mischung aus:<br data-end=\"547\" data-start=\"544\" \/><br \/>\n\ud83c\udf31 Sellerie<br data-end=\"561\" data-start=\"558\" \/><br \/>\n\ud83c\udf3f Schnittlauch<br data-end=\"575\" data-start=\"572\" \/><br \/>\n\ud83e\uddc4 Knoblauch<br data-end=\"589\" data-start=\"586\" \/><br \/>\n\ud83e\uddc5 Zwiebel<br data-end=\"597\" data-is-only-node=\"\" data-start=\"594\" \/><br \/>\n\ud83c\udf36\ufe0f Paprikaflocken<\/p>\n<p data-end=\"770\" data-start=\"620\">Ob auf einer K\u00e4seplatte, im Salat oder einfach auf einem frischen Sandwich \u2013 unser Sommerk\u00e4se bringt garantiert einen Hauch von Sonnenschein auf Ihren Tisch.<\/p>\n<p data-end=\"817\" data-start=\"772\"><strong data-end=\"815\" data-start=\"772\">Saisonales Highlight \u2013 Nur begrenzt verf\u00fcgbar!<\/strong><\/p>","protected":false},"excerpt":{"rendered":"<p>Frisse, romige zomerkaas met een smaakvolle mix van selderie, bieslook, knoflook, ui en paprikasnippers. Perfect voor zonnige dagen!<\/p>","protected":false},"featured_media":1315,"template":"","meta":[],"product_brand":[],"product_cat":[29],"product_tag":[],"class_list":{"0":"post-927","1":"product","2":"type-product","3":"status-publish","4":"has-post-thumbnail","6":"product_cat-speciale-smaken","8":"first","9":"instock","10":"taxable","11":"shipping-taxable","12":"product-type-simple"},"yoast_head":"<!-- This site is optimized with the Yoast SEO plugin v27.3 - https:\/\/yoast.com\/product\/yoast-seo-wordpress\/ -->\n<title>Zomermix - Kaashandel Dammers<\/title>\n<meta name=\"robots\" content=\"index, follow, max-snippet:-1, max-image-preview:large, max-video-preview:-1\" \/>\n<link rel=\"canonical\" href=\"https:\/\/kaashandeldammers.nl\/de\/produkt\/zomermix\/\" \/>\n<meta property=\"og:locale\" content=\"de_DE\" \/>\n<meta property=\"og:type\" content=\"article\" \/>\n<meta property=\"og:title\" content=\"Zomermix - Kaashandel Dammers\" \/>\n<meta property=\"og:description\" content=\"Frisse, romige zomerkaas met een smaakvolle mix van selderie, bieslook, knoflook, ui en paprikasnippers. Perfect voor zonnige dagen!\" \/>\n<meta property=\"og:url\" content=\"https:\/\/kaashandeldammers.nl\/de\/produkt\/zomermix\/\" \/>\n<meta property=\"og:site_name\" content=\"Kaashandel Dammers\" \/>\n<meta property=\"article:modified_time\" content=\"2026-01-21T16:41:23+00:00\" \/>\n<meta property=\"og:image\" content=\"https:\/\/kaashandeldammers.nl\/wp-content\/uploads\/2026\/01\/2063669985.png\" \/>\n\t<meta property=\"og:image:width\" content=\"800\" \/>\n\t<meta property=\"og:image:height\" content=\"800\" \/>\n\t<meta property=\"og:image:type\" content=\"image\/png\" \/>\n<meta name=\"twitter:card\" content=\"summary_large_image\" \/>\n<script type=\"application\/ld+json\" class=\"yoast-schema-graph\">{\"@context\":\"https:\\\/\\\/schema.org\",\"@graph\":[{\"@type\":\"WebPage\",\"@id\":\"https:\\\/\\\/kaashandeldammers.nl\\\/product\\\/zomermix\\\/\",\"url\":\"https:\\\/\\\/kaashandeldammers.nl\\\/product\\\/zomermix\\\/\",\"name\":\"Zomermix - Kaashandel Dammers\",\"isPartOf\":{\"@id\":\"https:\\\/\\\/kaashandeldammers.nl\\\/#website\"},\"primaryImageOfPage\":{\"@id\":\"https:\\\/\\\/kaashandeldammers.nl\\\/product\\\/zomermix\\\/#primaryimage\"},\"image\":{\"@id\":\"https:\\\/\\\/kaashandeldammers.nl\\\/product\\\/zomermix\\\/#primaryimage\"},\"thumbnailUrl\":\"https:\\\/\\\/kaashandeldammers.nl\\\/wp-content\\\/uploads\\\/2026\\\/01\\\/2063669985-1.png\",\"datePublished\":\"2026-01-21T16:02:06+00:00\",\"dateModified\":\"2026-01-21T16:41:23+00:00\",\"breadcrumb\":{\"@id\":\"https:\\\/\\\/kaashandeldammers.nl\\\/product\\\/zomermix\\\/#breadcrumb\"},\"inLanguage\":\"de\",\"potentialAction\":[{\"@type\":\"ReadAction\",\"target\":[\"https:\\\/\\\/kaashandeldammers.nl\\\/product\\\/zomermix\\\/\"]}]},{\"@type\":\"ImageObject\",\"inLanguage\":\"de\",\"@id\":\"https:\\\/\\\/kaashandeldammers.nl\\\/product\\\/zomermix\\\/#primaryimage\",\"url\":\"https:\\\/\\\/kaashandeldammers.nl\\\/wp-content\\\/uploads\\\/2026\\\/01\\\/2063669985-1.png\",\"contentUrl\":\"https:\\\/\\\/kaashandeldammers.nl\\\/wp-content\\\/uploads\\\/2026\\\/01\\\/2063669985-1.png\",\"width\":800,\"height\":800},{\"@type\":\"BreadcrumbList\",\"@id\":\"https:\\\/\\\/kaashandeldammers.nl\\\/product\\\/zomermix\\\/#breadcrumb\",\"itemListElement\":[{\"@type\":\"ListItem\",\"position\":1,\"name\":\"Home\",\"item\":\"https:\\\/\\\/kaashandeldammers.nl\\\/\"},{\"@type\":\"ListItem\",\"position\":2,\"name\":\"Aanbod\",\"item\":\"https:\\\/\\\/kaashandeldammers.nl\\\/aanbod\\\/\"},{\"@type\":\"ListItem\",\"position\":3,\"name\":\"Zomermix\"}]},{\"@type\":\"WebSite\",\"@id\":\"https:\\\/\\\/kaashandeldammers.nl\\\/#website\",\"url\":\"https:\\\/\\\/kaashandeldammers.nl\\\/\",\"name\":\"Kaashandel Dammers\",\"description\":\"Ambachtelijke kaas, vers van het mes\",\"potentialAction\":[{\"@type\":\"SearchAction\",\"target\":{\"@type\":\"EntryPoint\",\"urlTemplate\":\"https:\\\/\\\/kaashandeldammers.nl\\\/?s={search_term_string}\"},\"query-input\":{\"@type\":\"PropertyValueSpecification\",\"valueRequired\":true,\"valueName\":\"search_term_string\"}}],\"inLanguage\":\"de\"}]}<\/script>\n<!-- \/ Yoast SEO plugin. -->","yoast_head_json":{"title":"Zomermix - Kaashandel Dammers","robots":{"index":"index","follow":"follow","max-snippet":"max-snippet:-1","max-image-preview":"max-image-preview:large","max-video-preview":"max-video-preview:-1"},"canonical":"https:\/\/kaashandeldammers.nl\/de\/produkt\/zomermix\/","og_locale":"de_DE","og_type":"article","og_title":"Zomermix - Kaashandel Dammers","og_description":"Frisse, romige zomerkaas met een smaakvolle mix van selderie, bieslook, knoflook, ui en paprikasnippers. Perfect voor zonnige dagen!","og_url":"https:\/\/kaashandeldammers.nl\/de\/produkt\/zomermix\/","og_site_name":"Kaashandel Dammers","article_modified_time":"2026-01-21T16:41:23+00:00","og_image":[{"width":800,"height":800,"url":"https:\/\/kaashandeldammers.nl\/wp-content\/uploads\/2026\/01\/2063669985.png","type":"image\/png"}],"twitter_card":"summary_large_image","schema":{"@context":"https:\/\/schema.org","@graph":[{"@type":"WebPage","@id":"https:\/\/kaashandeldammers.nl\/product\/zomermix\/","url":"https:\/\/kaashandeldammers.nl\/product\/zomermix\/","name":"Zomermix - Kaashandel Dammers","isPartOf":{"@id":"https:\/\/kaashandeldammers.nl\/#website"},"primaryImageOfPage":{"@id":"https:\/\/kaashandeldammers.nl\/product\/zomermix\/#primaryimage"},"image":{"@id":"https:\/\/kaashandeldammers.nl\/product\/zomermix\/#primaryimage"},"thumbnailUrl":"https:\/\/kaashandeldammers.nl\/wp-content\/uploads\/2026\/01\/2063669985-1.png","datePublished":"2026-01-21T16:02:06+00:00","dateModified":"2026-01-21T16:41:23+00:00","breadcrumb":{"@id":"https:\/\/kaashandeldammers.nl\/product\/zomermix\/#breadcrumb"},"inLanguage":"de","potentialAction":[{"@type":"ReadAction","target":["https:\/\/kaashandeldammers.nl\/product\/zomermix\/"]}]},{"@type":"ImageObject","inLanguage":"de","@id":"https:\/\/kaashandeldammers.nl\/product\/zomermix\/#primaryimage","url":"https:\/\/kaashandeldammers.nl\/wp-content\/uploads\/2026\/01\/2063669985-1.png","contentUrl":"https:\/\/kaashandeldammers.nl\/wp-content\/uploads\/2026\/01\/2063669985-1.png","width":800,"height":800},{"@type":"BreadcrumbList","@id":"https:\/\/kaashandeldammers.nl\/product\/zomermix\/#breadcrumb","itemListElement":[{"@type":"ListItem","position":1,"name":"Home","item":"https:\/\/kaashandeldammers.nl\/"},{"@type":"ListItem","position":2,"name":"Aanbod","item":"https:\/\/kaashandeldammers.nl\/aanbod\/"},{"@type":"ListItem","position":3,"name":"Zomermix"}]},{"@type":"WebSite","@id":"https:\/\/kaashandeldammers.nl\/#website","url":"https:\/\/kaashandeldammers.nl\/","name":"Dammers K\u00e4segesch\u00e4ft","description":"Handwerklich hergestellter K\u00e4se, frisch vom Messer","potentialAction":[{"@type":"SearchAction","target":{"@type":"EntryPoint","urlTemplate":"https:\/\/kaashandeldammers.nl\/?s={search_term_string}"},"query-input":{"@type":"PropertyValueSpecification","valueRequired":true,"valueName":"search_term_string"}}],"inLanguage":"de"}]}},"jetpack_sharing_enabled":true,"_links":{"self":[{"href":"https:\/\/kaashandeldammers.nl\/de\/wp-json\/wp\/v2\/product\/927","targetHints":{"allow":["GET"]}}],"collection":[{"href":"https:\/\/kaashandeldammers.nl\/de\/wp-json\/wp\/v2\/product"}],"about":[{"href":"https:\/\/kaashandeldammers.nl\/de\/wp-json\/wp\/v2\/types\/product"}],"wp:featuredmedia":[{"embeddable":true,"href":"https:\/\/kaashandeldammers.nl\/de\/wp-json\/wp\/v2\/media\/1315"}],"wp:attachment":[{"href":"https:\/\/kaashandeldammers.nl\/de\/wp-json\/wp\/v2\/media?parent=927"}],"wp:term":[{"taxonomy":"product_brand","embeddable":true,"href":"https:\/\/kaashandeldammers.nl\/de\/wp-json\/wp\/v2\/product_brand?post=927"},{"taxonomy":"product_cat","embeddable":true,"href":"https:\/\/kaashandeldammers.nl\/de\/wp-json\/wp\/v2\/product_cat?post=927"},{"taxonomy":"product_tag","embeddable":true,"href":"https:\/\/kaashandeldammers.nl\/de\/wp-json\/wp\/v2\/product_tag?post=927"}],"curies":[{"name":"wp","href":"https:\/\/api.w.org\/{rel}","templated":true}]}}