{"id":903,"date":"2026-01-21T16:01:06","date_gmt":"2026-01-21T16:01:06","guid":{"rendered":"https:\/\/kaashandeldammers.nl\/product\/geitenkaas-oud-snijdbaar\/"},"modified":"2026-01-21T16:40:25","modified_gmt":"2026-01-21T16:40:25","slug":"geitenkaas-oud-snijdbaar","status":"publish","type":"product","link":"https:\/\/kaashandeldammers.nl\/de\/produkt\/geitenkaas-oud-snijdbaar\/","title":{"rendered":"Alter Ziegenk\u00e4se, schnittfest"},"content":{"rendered":"<p>Alter, schnittf\u00e4higer Ziegenk\u00e4se reift in Ruhe auf Holzplanken.<br \/>\nDieser K\u00e4se hat wundersch\u00f6ne kleine Salzkristalle und einen sehr charaktervollen Geschmack.<\/p>\n<p>Ziegenk\u00e4se ist wei\u00dfer als K\u00e4se aus Kuhmilch. Das liegt daran, dass Ziegen das gesamte Carotin (enth\u00e4lt den orangen Farbstoff) aus ihrem Futter in ihrem Verdauungstrakt in Vitamin A umwandeln. Ziegenmilch enth\u00e4lt weniger Laktose als Kuhmilch, daher k\u00f6nnen Menschen mit Laktoseintoleranz oft Ziegenmilchprodukte konsumieren. Die Fetts\u00e4uremolek\u00fcle (rote Blutk\u00f6rperchen) in Ziegenmilch sind kleiner als die in Kuhmilch, wodurch Ziegenk\u00e4se heller ist.<br \/>\nLeicht verdaulich und daher besser geeignet f\u00fcr S\u00e4uglinge und Menschen mit Verdauungsst\u00f6rungen.<\/p>\n<p>Kombinieren Sie diesen k\u00f6stlichen Ziegenk\u00e4se mit einem weicheren K\u00e4se auf Ihrer Getr\u00e4nkeplatte.<\/p>","protected":false},"excerpt":{"rendered":"<p>Oude geitenkaas, pikant en goed snijdbaar<\/p>","protected":false},"featured_media":1293,"template":"","meta":[],"product_brand":[],"product_cat":[37],"product_tag":[],"class_list":{"0":"post-903","1":"product","2":"type-product","3":"status-publish","4":"has-post-thumbnail","6":"product_cat-geiten-schapenkaas","8":"first","9":"instock","10":"taxable","11":"shipping-taxable","12":"product-type-simple"},"yoast_head":"<!-- This site is optimized with the Yoast SEO plugin v27.3 - https:\/\/yoast.com\/product\/yoast-seo-wordpress\/ -->\n<title>Geitenkaas oud snijdbaar - Kaashandel Dammers<\/title>\n<meta name=\"robots\" content=\"index, follow, max-snippet:-1, max-image-preview:large, max-video-preview:-1\" \/>\n<link rel=\"canonical\" href=\"https:\/\/kaashandeldammers.nl\/de\/produkt\/geitenkaas-oud-snijdbaar\/\" \/>\n<meta property=\"og:locale\" content=\"de_DE\" \/>\n<meta property=\"og:type\" content=\"article\" \/>\n<meta property=\"og:title\" content=\"Geitenkaas oud snijdbaar - Kaashandel Dammers\" \/>\n<meta property=\"og:description\" content=\"Oude geitenkaas, pikant en goed snijdbaar\" \/>\n<meta property=\"og:url\" content=\"https:\/\/kaashandeldammers.nl\/de\/produkt\/geitenkaas-oud-snijdbaar\/\" \/>\n<meta property=\"og:site_name\" content=\"Kaashandel Dammers\" \/>\n<meta property=\"article:modified_time\" content=\"2026-01-21T16:40:25+00:00\" \/>\n<meta name=\"twitter:card\" content=\"summary_large_image\" \/>\n<meta name=\"twitter:label1\" content=\"Gesch\u00e4tzte Lesezeit\" \/>\n\t<meta name=\"twitter:data1\" content=\"1\u00a0Minute\" \/>\n<script type=\"application\/ld+json\" class=\"yoast-schema-graph\">{\"@context\":\"https:\\\/\\\/schema.org\",\"@graph\":[{\"@type\":\"WebPage\",\"@id\":\"https:\\\/\\\/kaashandeldammers.nl\\\/product\\\/geitenkaas-oud-snijdbaar\\\/\",\"url\":\"https:\\\/\\\/kaashandeldammers.nl\\\/product\\\/geitenkaas-oud-snijdbaar\\\/\",\"name\":\"Geitenkaas oud snijdbaar - Kaashandel Dammers\",\"isPartOf\":{\"@id\":\"https:\\\/\\\/kaashandeldammers.nl\\\/#website\"},\"primaryImageOfPage\":{\"@id\":\"https:\\\/\\\/kaashandeldammers.nl\\\/product\\\/geitenkaas-oud-snijdbaar\\\/#primaryimage\"},\"image\":{\"@id\":\"https:\\\/\\\/kaashandeldammers.nl\\\/product\\\/geitenkaas-oud-snijdbaar\\\/#primaryimage\"},\"thumbnailUrl\":\"https:\\\/\\\/kaashandeldammers.nl\\\/wp-content\\\/uploads\\\/2026\\\/01\\\/2010563652-1.png\",\"datePublished\":\"2026-01-21T16:01:06+00:00\",\"dateModified\":\"2026-01-21T16:40:25+00:00\",\"breadcrumb\":{\"@id\":\"https:\\\/\\\/kaashandeldammers.nl\\\/product\\\/geitenkaas-oud-snijdbaar\\\/#breadcrumb\"},\"inLanguage\":\"de\",\"potentialAction\":[{\"@type\":\"ReadAction\",\"target\":[\"https:\\\/\\\/kaashandeldammers.nl\\\/product\\\/geitenkaas-oud-snijdbaar\\\/\"]}]},{\"@type\":\"ImageObject\",\"inLanguage\":\"de\",\"@id\":\"https:\\\/\\\/kaashandeldammers.nl\\\/product\\\/geitenkaas-oud-snijdbaar\\\/#primaryimage\",\"url\":\"https:\\\/\\\/kaashandeldammers.nl\\\/wp-content\\\/uploads\\\/2026\\\/01\\\/2010563652-1.png\",\"contentUrl\":\"https:\\\/\\\/kaashandeldammers.nl\\\/wp-content\\\/uploads\\\/2026\\\/01\\\/2010563652-1.png\",\"width\":1080,\"height\":1080},{\"@type\":\"BreadcrumbList\",\"@id\":\"https:\\\/\\\/kaashandeldammers.nl\\\/product\\\/geitenkaas-oud-snijdbaar\\\/#breadcrumb\",\"itemListElement\":[{\"@type\":\"ListItem\",\"position\":1,\"name\":\"Home\",\"item\":\"https:\\\/\\\/kaashandeldammers.nl\\\/\"},{\"@type\":\"ListItem\",\"position\":2,\"name\":\"Aanbod\",\"item\":\"https:\\\/\\\/kaashandeldammers.nl\\\/aanbod\\\/\"},{\"@type\":\"ListItem\",\"position\":3,\"name\":\"Geitenkaas oud snijdbaar\"}]},{\"@type\":\"WebSite\",\"@id\":\"https:\\\/\\\/kaashandeldammers.nl\\\/#website\",\"url\":\"https:\\\/\\\/kaashandeldammers.nl\\\/\",\"name\":\"Kaashandel Dammers\",\"description\":\"Ambachtelijke kaas, vers van het mes\",\"potentialAction\":[{\"@type\":\"SearchAction\",\"target\":{\"@type\":\"EntryPoint\",\"urlTemplate\":\"https:\\\/\\\/kaashandeldammers.nl\\\/?s={search_term_string}\"},\"query-input\":{\"@type\":\"PropertyValueSpecification\",\"valueRequired\":true,\"valueName\":\"search_term_string\"}}],\"inLanguage\":\"de\"}]}<\/script>\n<!-- \/ Yoast SEO plugin. -->","yoast_head_json":{"title":"Geitenkaas oud snijdbaar - Kaashandel Dammers","robots":{"index":"index","follow":"follow","max-snippet":"max-snippet:-1","max-image-preview":"max-image-preview:large","max-video-preview":"max-video-preview:-1"},"canonical":"https:\/\/kaashandeldammers.nl\/de\/produkt\/geitenkaas-oud-snijdbaar\/","og_locale":"de_DE","og_type":"article","og_title":"Geitenkaas oud snijdbaar - Kaashandel Dammers","og_description":"Oude geitenkaas, pikant en goed snijdbaar","og_url":"https:\/\/kaashandeldammers.nl\/de\/produkt\/geitenkaas-oud-snijdbaar\/","og_site_name":"Kaashandel Dammers","article_modified_time":"2026-01-21T16:40:25+00:00","twitter_card":"summary_large_image","twitter_misc":{"Gesch\u00e4tzte Lesezeit":"1\u00a0Minute"},"schema":{"@context":"https:\/\/schema.org","@graph":[{"@type":"WebPage","@id":"https:\/\/kaashandeldammers.nl\/product\/geitenkaas-oud-snijdbaar\/","url":"https:\/\/kaashandeldammers.nl\/product\/geitenkaas-oud-snijdbaar\/","name":"Geitenkaas oud snijdbaar - Kaashandel Dammers","isPartOf":{"@id":"https:\/\/kaashandeldammers.nl\/#website"},"primaryImageOfPage":{"@id":"https:\/\/kaashandeldammers.nl\/product\/geitenkaas-oud-snijdbaar\/#primaryimage"},"image":{"@id":"https:\/\/kaashandeldammers.nl\/product\/geitenkaas-oud-snijdbaar\/#primaryimage"},"thumbnailUrl":"https:\/\/kaashandeldammers.nl\/wp-content\/uploads\/2026\/01\/2010563652-1.png","datePublished":"2026-01-21T16:01:06+00:00","dateModified":"2026-01-21T16:40:25+00:00","breadcrumb":{"@id":"https:\/\/kaashandeldammers.nl\/product\/geitenkaas-oud-snijdbaar\/#breadcrumb"},"inLanguage":"de","potentialAction":[{"@type":"ReadAction","target":["https:\/\/kaashandeldammers.nl\/product\/geitenkaas-oud-snijdbaar\/"]}]},{"@type":"ImageObject","inLanguage":"de","@id":"https:\/\/kaashandeldammers.nl\/product\/geitenkaas-oud-snijdbaar\/#primaryimage","url":"https:\/\/kaashandeldammers.nl\/wp-content\/uploads\/2026\/01\/2010563652-1.png","contentUrl":"https:\/\/kaashandeldammers.nl\/wp-content\/uploads\/2026\/01\/2010563652-1.png","width":1080,"height":1080},{"@type":"BreadcrumbList","@id":"https:\/\/kaashandeldammers.nl\/product\/geitenkaas-oud-snijdbaar\/#breadcrumb","itemListElement":[{"@type":"ListItem","position":1,"name":"Home","item":"https:\/\/kaashandeldammers.nl\/"},{"@type":"ListItem","position":2,"name":"Aanbod","item":"https:\/\/kaashandeldammers.nl\/aanbod\/"},{"@type":"ListItem","position":3,"name":"Geitenkaas oud snijdbaar"}]},{"@type":"WebSite","@id":"https:\/\/kaashandeldammers.nl\/#website","url":"https:\/\/kaashandeldammers.nl\/","name":"Dammers K\u00e4segesch\u00e4ft","description":"Handwerklich hergestellter K\u00e4se, frisch vom Messer","potentialAction":[{"@type":"SearchAction","target":{"@type":"EntryPoint","urlTemplate":"https:\/\/kaashandeldammers.nl\/?s={search_term_string}"},"query-input":{"@type":"PropertyValueSpecification","valueRequired":true,"valueName":"search_term_string"}}],"inLanguage":"de"}]}},"jetpack_sharing_enabled":true,"_links":{"self":[{"href":"https:\/\/kaashandeldammers.nl\/de\/wp-json\/wp\/v2\/product\/903","targetHints":{"allow":["GET"]}}],"collection":[{"href":"https:\/\/kaashandeldammers.nl\/de\/wp-json\/wp\/v2\/product"}],"about":[{"href":"https:\/\/kaashandeldammers.nl\/de\/wp-json\/wp\/v2\/types\/product"}],"wp:featuredmedia":[{"embeddable":true,"href":"https:\/\/kaashandeldammers.nl\/de\/wp-json\/wp\/v2\/media\/1293"}],"wp:attachment":[{"href":"https:\/\/kaashandeldammers.nl\/de\/wp-json\/wp\/v2\/media?parent=903"}],"wp:term":[{"taxonomy":"product_brand","embeddable":true,"href":"https:\/\/kaashandeldammers.nl\/de\/wp-json\/wp\/v2\/product_brand?post=903"},{"taxonomy":"product_cat","embeddable":true,"href":"https:\/\/kaashandeldammers.nl\/de\/wp-json\/wp\/v2\/product_cat?post=903"},{"taxonomy":"product_tag","embeddable":true,"href":"https:\/\/kaashandeldammers.nl\/de\/wp-json\/wp\/v2\/product_tag?post=903"}],"curies":[{"name":"wp","href":"https:\/\/api.w.org\/{rel}","templated":true}]}}