{"id":899,"date":"2026-01-21T16:00:54","date_gmt":"2026-01-21T16:00:54","guid":{"rendered":"https:\/\/kaashandeldammers.nl\/product\/origineel-kant-en-klaar-zwitsers-kaasfondue-pakket\/"},"modified":"2026-01-21T16:40:16","modified_gmt":"2026-01-21T16:40:16","slug":"origineel-kant-en-klaar-zwitsers-kaasfondue-pakket","status":"publish","type":"product","link":"https:\/\/kaashandeldammers.nl\/de\/produkt\/origineel-kant-en-klaar-zwitsers-kaasfondue-pakket\/","title":{"rendered":"Originale Fertigpackung Schweizer K\u00e4sefondue"},"content":{"rendered":"<p>Wer kennt nicht authentisches Schweizer K\u00e4sefondue? Wir haben es jetzt im Sortiment \u2013 fertig zubereitet. So gibt es zu Hause keinen Schmutz; einfach aufw\u00e4rmen und genie\u00dfen. Diese Packung enth\u00e4lt 400 Gramm, ausreichend f\u00fcr zwei Personen.<\/p>\n<p>Sind Sie zu viert? Dann bestellen Sie dies.<em>&nbsp;<\/em>Fertige K\u00e4sefondue-Packung 2 Mal.<\/p>\n<p>Genie\u00dfen Sie an diesen kalten Tagen ein k\u00f6stliches K\u00e4sefondue.<\/p>","protected":false},"excerpt":{"rendered":"<p>Origineel kant-en-klaar Zwitsers kaasfondue pakket,<\/p>","protected":false},"featured_media":1291,"template":"","meta":[],"product_brand":[],"product_cat":[38],"product_tag":[],"class_list":{"0":"post-899","1":"product","2":"type-product","3":"status-publish","4":"has-post-thumbnail","6":"product_cat-kaasfondue","8":"first","9":"instock","10":"taxable","11":"shipping-taxable","12":"product-type-simple"},"yoast_head":"<!-- This site is optimized with the Yoast SEO plugin v27.3 - https:\/\/yoast.com\/product\/yoast-seo-wordpress\/ -->\n<title>Origineel kant-en-klaar Zwitsers kaasfondue pakket - Kaashandel Dammers<\/title>\n<meta name=\"robots\" content=\"index, follow, max-snippet:-1, max-image-preview:large, max-video-preview:-1\" \/>\n<link rel=\"canonical\" href=\"https:\/\/kaashandeldammers.nl\/de\/produkt\/origineel-kant-en-klaar-zwitsers-kaasfondue-pakket\/\" \/>\n<meta property=\"og:locale\" content=\"de_DE\" \/>\n<meta property=\"og:type\" content=\"article\" \/>\n<meta property=\"og:title\" content=\"Origineel kant-en-klaar Zwitsers kaasfondue pakket - Kaashandel Dammers\" \/>\n<meta property=\"og:description\" content=\"Origineel kant-en-klaar Zwitsers kaasfondue pakket,\" \/>\n<meta property=\"og:url\" content=\"https:\/\/kaashandeldammers.nl\/de\/produkt\/origineel-kant-en-klaar-zwitsers-kaasfondue-pakket\/\" \/>\n<meta property=\"og:site_name\" content=\"Kaashandel Dammers\" \/>\n<meta property=\"article:modified_time\" content=\"2026-01-21T16:40:16+00:00\" \/>\n<meta name=\"twitter:card\" content=\"summary_large_image\" \/>\n<script type=\"application\/ld+json\" class=\"yoast-schema-graph\">{\"@context\":\"https:\\\/\\\/schema.org\",\"@graph\":[{\"@type\":\"WebPage\",\"@id\":\"https:\\\/\\\/kaashandeldammers.nl\\\/product\\\/origineel-kant-en-klaar-zwitsers-kaasfondue-pakket\\\/\",\"url\":\"https:\\\/\\\/kaashandeldammers.nl\\\/product\\\/origineel-kant-en-klaar-zwitsers-kaasfondue-pakket\\\/\",\"name\":\"Origineel kant-en-klaar Zwitsers kaasfondue pakket - Kaashandel Dammers\",\"isPartOf\":{\"@id\":\"https:\\\/\\\/kaashandeldammers.nl\\\/#website\"},\"primaryImageOfPage\":{\"@id\":\"https:\\\/\\\/kaashandeldammers.nl\\\/product\\\/origineel-kant-en-klaar-zwitsers-kaasfondue-pakket\\\/#primaryimage\"},\"image\":{\"@id\":\"https:\\\/\\\/kaashandeldammers.nl\\\/product\\\/origineel-kant-en-klaar-zwitsers-kaasfondue-pakket\\\/#primaryimage\"},\"thumbnailUrl\":\"https:\\\/\\\/kaashandeldammers.nl\\\/wp-content\\\/uploads\\\/2026\\\/01\\\/1925945700-1.jpg\",\"datePublished\":\"2026-01-21T16:00:54+00:00\",\"dateModified\":\"2026-01-21T16:40:16+00:00\",\"breadcrumb\":{\"@id\":\"https:\\\/\\\/kaashandeldammers.nl\\\/product\\\/origineel-kant-en-klaar-zwitsers-kaasfondue-pakket\\\/#breadcrumb\"},\"inLanguage\":\"de\",\"potentialAction\":[{\"@type\":\"ReadAction\",\"target\":[\"https:\\\/\\\/kaashandeldammers.nl\\\/product\\\/origineel-kant-en-klaar-zwitsers-kaasfondue-pakket\\\/\"]}]},{\"@type\":\"ImageObject\",\"inLanguage\":\"de\",\"@id\":\"https:\\\/\\\/kaashandeldammers.nl\\\/product\\\/origineel-kant-en-klaar-zwitsers-kaasfondue-pakket\\\/#primaryimage\",\"url\":\"https:\\\/\\\/kaashandeldammers.nl\\\/wp-content\\\/uploads\\\/2026\\\/01\\\/1925945700-1.jpg\",\"contentUrl\":\"https:\\\/\\\/kaashandeldammers.nl\\\/wp-content\\\/uploads\\\/2026\\\/01\\\/1925945700-1.jpg\",\"width\":1920,\"height\":1404},{\"@type\":\"BreadcrumbList\",\"@id\":\"https:\\\/\\\/kaashandeldammers.nl\\\/product\\\/origineel-kant-en-klaar-zwitsers-kaasfondue-pakket\\\/#breadcrumb\",\"itemListElement\":[{\"@type\":\"ListItem\",\"position\":1,\"name\":\"Home\",\"item\":\"https:\\\/\\\/kaashandeldammers.nl\\\/\"},{\"@type\":\"ListItem\",\"position\":2,\"name\":\"Aanbod\",\"item\":\"https:\\\/\\\/kaashandeldammers.nl\\\/aanbod\\\/\"},{\"@type\":\"ListItem\",\"position\":3,\"name\":\"Origineel kant-en-klaar Zwitsers kaasfondue pakket\"}]},{\"@type\":\"WebSite\",\"@id\":\"https:\\\/\\\/kaashandeldammers.nl\\\/#website\",\"url\":\"https:\\\/\\\/kaashandeldammers.nl\\\/\",\"name\":\"Kaashandel Dammers\",\"description\":\"Ambachtelijke kaas, vers van het mes\",\"potentialAction\":[{\"@type\":\"SearchAction\",\"target\":{\"@type\":\"EntryPoint\",\"urlTemplate\":\"https:\\\/\\\/kaashandeldammers.nl\\\/?s={search_term_string}\"},\"query-input\":{\"@type\":\"PropertyValueSpecification\",\"valueRequired\":true,\"valueName\":\"search_term_string\"}}],\"inLanguage\":\"de\"}]}<\/script>\n<!-- \/ Yoast SEO plugin. -->","yoast_head_json":{"title":"Origineel kant-en-klaar Zwitsers kaasfondue pakket - Kaashandel Dammers","robots":{"index":"index","follow":"follow","max-snippet":"max-snippet:-1","max-image-preview":"max-image-preview:large","max-video-preview":"max-video-preview:-1"},"canonical":"https:\/\/kaashandeldammers.nl\/de\/produkt\/origineel-kant-en-klaar-zwitsers-kaasfondue-pakket\/","og_locale":"de_DE","og_type":"article","og_title":"Origineel kant-en-klaar Zwitsers kaasfondue pakket - Kaashandel Dammers","og_description":"Origineel kant-en-klaar Zwitsers kaasfondue pakket,","og_url":"https:\/\/kaashandeldammers.nl\/de\/produkt\/origineel-kant-en-klaar-zwitsers-kaasfondue-pakket\/","og_site_name":"Kaashandel Dammers","article_modified_time":"2026-01-21T16:40:16+00:00","twitter_card":"summary_large_image","schema":{"@context":"https:\/\/schema.org","@graph":[{"@type":"WebPage","@id":"https:\/\/kaashandeldammers.nl\/product\/origineel-kant-en-klaar-zwitsers-kaasfondue-pakket\/","url":"https:\/\/kaashandeldammers.nl\/product\/origineel-kant-en-klaar-zwitsers-kaasfondue-pakket\/","name":"Origineel kant-en-klaar Zwitsers kaasfondue pakket - Kaashandel Dammers","isPartOf":{"@id":"https:\/\/kaashandeldammers.nl\/#website"},"primaryImageOfPage":{"@id":"https:\/\/kaashandeldammers.nl\/product\/origineel-kant-en-klaar-zwitsers-kaasfondue-pakket\/#primaryimage"},"image":{"@id":"https:\/\/kaashandeldammers.nl\/product\/origineel-kant-en-klaar-zwitsers-kaasfondue-pakket\/#primaryimage"},"thumbnailUrl":"https:\/\/kaashandeldammers.nl\/wp-content\/uploads\/2026\/01\/1925945700-1.jpg","datePublished":"2026-01-21T16:00:54+00:00","dateModified":"2026-01-21T16:40:16+00:00","breadcrumb":{"@id":"https:\/\/kaashandeldammers.nl\/product\/origineel-kant-en-klaar-zwitsers-kaasfondue-pakket\/#breadcrumb"},"inLanguage":"de","potentialAction":[{"@type":"ReadAction","target":["https:\/\/kaashandeldammers.nl\/product\/origineel-kant-en-klaar-zwitsers-kaasfondue-pakket\/"]}]},{"@type":"ImageObject","inLanguage":"de","@id":"https:\/\/kaashandeldammers.nl\/product\/origineel-kant-en-klaar-zwitsers-kaasfondue-pakket\/#primaryimage","url":"https:\/\/kaashandeldammers.nl\/wp-content\/uploads\/2026\/01\/1925945700-1.jpg","contentUrl":"https:\/\/kaashandeldammers.nl\/wp-content\/uploads\/2026\/01\/1925945700-1.jpg","width":1920,"height":1404},{"@type":"BreadcrumbList","@id":"https:\/\/kaashandeldammers.nl\/product\/origineel-kant-en-klaar-zwitsers-kaasfondue-pakket\/#breadcrumb","itemListElement":[{"@type":"ListItem","position":1,"name":"Home","item":"https:\/\/kaashandeldammers.nl\/"},{"@type":"ListItem","position":2,"name":"Aanbod","item":"https:\/\/kaashandeldammers.nl\/aanbod\/"},{"@type":"ListItem","position":3,"name":"Origineel kant-en-klaar Zwitsers kaasfondue pakket"}]},{"@type":"WebSite","@id":"https:\/\/kaashandeldammers.nl\/#website","url":"https:\/\/kaashandeldammers.nl\/","name":"Dammers K\u00e4segesch\u00e4ft","description":"Handwerklich hergestellter K\u00e4se, frisch vom Messer","potentialAction":[{"@type":"SearchAction","target":{"@type":"EntryPoint","urlTemplate":"https:\/\/kaashandeldammers.nl\/?s={search_term_string}"},"query-input":{"@type":"PropertyValueSpecification","valueRequired":true,"valueName":"search_term_string"}}],"inLanguage":"de"}]}},"jetpack_sharing_enabled":true,"_links":{"self":[{"href":"https:\/\/kaashandeldammers.nl\/de\/wp-json\/wp\/v2\/product\/899","targetHints":{"allow":["GET"]}}],"collection":[{"href":"https:\/\/kaashandeldammers.nl\/de\/wp-json\/wp\/v2\/product"}],"about":[{"href":"https:\/\/kaashandeldammers.nl\/de\/wp-json\/wp\/v2\/types\/product"}],"wp:featuredmedia":[{"embeddable":true,"href":"https:\/\/kaashandeldammers.nl\/de\/wp-json\/wp\/v2\/media\/1291"}],"wp:attachment":[{"href":"https:\/\/kaashandeldammers.nl\/de\/wp-json\/wp\/v2\/media?parent=899"}],"wp:term":[{"taxonomy":"product_brand","embeddable":true,"href":"https:\/\/kaashandeldammers.nl\/de\/wp-json\/wp\/v2\/product_brand?post=899"},{"taxonomy":"product_cat","embeddable":true,"href":"https:\/\/kaashandeldammers.nl\/de\/wp-json\/wp\/v2\/product_cat?post=899"},{"taxonomy":"product_tag","embeddable":true,"href":"https:\/\/kaashandeldammers.nl\/de\/wp-json\/wp\/v2\/product_tag?post=899"}],"curies":[{"name":"wp","href":"https:\/\/api.w.org\/{rel}","templated":true}]}}