{"id":883,"date":"2026-01-21T16:00:08","date_gmt":"2026-01-21T16:00:08","guid":{"rendered":"https:\/\/kaashandeldammers.nl\/product\/flakkeese-bloemenhoning\/"},"modified":"2026-01-21T16:39:31","modified_gmt":"2026-01-21T16:39:31","slug":"flakkeese-bloemenhoning","status":"publish","type":"product","link":"https:\/\/kaashandeldammers.nl\/de\/produkt\/flakkeese-bloemenhoning\/","title":{"rendered":"Flakkeese Bl\u00fctenhonig"},"content":{"rendered":"<h2>Frisch vom Imker<\/h2>\n<p>Unser regionaler Honig ist ideal zur St\u00e4rkung des Immunsystems. Er f\u00f6rdert die nat\u00fcrliche Abwehrkraft, regt die Blutbildung an und verbessert die Widerstandsf\u00e4higkeit gegen Krankheiten. Honig liefert zudem Energie und unterst\u00fctzt den Muskelaufbau.<\/p>\n<p>Um diesen Flakkee-Honig zu gewinnen, bringe ich meine Bienenv\u00f6lker an Orte mit einer reichen Trachtsaison, haupts\u00e4chlich nach Middelharnis und Sommelsdijk, wodurch der Honig zu einem echten regionalen Produkt wird.<\/p>\n<h2>Nat\u00fcrlicher Honig<\/h2>\n<p>Geschmack, Aroma, Farbe und Konsistenz (Festigkeit oder Flie\u00dff\u00e4higkeit) von Honig variieren je nach Bl\u00fctenart, aus der der Nektar gewonnen wird. Die meisten Honigsorten werden aus dem Nektar verschiedener Bl\u00fcten und Blumen hergestellt.<br \/>\nIm Allgemeinen haben helle Honigsorten einen milden Geschmack, w\u00e4hrend dunklere Honigsorten etwas kr\u00e4ftiger schmecken. F\u00fcr ein Glas Honig fliegen Bienen etwa 40.000 km (oder anders ausgedr\u00fcckt: einmal um die ganze Welt).<\/p>\n<p>Neugierig auf diesen Honig? Besuchen Sie <a href=\"https:\/\/imkerijmackloet.nl\/\">www.imkerijmackloet.nl<\/a> f\u00fcr weitere Informationen<\/p>\n<p>Inhalt: 375 Gramm<\/p>","protected":false},"excerpt":{"rendered":"<p>Bijen maken de zoete honing uit nectar van bloemen. Nectar bevat diverse suikers, mineralen en sporenelementen. De bijen veranderen de nectar in honing door de toevoeging van enzymen en door het overt<\/p>","protected":false},"featured_media":1277,"template":"","meta":[],"product_brand":[],"product_cat":[34],"product_tag":[],"class_list":{"0":"post-883","1":"product","2":"type-product","3":"status-publish","4":"has-post-thumbnail","6":"product_cat-extras","8":"first","9":"instock","10":"taxable","11":"shipping-taxable","12":"product-type-simple"},"yoast_head":"<!-- This site is optimized with the Yoast SEO plugin v27.3 - https:\/\/yoast.com\/product\/yoast-seo-wordpress\/ -->\n<title>Flakkeese Bloemenhoning - Kaashandel Dammers<\/title>\n<meta name=\"robots\" content=\"index, follow, max-snippet:-1, max-image-preview:large, max-video-preview:-1\" \/>\n<link rel=\"canonical\" href=\"https:\/\/kaashandeldammers.nl\/de\/produkt\/flakkeese-bloemenhoning\/\" \/>\n<meta property=\"og:locale\" content=\"de_DE\" \/>\n<meta property=\"og:type\" content=\"article\" \/>\n<meta property=\"og:title\" content=\"Flakkeese Bloemenhoning - Kaashandel Dammers\" \/>\n<meta property=\"og:description\" content=\"Bijen maken de zoete honing uit nectar van bloemen. Nectar bevat diverse suikers, mineralen en sporenelementen. De bijen veranderen de nectar in honing door de toevoeging van enzymen en door het overt\" \/>\n<meta property=\"og:url\" content=\"https:\/\/kaashandeldammers.nl\/de\/produkt\/flakkeese-bloemenhoning\/\" \/>\n<meta property=\"og:site_name\" content=\"Kaashandel Dammers\" \/>\n<meta property=\"article:modified_time\" content=\"2026-01-21T16:39:31+00:00\" \/>\n<meta property=\"og:image\" content=\"https:\/\/kaashandeldammers.nl\/wp-content\/uploads\/2026\/01\/2034799353.png\" \/>\n\t<meta property=\"og:image:width\" content=\"1080\" \/>\n\t<meta property=\"og:image:height\" content=\"1080\" \/>\n\t<meta property=\"og:image:type\" content=\"image\/png\" \/>\n<meta name=\"twitter:card\" content=\"summary_large_image\" \/>\n<meta name=\"twitter:label1\" content=\"Gesch\u00e4tzte Lesezeit\" \/>\n\t<meta name=\"twitter:data1\" content=\"1\u00a0Minute\" \/>\n<script type=\"application\/ld+json\" class=\"yoast-schema-graph\">{\"@context\":\"https:\\\/\\\/schema.org\",\"@graph\":[{\"@type\":\"WebPage\",\"@id\":\"https:\\\/\\\/kaashandeldammers.nl\\\/product\\\/flakkeese-bloemenhoning\\\/\",\"url\":\"https:\\\/\\\/kaashandeldammers.nl\\\/product\\\/flakkeese-bloemenhoning\\\/\",\"name\":\"Flakkeese Bloemenhoning - Kaashandel Dammers\",\"isPartOf\":{\"@id\":\"https:\\\/\\\/kaashandeldammers.nl\\\/#website\"},\"primaryImageOfPage\":{\"@id\":\"https:\\\/\\\/kaashandeldammers.nl\\\/product\\\/flakkeese-bloemenhoning\\\/#primaryimage\"},\"image\":{\"@id\":\"https:\\\/\\\/kaashandeldammers.nl\\\/product\\\/flakkeese-bloemenhoning\\\/#primaryimage\"},\"thumbnailUrl\":\"https:\\\/\\\/kaashandeldammers.nl\\\/wp-content\\\/uploads\\\/2026\\\/01\\\/2034799353-1.png\",\"datePublished\":\"2026-01-21T16:00:08+00:00\",\"dateModified\":\"2026-01-21T16:39:31+00:00\",\"breadcrumb\":{\"@id\":\"https:\\\/\\\/kaashandeldammers.nl\\\/product\\\/flakkeese-bloemenhoning\\\/#breadcrumb\"},\"inLanguage\":\"de\",\"potentialAction\":[{\"@type\":\"ReadAction\",\"target\":[\"https:\\\/\\\/kaashandeldammers.nl\\\/product\\\/flakkeese-bloemenhoning\\\/\"]}]},{\"@type\":\"ImageObject\",\"inLanguage\":\"de\",\"@id\":\"https:\\\/\\\/kaashandeldammers.nl\\\/product\\\/flakkeese-bloemenhoning\\\/#primaryimage\",\"url\":\"https:\\\/\\\/kaashandeldammers.nl\\\/wp-content\\\/uploads\\\/2026\\\/01\\\/2034799353-1.png\",\"contentUrl\":\"https:\\\/\\\/kaashandeldammers.nl\\\/wp-content\\\/uploads\\\/2026\\\/01\\\/2034799353-1.png\",\"width\":1080,\"height\":1080},{\"@type\":\"BreadcrumbList\",\"@id\":\"https:\\\/\\\/kaashandeldammers.nl\\\/product\\\/flakkeese-bloemenhoning\\\/#breadcrumb\",\"itemListElement\":[{\"@type\":\"ListItem\",\"position\":1,\"name\":\"Home\",\"item\":\"https:\\\/\\\/kaashandeldammers.nl\\\/\"},{\"@type\":\"ListItem\",\"position\":2,\"name\":\"Aanbod\",\"item\":\"https:\\\/\\\/kaashandeldammers.nl\\\/aanbod\\\/\"},{\"@type\":\"ListItem\",\"position\":3,\"name\":\"Flakkeese Bloemenhoning\"}]},{\"@type\":\"WebSite\",\"@id\":\"https:\\\/\\\/kaashandeldammers.nl\\\/#website\",\"url\":\"https:\\\/\\\/kaashandeldammers.nl\\\/\",\"name\":\"Kaashandel Dammers\",\"description\":\"Ambachtelijke kaas, vers van het mes\",\"potentialAction\":[{\"@type\":\"SearchAction\",\"target\":{\"@type\":\"EntryPoint\",\"urlTemplate\":\"https:\\\/\\\/kaashandeldammers.nl\\\/?s={search_term_string}\"},\"query-input\":{\"@type\":\"PropertyValueSpecification\",\"valueRequired\":true,\"valueName\":\"search_term_string\"}}],\"inLanguage\":\"de\"}]}<\/script>\n<!-- \/ Yoast SEO plugin. -->","yoast_head_json":{"title":"Flakkeese Bloemenhoning - Kaashandel Dammers","robots":{"index":"index","follow":"follow","max-snippet":"max-snippet:-1","max-image-preview":"max-image-preview:large","max-video-preview":"max-video-preview:-1"},"canonical":"https:\/\/kaashandeldammers.nl\/de\/produkt\/flakkeese-bloemenhoning\/","og_locale":"de_DE","og_type":"article","og_title":"Flakkeese Bloemenhoning - Kaashandel Dammers","og_description":"Bijen maken de zoete honing uit nectar van bloemen. Nectar bevat diverse suikers, mineralen en sporenelementen. De bijen veranderen de nectar in honing door de toevoeging van enzymen en door het overt","og_url":"https:\/\/kaashandeldammers.nl\/de\/produkt\/flakkeese-bloemenhoning\/","og_site_name":"Kaashandel Dammers","article_modified_time":"2026-01-21T16:39:31+00:00","og_image":[{"width":1080,"height":1080,"url":"https:\/\/kaashandeldammers.nl\/wp-content\/uploads\/2026\/01\/2034799353.png","type":"image\/png"}],"twitter_card":"summary_large_image","twitter_misc":{"Gesch\u00e4tzte Lesezeit":"1\u00a0Minute"},"schema":{"@context":"https:\/\/schema.org","@graph":[{"@type":"WebPage","@id":"https:\/\/kaashandeldammers.nl\/product\/flakkeese-bloemenhoning\/","url":"https:\/\/kaashandeldammers.nl\/product\/flakkeese-bloemenhoning\/","name":"Flakkeese Bloemenhoning - Kaashandel Dammers","isPartOf":{"@id":"https:\/\/kaashandeldammers.nl\/#website"},"primaryImageOfPage":{"@id":"https:\/\/kaashandeldammers.nl\/product\/flakkeese-bloemenhoning\/#primaryimage"},"image":{"@id":"https:\/\/kaashandeldammers.nl\/product\/flakkeese-bloemenhoning\/#primaryimage"},"thumbnailUrl":"https:\/\/kaashandeldammers.nl\/wp-content\/uploads\/2026\/01\/2034799353-1.png","datePublished":"2026-01-21T16:00:08+00:00","dateModified":"2026-01-21T16:39:31+00:00","breadcrumb":{"@id":"https:\/\/kaashandeldammers.nl\/product\/flakkeese-bloemenhoning\/#breadcrumb"},"inLanguage":"de","potentialAction":[{"@type":"ReadAction","target":["https:\/\/kaashandeldammers.nl\/product\/flakkeese-bloemenhoning\/"]}]},{"@type":"ImageObject","inLanguage":"de","@id":"https:\/\/kaashandeldammers.nl\/product\/flakkeese-bloemenhoning\/#primaryimage","url":"https:\/\/kaashandeldammers.nl\/wp-content\/uploads\/2026\/01\/2034799353-1.png","contentUrl":"https:\/\/kaashandeldammers.nl\/wp-content\/uploads\/2026\/01\/2034799353-1.png","width":1080,"height":1080},{"@type":"BreadcrumbList","@id":"https:\/\/kaashandeldammers.nl\/product\/flakkeese-bloemenhoning\/#breadcrumb","itemListElement":[{"@type":"ListItem","position":1,"name":"Home","item":"https:\/\/kaashandeldammers.nl\/"},{"@type":"ListItem","position":2,"name":"Aanbod","item":"https:\/\/kaashandeldammers.nl\/aanbod\/"},{"@type":"ListItem","position":3,"name":"Flakkeese Bloemenhoning"}]},{"@type":"WebSite","@id":"https:\/\/kaashandeldammers.nl\/#website","url":"https:\/\/kaashandeldammers.nl\/","name":"Dammers K\u00e4segesch\u00e4ft","description":"Handwerklich hergestellter K\u00e4se, frisch vom Messer","potentialAction":[{"@type":"SearchAction","target":{"@type":"EntryPoint","urlTemplate":"https:\/\/kaashandeldammers.nl\/?s={search_term_string}"},"query-input":{"@type":"PropertyValueSpecification","valueRequired":true,"valueName":"search_term_string"}}],"inLanguage":"de"}]}},"jetpack_sharing_enabled":true,"_links":{"self":[{"href":"https:\/\/kaashandeldammers.nl\/de\/wp-json\/wp\/v2\/product\/883","targetHints":{"allow":["GET"]}}],"collection":[{"href":"https:\/\/kaashandeldammers.nl\/de\/wp-json\/wp\/v2\/product"}],"about":[{"href":"https:\/\/kaashandeldammers.nl\/de\/wp-json\/wp\/v2\/types\/product"}],"wp:featuredmedia":[{"embeddable":true,"href":"https:\/\/kaashandeldammers.nl\/de\/wp-json\/wp\/v2\/media\/1277"}],"wp:attachment":[{"href":"https:\/\/kaashandeldammers.nl\/de\/wp-json\/wp\/v2\/media?parent=883"}],"wp:term":[{"taxonomy":"product_brand","embeddable":true,"href":"https:\/\/kaashandeldammers.nl\/de\/wp-json\/wp\/v2\/product_brand?post=883"},{"taxonomy":"product_cat","embeddable":true,"href":"https:\/\/kaashandeldammers.nl\/de\/wp-json\/wp\/v2\/product_cat?post=883"},{"taxonomy":"product_tag","embeddable":true,"href":"https:\/\/kaashandeldammers.nl\/de\/wp-json\/wp\/v2\/product_tag?post=883"}],"curies":[{"name":"wp","href":"https:\/\/api.w.org\/{rel}","templated":true}]}}