{"id":867,"date":"2026-01-21T15:59:03","date_gmt":"2026-01-21T15:59:03","guid":{"rendered":"https:\/\/kaashandeldammers.nl\/product\/eyssen-blokkaas-komijn-25\/"},"modified":"2026-01-21T15:59:03","modified_gmt":"2026-01-21T15:59:03","slug":"eyssen-blokkaas-komijn-25","status":"publish","type":"product","link":"https:\/\/kaashandeldammers.nl\/de\/produkt\/eyssen-blokkaas-komijn-25\/","title":{"rendered":"Eyssen Blockk\u00e4se Kreuzk\u00fcmmel 25+"},"content":{"rendered":"<p>Wer kennt ihn nicht, den Kreuzk\u00fcmmelk\u00e4se? Seit Jahrzehnten gilt er als der aromatischste Schmelzk\u00e4se mit Kreuzk\u00fcmmel. Und seit all den Jahren bieten wir diesen Kreuzk\u00fcmmelk\u00e4se auch in einer fettarmen Variante an: Eyssen 25+, der Kreuzk\u00fcmmel-Schmelzk\u00e4se mit dem Geschmack vergangener Zeiten.<\/p>\n<p>Dieser rindenlose Kreuzk\u00fcmmelk\u00e4se ist komplett rindenlos und hat eine praktische Blockform. So k\u00f6nnen Sie ihn von Anfang bis Ende genie\u00dfen. Eyssen 25+. Genau so, wie Kreuzk\u00fcmmelk\u00e4se fr\u00fcher schmeckte und auch heute noch schmeckt!<\/p>\n<p><strong>Bestellen Sie jetzt zum besonders g\u00fcnstigen Preis einen ganzen K\u00e4seblock von ca. 2 kg f\u00fcr nur 17,50 \u20ac!<\/strong><\/p>","protected":false},"excerpt":{"rendered":"<p>Eyssen Blockk\u00e4se Kreuzk\u00fcmmel 25+<\/p>","protected":false},"featured_media":865,"template":"","meta":[],"product_brand":[],"product_cat":[22],"product_tag":[],"class_list":{"0":"post-867","1":"product","2":"type-product","3":"status-publish","4":"has-post-thumbnail","6":"product_cat-geen-categorie","8":"first","9":"instock","10":"taxable","11":"shipping-taxable","12":"product-type-simple"},"yoast_head":"<!-- This site is optimized with the Yoast SEO plugin v27.3 - https:\/\/yoast.com\/product\/yoast-seo-wordpress\/ -->\n<title>Eyssen blokkaas komijn 25+ - Kaashandel Dammers<\/title>\n<meta name=\"robots\" content=\"index, follow, max-snippet:-1, max-image-preview:large, max-video-preview:-1\" \/>\n<link rel=\"canonical\" href=\"https:\/\/kaashandeldammers.nl\/de\/produkt\/eyssen-blokkaas-komijn-25\/\" \/>\n<meta property=\"og:locale\" content=\"de_DE\" \/>\n<meta property=\"og:type\" content=\"article\" \/>\n<meta property=\"og:title\" content=\"Eyssen blokkaas komijn 25+ - Kaashandel Dammers\" \/>\n<meta property=\"og:description\" content=\"Eyssen blokkaas komijn 25+\" \/>\n<meta property=\"og:url\" content=\"https:\/\/kaashandeldammers.nl\/de\/produkt\/eyssen-blokkaas-komijn-25\/\" \/>\n<meta property=\"og:site_name\" content=\"Kaashandel Dammers\" \/>\n<meta name=\"twitter:card\" content=\"summary_large_image\" \/>\n<script type=\"application\/ld+json\" class=\"yoast-schema-graph\">{\"@context\":\"https:\\\/\\\/schema.org\",\"@graph\":[{\"@type\":\"WebPage\",\"@id\":\"https:\\\/\\\/kaashandeldammers.nl\\\/product\\\/eyssen-blokkaas-komijn-25\\\/\",\"url\":\"https:\\\/\\\/kaashandeldammers.nl\\\/product\\\/eyssen-blokkaas-komijn-25\\\/\",\"name\":\"Eyssen blokkaas komijn 25+ - Kaashandel Dammers\",\"isPartOf\":{\"@id\":\"https:\\\/\\\/kaashandeldammers.nl\\\/#website\"},\"primaryImageOfPage\":{\"@id\":\"https:\\\/\\\/kaashandeldammers.nl\\\/product\\\/eyssen-blokkaas-komijn-25\\\/#primaryimage\"},\"image\":{\"@id\":\"https:\\\/\\\/kaashandeldammers.nl\\\/product\\\/eyssen-blokkaas-komijn-25\\\/#primaryimage\"},\"thumbnailUrl\":\"https:\\\/\\\/kaashandeldammers.nl\\\/wp-content\\\/uploads\\\/2026\\\/01\\\/1918323126.png\",\"datePublished\":\"2026-01-21T15:59:03+00:00\",\"breadcrumb\":{\"@id\":\"https:\\\/\\\/kaashandeldammers.nl\\\/product\\\/eyssen-blokkaas-komijn-25\\\/#breadcrumb\"},\"inLanguage\":\"de\",\"potentialAction\":[{\"@type\":\"ReadAction\",\"target\":[\"https:\\\/\\\/kaashandeldammers.nl\\\/product\\\/eyssen-blokkaas-komijn-25\\\/\"]}]},{\"@type\":\"ImageObject\",\"inLanguage\":\"de\",\"@id\":\"https:\\\/\\\/kaashandeldammers.nl\\\/product\\\/eyssen-blokkaas-komijn-25\\\/#primaryimage\",\"url\":\"https:\\\/\\\/kaashandeldammers.nl\\\/wp-content\\\/uploads\\\/2026\\\/01\\\/1918323126.png\",\"contentUrl\":\"https:\\\/\\\/kaashandeldammers.nl\\\/wp-content\\\/uploads\\\/2026\\\/01\\\/1918323126.png\",\"width\":600,\"height\":400},{\"@type\":\"BreadcrumbList\",\"@id\":\"https:\\\/\\\/kaashandeldammers.nl\\\/product\\\/eyssen-blokkaas-komijn-25\\\/#breadcrumb\",\"itemListElement\":[{\"@type\":\"ListItem\",\"position\":1,\"name\":\"Home\",\"item\":\"https:\\\/\\\/kaashandeldammers.nl\\\/\"},{\"@type\":\"ListItem\",\"position\":2,\"name\":\"Aanbod\",\"item\":\"https:\\\/\\\/kaashandeldammers.nl\\\/aanbod\\\/\"},{\"@type\":\"ListItem\",\"position\":3,\"name\":\"Eyssen blokkaas komijn 25+\"}]},{\"@type\":\"WebSite\",\"@id\":\"https:\\\/\\\/kaashandeldammers.nl\\\/#website\",\"url\":\"https:\\\/\\\/kaashandeldammers.nl\\\/\",\"name\":\"Kaashandel Dammers\",\"description\":\"Ambachtelijke kaas, vers van het mes\",\"potentialAction\":[{\"@type\":\"SearchAction\",\"target\":{\"@type\":\"EntryPoint\",\"urlTemplate\":\"https:\\\/\\\/kaashandeldammers.nl\\\/?s={search_term_string}\"},\"query-input\":{\"@type\":\"PropertyValueSpecification\",\"valueRequired\":true,\"valueName\":\"search_term_string\"}}],\"inLanguage\":\"de\"}]}<\/script>\n<!-- \/ Yoast SEO plugin. -->","yoast_head_json":{"title":"Eyssen blokkaas komijn 25+ - Kaashandel Dammers","robots":{"index":"index","follow":"follow","max-snippet":"max-snippet:-1","max-image-preview":"max-image-preview:large","max-video-preview":"max-video-preview:-1"},"canonical":"https:\/\/kaashandeldammers.nl\/de\/produkt\/eyssen-blokkaas-komijn-25\/","og_locale":"de_DE","og_type":"article","og_title":"Eyssen blokkaas komijn 25+ - Kaashandel Dammers","og_description":"Eyssen blokkaas komijn 25+","og_url":"https:\/\/kaashandeldammers.nl\/de\/produkt\/eyssen-blokkaas-komijn-25\/","og_site_name":"Kaashandel Dammers","twitter_card":"summary_large_image","schema":{"@context":"https:\/\/schema.org","@graph":[{"@type":"WebPage","@id":"https:\/\/kaashandeldammers.nl\/product\/eyssen-blokkaas-komijn-25\/","url":"https:\/\/kaashandeldammers.nl\/product\/eyssen-blokkaas-komijn-25\/","name":"Eyssen blokkaas komijn 25+ - Kaashandel Dammers","isPartOf":{"@id":"https:\/\/kaashandeldammers.nl\/#website"},"primaryImageOfPage":{"@id":"https:\/\/kaashandeldammers.nl\/product\/eyssen-blokkaas-komijn-25\/#primaryimage"},"image":{"@id":"https:\/\/kaashandeldammers.nl\/product\/eyssen-blokkaas-komijn-25\/#primaryimage"},"thumbnailUrl":"https:\/\/kaashandeldammers.nl\/wp-content\/uploads\/2026\/01\/1918323126.png","datePublished":"2026-01-21T15:59:03+00:00","breadcrumb":{"@id":"https:\/\/kaashandeldammers.nl\/product\/eyssen-blokkaas-komijn-25\/#breadcrumb"},"inLanguage":"de","potentialAction":[{"@type":"ReadAction","target":["https:\/\/kaashandeldammers.nl\/product\/eyssen-blokkaas-komijn-25\/"]}]},{"@type":"ImageObject","inLanguage":"de","@id":"https:\/\/kaashandeldammers.nl\/product\/eyssen-blokkaas-komijn-25\/#primaryimage","url":"https:\/\/kaashandeldammers.nl\/wp-content\/uploads\/2026\/01\/1918323126.png","contentUrl":"https:\/\/kaashandeldammers.nl\/wp-content\/uploads\/2026\/01\/1918323126.png","width":600,"height":400},{"@type":"BreadcrumbList","@id":"https:\/\/kaashandeldammers.nl\/product\/eyssen-blokkaas-komijn-25\/#breadcrumb","itemListElement":[{"@type":"ListItem","position":1,"name":"Home","item":"https:\/\/kaashandeldammers.nl\/"},{"@type":"ListItem","position":2,"name":"Aanbod","item":"https:\/\/kaashandeldammers.nl\/aanbod\/"},{"@type":"ListItem","position":3,"name":"Eyssen blokkaas komijn 25+"}]},{"@type":"WebSite","@id":"https:\/\/kaashandeldammers.nl\/#website","url":"https:\/\/kaashandeldammers.nl\/","name":"Dammers K\u00e4segesch\u00e4ft","description":"Handwerklich hergestellter K\u00e4se, frisch vom Messer","potentialAction":[{"@type":"SearchAction","target":{"@type":"EntryPoint","urlTemplate":"https:\/\/kaashandeldammers.nl\/?s={search_term_string}"},"query-input":{"@type":"PropertyValueSpecification","valueRequired":true,"valueName":"search_term_string"}}],"inLanguage":"de"}]}},"jetpack_sharing_enabled":true,"_links":{"self":[{"href":"https:\/\/kaashandeldammers.nl\/de\/wp-json\/wp\/v2\/product\/867","targetHints":{"allow":["GET"]}}],"collection":[{"href":"https:\/\/kaashandeldammers.nl\/de\/wp-json\/wp\/v2\/product"}],"about":[{"href":"https:\/\/kaashandeldammers.nl\/de\/wp-json\/wp\/v2\/types\/product"}],"wp:featuredmedia":[{"embeddable":true,"href":"https:\/\/kaashandeldammers.nl\/de\/wp-json\/wp\/v2\/media\/865"}],"wp:attachment":[{"href":"https:\/\/kaashandeldammers.nl\/de\/wp-json\/wp\/v2\/media?parent=867"}],"wp:term":[{"taxonomy":"product_brand","embeddable":true,"href":"https:\/\/kaashandeldammers.nl\/de\/wp-json\/wp\/v2\/product_brand?post=867"},{"taxonomy":"product_cat","embeddable":true,"href":"https:\/\/kaashandeldammers.nl\/de\/wp-json\/wp\/v2\/product_cat?post=867"},{"taxonomy":"product_tag","embeddable":true,"href":"https:\/\/kaashandeldammers.nl\/de\/wp-json\/wp\/v2\/product_tag?post=867"}],"curies":[{"name":"wp","href":"https:\/\/api.w.org\/{rel}","templated":true}]}}