{"id":855,"date":"2026-01-21T15:58:36","date_gmt":"2026-01-21T15:58:36","guid":{"rendered":"https:\/\/kaashandeldammers.nl\/product\/eru-creme-de-chevre-vernieuwde-grotere-verpakking\/"},"modified":"2026-03-03T09:27:37","modified_gmt":"2026-03-03T09:27:37","slug":"eru-creme-de-chevre-vernieuwde-grotere-verpakking","status":"publish","type":"product","link":"https:\/\/kaashandeldammers.nl\/de\/produkt\/eru-creme-de-chevre-vernieuwde-grotere-verpakking\/","title":{"rendered":"Eru Cr\u00e9me de Ch\u00e9vre (neue gr\u00f6\u00dfere Verpackung)"},"content":{"rendered":"<p data-end=\"480\" data-start=\"248\">Eru Cream of Cheese <strong><em>(ehemals kleinere Verpackung Chevre Doux)<\/em><\/strong><\/p>\n<p>Entdecken Sie den vollen, cremigen Geschmack von <strong>Eru Cream of Cheese<\/strong> \u2013 Ein weicher K\u00e4seaufstrich aus reiner Ziegenmilch \ud83d\udc10. Dieser k\u00f6stliche K\u00e4seaufstrich vereint das charakteristische, milde Aroma von Ziegenk\u00e4se mit einer seidigen, cremigen Textur \ud83e\uddc8.<\/p>\n<p data-end=\"756\" data-start=\"482\">Dank seines dezenten Geschmacks ist dieser K\u00e4se perfekt f\u00fcr Einsteiger und erfahrene Ziegenk\u00e4se-Liebhaber gleicherma\u00dfen \ud83d\udc9b. Streichen Sie ihn gro\u00dfz\u00fcgig auf einen knusprigen Cracker \ud83e\udd56, ein frisches Br\u00f6tchen \ud83e\udd6a oder verwenden Sie ihn als geschmackvolle Zutat in warmen Gerichten wie Pasta \ud83c\udf5d, So\u00dfen oder Aufl\u00e4ufen.<\/p>\n<p data-end=\"991\" data-start=\"758\">Die praktische, wiederverschlie\u00dfbare Verpackung sorgt daf\u00fcr, dass Sie jederzeit und \u00fcberall frischen, weichen K\u00e4se genie\u00dfen k\u00f6nnen \ud83c\udfaf. Ein wahrer Genuss f\u00fcr alle, die feine Aromen sch\u00e4tzen und etwas Besonderes suchen \u2728.<\/p>\n<p>Dose 200 Gramm<\/p>","protected":false},"excerpt":{"rendered":"<p>Zachte smeerkaas van 100% geitenmelk met een romige textuur en milde, verfijnde smaak. Heerlijk op brood of als culinaire toevoeging.<\/p>","protected":false},"featured_media":852,"template":"","meta":[],"product_brand":[],"product_cat":[22],"product_tag":[],"class_list":{"0":"post-855","1":"product","2":"type-product","3":"status-publish","4":"has-post-thumbnail","6":"product_cat-geen-categorie","8":"first","9":"instock","10":"taxable","11":"shipping-taxable","12":"product-type-simple"},"yoast_head":"<!-- This site is optimized with the Yoast SEO plugin v27.3 - https:\/\/yoast.com\/product\/yoast-seo-wordpress\/ -->\n<title>Eru Cr\u00e9me de Ch\u00e9vre (vernieuwde grotere verpakking) - Kaashandel Dammers<\/title>\n<meta name=\"robots\" content=\"index, follow, max-snippet:-1, max-image-preview:large, max-video-preview:-1\" \/>\n<link rel=\"canonical\" href=\"https:\/\/kaashandeldammers.nl\/de\/produkt\/eru-creme-de-chevre-vernieuwde-grotere-verpakking\/\" \/>\n<meta property=\"og:locale\" content=\"de_DE\" \/>\n<meta property=\"og:type\" content=\"article\" \/>\n<meta property=\"og:title\" content=\"Eru Cr\u00e9me de Ch\u00e9vre (vernieuwde grotere verpakking) - Kaashandel Dammers\" \/>\n<meta property=\"og:description\" content=\"Zachte smeerkaas van 100% geitenmelk met een romige textuur en milde, verfijnde smaak. Heerlijk op brood of als culinaire toevoeging.\" \/>\n<meta property=\"og:url\" content=\"https:\/\/kaashandeldammers.nl\/de\/produkt\/eru-creme-de-chevre-vernieuwde-grotere-verpakking\/\" \/>\n<meta property=\"og:site_name\" content=\"Kaashandel Dammers\" \/>\n<meta property=\"article:modified_time\" content=\"2026-03-03T09:27:37+00:00\" \/>\n<meta property=\"og:image\" content=\"https:\/\/kaashandeldammers.nl\/wp-content\/uploads\/2026\/01\/2238251208.png\" \/>\n\t<meta property=\"og:image:width\" content=\"1080\" \/>\n\t<meta property=\"og:image:height\" content=\"1080\" \/>\n\t<meta property=\"og:image:type\" content=\"image\/png\" \/>\n<meta name=\"twitter:card\" content=\"summary_large_image\" \/>\n<meta name=\"twitter:label1\" content=\"Gesch\u00e4tzte Lesezeit\" \/>\n\t<meta name=\"twitter:data1\" content=\"1\u00a0Minute\" \/>\n<script type=\"application\/ld+json\" class=\"yoast-schema-graph\">{\"@context\":\"https:\\\/\\\/schema.org\",\"@graph\":[{\"@type\":\"WebPage\",\"@id\":\"https:\\\/\\\/kaashandeldammers.nl\\\/product\\\/eru-creme-de-chevre-vernieuwde-grotere-verpakking\\\/\",\"url\":\"https:\\\/\\\/kaashandeldammers.nl\\\/product\\\/eru-creme-de-chevre-vernieuwde-grotere-verpakking\\\/\",\"name\":\"Eru Cr\u00e9me de Ch\u00e9vre (vernieuwde grotere verpakking) - Kaashandel Dammers\",\"isPartOf\":{\"@id\":\"https:\\\/\\\/kaashandeldammers.nl\\\/#website\"},\"primaryImageOfPage\":{\"@id\":\"https:\\\/\\\/kaashandeldammers.nl\\\/product\\\/eru-creme-de-chevre-vernieuwde-grotere-verpakking\\\/#primaryimage\"},\"image\":{\"@id\":\"https:\\\/\\\/kaashandeldammers.nl\\\/product\\\/eru-creme-de-chevre-vernieuwde-grotere-verpakking\\\/#primaryimage\"},\"thumbnailUrl\":\"https:\\\/\\\/kaashandeldammers.nl\\\/wp-content\\\/uploads\\\/2026\\\/01\\\/2238251208.png\",\"datePublished\":\"2026-01-21T15:58:36+00:00\",\"dateModified\":\"2026-03-03T09:27:37+00:00\",\"breadcrumb\":{\"@id\":\"https:\\\/\\\/kaashandeldammers.nl\\\/product\\\/eru-creme-de-chevre-vernieuwde-grotere-verpakking\\\/#breadcrumb\"},\"inLanguage\":\"de\",\"potentialAction\":[{\"@type\":\"ReadAction\",\"target\":[\"https:\\\/\\\/kaashandeldammers.nl\\\/product\\\/eru-creme-de-chevre-vernieuwde-grotere-verpakking\\\/\"]}]},{\"@type\":\"ImageObject\",\"inLanguage\":\"de\",\"@id\":\"https:\\\/\\\/kaashandeldammers.nl\\\/product\\\/eru-creme-de-chevre-vernieuwde-grotere-verpakking\\\/#primaryimage\",\"url\":\"https:\\\/\\\/kaashandeldammers.nl\\\/wp-content\\\/uploads\\\/2026\\\/01\\\/2238251208.png\",\"contentUrl\":\"https:\\\/\\\/kaashandeldammers.nl\\\/wp-content\\\/uploads\\\/2026\\\/01\\\/2238251208.png\",\"width\":1080,\"height\":1080},{\"@type\":\"BreadcrumbList\",\"@id\":\"https:\\\/\\\/kaashandeldammers.nl\\\/product\\\/eru-creme-de-chevre-vernieuwde-grotere-verpakking\\\/#breadcrumb\",\"itemListElement\":[{\"@type\":\"ListItem\",\"position\":1,\"name\":\"Home\",\"item\":\"https:\\\/\\\/kaashandeldammers.nl\\\/\"},{\"@type\":\"ListItem\",\"position\":2,\"name\":\"Aanbod\",\"item\":\"https:\\\/\\\/kaashandeldammers.nl\\\/aanbod\\\/\"},{\"@type\":\"ListItem\",\"position\":3,\"name\":\"Eru Cr\u00e9me de Ch\u00e9vre (vernieuwde grotere verpakking)\"}]},{\"@type\":\"WebSite\",\"@id\":\"https:\\\/\\\/kaashandeldammers.nl\\\/#website\",\"url\":\"https:\\\/\\\/kaashandeldammers.nl\\\/\",\"name\":\"Kaashandel Dammers\",\"description\":\"Ambachtelijke kaas, vers van het mes\",\"potentialAction\":[{\"@type\":\"SearchAction\",\"target\":{\"@type\":\"EntryPoint\",\"urlTemplate\":\"https:\\\/\\\/kaashandeldammers.nl\\\/?s={search_term_string}\"},\"query-input\":{\"@type\":\"PropertyValueSpecification\",\"valueRequired\":true,\"valueName\":\"search_term_string\"}}],\"inLanguage\":\"de\"}]}<\/script>\n<!-- \/ Yoast SEO plugin. -->","yoast_head_json":{"title":"Eru Cr\u00e9me de Ch\u00e9vre (vernieuwde grotere verpakking) - Kaashandel Dammers","robots":{"index":"index","follow":"follow","max-snippet":"max-snippet:-1","max-image-preview":"max-image-preview:large","max-video-preview":"max-video-preview:-1"},"canonical":"https:\/\/kaashandeldammers.nl\/de\/produkt\/eru-creme-de-chevre-vernieuwde-grotere-verpakking\/","og_locale":"de_DE","og_type":"article","og_title":"Eru Cr\u00e9me de Ch\u00e9vre (vernieuwde grotere verpakking) - Kaashandel Dammers","og_description":"Zachte smeerkaas van 100% geitenmelk met een romige textuur en milde, verfijnde smaak. Heerlijk op brood of als culinaire toevoeging.","og_url":"https:\/\/kaashandeldammers.nl\/de\/produkt\/eru-creme-de-chevre-vernieuwde-grotere-verpakking\/","og_site_name":"Kaashandel Dammers","article_modified_time":"2026-03-03T09:27:37+00:00","og_image":[{"width":1080,"height":1080,"url":"https:\/\/kaashandeldammers.nl\/wp-content\/uploads\/2026\/01\/2238251208.png","type":"image\/png"}],"twitter_card":"summary_large_image","twitter_misc":{"Gesch\u00e4tzte Lesezeit":"1\u00a0Minute"},"schema":{"@context":"https:\/\/schema.org","@graph":[{"@type":"WebPage","@id":"https:\/\/kaashandeldammers.nl\/product\/eru-creme-de-chevre-vernieuwde-grotere-verpakking\/","url":"https:\/\/kaashandeldammers.nl\/product\/eru-creme-de-chevre-vernieuwde-grotere-verpakking\/","name":"Eru Cr\u00e9me de Ch\u00e9vre (vernieuwde grotere verpakking) - Kaashandel Dammers","isPartOf":{"@id":"https:\/\/kaashandeldammers.nl\/#website"},"primaryImageOfPage":{"@id":"https:\/\/kaashandeldammers.nl\/product\/eru-creme-de-chevre-vernieuwde-grotere-verpakking\/#primaryimage"},"image":{"@id":"https:\/\/kaashandeldammers.nl\/product\/eru-creme-de-chevre-vernieuwde-grotere-verpakking\/#primaryimage"},"thumbnailUrl":"https:\/\/kaashandeldammers.nl\/wp-content\/uploads\/2026\/01\/2238251208.png","datePublished":"2026-01-21T15:58:36+00:00","dateModified":"2026-03-03T09:27:37+00:00","breadcrumb":{"@id":"https:\/\/kaashandeldammers.nl\/product\/eru-creme-de-chevre-vernieuwde-grotere-verpakking\/#breadcrumb"},"inLanguage":"de","potentialAction":[{"@type":"ReadAction","target":["https:\/\/kaashandeldammers.nl\/product\/eru-creme-de-chevre-vernieuwde-grotere-verpakking\/"]}]},{"@type":"ImageObject","inLanguage":"de","@id":"https:\/\/kaashandeldammers.nl\/product\/eru-creme-de-chevre-vernieuwde-grotere-verpakking\/#primaryimage","url":"https:\/\/kaashandeldammers.nl\/wp-content\/uploads\/2026\/01\/2238251208.png","contentUrl":"https:\/\/kaashandeldammers.nl\/wp-content\/uploads\/2026\/01\/2238251208.png","width":1080,"height":1080},{"@type":"BreadcrumbList","@id":"https:\/\/kaashandeldammers.nl\/product\/eru-creme-de-chevre-vernieuwde-grotere-verpakking\/#breadcrumb","itemListElement":[{"@type":"ListItem","position":1,"name":"Home","item":"https:\/\/kaashandeldammers.nl\/"},{"@type":"ListItem","position":2,"name":"Aanbod","item":"https:\/\/kaashandeldammers.nl\/aanbod\/"},{"@type":"ListItem","position":3,"name":"Eru Cr\u00e9me de Ch\u00e9vre (vernieuwde grotere verpakking)"}]},{"@type":"WebSite","@id":"https:\/\/kaashandeldammers.nl\/#website","url":"https:\/\/kaashandeldammers.nl\/","name":"Dammers K\u00e4segesch\u00e4ft","description":"Handwerklich hergestellter K\u00e4se, frisch vom Messer","potentialAction":[{"@type":"SearchAction","target":{"@type":"EntryPoint","urlTemplate":"https:\/\/kaashandeldammers.nl\/?s={search_term_string}"},"query-input":{"@type":"PropertyValueSpecification","valueRequired":true,"valueName":"search_term_string"}}],"inLanguage":"de"}]}},"jetpack_sharing_enabled":true,"_links":{"self":[{"href":"https:\/\/kaashandeldammers.nl\/de\/wp-json\/wp\/v2\/product\/855","targetHints":{"allow":["GET"]}}],"collection":[{"href":"https:\/\/kaashandeldammers.nl\/de\/wp-json\/wp\/v2\/product"}],"about":[{"href":"https:\/\/kaashandeldammers.nl\/de\/wp-json\/wp\/v2\/types\/product"}],"wp:featuredmedia":[{"embeddable":true,"href":"https:\/\/kaashandeldammers.nl\/de\/wp-json\/wp\/v2\/media\/852"}],"wp:attachment":[{"href":"https:\/\/kaashandeldammers.nl\/de\/wp-json\/wp\/v2\/media?parent=855"}],"wp:term":[{"taxonomy":"product_brand","embeddable":true,"href":"https:\/\/kaashandeldammers.nl\/de\/wp-json\/wp\/v2\/product_brand?post=855"},{"taxonomy":"product_cat","embeddable":true,"href":"https:\/\/kaashandeldammers.nl\/de\/wp-json\/wp\/v2\/product_cat?post=855"},{"taxonomy":"product_tag","embeddable":true,"href":"https:\/\/kaashandeldammers.nl\/de\/wp-json\/wp\/v2\/product_tag?post=855"}],"curies":[{"name":"wp","href":"https:\/\/api.w.org\/{rel}","templated":true}]}}