{"id":842,"date":"2026-01-21T15:58:06","date_gmt":"2026-01-21T15:58:06","guid":{"rendered":"https:\/\/kaashandeldammers.nl\/product\/kaasdip-voets-mosterd-dille-klein\/"},"modified":"2026-01-21T15:58:06","modified_gmt":"2026-01-21T15:58:06","slug":"kaasdip-voets-mosterd-dille-klein","status":"publish","type":"product","link":"https:\/\/kaashandeldammers.nl\/de\/produkt\/kaasdip-voets-mosterd-dille-klein\/","title":{"rendered":"Voets Senf-Dill-K\u00e4se-Dip (klein)"},"content":{"rendered":"<p>Die Senf-Dill-Sauce war das allererste Produkt im Sortiment von Voets Specialties und ist nach wie vor der Verkaufsschlager. Sie ist mittlerweile weithin bekannt und dennoch mit Abstand der meistverkaufte Artikel! Diese Sauce schmeckt k\u00f6stlich auf einem K\u00e4sesandwich, mit Schinken, im Salat, als Dip f\u00fcr Karotten- oder Gurkenscheiben oder als Basis f\u00fcr eine Fleischmarinade \u2013 die M\u00f6glichkeiten sind endlos!<\/p>","protected":false},"excerpt":{"rendered":"<p>Heerlijke kaasdip van het merk Voets met een mosterd-dille smaak.<\/p>","protected":false},"featured_media":841,"template":"","meta":[],"product_brand":[],"product_cat":[22],"product_tag":[],"class_list":{"0":"post-842","1":"product","2":"type-product","3":"status-publish","4":"has-post-thumbnail","6":"product_cat-geen-categorie","8":"first","9":"instock","10":"taxable","11":"shipping-taxable","12":"product-type-simple"},"yoast_head":"<!-- This site is optimized with the Yoast SEO plugin v27.3 - https:\/\/yoast.com\/product\/yoast-seo-wordpress\/ -->\n<title>Kaasdip Voets mosterd-dille (klein) - Kaashandel Dammers<\/title>\n<meta name=\"robots\" content=\"index, follow, max-snippet:-1, max-image-preview:large, max-video-preview:-1\" \/>\n<link rel=\"canonical\" href=\"https:\/\/kaashandeldammers.nl\/de\/produkt\/kaasdip-voets-mosterd-dille-klein\/\" \/>\n<meta property=\"og:locale\" content=\"de_DE\" \/>\n<meta property=\"og:type\" content=\"article\" \/>\n<meta property=\"og:title\" content=\"Kaasdip Voets mosterd-dille (klein) - Kaashandel Dammers\" \/>\n<meta property=\"og:description\" content=\"Heerlijke kaasdip van het merk Voets met een mosterd-dille smaak.\" \/>\n<meta property=\"og:url\" content=\"https:\/\/kaashandeldammers.nl\/de\/produkt\/kaasdip-voets-mosterd-dille-klein\/\" \/>\n<meta property=\"og:site_name\" content=\"Kaashandel Dammers\" \/>\n<meta name=\"twitter:card\" content=\"summary_large_image\" \/>\n<script type=\"application\/ld+json\" class=\"yoast-schema-graph\">{\"@context\":\"https:\\\/\\\/schema.org\",\"@graph\":[{\"@type\":\"WebPage\",\"@id\":\"https:\\\/\\\/kaashandeldammers.nl\\\/product\\\/kaasdip-voets-mosterd-dille-klein\\\/\",\"url\":\"https:\\\/\\\/kaashandeldammers.nl\\\/product\\\/kaasdip-voets-mosterd-dille-klein\\\/\",\"name\":\"Kaasdip Voets mosterd-dille (klein) - Kaashandel Dammers\",\"isPartOf\":{\"@id\":\"https:\\\/\\\/kaashandeldammers.nl\\\/#website\"},\"primaryImageOfPage\":{\"@id\":\"https:\\\/\\\/kaashandeldammers.nl\\\/product\\\/kaasdip-voets-mosterd-dille-klein\\\/#primaryimage\"},\"image\":{\"@id\":\"https:\\\/\\\/kaashandeldammers.nl\\\/product\\\/kaasdip-voets-mosterd-dille-klein\\\/#primaryimage\"},\"thumbnailUrl\":\"https:\\\/\\\/kaashandeldammers.nl\\\/wp-content\\\/uploads\\\/2026\\\/01\\\/1918323048.jpg\",\"datePublished\":\"2026-01-21T15:58:06+00:00\",\"breadcrumb\":{\"@id\":\"https:\\\/\\\/kaashandeldammers.nl\\\/product\\\/kaasdip-voets-mosterd-dille-klein\\\/#breadcrumb\"},\"inLanguage\":\"de\",\"potentialAction\":[{\"@type\":\"ReadAction\",\"target\":[\"https:\\\/\\\/kaashandeldammers.nl\\\/product\\\/kaasdip-voets-mosterd-dille-klein\\\/\"]}]},{\"@type\":\"ImageObject\",\"inLanguage\":\"de\",\"@id\":\"https:\\\/\\\/kaashandeldammers.nl\\\/product\\\/kaasdip-voets-mosterd-dille-klein\\\/#primaryimage\",\"url\":\"https:\\\/\\\/kaashandeldammers.nl\\\/wp-content\\\/uploads\\\/2026\\\/01\\\/1918323048.jpg\",\"contentUrl\":\"https:\\\/\\\/kaashandeldammers.nl\\\/wp-content\\\/uploads\\\/2026\\\/01\\\/1918323048.jpg\",\"width\":1280,\"height\":960},{\"@type\":\"BreadcrumbList\",\"@id\":\"https:\\\/\\\/kaashandeldammers.nl\\\/product\\\/kaasdip-voets-mosterd-dille-klein\\\/#breadcrumb\",\"itemListElement\":[{\"@type\":\"ListItem\",\"position\":1,\"name\":\"Home\",\"item\":\"https:\\\/\\\/kaashandeldammers.nl\\\/\"},{\"@type\":\"ListItem\",\"position\":2,\"name\":\"Aanbod\",\"item\":\"https:\\\/\\\/kaashandeldammers.nl\\\/aanbod\\\/\"},{\"@type\":\"ListItem\",\"position\":3,\"name\":\"Kaasdip Voets mosterd-dille (klein)\"}]},{\"@type\":\"WebSite\",\"@id\":\"https:\\\/\\\/kaashandeldammers.nl\\\/#website\",\"url\":\"https:\\\/\\\/kaashandeldammers.nl\\\/\",\"name\":\"Kaashandel Dammers\",\"description\":\"Ambachtelijke kaas, vers van het mes\",\"potentialAction\":[{\"@type\":\"SearchAction\",\"target\":{\"@type\":\"EntryPoint\",\"urlTemplate\":\"https:\\\/\\\/kaashandeldammers.nl\\\/?s={search_term_string}\"},\"query-input\":{\"@type\":\"PropertyValueSpecification\",\"valueRequired\":true,\"valueName\":\"search_term_string\"}}],\"inLanguage\":\"de\"}]}<\/script>\n<!-- \/ Yoast SEO plugin. -->","yoast_head_json":{"title":"Kaasdip Voets mosterd-dille (klein) - Kaashandel Dammers","robots":{"index":"index","follow":"follow","max-snippet":"max-snippet:-1","max-image-preview":"max-image-preview:large","max-video-preview":"max-video-preview:-1"},"canonical":"https:\/\/kaashandeldammers.nl\/de\/produkt\/kaasdip-voets-mosterd-dille-klein\/","og_locale":"de_DE","og_type":"article","og_title":"Kaasdip Voets mosterd-dille (klein) - Kaashandel Dammers","og_description":"Heerlijke kaasdip van het merk Voets met een mosterd-dille smaak.","og_url":"https:\/\/kaashandeldammers.nl\/de\/produkt\/kaasdip-voets-mosterd-dille-klein\/","og_site_name":"Kaashandel Dammers","twitter_card":"summary_large_image","schema":{"@context":"https:\/\/schema.org","@graph":[{"@type":"WebPage","@id":"https:\/\/kaashandeldammers.nl\/product\/kaasdip-voets-mosterd-dille-klein\/","url":"https:\/\/kaashandeldammers.nl\/product\/kaasdip-voets-mosterd-dille-klein\/","name":"Kaasdip Voets mosterd-dille (klein) - Kaashandel Dammers","isPartOf":{"@id":"https:\/\/kaashandeldammers.nl\/#website"},"primaryImageOfPage":{"@id":"https:\/\/kaashandeldammers.nl\/product\/kaasdip-voets-mosterd-dille-klein\/#primaryimage"},"image":{"@id":"https:\/\/kaashandeldammers.nl\/product\/kaasdip-voets-mosterd-dille-klein\/#primaryimage"},"thumbnailUrl":"https:\/\/kaashandeldammers.nl\/wp-content\/uploads\/2026\/01\/1918323048.jpg","datePublished":"2026-01-21T15:58:06+00:00","breadcrumb":{"@id":"https:\/\/kaashandeldammers.nl\/product\/kaasdip-voets-mosterd-dille-klein\/#breadcrumb"},"inLanguage":"de","potentialAction":[{"@type":"ReadAction","target":["https:\/\/kaashandeldammers.nl\/product\/kaasdip-voets-mosterd-dille-klein\/"]}]},{"@type":"ImageObject","inLanguage":"de","@id":"https:\/\/kaashandeldammers.nl\/product\/kaasdip-voets-mosterd-dille-klein\/#primaryimage","url":"https:\/\/kaashandeldammers.nl\/wp-content\/uploads\/2026\/01\/1918323048.jpg","contentUrl":"https:\/\/kaashandeldammers.nl\/wp-content\/uploads\/2026\/01\/1918323048.jpg","width":1280,"height":960},{"@type":"BreadcrumbList","@id":"https:\/\/kaashandeldammers.nl\/product\/kaasdip-voets-mosterd-dille-klein\/#breadcrumb","itemListElement":[{"@type":"ListItem","position":1,"name":"Home","item":"https:\/\/kaashandeldammers.nl\/"},{"@type":"ListItem","position":2,"name":"Aanbod","item":"https:\/\/kaashandeldammers.nl\/aanbod\/"},{"@type":"ListItem","position":3,"name":"Kaasdip Voets mosterd-dille (klein)"}]},{"@type":"WebSite","@id":"https:\/\/kaashandeldammers.nl\/#website","url":"https:\/\/kaashandeldammers.nl\/","name":"Dammers K\u00e4segesch\u00e4ft","description":"Handwerklich hergestellter K\u00e4se, frisch vom Messer","potentialAction":[{"@type":"SearchAction","target":{"@type":"EntryPoint","urlTemplate":"https:\/\/kaashandeldammers.nl\/?s={search_term_string}"},"query-input":{"@type":"PropertyValueSpecification","valueRequired":true,"valueName":"search_term_string"}}],"inLanguage":"de"}]}},"jetpack_sharing_enabled":true,"_links":{"self":[{"href":"https:\/\/kaashandeldammers.nl\/de\/wp-json\/wp\/v2\/product\/842","targetHints":{"allow":["GET"]}}],"collection":[{"href":"https:\/\/kaashandeldammers.nl\/de\/wp-json\/wp\/v2\/product"}],"about":[{"href":"https:\/\/kaashandeldammers.nl\/de\/wp-json\/wp\/v2\/types\/product"}],"wp:featuredmedia":[{"embeddable":true,"href":"https:\/\/kaashandeldammers.nl\/de\/wp-json\/wp\/v2\/media\/841"}],"wp:attachment":[{"href":"https:\/\/kaashandeldammers.nl\/de\/wp-json\/wp\/v2\/media?parent=842"}],"wp:term":[{"taxonomy":"product_brand","embeddable":true,"href":"https:\/\/kaashandeldammers.nl\/de\/wp-json\/wp\/v2\/product_brand?post=842"},{"taxonomy":"product_cat","embeddable":true,"href":"https:\/\/kaashandeldammers.nl\/de\/wp-json\/wp\/v2\/product_cat?post=842"},{"taxonomy":"product_tag","embeddable":true,"href":"https:\/\/kaashandeldammers.nl\/de\/wp-json\/wp\/v2\/product_tag?post=842"}],"curies":[{"name":"wp","href":"https:\/\/api.w.org\/{rel}","templated":true}]}}