{"id":835,"date":"2026-01-21T15:57:56","date_gmt":"2026-01-21T15:57:56","guid":{"rendered":"https:\/\/kaashandeldammers.nl\/product\/handrasp-molen\/"},"modified":"2026-01-21T16:37:30","modified_gmt":"2026-01-21T16:37:30","slug":"handrasp-molen","status":"publish","type":"product","link":"https:\/\/kaashandeldammers.nl\/de\/produkt\/handrasp-molen\/","title":{"rendered":"Handreibem\u00fchle"},"content":{"rendered":"<p>K\u00e4se reiben war noch nie so einfach wie mit der Romano Handreibe. Diese einzigartige Reibe eignet sich perfekt zum Reiben von Parmesan. Ideal f\u00fcr frisch zubereitete Pasta, eine leckere Pizza oder als k\u00f6stliche Zutat in Suppen!<\/p>\n<p><strong>Hip-Design<\/strong><br \/>\nDiese Handreibe besticht durch ihr einzigartiges Design, dank ihrer schlanken Form und des praktischen Drehmechanismus. Mit einer Hand schieben Sie den K\u00e4se durch die Reibe, w\u00e4hrend die andere sie dreht. Ob Links- oder Rechtsh\u00e4nder \u2013 diese Reibe ist f\u00fcr beide geeignet!<\/p>\n<p><strong>Einfach und bequem<\/strong><br \/>\nMit dieser Reibe wird K\u00e4sereiben zum Kinderspiel! Nach Gebrauch kann die Reibe in der Sp\u00fclmaschine gereinigt werden. Sie eignet sich besonders f\u00fcr Hartk\u00e4se wie Parmesan.<\/p>\n<p><strong>Verschenken Sie eine K\u00e4sereibe<\/strong><br \/>\nDiese K\u00e4sem\u00fchle wird in einer passenden Geschenkbox geliefert und eignet sich daher hervorragend als Geschenk.<\/p>","protected":false},"excerpt":{"rendered":"<p>Snel en super makkelijk je laatste stukjes van je kaas raspen? Dan is dit jouw ideale handrasp molen!<\/p>","protected":false},"featured_media":1241,"template":"","meta":[],"product_brand":[],"product_cat":[31],"product_tag":[],"class_list":{"0":"post-835","1":"product","2":"type-product","3":"status-publish","4":"has-post-thumbnail","6":"product_cat-kaasgereedschap","8":"first","9":"instock","10":"taxable","11":"shipping-taxable","12":"product-type-simple"},"yoast_head":"<!-- This site is optimized with the Yoast SEO plugin v27.3 - https:\/\/yoast.com\/product\/yoast-seo-wordpress\/ -->\n<title>Handrasp molen - Kaashandel Dammers<\/title>\n<meta name=\"robots\" content=\"index, follow, max-snippet:-1, max-image-preview:large, max-video-preview:-1\" \/>\n<link rel=\"canonical\" href=\"https:\/\/kaashandeldammers.nl\/de\/produkt\/handrasp-molen\/\" \/>\n<meta property=\"og:locale\" content=\"de_DE\" \/>\n<meta property=\"og:type\" content=\"article\" \/>\n<meta property=\"og:title\" content=\"Handrasp molen - Kaashandel Dammers\" \/>\n<meta property=\"og:description\" content=\"Snel en super makkelijk je laatste stukjes van je kaas raspen? Dan is dit jouw ideale handrasp molen!\" \/>\n<meta property=\"og:url\" content=\"https:\/\/kaashandeldammers.nl\/de\/produkt\/handrasp-molen\/\" \/>\n<meta property=\"og:site_name\" content=\"Kaashandel Dammers\" \/>\n<meta property=\"article:modified_time\" content=\"2026-01-21T16:37:30+00:00\" \/>\n<meta name=\"twitter:card\" content=\"summary_large_image\" \/>\n<meta name=\"twitter:label1\" content=\"Gesch\u00e4tzte Lesezeit\" \/>\n\t<meta name=\"twitter:data1\" content=\"1\u00a0Minute\" \/>\n<script type=\"application\/ld+json\" class=\"yoast-schema-graph\">{\"@context\":\"https:\\\/\\\/schema.org\",\"@graph\":[{\"@type\":\"WebPage\",\"@id\":\"https:\\\/\\\/kaashandeldammers.nl\\\/product\\\/handrasp-molen\\\/\",\"url\":\"https:\\\/\\\/kaashandeldammers.nl\\\/product\\\/handrasp-molen\\\/\",\"name\":\"Handrasp molen - Kaashandel Dammers\",\"isPartOf\":{\"@id\":\"https:\\\/\\\/kaashandeldammers.nl\\\/#website\"},\"primaryImageOfPage\":{\"@id\":\"https:\\\/\\\/kaashandeldammers.nl\\\/product\\\/handrasp-molen\\\/#primaryimage\"},\"image\":{\"@id\":\"https:\\\/\\\/kaashandeldammers.nl\\\/product\\\/handrasp-molen\\\/#primaryimage\"},\"thumbnailUrl\":\"https:\\\/\\\/kaashandeldammers.nl\\\/wp-content\\\/uploads\\\/2026\\\/01\\\/2082419559-1.png\",\"datePublished\":\"2026-01-21T15:57:56+00:00\",\"dateModified\":\"2026-01-21T16:37:30+00:00\",\"breadcrumb\":{\"@id\":\"https:\\\/\\\/kaashandeldammers.nl\\\/product\\\/handrasp-molen\\\/#breadcrumb\"},\"inLanguage\":\"de\",\"potentialAction\":[{\"@type\":\"ReadAction\",\"target\":[\"https:\\\/\\\/kaashandeldammers.nl\\\/product\\\/handrasp-molen\\\/\"]}]},{\"@type\":\"ImageObject\",\"inLanguage\":\"de\",\"@id\":\"https:\\\/\\\/kaashandeldammers.nl\\\/product\\\/handrasp-molen\\\/#primaryimage\",\"url\":\"https:\\\/\\\/kaashandeldammers.nl\\\/wp-content\\\/uploads\\\/2026\\\/01\\\/2082419559-1.png\",\"contentUrl\":\"https:\\\/\\\/kaashandeldammers.nl\\\/wp-content\\\/uploads\\\/2026\\\/01\\\/2082419559-1.png\",\"width\":1080,\"height\":1080},{\"@type\":\"BreadcrumbList\",\"@id\":\"https:\\\/\\\/kaashandeldammers.nl\\\/product\\\/handrasp-molen\\\/#breadcrumb\",\"itemListElement\":[{\"@type\":\"ListItem\",\"position\":1,\"name\":\"Home\",\"item\":\"https:\\\/\\\/kaashandeldammers.nl\\\/\"},{\"@type\":\"ListItem\",\"position\":2,\"name\":\"Aanbod\",\"item\":\"https:\\\/\\\/kaashandeldammers.nl\\\/aanbod\\\/\"},{\"@type\":\"ListItem\",\"position\":3,\"name\":\"Handrasp molen\"}]},{\"@type\":\"WebSite\",\"@id\":\"https:\\\/\\\/kaashandeldammers.nl\\\/#website\",\"url\":\"https:\\\/\\\/kaashandeldammers.nl\\\/\",\"name\":\"Kaashandel Dammers\",\"description\":\"Ambachtelijke kaas, vers van het mes\",\"potentialAction\":[{\"@type\":\"SearchAction\",\"target\":{\"@type\":\"EntryPoint\",\"urlTemplate\":\"https:\\\/\\\/kaashandeldammers.nl\\\/?s={search_term_string}\"},\"query-input\":{\"@type\":\"PropertyValueSpecification\",\"valueRequired\":true,\"valueName\":\"search_term_string\"}}],\"inLanguage\":\"de\"}]}<\/script>\n<!-- \/ Yoast SEO plugin. -->","yoast_head_json":{"title":"Handrasp molen - Kaashandel Dammers","robots":{"index":"index","follow":"follow","max-snippet":"max-snippet:-1","max-image-preview":"max-image-preview:large","max-video-preview":"max-video-preview:-1"},"canonical":"https:\/\/kaashandeldammers.nl\/de\/produkt\/handrasp-molen\/","og_locale":"de_DE","og_type":"article","og_title":"Handrasp molen - Kaashandel Dammers","og_description":"Snel en super makkelijk je laatste stukjes van je kaas raspen? Dan is dit jouw ideale handrasp molen!","og_url":"https:\/\/kaashandeldammers.nl\/de\/produkt\/handrasp-molen\/","og_site_name":"Kaashandel Dammers","article_modified_time":"2026-01-21T16:37:30+00:00","twitter_card":"summary_large_image","twitter_misc":{"Gesch\u00e4tzte Lesezeit":"1\u00a0Minute"},"schema":{"@context":"https:\/\/schema.org","@graph":[{"@type":"WebPage","@id":"https:\/\/kaashandeldammers.nl\/product\/handrasp-molen\/","url":"https:\/\/kaashandeldammers.nl\/product\/handrasp-molen\/","name":"Handrasp molen - Kaashandel Dammers","isPartOf":{"@id":"https:\/\/kaashandeldammers.nl\/#website"},"primaryImageOfPage":{"@id":"https:\/\/kaashandeldammers.nl\/product\/handrasp-molen\/#primaryimage"},"image":{"@id":"https:\/\/kaashandeldammers.nl\/product\/handrasp-molen\/#primaryimage"},"thumbnailUrl":"https:\/\/kaashandeldammers.nl\/wp-content\/uploads\/2026\/01\/2082419559-1.png","datePublished":"2026-01-21T15:57:56+00:00","dateModified":"2026-01-21T16:37:30+00:00","breadcrumb":{"@id":"https:\/\/kaashandeldammers.nl\/product\/handrasp-molen\/#breadcrumb"},"inLanguage":"de","potentialAction":[{"@type":"ReadAction","target":["https:\/\/kaashandeldammers.nl\/product\/handrasp-molen\/"]}]},{"@type":"ImageObject","inLanguage":"de","@id":"https:\/\/kaashandeldammers.nl\/product\/handrasp-molen\/#primaryimage","url":"https:\/\/kaashandeldammers.nl\/wp-content\/uploads\/2026\/01\/2082419559-1.png","contentUrl":"https:\/\/kaashandeldammers.nl\/wp-content\/uploads\/2026\/01\/2082419559-1.png","width":1080,"height":1080},{"@type":"BreadcrumbList","@id":"https:\/\/kaashandeldammers.nl\/product\/handrasp-molen\/#breadcrumb","itemListElement":[{"@type":"ListItem","position":1,"name":"Home","item":"https:\/\/kaashandeldammers.nl\/"},{"@type":"ListItem","position":2,"name":"Aanbod","item":"https:\/\/kaashandeldammers.nl\/aanbod\/"},{"@type":"ListItem","position":3,"name":"Handrasp molen"}]},{"@type":"WebSite","@id":"https:\/\/kaashandeldammers.nl\/#website","url":"https:\/\/kaashandeldammers.nl\/","name":"Dammers K\u00e4segesch\u00e4ft","description":"Handwerklich hergestellter K\u00e4se, frisch vom Messer","potentialAction":[{"@type":"SearchAction","target":{"@type":"EntryPoint","urlTemplate":"https:\/\/kaashandeldammers.nl\/?s={search_term_string}"},"query-input":{"@type":"PropertyValueSpecification","valueRequired":true,"valueName":"search_term_string"}}],"inLanguage":"de"}]}},"jetpack_sharing_enabled":true,"_links":{"self":[{"href":"https:\/\/kaashandeldammers.nl\/de\/wp-json\/wp\/v2\/product\/835","targetHints":{"allow":["GET"]}}],"collection":[{"href":"https:\/\/kaashandeldammers.nl\/de\/wp-json\/wp\/v2\/product"}],"about":[{"href":"https:\/\/kaashandeldammers.nl\/de\/wp-json\/wp\/v2\/types\/product"}],"wp:featuredmedia":[{"embeddable":true,"href":"https:\/\/kaashandeldammers.nl\/de\/wp-json\/wp\/v2\/media\/1241"}],"wp:attachment":[{"href":"https:\/\/kaashandeldammers.nl\/de\/wp-json\/wp\/v2\/media?parent=835"}],"wp:term":[{"taxonomy":"product_brand","embeddable":true,"href":"https:\/\/kaashandeldammers.nl\/de\/wp-json\/wp\/v2\/product_brand?post=835"},{"taxonomy":"product_cat","embeddable":true,"href":"https:\/\/kaashandeldammers.nl\/de\/wp-json\/wp\/v2\/product_cat?post=835"},{"taxonomy":"product_tag","embeddable":true,"href":"https:\/\/kaashandeldammers.nl\/de\/wp-json\/wp\/v2\/product_tag?post=835"}],"curies":[{"name":"wp","href":"https:\/\/api.w.org\/{rel}","templated":true}]}}