{"id":828,"date":"2026-01-21T15:57:45","date_gmt":"2026-01-21T15:57:45","guid":{"rendered":"https:\/\/kaashandeldammers.nl\/product\/fondueset-nero-xl-22l\/"},"modified":"2026-01-21T16:37:18","modified_gmt":"2026-01-21T16:37:18","slug":"fondueset-nero-xl-22l","status":"publish","type":"product","link":"https:\/\/kaashandeldammers.nl\/de\/produkt\/fondueset-nero-xl-22l\/","title":{"rendered":"Fondue-Set Nero XL 2,2L"},"content":{"rendered":"<p>Lust auf einen gem\u00fctlichen Abend mit K\u00e4sefondue? Ein sch\u00f6nes, komplettes Fondue-Set ist da ein Muss! Dieses tolle Set besteht aus einem robusten, hitzebest\u00e4ndigen Keramiktopf mit 2,2 Litern Fassungsverm\u00f6gen auf einem stabilen Gusseisenfu\u00df. Und nat\u00fcrlich aus 8 stabilen Fonduegabeln.<\/p>\n<p>Die formsch\u00f6ne schwarze Keramikpfanne eignet sich f\u00fcr den Gasherd und erm\u00f6glicht das einfache Schmelzen von K\u00e4se. Nach dem Erhitzen die Pfanne auf die Herdplatte stellen, den Brenner anz\u00fcnden und genie\u00dfen. Die Pfanne ist gro\u00df genug, um ca. 1,3 kg K\u00e4se zu schmelzen.<\/p>\n<p>Dieses wundersch\u00f6ne Set enth\u00e4lt einen Fonduebrenner f\u00fcr fl\u00fcssiges Brennstoff und Brennstoffgel (Brennstoff nicht enthalten). Bevorzugen Sie fertige, besonders sichere Brenner? Dann bestellen Sie ein Set.&nbsp;<a href=\"https:\/\/kaasonlinebestellen.nl\/product\/fondue-branders-veilig\/\">Fonduebrenner<\/a>&nbsp;Biene.<\/p>\n<p>Fertig gegessen? Hoppa, Pfanne und Gabeln k\u00f6nnen direkt in die Sp\u00fclmaschine. Den Boden mit einem Tuch abwischen, und schon ist alles erledigt.<\/p>\n<p>K\u00f6nnen Sie sich vorstellen, darin zu sitzen? Bestellen Sie dieses wundersch\u00f6ne Set schnell und einfach mit kostenloser Lieferung nach Hause in den gesamten Niederlanden.<\/p>","protected":false},"excerpt":{"rendered":"<p>Kaasfonduen met een groot gezelschap? Dan is dit jouw fonduepan!<\/p>","protected":false},"featured_media":1237,"template":"","meta":[],"product_brand":[],"product_cat":[38],"product_tag":[],"class_list":{"0":"post-828","1":"product","2":"type-product","3":"status-publish","4":"has-post-thumbnail","6":"product_cat-kaasfondue","8":"first","9":"outofstock","10":"taxable","11":"shipping-taxable","12":"product-type-simple"},"yoast_head":"<!-- This site is optimized with the Yoast SEO plugin v27.3 - https:\/\/yoast.com\/product\/yoast-seo-wordpress\/ -->\n<title>Fondueset Nero XL 2,2L - Kaashandel Dammers<\/title>\n<meta name=\"robots\" content=\"index, follow, max-snippet:-1, max-image-preview:large, max-video-preview:-1\" \/>\n<link rel=\"canonical\" href=\"https:\/\/kaashandeldammers.nl\/de\/produkt\/fondueset-nero-xl-22l\/\" \/>\n<meta property=\"og:locale\" content=\"de_DE\" \/>\n<meta property=\"og:type\" content=\"article\" \/>\n<meta property=\"og:title\" content=\"Fondueset Nero XL 2,2L - Kaashandel Dammers\" \/>\n<meta property=\"og:description\" content=\"Kaasfonduen met een groot gezelschap? Dan is dit jouw fonduepan!\" \/>\n<meta property=\"og:url\" content=\"https:\/\/kaashandeldammers.nl\/de\/produkt\/fondueset-nero-xl-22l\/\" \/>\n<meta property=\"og:site_name\" content=\"Kaashandel Dammers\" \/>\n<meta property=\"article:modified_time\" content=\"2026-01-21T16:37:18+00:00\" \/>\n<meta property=\"og:image\" content=\"https:\/\/kaashandeldammers.nl\/wp-content\/uploads\/2026\/01\/1918323012.jpg\" \/>\n\t<meta property=\"og:image:width\" content=\"1200\" \/>\n\t<meta property=\"og:image:height\" content=\"1200\" \/>\n\t<meta property=\"og:image:type\" content=\"image\/jpeg\" \/>\n<meta name=\"twitter:card\" content=\"summary_large_image\" \/>\n<meta name=\"twitter:label1\" content=\"Gesch\u00e4tzte Lesezeit\" \/>\n\t<meta name=\"twitter:data1\" content=\"1\u00a0Minute\" \/>\n<script type=\"application\/ld+json\" class=\"yoast-schema-graph\">{\"@context\":\"https:\\\/\\\/schema.org\",\"@graph\":[{\"@type\":\"WebPage\",\"@id\":\"https:\\\/\\\/kaashandeldammers.nl\\\/product\\\/fondueset-nero-xl-22l\\\/\",\"url\":\"https:\\\/\\\/kaashandeldammers.nl\\\/product\\\/fondueset-nero-xl-22l\\\/\",\"name\":\"Fondueset Nero XL 2,2L - Kaashandel Dammers\",\"isPartOf\":{\"@id\":\"https:\\\/\\\/kaashandeldammers.nl\\\/#website\"},\"primaryImageOfPage\":{\"@id\":\"https:\\\/\\\/kaashandeldammers.nl\\\/product\\\/fondueset-nero-xl-22l\\\/#primaryimage\"},\"image\":{\"@id\":\"https:\\\/\\\/kaashandeldammers.nl\\\/product\\\/fondueset-nero-xl-22l\\\/#primaryimage\"},\"thumbnailUrl\":\"https:\\\/\\\/kaashandeldammers.nl\\\/wp-content\\\/uploads\\\/2026\\\/01\\\/1918323012-1.jpg\",\"datePublished\":\"2026-01-21T15:57:45+00:00\",\"dateModified\":\"2026-01-21T16:37:18+00:00\",\"breadcrumb\":{\"@id\":\"https:\\\/\\\/kaashandeldammers.nl\\\/product\\\/fondueset-nero-xl-22l\\\/#breadcrumb\"},\"inLanguage\":\"de\",\"potentialAction\":[{\"@type\":\"ReadAction\",\"target\":[\"https:\\\/\\\/kaashandeldammers.nl\\\/product\\\/fondueset-nero-xl-22l\\\/\"]}]},{\"@type\":\"ImageObject\",\"inLanguage\":\"de\",\"@id\":\"https:\\\/\\\/kaashandeldammers.nl\\\/product\\\/fondueset-nero-xl-22l\\\/#primaryimage\",\"url\":\"https:\\\/\\\/kaashandeldammers.nl\\\/wp-content\\\/uploads\\\/2026\\\/01\\\/1918323012-1.jpg\",\"contentUrl\":\"https:\\\/\\\/kaashandeldammers.nl\\\/wp-content\\\/uploads\\\/2026\\\/01\\\/1918323012-1.jpg\",\"width\":1200,\"height\":1200},{\"@type\":\"BreadcrumbList\",\"@id\":\"https:\\\/\\\/kaashandeldammers.nl\\\/product\\\/fondueset-nero-xl-22l\\\/#breadcrumb\",\"itemListElement\":[{\"@type\":\"ListItem\",\"position\":1,\"name\":\"Home\",\"item\":\"https:\\\/\\\/kaashandeldammers.nl\\\/\"},{\"@type\":\"ListItem\",\"position\":2,\"name\":\"Aanbod\",\"item\":\"https:\\\/\\\/kaashandeldammers.nl\\\/aanbod\\\/\"},{\"@type\":\"ListItem\",\"position\":3,\"name\":\"Fondueset Nero XL 2,2L\"}]},{\"@type\":\"WebSite\",\"@id\":\"https:\\\/\\\/kaashandeldammers.nl\\\/#website\",\"url\":\"https:\\\/\\\/kaashandeldammers.nl\\\/\",\"name\":\"Kaashandel Dammers\",\"description\":\"Ambachtelijke kaas, vers van het mes\",\"potentialAction\":[{\"@type\":\"SearchAction\",\"target\":{\"@type\":\"EntryPoint\",\"urlTemplate\":\"https:\\\/\\\/kaashandeldammers.nl\\\/?s={search_term_string}\"},\"query-input\":{\"@type\":\"PropertyValueSpecification\",\"valueRequired\":true,\"valueName\":\"search_term_string\"}}],\"inLanguage\":\"de\"}]}<\/script>\n<!-- \/ Yoast SEO plugin. -->","yoast_head_json":{"title":"Fondueset Nero XL 2,2L - Kaashandel Dammers","robots":{"index":"index","follow":"follow","max-snippet":"max-snippet:-1","max-image-preview":"max-image-preview:large","max-video-preview":"max-video-preview:-1"},"canonical":"https:\/\/kaashandeldammers.nl\/de\/produkt\/fondueset-nero-xl-22l\/","og_locale":"de_DE","og_type":"article","og_title":"Fondueset Nero XL 2,2L - Kaashandel Dammers","og_description":"Kaasfonduen met een groot gezelschap? Dan is dit jouw fonduepan!","og_url":"https:\/\/kaashandeldammers.nl\/de\/produkt\/fondueset-nero-xl-22l\/","og_site_name":"Kaashandel Dammers","article_modified_time":"2026-01-21T16:37:18+00:00","og_image":[{"width":1200,"height":1200,"url":"https:\/\/kaashandeldammers.nl\/wp-content\/uploads\/2026\/01\/1918323012.jpg","type":"image\/jpeg"}],"twitter_card":"summary_large_image","twitter_misc":{"Gesch\u00e4tzte Lesezeit":"1\u00a0Minute"},"schema":{"@context":"https:\/\/schema.org","@graph":[{"@type":"WebPage","@id":"https:\/\/kaashandeldammers.nl\/product\/fondueset-nero-xl-22l\/","url":"https:\/\/kaashandeldammers.nl\/product\/fondueset-nero-xl-22l\/","name":"Fondueset Nero XL 2,2L - Kaashandel Dammers","isPartOf":{"@id":"https:\/\/kaashandeldammers.nl\/#website"},"primaryImageOfPage":{"@id":"https:\/\/kaashandeldammers.nl\/product\/fondueset-nero-xl-22l\/#primaryimage"},"image":{"@id":"https:\/\/kaashandeldammers.nl\/product\/fondueset-nero-xl-22l\/#primaryimage"},"thumbnailUrl":"https:\/\/kaashandeldammers.nl\/wp-content\/uploads\/2026\/01\/1918323012-1.jpg","datePublished":"2026-01-21T15:57:45+00:00","dateModified":"2026-01-21T16:37:18+00:00","breadcrumb":{"@id":"https:\/\/kaashandeldammers.nl\/product\/fondueset-nero-xl-22l\/#breadcrumb"},"inLanguage":"de","potentialAction":[{"@type":"ReadAction","target":["https:\/\/kaashandeldammers.nl\/product\/fondueset-nero-xl-22l\/"]}]},{"@type":"ImageObject","inLanguage":"de","@id":"https:\/\/kaashandeldammers.nl\/product\/fondueset-nero-xl-22l\/#primaryimage","url":"https:\/\/kaashandeldammers.nl\/wp-content\/uploads\/2026\/01\/1918323012-1.jpg","contentUrl":"https:\/\/kaashandeldammers.nl\/wp-content\/uploads\/2026\/01\/1918323012-1.jpg","width":1200,"height":1200},{"@type":"BreadcrumbList","@id":"https:\/\/kaashandeldammers.nl\/product\/fondueset-nero-xl-22l\/#breadcrumb","itemListElement":[{"@type":"ListItem","position":1,"name":"Home","item":"https:\/\/kaashandeldammers.nl\/"},{"@type":"ListItem","position":2,"name":"Aanbod","item":"https:\/\/kaashandeldammers.nl\/aanbod\/"},{"@type":"ListItem","position":3,"name":"Fondueset Nero XL 2,2L"}]},{"@type":"WebSite","@id":"https:\/\/kaashandeldammers.nl\/#website","url":"https:\/\/kaashandeldammers.nl\/","name":"Dammers K\u00e4segesch\u00e4ft","description":"Handwerklich hergestellter K\u00e4se, frisch vom Messer","potentialAction":[{"@type":"SearchAction","target":{"@type":"EntryPoint","urlTemplate":"https:\/\/kaashandeldammers.nl\/?s={search_term_string}"},"query-input":{"@type":"PropertyValueSpecification","valueRequired":true,"valueName":"search_term_string"}}],"inLanguage":"de"}]}},"jetpack_sharing_enabled":true,"_links":{"self":[{"href":"https:\/\/kaashandeldammers.nl\/de\/wp-json\/wp\/v2\/product\/828","targetHints":{"allow":["GET"]}}],"collection":[{"href":"https:\/\/kaashandeldammers.nl\/de\/wp-json\/wp\/v2\/product"}],"about":[{"href":"https:\/\/kaashandeldammers.nl\/de\/wp-json\/wp\/v2\/types\/product"}],"wp:featuredmedia":[{"embeddable":true,"href":"https:\/\/kaashandeldammers.nl\/de\/wp-json\/wp\/v2\/media\/1237"}],"wp:attachment":[{"href":"https:\/\/kaashandeldammers.nl\/de\/wp-json\/wp\/v2\/media?parent=828"}],"wp:term":[{"taxonomy":"product_brand","embeddable":true,"href":"https:\/\/kaashandeldammers.nl\/de\/wp-json\/wp\/v2\/product_brand?post=828"},{"taxonomy":"product_cat","embeddable":true,"href":"https:\/\/kaashandeldammers.nl\/de\/wp-json\/wp\/v2\/product_cat?post=828"},{"taxonomy":"product_tag","embeddable":true,"href":"https:\/\/kaashandeldammers.nl\/de\/wp-json\/wp\/v2\/product_tag?post=828"}],"curies":[{"name":"wp","href":"https:\/\/api.w.org\/{rel}","templated":true}]}}