{"id":818,"date":"2026-01-21T15:57:32","date_gmt":"2026-01-21T15:57:32","guid":{"rendered":"https:\/\/kaashandeldammers.nl\/product\/rol-buisman-gezouten-roomboter\/"},"modified":"2026-03-03T09:25:50","modified_gmt":"2026-03-03T09:25:50","slug":"rol-buisman-gezouten-roomboter","status":"publish","type":"product","link":"https:\/\/kaashandeldammers.nl\/de\/produkt\/rol-buisman-gezouten-roomboter\/","title":{"rendered":"Buisman Salzbutterbr\u00f6tchen"},"content":{"rendered":"<p>Buisman-Br\u00f6tchen mit gesalzener Butter,<\/p>\n<p><strong>Echte Butter!<\/strong>&nbsp;Das gesalzene&nbsp;<a href=\"https:\/\/nl.wikipedia.org\/wiki\/Aalburg\">Aalburg<\/a>&nbsp;Butterbr\u00f6tchen. Backen und Braten? Dann w\u00e4hlen Sie diese Buisman Real* Butter ohne Wasserzusatz. Und: Kein Spritzen beim Braten!<\/p>\n<p>Eine sch\u00f6ne Rolle von 500 Gramm, ideal zum Schneiden in Scheiben.<\/p>\n<p>Wir haben auch die k\u00f6stliche ungesalzene Butter.&nbsp;<a href=\"https:\/\/kaasonlinebestellen.nl\/product\/pakje-buisman-roomboter\/\">Siehe Butter<\/a><\/p>\n<p>* Butter aus Kuhmilch, ohne Soja oder Palm\u00f6l!<\/p>\n<p><strong>BITTE BEACHTEN SIE: Bei hohen Au\u00dfentemperaturen wird die Butter weich ankommen; leider ist es nicht m\u00f6glich, die Butter kalt zu versenden.<\/strong><\/p>\n<p>Weil wir alle gesundes und leckeres Essen lieben! Buisman Butter<\/p>","protected":false},"excerpt":{"rendered":"<p>Rol Buisman gezouten roomboter<\/p>","protected":false},"featured_media":817,"template":"","meta":[],"product_brand":[],"product_cat":[22],"product_tag":[],"class_list":{"0":"post-818","1":"product","2":"type-product","3":"status-publish","4":"has-post-thumbnail","6":"product_cat-geen-categorie","8":"first","9":"outofstock","10":"taxable","11":"shipping-taxable","12":"product-type-simple"},"yoast_head":"<!-- This site is optimized with the Yoast SEO plugin v27.3 - https:\/\/yoast.com\/product\/yoast-seo-wordpress\/ -->\n<title>Rol Buisman Gezouten Roomboter - Kaashandel Dammers<\/title>\n<meta name=\"robots\" content=\"index, follow, max-snippet:-1, max-image-preview:large, max-video-preview:-1\" \/>\n<link rel=\"canonical\" href=\"https:\/\/kaashandeldammers.nl\/de\/produkt\/rol-buisman-gezouten-roomboter\/\" \/>\n<meta property=\"og:locale\" content=\"de_DE\" \/>\n<meta property=\"og:type\" content=\"article\" \/>\n<meta property=\"og:title\" content=\"Rol Buisman Gezouten Roomboter - Kaashandel Dammers\" \/>\n<meta property=\"og:description\" content=\"Rol Buisman gezouten roomboter\" \/>\n<meta property=\"og:url\" content=\"https:\/\/kaashandeldammers.nl\/de\/produkt\/rol-buisman-gezouten-roomboter\/\" \/>\n<meta property=\"og:site_name\" content=\"Kaashandel Dammers\" \/>\n<meta property=\"article:modified_time\" content=\"2026-03-03T09:25:50+00:00\" \/>\n<meta property=\"og:image\" content=\"https:\/\/kaashandeldammers.nl\/wp-content\/uploads\/2026\/01\/1918322994.png\" \/>\n\t<meta property=\"og:image:width\" content=\"381\" \/>\n\t<meta property=\"og:image:height\" content=\"242\" \/>\n\t<meta property=\"og:image:type\" content=\"image\/png\" \/>\n<meta name=\"twitter:card\" content=\"summary_large_image\" \/>\n<script type=\"application\/ld+json\" class=\"yoast-schema-graph\">{\"@context\":\"https:\\\/\\\/schema.org\",\"@graph\":[{\"@type\":\"WebPage\",\"@id\":\"https:\\\/\\\/kaashandeldammers.nl\\\/product\\\/rol-buisman-gezouten-roomboter\\\/\",\"url\":\"https:\\\/\\\/kaashandeldammers.nl\\\/product\\\/rol-buisman-gezouten-roomboter\\\/\",\"name\":\"Rol Buisman Gezouten Roomboter - Kaashandel Dammers\",\"isPartOf\":{\"@id\":\"https:\\\/\\\/kaashandeldammers.nl\\\/#website\"},\"primaryImageOfPage\":{\"@id\":\"https:\\\/\\\/kaashandeldammers.nl\\\/product\\\/rol-buisman-gezouten-roomboter\\\/#primaryimage\"},\"image\":{\"@id\":\"https:\\\/\\\/kaashandeldammers.nl\\\/product\\\/rol-buisman-gezouten-roomboter\\\/#primaryimage\"},\"thumbnailUrl\":\"https:\\\/\\\/kaashandeldammers.nl\\\/wp-content\\\/uploads\\\/2026\\\/01\\\/1918322994.png\",\"datePublished\":\"2026-01-21T15:57:32+00:00\",\"dateModified\":\"2026-03-03T09:25:50+00:00\",\"breadcrumb\":{\"@id\":\"https:\\\/\\\/kaashandeldammers.nl\\\/product\\\/rol-buisman-gezouten-roomboter\\\/#breadcrumb\"},\"inLanguage\":\"de\",\"potentialAction\":[{\"@type\":\"ReadAction\",\"target\":[\"https:\\\/\\\/kaashandeldammers.nl\\\/product\\\/rol-buisman-gezouten-roomboter\\\/\"]}]},{\"@type\":\"ImageObject\",\"inLanguage\":\"de\",\"@id\":\"https:\\\/\\\/kaashandeldammers.nl\\\/product\\\/rol-buisman-gezouten-roomboter\\\/#primaryimage\",\"url\":\"https:\\\/\\\/kaashandeldammers.nl\\\/wp-content\\\/uploads\\\/2026\\\/01\\\/1918322994.png\",\"contentUrl\":\"https:\\\/\\\/kaashandeldammers.nl\\\/wp-content\\\/uploads\\\/2026\\\/01\\\/1918322994.png\",\"width\":381,\"height\":242},{\"@type\":\"BreadcrumbList\",\"@id\":\"https:\\\/\\\/kaashandeldammers.nl\\\/product\\\/rol-buisman-gezouten-roomboter\\\/#breadcrumb\",\"itemListElement\":[{\"@type\":\"ListItem\",\"position\":1,\"name\":\"Home\",\"item\":\"https:\\\/\\\/kaashandeldammers.nl\\\/\"},{\"@type\":\"ListItem\",\"position\":2,\"name\":\"Aanbod\",\"item\":\"https:\\\/\\\/kaashandeldammers.nl\\\/aanbod\\\/\"},{\"@type\":\"ListItem\",\"position\":3,\"name\":\"Rol Buisman Gezouten Roomboter\"}]},{\"@type\":\"WebSite\",\"@id\":\"https:\\\/\\\/kaashandeldammers.nl\\\/#website\",\"url\":\"https:\\\/\\\/kaashandeldammers.nl\\\/\",\"name\":\"Kaashandel Dammers\",\"description\":\"Ambachtelijke kaas, vers van het mes\",\"potentialAction\":[{\"@type\":\"SearchAction\",\"target\":{\"@type\":\"EntryPoint\",\"urlTemplate\":\"https:\\\/\\\/kaashandeldammers.nl\\\/?s={search_term_string}\"},\"query-input\":{\"@type\":\"PropertyValueSpecification\",\"valueRequired\":true,\"valueName\":\"search_term_string\"}}],\"inLanguage\":\"de\"}]}<\/script>\n<!-- \/ Yoast SEO plugin. -->","yoast_head_json":{"title":"Rol Buisman Gezouten Roomboter - Kaashandel Dammers","robots":{"index":"index","follow":"follow","max-snippet":"max-snippet:-1","max-image-preview":"max-image-preview:large","max-video-preview":"max-video-preview:-1"},"canonical":"https:\/\/kaashandeldammers.nl\/de\/produkt\/rol-buisman-gezouten-roomboter\/","og_locale":"de_DE","og_type":"article","og_title":"Rol Buisman Gezouten Roomboter - Kaashandel Dammers","og_description":"Rol Buisman gezouten roomboter","og_url":"https:\/\/kaashandeldammers.nl\/de\/produkt\/rol-buisman-gezouten-roomboter\/","og_site_name":"Kaashandel Dammers","article_modified_time":"2026-03-03T09:25:50+00:00","og_image":[{"width":381,"height":242,"url":"https:\/\/kaashandeldammers.nl\/wp-content\/uploads\/2026\/01\/1918322994.png","type":"image\/png"}],"twitter_card":"summary_large_image","schema":{"@context":"https:\/\/schema.org","@graph":[{"@type":"WebPage","@id":"https:\/\/kaashandeldammers.nl\/product\/rol-buisman-gezouten-roomboter\/","url":"https:\/\/kaashandeldammers.nl\/product\/rol-buisman-gezouten-roomboter\/","name":"Rol Buisman Gezouten Roomboter - Kaashandel Dammers","isPartOf":{"@id":"https:\/\/kaashandeldammers.nl\/#website"},"primaryImageOfPage":{"@id":"https:\/\/kaashandeldammers.nl\/product\/rol-buisman-gezouten-roomboter\/#primaryimage"},"image":{"@id":"https:\/\/kaashandeldammers.nl\/product\/rol-buisman-gezouten-roomboter\/#primaryimage"},"thumbnailUrl":"https:\/\/kaashandeldammers.nl\/wp-content\/uploads\/2026\/01\/1918322994.png","datePublished":"2026-01-21T15:57:32+00:00","dateModified":"2026-03-03T09:25:50+00:00","breadcrumb":{"@id":"https:\/\/kaashandeldammers.nl\/product\/rol-buisman-gezouten-roomboter\/#breadcrumb"},"inLanguage":"de","potentialAction":[{"@type":"ReadAction","target":["https:\/\/kaashandeldammers.nl\/product\/rol-buisman-gezouten-roomboter\/"]}]},{"@type":"ImageObject","inLanguage":"de","@id":"https:\/\/kaashandeldammers.nl\/product\/rol-buisman-gezouten-roomboter\/#primaryimage","url":"https:\/\/kaashandeldammers.nl\/wp-content\/uploads\/2026\/01\/1918322994.png","contentUrl":"https:\/\/kaashandeldammers.nl\/wp-content\/uploads\/2026\/01\/1918322994.png","width":381,"height":242},{"@type":"BreadcrumbList","@id":"https:\/\/kaashandeldammers.nl\/product\/rol-buisman-gezouten-roomboter\/#breadcrumb","itemListElement":[{"@type":"ListItem","position":1,"name":"Home","item":"https:\/\/kaashandeldammers.nl\/"},{"@type":"ListItem","position":2,"name":"Aanbod","item":"https:\/\/kaashandeldammers.nl\/aanbod\/"},{"@type":"ListItem","position":3,"name":"Rol Buisman Gezouten Roomboter"}]},{"@type":"WebSite","@id":"https:\/\/kaashandeldammers.nl\/#website","url":"https:\/\/kaashandeldammers.nl\/","name":"Dammers K\u00e4segesch\u00e4ft","description":"Handwerklich hergestellter K\u00e4se, frisch vom Messer","potentialAction":[{"@type":"SearchAction","target":{"@type":"EntryPoint","urlTemplate":"https:\/\/kaashandeldammers.nl\/?s={search_term_string}"},"query-input":{"@type":"PropertyValueSpecification","valueRequired":true,"valueName":"search_term_string"}}],"inLanguage":"de"}]}},"jetpack_sharing_enabled":true,"_links":{"self":[{"href":"https:\/\/kaashandeldammers.nl\/de\/wp-json\/wp\/v2\/product\/818","targetHints":{"allow":["GET"]}}],"collection":[{"href":"https:\/\/kaashandeldammers.nl\/de\/wp-json\/wp\/v2\/product"}],"about":[{"href":"https:\/\/kaashandeldammers.nl\/de\/wp-json\/wp\/v2\/types\/product"}],"wp:featuredmedia":[{"embeddable":true,"href":"https:\/\/kaashandeldammers.nl\/de\/wp-json\/wp\/v2\/media\/817"}],"wp:attachment":[{"href":"https:\/\/kaashandeldammers.nl\/de\/wp-json\/wp\/v2\/media?parent=818"}],"wp:term":[{"taxonomy":"product_brand","embeddable":true,"href":"https:\/\/kaashandeldammers.nl\/de\/wp-json\/wp\/v2\/product_brand?post=818"},{"taxonomy":"product_cat","embeddable":true,"href":"https:\/\/kaashandeldammers.nl\/de\/wp-json\/wp\/v2\/product_cat?post=818"},{"taxonomy":"product_tag","embeddable":true,"href":"https:\/\/kaashandeldammers.nl\/de\/wp-json\/wp\/v2\/product_tag?post=818"}],"curies":[{"name":"wp","href":"https:\/\/api.w.org\/{rel}","templated":true}]}}