{"id":808,"date":"2026-01-21T15:57:12","date_gmt":"2026-01-21T15:57:12","guid":{"rendered":"https:\/\/kaashandeldammers.nl\/product\/zoutloze-kaas\/"},"modified":"2026-01-21T16:36:58","modified_gmt":"2026-01-21T16:36:58","slug":"zoutloze-kaas","status":"publish","type":"product","link":"https:\/\/kaashandeldammers.nl\/de\/produkt\/zoutloze-kaas\/","title":{"rendered":"salzfreier K\u00e4se"},"content":{"rendered":"<h2>K\u00e4se mit reduziertem Natriumgehalt<\/h2>\n<p>K\u00e4se mit reduziertem Natriumgehalt wird auch als salzarmer oder salzfreier K\u00e4se bezeichnet. Wenn Sie sich salzarm ern\u00e4hren oder salzarme Produkte bevorzugen, ist dieser salzfreie K\u00e4se eine hervorragende Wahl f\u00fcr alle, die geschmackvollen K\u00e4se genie\u00dfen m\u00f6chten. Sie k\u00f6nnen diesen k\u00f6stlichen salzfreien K\u00e4se auf kaasonlinebestellen.nl kaufen.<\/p>\n<h3>salzfreier K\u00e4se<\/h3>\n<p>Bei salzfreiem K\u00e4se wird der Salzgehalt auf ein Minimum reduziert. Bei der Herstellung von salzarmem K\u00e4se wird w\u00e4hrend des P\u00f6kelns und Reifens weniger Salz hinzugef\u00fcgt. Dadurch ist der Geschmack von salzarmem K\u00e4se oft angenehm mild, w\u00e4hrend Textur und N\u00e4hrwert denen von herk\u00f6mmlichem K\u00e4se entsprechen. Allerdings ist salzarmer K\u00e4se oft weniger lange haltbar, da das hinzugef\u00fcgte Salz als Konservierungsmittel wirkt.<\/p>\n<p>Sie suchen K\u00e4se ohne Salz? M\u00f6chten Sie aber trotzdem k\u00f6stlichen, unverf\u00e4lschten K\u00e4se genie\u00dfen? Unser salzfreier K\u00e4se ist die L\u00f6sung. Dieser K\u00e4se reift acht Wochen lang schonend.<br \/>\nDieser salzfreie K\u00e4se enth\u00e4lt natriumarmes Di\u00e4tsalz. Sie ben\u00f6tigen keinen salzfreien K\u00e4se, sondern K\u00e4se mit weniger Salz? Dann schauen Sie sich unser Sortiment an.&nbsp;<a href=\"https:\/\/kaasonlinebestellen.nl\/35-eigen-merk\">Eigenmarke 35+<\/a>&nbsp;&nbsp;K\u00e4se<\/p>\n<p><strong>Bestelltipp:<\/strong>&nbsp;<em>Der ungesalzene K\u00e4se ist ein \u2018kleiner K\u00e4se\u2019 mit einem Gewicht von ca. 4,5 Kilo.,<\/em>&nbsp;Wenn Sie eine Portion pro 500 Gramm bestellen, bleibt Ihnen ein sch\u00f6nes, handliches St\u00fcck \u00fcbrig.<\/p>","protected":false},"excerpt":{"rendered":"<p>Deze zoutloze kaas bevat natriumarm dieetzout.<\/p>","protected":false},"featured_media":1231,"template":"","meta":[],"product_brand":[],"product_cat":[39],"product_tag":[],"class_list":{"0":"post-808","1":"product","2":"type-product","3":"status-publish","4":"has-post-thumbnail","6":"product_cat-natrium-arme-kaas","8":"first","9":"instock","10":"taxable","11":"shipping-taxable","12":"product-type-simple"},"yoast_head":"<!-- This site is optimized with the Yoast SEO plugin v27.3 - https:\/\/yoast.com\/product\/yoast-seo-wordpress\/ -->\n<title>Zoutloze kaas - Kaashandel Dammers<\/title>\n<meta name=\"robots\" content=\"index, follow, max-snippet:-1, max-image-preview:large, max-video-preview:-1\" \/>\n<link rel=\"canonical\" href=\"https:\/\/kaashandeldammers.nl\/de\/produkt\/zoutloze-kaas\/\" \/>\n<meta property=\"og:locale\" content=\"de_DE\" \/>\n<meta property=\"og:type\" content=\"article\" \/>\n<meta property=\"og:title\" content=\"Zoutloze kaas - Kaashandel Dammers\" \/>\n<meta property=\"og:description\" content=\"Deze zoutloze kaas bevat natriumarm dieetzout.\" \/>\n<meta property=\"og:url\" content=\"https:\/\/kaashandeldammers.nl\/de\/produkt\/zoutloze-kaas\/\" \/>\n<meta property=\"og:site_name\" content=\"Kaashandel Dammers\" \/>\n<meta property=\"article:modified_time\" content=\"2026-01-21T16:36:58+00:00\" \/>\n<meta property=\"og:image\" content=\"https:\/\/kaashandeldammers.nl\/wp-content\/uploads\/2026\/01\/2009834454.png\" \/>\n\t<meta property=\"og:image:width\" content=\"1080\" \/>\n\t<meta property=\"og:image:height\" content=\"1080\" \/>\n\t<meta property=\"og:image:type\" content=\"image\/png\" \/>\n<meta name=\"twitter:card\" content=\"summary_large_image\" \/>\n<meta name=\"twitter:label1\" content=\"Gesch\u00e4tzte Lesezeit\" \/>\n\t<meta name=\"twitter:data1\" content=\"1\u00a0Minute\" \/>\n<script type=\"application\/ld+json\" class=\"yoast-schema-graph\">{\"@context\":\"https:\\\/\\\/schema.org\",\"@graph\":[{\"@type\":\"WebPage\",\"@id\":\"https:\\\/\\\/kaashandeldammers.nl\\\/product\\\/zoutloze-kaas\\\/\",\"url\":\"https:\\\/\\\/kaashandeldammers.nl\\\/product\\\/zoutloze-kaas\\\/\",\"name\":\"Zoutloze kaas - Kaashandel Dammers\",\"isPartOf\":{\"@id\":\"https:\\\/\\\/kaashandeldammers.nl\\\/#website\"},\"primaryImageOfPage\":{\"@id\":\"https:\\\/\\\/kaashandeldammers.nl\\\/product\\\/zoutloze-kaas\\\/#primaryimage\"},\"image\":{\"@id\":\"https:\\\/\\\/kaashandeldammers.nl\\\/product\\\/zoutloze-kaas\\\/#primaryimage\"},\"thumbnailUrl\":\"https:\\\/\\\/kaashandeldammers.nl\\\/wp-content\\\/uploads\\\/2026\\\/01\\\/2009834454-1.png\",\"datePublished\":\"2026-01-21T15:57:12+00:00\",\"dateModified\":\"2026-01-21T16:36:58+00:00\",\"breadcrumb\":{\"@id\":\"https:\\\/\\\/kaashandeldammers.nl\\\/product\\\/zoutloze-kaas\\\/#breadcrumb\"},\"inLanguage\":\"de\",\"potentialAction\":[{\"@type\":\"ReadAction\",\"target\":[\"https:\\\/\\\/kaashandeldammers.nl\\\/product\\\/zoutloze-kaas\\\/\"]}]},{\"@type\":\"ImageObject\",\"inLanguage\":\"de\",\"@id\":\"https:\\\/\\\/kaashandeldammers.nl\\\/product\\\/zoutloze-kaas\\\/#primaryimage\",\"url\":\"https:\\\/\\\/kaashandeldammers.nl\\\/wp-content\\\/uploads\\\/2026\\\/01\\\/2009834454-1.png\",\"contentUrl\":\"https:\\\/\\\/kaashandeldammers.nl\\\/wp-content\\\/uploads\\\/2026\\\/01\\\/2009834454-1.png\",\"width\":1080,\"height\":1080},{\"@type\":\"BreadcrumbList\",\"@id\":\"https:\\\/\\\/kaashandeldammers.nl\\\/product\\\/zoutloze-kaas\\\/#breadcrumb\",\"itemListElement\":[{\"@type\":\"ListItem\",\"position\":1,\"name\":\"Home\",\"item\":\"https:\\\/\\\/kaashandeldammers.nl\\\/\"},{\"@type\":\"ListItem\",\"position\":2,\"name\":\"Aanbod\",\"item\":\"https:\\\/\\\/kaashandeldammers.nl\\\/aanbod\\\/\"},{\"@type\":\"ListItem\",\"position\":3,\"name\":\"Zoutloze kaas\"}]},{\"@type\":\"WebSite\",\"@id\":\"https:\\\/\\\/kaashandeldammers.nl\\\/#website\",\"url\":\"https:\\\/\\\/kaashandeldammers.nl\\\/\",\"name\":\"Kaashandel Dammers\",\"description\":\"Ambachtelijke kaas, vers van het mes\",\"potentialAction\":[{\"@type\":\"SearchAction\",\"target\":{\"@type\":\"EntryPoint\",\"urlTemplate\":\"https:\\\/\\\/kaashandeldammers.nl\\\/?s={search_term_string}\"},\"query-input\":{\"@type\":\"PropertyValueSpecification\",\"valueRequired\":true,\"valueName\":\"search_term_string\"}}],\"inLanguage\":\"de\"}]}<\/script>\n<!-- \/ Yoast SEO plugin. -->","yoast_head_json":{"title":"Zoutloze kaas - Kaashandel Dammers","robots":{"index":"index","follow":"follow","max-snippet":"max-snippet:-1","max-image-preview":"max-image-preview:large","max-video-preview":"max-video-preview:-1"},"canonical":"https:\/\/kaashandeldammers.nl\/de\/produkt\/zoutloze-kaas\/","og_locale":"de_DE","og_type":"article","og_title":"Zoutloze kaas - Kaashandel Dammers","og_description":"Deze zoutloze kaas bevat natriumarm dieetzout.","og_url":"https:\/\/kaashandeldammers.nl\/de\/produkt\/zoutloze-kaas\/","og_site_name":"Kaashandel Dammers","article_modified_time":"2026-01-21T16:36:58+00:00","og_image":[{"width":1080,"height":1080,"url":"https:\/\/kaashandeldammers.nl\/wp-content\/uploads\/2026\/01\/2009834454.png","type":"image\/png"}],"twitter_card":"summary_large_image","twitter_misc":{"Gesch\u00e4tzte Lesezeit":"1\u00a0Minute"},"schema":{"@context":"https:\/\/schema.org","@graph":[{"@type":"WebPage","@id":"https:\/\/kaashandeldammers.nl\/product\/zoutloze-kaas\/","url":"https:\/\/kaashandeldammers.nl\/product\/zoutloze-kaas\/","name":"Zoutloze kaas - Kaashandel Dammers","isPartOf":{"@id":"https:\/\/kaashandeldammers.nl\/#website"},"primaryImageOfPage":{"@id":"https:\/\/kaashandeldammers.nl\/product\/zoutloze-kaas\/#primaryimage"},"image":{"@id":"https:\/\/kaashandeldammers.nl\/product\/zoutloze-kaas\/#primaryimage"},"thumbnailUrl":"https:\/\/kaashandeldammers.nl\/wp-content\/uploads\/2026\/01\/2009834454-1.png","datePublished":"2026-01-21T15:57:12+00:00","dateModified":"2026-01-21T16:36:58+00:00","breadcrumb":{"@id":"https:\/\/kaashandeldammers.nl\/product\/zoutloze-kaas\/#breadcrumb"},"inLanguage":"de","potentialAction":[{"@type":"ReadAction","target":["https:\/\/kaashandeldammers.nl\/product\/zoutloze-kaas\/"]}]},{"@type":"ImageObject","inLanguage":"de","@id":"https:\/\/kaashandeldammers.nl\/product\/zoutloze-kaas\/#primaryimage","url":"https:\/\/kaashandeldammers.nl\/wp-content\/uploads\/2026\/01\/2009834454-1.png","contentUrl":"https:\/\/kaashandeldammers.nl\/wp-content\/uploads\/2026\/01\/2009834454-1.png","width":1080,"height":1080},{"@type":"BreadcrumbList","@id":"https:\/\/kaashandeldammers.nl\/product\/zoutloze-kaas\/#breadcrumb","itemListElement":[{"@type":"ListItem","position":1,"name":"Home","item":"https:\/\/kaashandeldammers.nl\/"},{"@type":"ListItem","position":2,"name":"Aanbod","item":"https:\/\/kaashandeldammers.nl\/aanbod\/"},{"@type":"ListItem","position":3,"name":"Zoutloze kaas"}]},{"@type":"WebSite","@id":"https:\/\/kaashandeldammers.nl\/#website","url":"https:\/\/kaashandeldammers.nl\/","name":"Dammers K\u00e4segesch\u00e4ft","description":"Handwerklich hergestellter K\u00e4se, frisch vom Messer","potentialAction":[{"@type":"SearchAction","target":{"@type":"EntryPoint","urlTemplate":"https:\/\/kaashandeldammers.nl\/?s={search_term_string}"},"query-input":{"@type":"PropertyValueSpecification","valueRequired":true,"valueName":"search_term_string"}}],"inLanguage":"de"}]}},"jetpack_sharing_enabled":true,"_links":{"self":[{"href":"https:\/\/kaashandeldammers.nl\/de\/wp-json\/wp\/v2\/product\/808","targetHints":{"allow":["GET"]}}],"collection":[{"href":"https:\/\/kaashandeldammers.nl\/de\/wp-json\/wp\/v2\/product"}],"about":[{"href":"https:\/\/kaashandeldammers.nl\/de\/wp-json\/wp\/v2\/types\/product"}],"wp:featuredmedia":[{"embeddable":true,"href":"https:\/\/kaashandeldammers.nl\/de\/wp-json\/wp\/v2\/media\/1231"}],"wp:attachment":[{"href":"https:\/\/kaashandeldammers.nl\/de\/wp-json\/wp\/v2\/media?parent=808"}],"wp:term":[{"taxonomy":"product_brand","embeddable":true,"href":"https:\/\/kaashandeldammers.nl\/de\/wp-json\/wp\/v2\/product_brand?post=808"},{"taxonomy":"product_cat","embeddable":true,"href":"https:\/\/kaashandeldammers.nl\/de\/wp-json\/wp\/v2\/product_cat?post=808"},{"taxonomy":"product_tag","embeddable":true,"href":"https:\/\/kaashandeldammers.nl\/de\/wp-json\/wp\/v2\/product_tag?post=808"}],"curies":[{"name":"wp","href":"https:\/\/api.w.org\/{rel}","templated":true}]}}