{"id":758,"date":"2026-01-21T15:37:24","date_gmt":"2026-01-21T15:37:24","guid":{"rendered":"https:\/\/kaashandeldammers.nl\/product\/weydeland-35-jong\/"},"modified":"2026-01-21T16:34:58","modified_gmt":"2026-01-21T16:34:58","slug":"weydeland-35-jong","status":"publish","type":"product","link":"https:\/\/kaashandeldammers.nl\/de\/produkt\/weydeland-35-jong\/","title":{"rendered":"Weydeland 35+ jung"},"content":{"rendered":"<p><strong>Weydeland K\u00e4se<\/strong><\/p>\n<section>\n<p>Weydeland ist ein Premiumk\u00e4se aus Nordholland. Er wird nach traditionellen Methoden und Rezepten von der K\u00e4serei CONO im Beemsterpolder (Nordholland) hergestellt und ist ausschlie\u00dflich bei spezialisierten K\u00e4sereien erh\u00e4ltlich. Weitere Informationen zu diesem k\u00f6stlichen Weydeland 35+ finden Sie hier:&nbsp;<a href=\"http:\/\/www.weydelandkaas.nl\/\">www.weydelandkaas.nl<\/a><\/p>\n<p>&nbsp;<\/p>\n<\/section>\n<h3><em>VERWANDT<\/em><\/h3>\n<p data-post-format=\"false\" data-post-id=\"122\">&nbsp;<\/p>","protected":false},"excerpt":{"rendered":"<p>Weydeland 35+ jung<\/p>\n<p>Weydeland 35+ Jong. Minder vet, maar w\u00e9l smaak! Deze kaas ligt circa 4 weken in het kaaspakhuis te rijpen, hierdoor ontstaat een zacht romige kaas met een frisse smaak.<\/p>","protected":false},"featured_media":1188,"template":"","meta":[],"product_brand":[],"product_cat":[27],"product_tag":[],"class_list":{"0":"post-758","1":"product","2":"type-product","3":"status-publish","4":"has-post-thumbnail","6":"product_cat-35-kaas-noord-hollandse","8":"first","9":"outofstock","10":"taxable","11":"shipping-taxable","12":"product-type-simple"},"yoast_head":"<!-- This site is optimized with the Yoast SEO plugin v27.3 - https:\/\/yoast.com\/product\/yoast-seo-wordpress\/ -->\n<title>Weydeland 35+ jong - Kaashandel Dammers<\/title>\n<meta name=\"robots\" content=\"index, follow, max-snippet:-1, max-image-preview:large, max-video-preview:-1\" \/>\n<link rel=\"canonical\" href=\"https:\/\/kaashandeldammers.nl\/de\/produkt\/weydeland-35-jong\/\" \/>\n<meta property=\"og:locale\" content=\"de_DE\" \/>\n<meta property=\"og:type\" content=\"article\" \/>\n<meta property=\"og:title\" content=\"Weydeland 35+ jong - Kaashandel Dammers\" \/>\n<meta property=\"og:description\" content=\"Weydeland 35+ jong Weydeland 35+ Jong. Minder vet, maar w\u00e9l smaak! Deze kaas ligt circa 4 weken in het kaaspakhuis te rijpen, hierdoor ontstaat een zacht romige kaas met een frisse smaak.\" \/>\n<meta property=\"og:url\" content=\"https:\/\/kaashandeldammers.nl\/de\/produkt\/weydeland-35-jong\/\" \/>\n<meta property=\"og:site_name\" content=\"Kaashandel Dammers\" \/>\n<meta property=\"article:modified_time\" content=\"2026-01-21T16:34:58+00:00\" \/>\n<meta property=\"og:image\" content=\"https:\/\/kaashandeldammers.nl\/wp-content\/uploads\/2026\/01\/1918322778.jpg\" \/>\n\t<meta property=\"og:image:width\" content=\"450\" \/>\n\t<meta property=\"og:image:height\" content=\"300\" \/>\n\t<meta property=\"og:image:type\" content=\"image\/jpeg\" \/>\n<meta name=\"twitter:card\" content=\"summary_large_image\" \/>\n<script type=\"application\/ld+json\" class=\"yoast-schema-graph\">{\"@context\":\"https:\\\/\\\/schema.org\",\"@graph\":[{\"@type\":\"WebPage\",\"@id\":\"https:\\\/\\\/kaashandeldammers.nl\\\/product\\\/weydeland-35-jong\\\/\",\"url\":\"https:\\\/\\\/kaashandeldammers.nl\\\/product\\\/weydeland-35-jong\\\/\",\"name\":\"Weydeland 35+ jong - Kaashandel Dammers\",\"isPartOf\":{\"@id\":\"https:\\\/\\\/kaashandeldammers.nl\\\/#website\"},\"primaryImageOfPage\":{\"@id\":\"https:\\\/\\\/kaashandeldammers.nl\\\/product\\\/weydeland-35-jong\\\/#primaryimage\"},\"image\":{\"@id\":\"https:\\\/\\\/kaashandeldammers.nl\\\/product\\\/weydeland-35-jong\\\/#primaryimage\"},\"thumbnailUrl\":\"https:\\\/\\\/kaashandeldammers.nl\\\/wp-content\\\/uploads\\\/2026\\\/01\\\/1918322778-1.jpg\",\"datePublished\":\"2026-01-21T15:37:24+00:00\",\"dateModified\":\"2026-01-21T16:34:58+00:00\",\"breadcrumb\":{\"@id\":\"https:\\\/\\\/kaashandeldammers.nl\\\/product\\\/weydeland-35-jong\\\/#breadcrumb\"},\"inLanguage\":\"de\",\"potentialAction\":[{\"@type\":\"ReadAction\",\"target\":[\"https:\\\/\\\/kaashandeldammers.nl\\\/product\\\/weydeland-35-jong\\\/\"]}]},{\"@type\":\"ImageObject\",\"inLanguage\":\"de\",\"@id\":\"https:\\\/\\\/kaashandeldammers.nl\\\/product\\\/weydeland-35-jong\\\/#primaryimage\",\"url\":\"https:\\\/\\\/kaashandeldammers.nl\\\/wp-content\\\/uploads\\\/2026\\\/01\\\/1918322778-1.jpg\",\"contentUrl\":\"https:\\\/\\\/kaashandeldammers.nl\\\/wp-content\\\/uploads\\\/2026\\\/01\\\/1918322778-1.jpg\",\"width\":450,\"height\":300},{\"@type\":\"BreadcrumbList\",\"@id\":\"https:\\\/\\\/kaashandeldammers.nl\\\/product\\\/weydeland-35-jong\\\/#breadcrumb\",\"itemListElement\":[{\"@type\":\"ListItem\",\"position\":1,\"name\":\"Home\",\"item\":\"https:\\\/\\\/kaashandeldammers.nl\\\/\"},{\"@type\":\"ListItem\",\"position\":2,\"name\":\"Aanbod\",\"item\":\"https:\\\/\\\/kaashandeldammers.nl\\\/aanbod\\\/\"},{\"@type\":\"ListItem\",\"position\":3,\"name\":\"Weydeland 35+ jong\"}]},{\"@type\":\"WebSite\",\"@id\":\"https:\\\/\\\/kaashandeldammers.nl\\\/#website\",\"url\":\"https:\\\/\\\/kaashandeldammers.nl\\\/\",\"name\":\"Kaashandel Dammers\",\"description\":\"Ambachtelijke kaas, vers van het mes\",\"potentialAction\":[{\"@type\":\"SearchAction\",\"target\":{\"@type\":\"EntryPoint\",\"urlTemplate\":\"https:\\\/\\\/kaashandeldammers.nl\\\/?s={search_term_string}\"},\"query-input\":{\"@type\":\"PropertyValueSpecification\",\"valueRequired\":true,\"valueName\":\"search_term_string\"}}],\"inLanguage\":\"de\"}]}<\/script>\n<!-- \/ Yoast SEO plugin. -->","yoast_head_json":{"title":"Weydeland 35+ jong - Kaashandel Dammers","robots":{"index":"index","follow":"follow","max-snippet":"max-snippet:-1","max-image-preview":"max-image-preview:large","max-video-preview":"max-video-preview:-1"},"canonical":"https:\/\/kaashandeldammers.nl\/de\/produkt\/weydeland-35-jong\/","og_locale":"de_DE","og_type":"article","og_title":"Weydeland 35+ jong - Kaashandel Dammers","og_description":"Weydeland 35+ jong Weydeland 35+ Jong. Minder vet, maar w\u00e9l smaak! Deze kaas ligt circa 4 weken in het kaaspakhuis te rijpen, hierdoor ontstaat een zacht romige kaas met een frisse smaak.","og_url":"https:\/\/kaashandeldammers.nl\/de\/produkt\/weydeland-35-jong\/","og_site_name":"Kaashandel Dammers","article_modified_time":"2026-01-21T16:34:58+00:00","og_image":[{"width":450,"height":300,"url":"https:\/\/kaashandeldammers.nl\/wp-content\/uploads\/2026\/01\/1918322778.jpg","type":"image\/jpeg"}],"twitter_card":"summary_large_image","schema":{"@context":"https:\/\/schema.org","@graph":[{"@type":"WebPage","@id":"https:\/\/kaashandeldammers.nl\/product\/weydeland-35-jong\/","url":"https:\/\/kaashandeldammers.nl\/product\/weydeland-35-jong\/","name":"Weydeland 35+ jong - Kaashandel Dammers","isPartOf":{"@id":"https:\/\/kaashandeldammers.nl\/#website"},"primaryImageOfPage":{"@id":"https:\/\/kaashandeldammers.nl\/product\/weydeland-35-jong\/#primaryimage"},"image":{"@id":"https:\/\/kaashandeldammers.nl\/product\/weydeland-35-jong\/#primaryimage"},"thumbnailUrl":"https:\/\/kaashandeldammers.nl\/wp-content\/uploads\/2026\/01\/1918322778-1.jpg","datePublished":"2026-01-21T15:37:24+00:00","dateModified":"2026-01-21T16:34:58+00:00","breadcrumb":{"@id":"https:\/\/kaashandeldammers.nl\/product\/weydeland-35-jong\/#breadcrumb"},"inLanguage":"de","potentialAction":[{"@type":"ReadAction","target":["https:\/\/kaashandeldammers.nl\/product\/weydeland-35-jong\/"]}]},{"@type":"ImageObject","inLanguage":"de","@id":"https:\/\/kaashandeldammers.nl\/product\/weydeland-35-jong\/#primaryimage","url":"https:\/\/kaashandeldammers.nl\/wp-content\/uploads\/2026\/01\/1918322778-1.jpg","contentUrl":"https:\/\/kaashandeldammers.nl\/wp-content\/uploads\/2026\/01\/1918322778-1.jpg","width":450,"height":300},{"@type":"BreadcrumbList","@id":"https:\/\/kaashandeldammers.nl\/product\/weydeland-35-jong\/#breadcrumb","itemListElement":[{"@type":"ListItem","position":1,"name":"Home","item":"https:\/\/kaashandeldammers.nl\/"},{"@type":"ListItem","position":2,"name":"Aanbod","item":"https:\/\/kaashandeldammers.nl\/aanbod\/"},{"@type":"ListItem","position":3,"name":"Weydeland 35+ jong"}]},{"@type":"WebSite","@id":"https:\/\/kaashandeldammers.nl\/#website","url":"https:\/\/kaashandeldammers.nl\/","name":"Dammers K\u00e4segesch\u00e4ft","description":"Handwerklich hergestellter K\u00e4se, frisch vom Messer","potentialAction":[{"@type":"SearchAction","target":{"@type":"EntryPoint","urlTemplate":"https:\/\/kaashandeldammers.nl\/?s={search_term_string}"},"query-input":{"@type":"PropertyValueSpecification","valueRequired":true,"valueName":"search_term_string"}}],"inLanguage":"de"}]}},"jetpack_sharing_enabled":true,"_links":{"self":[{"href":"https:\/\/kaashandeldammers.nl\/de\/wp-json\/wp\/v2\/product\/758","targetHints":{"allow":["GET"]}}],"collection":[{"href":"https:\/\/kaashandeldammers.nl\/de\/wp-json\/wp\/v2\/product"}],"about":[{"href":"https:\/\/kaashandeldammers.nl\/de\/wp-json\/wp\/v2\/types\/product"}],"wp:featuredmedia":[{"embeddable":true,"href":"https:\/\/kaashandeldammers.nl\/de\/wp-json\/wp\/v2\/media\/1188"}],"wp:attachment":[{"href":"https:\/\/kaashandeldammers.nl\/de\/wp-json\/wp\/v2\/media?parent=758"}],"wp:term":[{"taxonomy":"product_brand","embeddable":true,"href":"https:\/\/kaashandeldammers.nl\/de\/wp-json\/wp\/v2\/product_brand?post=758"},{"taxonomy":"product_cat","embeddable":true,"href":"https:\/\/kaashandeldammers.nl\/de\/wp-json\/wp\/v2\/product_cat?post=758"},{"taxonomy":"product_tag","embeddable":true,"href":"https:\/\/kaashandeldammers.nl\/de\/wp-json\/wp\/v2\/product_tag?post=758"}],"curies":[{"name":"wp","href":"https:\/\/api.w.org\/{rel}","templated":true}]}}