{"id":753,"date":"2026-01-21T15:37:19","date_gmt":"2026-01-21T15:37:19","guid":{"rendered":"https:\/\/kaashandeldammers.nl\/product\/biologische-kaas-jong-belegen-kinderdijk\/"},"modified":"2026-01-21T16:34:52","modified_gmt":"2026-01-21T16:34:52","slug":"biologische-kaas-jong-belegen-kinderdijk","status":"publish","type":"product","link":"https:\/\/kaashandeldammers.nl\/de\/produkt\/biologische-kaas-jong-belegen-kinderdijk\/","title":{"rendered":"Bio-K\u00e4se, jung gereift, Kinderdijk"},"content":{"rendered":"<p>Bio-K\u00e4se Kinderdijk.<\/p>\n<p>Alle K\u00fche erhalten ganzj\u00e4hrig Bio-Futter und werden weder mit vorbeugenden Medikamenten noch mit Antibiotika behandelt. Auf den Weiden, auf denen die K\u00fche so viel wie m\u00f6glich grasen, werden keine Kunstd\u00fcnger verwendet. Die Milch wird vor der K\u00e4seherstellung pasteurisiert, um bakterielle Probleme zu vermeiden. Da der K\u00e4se hier unter naturbelassensten Bedingungen hergestellt wird, hat er einen besonders reinen Geschmack. Kurz gesagt: Wenn Sie einen k\u00f6stlichen und preiswerten Bio-K\u00e4se suchen, ist Kinderdijk genau der richtige K\u00e4se f\u00fcr Sie!<\/p>\n<ul>\n<li>Auf den Weiden werden keine k\u00fcnstlichen D\u00fcngemittel oder Pestizide verwendet.<\/li>\n<li>Die K\u00fche laufen so oft wie m\u00f6glich drau\u00dfen auf den bl\u00fchenden Wiesen herum.<\/li>\n<li>Es wird ausschlie\u00dflich Bio-Heu von unseren eigenen Weiden oder von Bio-Kollegen verzehrt.<\/li>\n<li>Die Hennen fressen nur begrenzte Mengen an Kraftfutter, und wenn sie es fressen, sollte es ausschlie\u00dflich aus biologischem Anbau stammen.<\/li>\n<li>Die K\u00e4lber trinken Milch ohne k\u00fcnstliche Zusatzstoffe.<\/li>\n<li>Im Krankheitsfall werden Medikamente eingesetzt, vorbeugende Ma\u00dfnahmen wie Antibiotika werden jedoch stets vermieden.<\/li>\n<li>Im Falle einer Erkrankung, die den Einsatz von organischen Antibiotika erfordert, wird die Milch nicht zu K\u00e4se verarbeitet.<\/li>\n<li>Die gesamte Milch wird pasteurisiert, um bakterielle Probleme zu vermeiden.<\/li>\n<li>Zur Herstellung des K\u00e4ses wird sogenanntes mikrobielles pflanzliches Lab verwendet, was bedeutet, dass der K\u00e4se auch von Vegetariern verzehrt werden kann.<\/li>\n<li>Eine spezielle K\u00e4seh\u00fclle (die Rinde) ohne Farbstoffe l\u00e4sst diesen K\u00e4se blasser aussehen als einen normalen K\u00e4se.<\/li>\n<li>K\u00e4se ist&nbsp;<a href=\"https:\/\/www.skal.nl\/\">Skal<\/a>&nbsp;gepr\u00fcft und zertifiziert<\/li>\n<li>Ausgestattet mit der&nbsp;<a href=\"https:\/\/ec.europa.eu\/info\/food-farming-fisheries\/farming\/organic-farming\">EU-Bio-Siegel<\/a>&nbsp;und das EKO-Qualit\u00e4tszeichen<\/li>\n<\/ul>\n<p>Neugierig, woher dieser k\u00f6stliche K\u00e4se stammt? Schauen Sie sich das an&nbsp;<a href=\"http:\/\/www.biokaaskinderdijk.nl\/\">biokaaskinderdijk.nl<\/a><\/p>\n<p>Wenn Sie sich f\u00fcr Instabox entscheiden, wird Ihr K\u00e4se fossilfrei zu Ihnen nach Hause geliefert. Neugierig auf die Nachhaltigkeitsgeschichte dieses schnellen Lieferdienstes? Dann schauen Sie hier vorbei:&nbsp;<a href=\"https:\/\/instabox.nl\/duurzaamheid\">www.instabox.nl\/duurzaamheid<\/a><\/p>\n<p>&nbsp;<\/p>","protected":false},"excerpt":{"rendered":"<p>Een prachtige (h)eerlijke jong belegen kaas, gemaakt door de Kinderdijk kaasmakers op de volledige biologische boerderij in het prachtige Kinderdijk.<\/p>","protected":false},"featured_media":1185,"template":"","meta":[],"product_brand":[],"product_cat":[35],"product_tag":[],"class_list":{"0":"post-753","1":"product","2":"type-product","3":"status-publish","4":"has-post-thumbnail","6":"product_cat-biologische-kaas","8":"first","9":"instock","10":"taxable","11":"shipping-taxable","12":"product-type-simple"},"yoast_head":"<!-- This site is optimized with the Yoast SEO plugin v27.3 - https:\/\/yoast.com\/product\/yoast-seo-wordpress\/ -->\n<title>Biologische kaas jong belegen Kinderdijk - Kaashandel Dammers<\/title>\n<meta name=\"robots\" content=\"index, follow, max-snippet:-1, max-image-preview:large, max-video-preview:-1\" \/>\n<link rel=\"canonical\" href=\"https:\/\/kaashandeldammers.nl\/de\/produkt\/biologische-kaas-jong-belegen-kinderdijk\/\" \/>\n<meta property=\"og:locale\" content=\"de_DE\" \/>\n<meta property=\"og:type\" content=\"article\" \/>\n<meta property=\"og:title\" content=\"Biologische kaas jong belegen Kinderdijk - Kaashandel Dammers\" \/>\n<meta property=\"og:description\" content=\"Een prachtige (h)eerlijke jong belegen kaas, gemaakt door de Kinderdijk kaasmakers op de volledige biologische boerderij in het prachtige Kinderdijk.\" \/>\n<meta property=\"og:url\" content=\"https:\/\/kaashandeldammers.nl\/de\/produkt\/biologische-kaas-jong-belegen-kinderdijk\/\" \/>\n<meta property=\"og:site_name\" content=\"Kaashandel Dammers\" \/>\n<meta property=\"article:modified_time\" content=\"2026-01-21T16:34:52+00:00\" \/>\n<meta property=\"og:image\" content=\"https:\/\/kaashandeldammers.nl\/wp-content\/uploads\/2026\/01\/2033857734.png\" \/>\n\t<meta property=\"og:image:width\" content=\"1080\" \/>\n\t<meta property=\"og:image:height\" content=\"1080\" \/>\n\t<meta property=\"og:image:type\" content=\"image\/png\" \/>\n<meta name=\"twitter:card\" content=\"summary_large_image\" \/>\n<meta name=\"twitter:label1\" content=\"Gesch\u00e4tzte Lesezeit\" \/>\n\t<meta name=\"twitter:data1\" content=\"1\u00a0Minute\" \/>\n<script type=\"application\/ld+json\" class=\"yoast-schema-graph\">{\"@context\":\"https:\\\/\\\/schema.org\",\"@graph\":[{\"@type\":\"WebPage\",\"@id\":\"https:\\\/\\\/kaashandeldammers.nl\\\/product\\\/biologische-kaas-jong-belegen-kinderdijk\\\/\",\"url\":\"https:\\\/\\\/kaashandeldammers.nl\\\/product\\\/biologische-kaas-jong-belegen-kinderdijk\\\/\",\"name\":\"Biologische kaas jong belegen Kinderdijk - Kaashandel Dammers\",\"isPartOf\":{\"@id\":\"https:\\\/\\\/kaashandeldammers.nl\\\/#website\"},\"primaryImageOfPage\":{\"@id\":\"https:\\\/\\\/kaashandeldammers.nl\\\/product\\\/biologische-kaas-jong-belegen-kinderdijk\\\/#primaryimage\"},\"image\":{\"@id\":\"https:\\\/\\\/kaashandeldammers.nl\\\/product\\\/biologische-kaas-jong-belegen-kinderdijk\\\/#primaryimage\"},\"thumbnailUrl\":\"https:\\\/\\\/kaashandeldammers.nl\\\/wp-content\\\/uploads\\\/2026\\\/01\\\/2033857734-1.png\",\"datePublished\":\"2026-01-21T15:37:19+00:00\",\"dateModified\":\"2026-01-21T16:34:52+00:00\",\"breadcrumb\":{\"@id\":\"https:\\\/\\\/kaashandeldammers.nl\\\/product\\\/biologische-kaas-jong-belegen-kinderdijk\\\/#breadcrumb\"},\"inLanguage\":\"de\",\"potentialAction\":[{\"@type\":\"ReadAction\",\"target\":[\"https:\\\/\\\/kaashandeldammers.nl\\\/product\\\/biologische-kaas-jong-belegen-kinderdijk\\\/\"]}]},{\"@type\":\"ImageObject\",\"inLanguage\":\"de\",\"@id\":\"https:\\\/\\\/kaashandeldammers.nl\\\/product\\\/biologische-kaas-jong-belegen-kinderdijk\\\/#primaryimage\",\"url\":\"https:\\\/\\\/kaashandeldammers.nl\\\/wp-content\\\/uploads\\\/2026\\\/01\\\/2033857734-1.png\",\"contentUrl\":\"https:\\\/\\\/kaashandeldammers.nl\\\/wp-content\\\/uploads\\\/2026\\\/01\\\/2033857734-1.png\",\"width\":1080,\"height\":1080},{\"@type\":\"BreadcrumbList\",\"@id\":\"https:\\\/\\\/kaashandeldammers.nl\\\/product\\\/biologische-kaas-jong-belegen-kinderdijk\\\/#breadcrumb\",\"itemListElement\":[{\"@type\":\"ListItem\",\"position\":1,\"name\":\"Home\",\"item\":\"https:\\\/\\\/kaashandeldammers.nl\\\/\"},{\"@type\":\"ListItem\",\"position\":2,\"name\":\"Aanbod\",\"item\":\"https:\\\/\\\/kaashandeldammers.nl\\\/aanbod\\\/\"},{\"@type\":\"ListItem\",\"position\":3,\"name\":\"Biologische kaas jong belegen Kinderdijk\"}]},{\"@type\":\"WebSite\",\"@id\":\"https:\\\/\\\/kaashandeldammers.nl\\\/#website\",\"url\":\"https:\\\/\\\/kaashandeldammers.nl\\\/\",\"name\":\"Kaashandel Dammers\",\"description\":\"Ambachtelijke kaas, vers van het mes\",\"potentialAction\":[{\"@type\":\"SearchAction\",\"target\":{\"@type\":\"EntryPoint\",\"urlTemplate\":\"https:\\\/\\\/kaashandeldammers.nl\\\/?s={search_term_string}\"},\"query-input\":{\"@type\":\"PropertyValueSpecification\",\"valueRequired\":true,\"valueName\":\"search_term_string\"}}],\"inLanguage\":\"de\"}]}<\/script>\n<!-- \/ Yoast SEO plugin. -->","yoast_head_json":{"title":"Biologische kaas jong belegen Kinderdijk - Kaashandel Dammers","robots":{"index":"index","follow":"follow","max-snippet":"max-snippet:-1","max-image-preview":"max-image-preview:large","max-video-preview":"max-video-preview:-1"},"canonical":"https:\/\/kaashandeldammers.nl\/de\/produkt\/biologische-kaas-jong-belegen-kinderdijk\/","og_locale":"de_DE","og_type":"article","og_title":"Biologische kaas jong belegen Kinderdijk - Kaashandel Dammers","og_description":"Een prachtige (h)eerlijke jong belegen kaas, gemaakt door de Kinderdijk kaasmakers op de volledige biologische boerderij in het prachtige Kinderdijk.","og_url":"https:\/\/kaashandeldammers.nl\/de\/produkt\/biologische-kaas-jong-belegen-kinderdijk\/","og_site_name":"Kaashandel Dammers","article_modified_time":"2026-01-21T16:34:52+00:00","og_image":[{"width":1080,"height":1080,"url":"https:\/\/kaashandeldammers.nl\/wp-content\/uploads\/2026\/01\/2033857734.png","type":"image\/png"}],"twitter_card":"summary_large_image","twitter_misc":{"Gesch\u00e4tzte Lesezeit":"1\u00a0Minute"},"schema":{"@context":"https:\/\/schema.org","@graph":[{"@type":"WebPage","@id":"https:\/\/kaashandeldammers.nl\/product\/biologische-kaas-jong-belegen-kinderdijk\/","url":"https:\/\/kaashandeldammers.nl\/product\/biologische-kaas-jong-belegen-kinderdijk\/","name":"Biologische kaas jong belegen Kinderdijk - Kaashandel Dammers","isPartOf":{"@id":"https:\/\/kaashandeldammers.nl\/#website"},"primaryImageOfPage":{"@id":"https:\/\/kaashandeldammers.nl\/product\/biologische-kaas-jong-belegen-kinderdijk\/#primaryimage"},"image":{"@id":"https:\/\/kaashandeldammers.nl\/product\/biologische-kaas-jong-belegen-kinderdijk\/#primaryimage"},"thumbnailUrl":"https:\/\/kaashandeldammers.nl\/wp-content\/uploads\/2026\/01\/2033857734-1.png","datePublished":"2026-01-21T15:37:19+00:00","dateModified":"2026-01-21T16:34:52+00:00","breadcrumb":{"@id":"https:\/\/kaashandeldammers.nl\/product\/biologische-kaas-jong-belegen-kinderdijk\/#breadcrumb"},"inLanguage":"de","potentialAction":[{"@type":"ReadAction","target":["https:\/\/kaashandeldammers.nl\/product\/biologische-kaas-jong-belegen-kinderdijk\/"]}]},{"@type":"ImageObject","inLanguage":"de","@id":"https:\/\/kaashandeldammers.nl\/product\/biologische-kaas-jong-belegen-kinderdijk\/#primaryimage","url":"https:\/\/kaashandeldammers.nl\/wp-content\/uploads\/2026\/01\/2033857734-1.png","contentUrl":"https:\/\/kaashandeldammers.nl\/wp-content\/uploads\/2026\/01\/2033857734-1.png","width":1080,"height":1080},{"@type":"BreadcrumbList","@id":"https:\/\/kaashandeldammers.nl\/product\/biologische-kaas-jong-belegen-kinderdijk\/#breadcrumb","itemListElement":[{"@type":"ListItem","position":1,"name":"Home","item":"https:\/\/kaashandeldammers.nl\/"},{"@type":"ListItem","position":2,"name":"Aanbod","item":"https:\/\/kaashandeldammers.nl\/aanbod\/"},{"@type":"ListItem","position":3,"name":"Biologische kaas jong belegen Kinderdijk"}]},{"@type":"WebSite","@id":"https:\/\/kaashandeldammers.nl\/#website","url":"https:\/\/kaashandeldammers.nl\/","name":"Dammers K\u00e4segesch\u00e4ft","description":"Handwerklich hergestellter K\u00e4se, frisch vom Messer","potentialAction":[{"@type":"SearchAction","target":{"@type":"EntryPoint","urlTemplate":"https:\/\/kaashandeldammers.nl\/?s={search_term_string}"},"query-input":{"@type":"PropertyValueSpecification","valueRequired":true,"valueName":"search_term_string"}}],"inLanguage":"de"}]}},"jetpack_sharing_enabled":true,"_links":{"self":[{"href":"https:\/\/kaashandeldammers.nl\/de\/wp-json\/wp\/v2\/product\/753","targetHints":{"allow":["GET"]}}],"collection":[{"href":"https:\/\/kaashandeldammers.nl\/de\/wp-json\/wp\/v2\/product"}],"about":[{"href":"https:\/\/kaashandeldammers.nl\/de\/wp-json\/wp\/v2\/types\/product"}],"wp:featuredmedia":[{"embeddable":true,"href":"https:\/\/kaashandeldammers.nl\/de\/wp-json\/wp\/v2\/media\/1185"}],"wp:attachment":[{"href":"https:\/\/kaashandeldammers.nl\/de\/wp-json\/wp\/v2\/media?parent=753"}],"wp:term":[{"taxonomy":"product_brand","embeddable":true,"href":"https:\/\/kaashandeldammers.nl\/de\/wp-json\/wp\/v2\/product_brand?post=753"},{"taxonomy":"product_cat","embeddable":true,"href":"https:\/\/kaashandeldammers.nl\/de\/wp-json\/wp\/v2\/product_cat?post=753"},{"taxonomy":"product_tag","embeddable":true,"href":"https:\/\/kaashandeldammers.nl\/de\/wp-json\/wp\/v2\/product_tag?post=753"}],"curies":[{"name":"wp","href":"https:\/\/api.w.org\/{rel}","templated":true}]}}