{"id":749,"date":"2026-01-21T15:37:01","date_gmt":"2026-01-21T15:37:01","guid":{"rendered":"https:\/\/kaashandeldammers.nl\/product\/appenzeller-mildly-spicy\/"},"modified":"2026-01-21T16:34:31","modified_gmt":"2026-01-21T16:34:31","slug":"appenzeller-mildly-spicy","status":"publish","type":"product","link":"https:\/\/kaashandeldammers.nl\/de\/produkt\/appenzeller-mildly-spicy\/","title":{"rendered":"Appenzeller Mild scharf"},"content":{"rendered":"<p><strong>Appenzeller Mild scharf,<\/strong><\/p>\n<p>&nbsp;Die Basis f\u00fcr Appenzeller\u00ae bildet naturbelassene, vollmundige Rohmilch und eine dreimonatige Reifezeit. In Appenzell wird dieser w\u00fcrzige Schweizer K\u00e4se noch immer nach traditionellem Rezept hergestellt. Sein einzigartiger, w\u00fcrziger Geschmack stammt von der geheimnisvollen, kr\u00e4uterigen Lake, deren Zusammensetzung zu den bestgeh\u00fcteten Geheimnissen der Schweiz z\u00e4hlt.<\/p>\n<nav id=\"sidebar\">&nbsp;<\/nav>\n<article>\n<p>Appenzeller\u00ae z\u00e4hlt zu den bekanntesten Schweizer K\u00e4sespezialit\u00e4ten. Der w\u00fcrzigste K\u00e4se der Schweiz wird seit \u00fcber 700 Jahren nach alter Tradition hergestellt. Die sanften H\u00fcgel zwischen dem Bodensee und dem S\u00e4ntismassiv sind mit gesunden, n\u00e4hrstoffreichen Gr\u00e4sern und einer reichen Kr\u00e4utervielfalt bedeckt. Dies bildet die optimale Grundlage f\u00fcr die nat\u00fcrliche Rohmilch, aus der Appenzeller\u00ae hergestellt wird. Die traditionelle K\u00e4seherstellung wird im Appenzellerland sorgsam bewahrt und ist nach wie vor lebendig \u2013 genau wie Streichmusik, Talerschwingen und l\u00e4ndliche Malerei.<\/p>\n<p><strong>Die geheime Kr\u00e4utermischung<\/strong><br \/>\nDas streng abgegrenzte Herstellungsgebiet garantiert die Authentizit\u00e4t dieser geschmackvollen K\u00e4sespezialit\u00e4t: Appenzeller\u00ae darf nach traditionellem Rezept nur in den Kantonen Appenzell Innerrhoden und Appenzell Ausserrhoden sowie in bestimmten Teilen der Kantone St. Gallen und Thurgau hergestellt werden. Seinen einzigartigen, intensiven Geschmack verdankt der K\u00e4se der sorgf\u00e4ltigen, mindestens dreimonatigen Reifung mit \u2018Kr\u00e4utersulz\u2019, einer Kr\u00e4utermischung, deren Zusammensetzung streng geheim gehalten wird. Das Etikett auf der Unterseite jedes Laibs garantiert seine Premiumqualit\u00e4t.<\/p>\n<\/article>","protected":false},"excerpt":{"rendered":"<p>Appenzeller\u00ae kaas is \u00e9\u00e9n van de meest uitzonderlijke Zwitserse kaasspecialiteiten.<\/p>","protected":false},"featured_media":1177,"template":"","meta":[],"product_brand":[],"product_cat":[36],"product_tag":[],"class_list":{"0":"post-749","1":"product","2":"type-product","3":"status-publish","4":"has-post-thumbnail","6":"product_cat-buitenlandse-kaas","8":"first","9":"outofstock","10":"taxable","11":"shipping-taxable","12":"product-type-simple"},"yoast_head":"<!-- This site is optimized with the Yoast SEO plugin v27.3 - https:\/\/yoast.com\/product\/yoast-seo-wordpress\/ -->\n<title>Appenzeller Mildly spicy - Kaashandel Dammers<\/title>\n<meta name=\"robots\" content=\"index, follow, max-snippet:-1, max-image-preview:large, max-video-preview:-1\" \/>\n<link rel=\"canonical\" href=\"https:\/\/kaashandeldammers.nl\/de\/produkt\/appenzeller-mildly-spicy\/\" \/>\n<meta property=\"og:locale\" content=\"de_DE\" \/>\n<meta property=\"og:type\" content=\"article\" \/>\n<meta property=\"og:title\" content=\"Appenzeller Mildly spicy - Kaashandel Dammers\" \/>\n<meta property=\"og:description\" content=\"Appenzeller\u00ae kaas is \u00e9\u00e9n van de meest uitzonderlijke Zwitserse kaasspecialiteiten.\" \/>\n<meta property=\"og:url\" content=\"https:\/\/kaashandeldammers.nl\/de\/produkt\/appenzeller-mildly-spicy\/\" \/>\n<meta property=\"og:site_name\" content=\"Kaashandel Dammers\" \/>\n<meta property=\"article:modified_time\" content=\"2026-01-21T16:34:31+00:00\" \/>\n<meta property=\"og:image\" content=\"https:\/\/kaashandeldammers.nl\/wp-content\/uploads\/2026\/01\/1918322733.jpg\" \/>\n\t<meta property=\"og:image:width\" content=\"640\" \/>\n\t<meta property=\"og:image:height\" content=\"332\" \/>\n\t<meta property=\"og:image:type\" content=\"image\/jpeg\" \/>\n<meta name=\"twitter:card\" content=\"summary_large_image\" \/>\n<meta name=\"twitter:label1\" content=\"Gesch\u00e4tzte Lesezeit\" \/>\n\t<meta name=\"twitter:data1\" content=\"1\u00a0Minute\" \/>\n<script type=\"application\/ld+json\" class=\"yoast-schema-graph\">{\"@context\":\"https:\\\/\\\/schema.org\",\"@graph\":[{\"@type\":\"WebPage\",\"@id\":\"https:\\\/\\\/kaashandeldammers.nl\\\/product\\\/appenzeller-mildly-spicy\\\/\",\"url\":\"https:\\\/\\\/kaashandeldammers.nl\\\/product\\\/appenzeller-mildly-spicy\\\/\",\"name\":\"Appenzeller Mildly spicy - Kaashandel Dammers\",\"isPartOf\":{\"@id\":\"https:\\\/\\\/kaashandeldammers.nl\\\/#website\"},\"primaryImageOfPage\":{\"@id\":\"https:\\\/\\\/kaashandeldammers.nl\\\/product\\\/appenzeller-mildly-spicy\\\/#primaryimage\"},\"image\":{\"@id\":\"https:\\\/\\\/kaashandeldammers.nl\\\/product\\\/appenzeller-mildly-spicy\\\/#primaryimage\"},\"thumbnailUrl\":\"https:\\\/\\\/kaashandeldammers.nl\\\/wp-content\\\/uploads\\\/2026\\\/01\\\/1918322733-1.jpg\",\"datePublished\":\"2026-01-21T15:37:01+00:00\",\"dateModified\":\"2026-01-21T16:34:31+00:00\",\"breadcrumb\":{\"@id\":\"https:\\\/\\\/kaashandeldammers.nl\\\/product\\\/appenzeller-mildly-spicy\\\/#breadcrumb\"},\"inLanguage\":\"de\",\"potentialAction\":[{\"@type\":\"ReadAction\",\"target\":[\"https:\\\/\\\/kaashandeldammers.nl\\\/product\\\/appenzeller-mildly-spicy\\\/\"]}]},{\"@type\":\"ImageObject\",\"inLanguage\":\"de\",\"@id\":\"https:\\\/\\\/kaashandeldammers.nl\\\/product\\\/appenzeller-mildly-spicy\\\/#primaryimage\",\"url\":\"https:\\\/\\\/kaashandeldammers.nl\\\/wp-content\\\/uploads\\\/2026\\\/01\\\/1918322733-1.jpg\",\"contentUrl\":\"https:\\\/\\\/kaashandeldammers.nl\\\/wp-content\\\/uploads\\\/2026\\\/01\\\/1918322733-1.jpg\",\"width\":640,\"height\":332},{\"@type\":\"BreadcrumbList\",\"@id\":\"https:\\\/\\\/kaashandeldammers.nl\\\/product\\\/appenzeller-mildly-spicy\\\/#breadcrumb\",\"itemListElement\":[{\"@type\":\"ListItem\",\"position\":1,\"name\":\"Home\",\"item\":\"https:\\\/\\\/kaashandeldammers.nl\\\/\"},{\"@type\":\"ListItem\",\"position\":2,\"name\":\"Aanbod\",\"item\":\"https:\\\/\\\/kaashandeldammers.nl\\\/aanbod\\\/\"},{\"@type\":\"ListItem\",\"position\":3,\"name\":\"Appenzeller Mildly spicy\"}]},{\"@type\":\"WebSite\",\"@id\":\"https:\\\/\\\/kaashandeldammers.nl\\\/#website\",\"url\":\"https:\\\/\\\/kaashandeldammers.nl\\\/\",\"name\":\"Kaashandel Dammers\",\"description\":\"Ambachtelijke kaas, vers van het mes\",\"potentialAction\":[{\"@type\":\"SearchAction\",\"target\":{\"@type\":\"EntryPoint\",\"urlTemplate\":\"https:\\\/\\\/kaashandeldammers.nl\\\/?s={search_term_string}\"},\"query-input\":{\"@type\":\"PropertyValueSpecification\",\"valueRequired\":true,\"valueName\":\"search_term_string\"}}],\"inLanguage\":\"de\"}]}<\/script>\n<!-- \/ Yoast SEO plugin. -->","yoast_head_json":{"title":"Appenzeller Mildly spicy - Kaashandel Dammers","robots":{"index":"index","follow":"follow","max-snippet":"max-snippet:-1","max-image-preview":"max-image-preview:large","max-video-preview":"max-video-preview:-1"},"canonical":"https:\/\/kaashandeldammers.nl\/de\/produkt\/appenzeller-mildly-spicy\/","og_locale":"de_DE","og_type":"article","og_title":"Appenzeller Mildly spicy - Kaashandel Dammers","og_description":"Appenzeller\u00ae kaas is \u00e9\u00e9n van de meest uitzonderlijke Zwitserse kaasspecialiteiten.","og_url":"https:\/\/kaashandeldammers.nl\/de\/produkt\/appenzeller-mildly-spicy\/","og_site_name":"Kaashandel Dammers","article_modified_time":"2026-01-21T16:34:31+00:00","og_image":[{"width":640,"height":332,"url":"https:\/\/kaashandeldammers.nl\/wp-content\/uploads\/2026\/01\/1918322733.jpg","type":"image\/jpeg"}],"twitter_card":"summary_large_image","twitter_misc":{"Gesch\u00e4tzte Lesezeit":"1\u00a0Minute"},"schema":{"@context":"https:\/\/schema.org","@graph":[{"@type":"WebPage","@id":"https:\/\/kaashandeldammers.nl\/product\/appenzeller-mildly-spicy\/","url":"https:\/\/kaashandeldammers.nl\/product\/appenzeller-mildly-spicy\/","name":"Appenzeller Mildly spicy - Kaashandel Dammers","isPartOf":{"@id":"https:\/\/kaashandeldammers.nl\/#website"},"primaryImageOfPage":{"@id":"https:\/\/kaashandeldammers.nl\/product\/appenzeller-mildly-spicy\/#primaryimage"},"image":{"@id":"https:\/\/kaashandeldammers.nl\/product\/appenzeller-mildly-spicy\/#primaryimage"},"thumbnailUrl":"https:\/\/kaashandeldammers.nl\/wp-content\/uploads\/2026\/01\/1918322733-1.jpg","datePublished":"2026-01-21T15:37:01+00:00","dateModified":"2026-01-21T16:34:31+00:00","breadcrumb":{"@id":"https:\/\/kaashandeldammers.nl\/product\/appenzeller-mildly-spicy\/#breadcrumb"},"inLanguage":"de","potentialAction":[{"@type":"ReadAction","target":["https:\/\/kaashandeldammers.nl\/product\/appenzeller-mildly-spicy\/"]}]},{"@type":"ImageObject","inLanguage":"de","@id":"https:\/\/kaashandeldammers.nl\/product\/appenzeller-mildly-spicy\/#primaryimage","url":"https:\/\/kaashandeldammers.nl\/wp-content\/uploads\/2026\/01\/1918322733-1.jpg","contentUrl":"https:\/\/kaashandeldammers.nl\/wp-content\/uploads\/2026\/01\/1918322733-1.jpg","width":640,"height":332},{"@type":"BreadcrumbList","@id":"https:\/\/kaashandeldammers.nl\/product\/appenzeller-mildly-spicy\/#breadcrumb","itemListElement":[{"@type":"ListItem","position":1,"name":"Home","item":"https:\/\/kaashandeldammers.nl\/"},{"@type":"ListItem","position":2,"name":"Aanbod","item":"https:\/\/kaashandeldammers.nl\/aanbod\/"},{"@type":"ListItem","position":3,"name":"Appenzeller Mildly spicy"}]},{"@type":"WebSite","@id":"https:\/\/kaashandeldammers.nl\/#website","url":"https:\/\/kaashandeldammers.nl\/","name":"Dammers K\u00e4segesch\u00e4ft","description":"Handwerklich hergestellter K\u00e4se, frisch vom Messer","potentialAction":[{"@type":"SearchAction","target":{"@type":"EntryPoint","urlTemplate":"https:\/\/kaashandeldammers.nl\/?s={search_term_string}"},"query-input":{"@type":"PropertyValueSpecification","valueRequired":true,"valueName":"search_term_string"}}],"inLanguage":"de"}]}},"jetpack_sharing_enabled":true,"_links":{"self":[{"href":"https:\/\/kaashandeldammers.nl\/de\/wp-json\/wp\/v2\/product\/749","targetHints":{"allow":["GET"]}}],"collection":[{"href":"https:\/\/kaashandeldammers.nl\/de\/wp-json\/wp\/v2\/product"}],"about":[{"href":"https:\/\/kaashandeldammers.nl\/de\/wp-json\/wp\/v2\/types\/product"}],"wp:featuredmedia":[{"embeddable":true,"href":"https:\/\/kaashandeldammers.nl\/de\/wp-json\/wp\/v2\/media\/1177"}],"wp:attachment":[{"href":"https:\/\/kaashandeldammers.nl\/de\/wp-json\/wp\/v2\/media?parent=749"}],"wp:term":[{"taxonomy":"product_brand","embeddable":true,"href":"https:\/\/kaashandeldammers.nl\/de\/wp-json\/wp\/v2\/product_brand?post=749"},{"taxonomy":"product_cat","embeddable":true,"href":"https:\/\/kaashandeldammers.nl\/de\/wp-json\/wp\/v2\/product_cat?post=749"},{"taxonomy":"product_tag","embeddable":true,"href":"https:\/\/kaashandeldammers.nl\/de\/wp-json\/wp\/v2\/product_tag?post=749"}],"curies":[{"name":"wp","href":"https:\/\/api.w.org\/{rel}","templated":true}]}}