{"id":744,"date":"2026-01-21T15:36:49","date_gmt":"2026-01-21T15:36:49","guid":{"rendered":"https:\/\/kaashandeldammers.nl\/product\/bleu-de-graven-nederlandse-blauwschimmel-300-gram\/"},"modified":"2026-01-21T16:34:27","modified_gmt":"2026-01-21T16:34:27","slug":"bleu-de-graven-nederlandse-blauwschimmel-300-gram","status":"publish","type":"product","link":"https:\/\/kaashandeldammers.nl\/de\/produkt\/bleu-de-graven-nederlandse-blauwschimmel-300-gram\/","title":{"rendered":"Bleu de Graves holl\u00e4ndischer Blauschimmelk\u00e4se (300 Gramm)"},"content":{"rendered":"<p>Der Bleu de Graven hat einen wunderbar cremigen Geschmack, und der Blauschimmelk\u00e4se ist deutlich wahrnehmbar, aber definitiv<br \/>\nNicht zu aufdringlich im Geschmack. K\u00f6stlich auf einer Scheibe Baguette oder zu einem guten Glas Wein.<br \/>\nBleu de Graven eignet sich auch sehr gut f\u00fcr die Zubereitung von warmen Gerichten wie Lasagne oder K\u00e4sefondue.<\/p>\n<p>Dieser K\u00e4se wird in 300-Gramm-Packungen abgepackt.<\/p>","protected":false},"excerpt":{"rendered":"<p>Bleu de Graven Nederlandse blauwschimmel roomkaas.<\/p>","protected":false},"featured_media":1174,"template":"","meta":[],"product_brand":[],"product_cat":[29],"product_tag":[],"class_list":{"0":"post-744","1":"product","2":"type-product","3":"status-publish","4":"has-post-thumbnail","6":"product_cat-speciale-smaken","8":"first","9":"instock","10":"taxable","11":"shipping-taxable","12":"product-type-simple"},"yoast_head":"<!-- This site is optimized with the Yoast SEO plugin v27.3 - https:\/\/yoast.com\/product\/yoast-seo-wordpress\/ -->\n<title>Bleu de graven Nederlandse blauwschimmel (300 gram) - Kaashandel Dammers<\/title>\n<meta name=\"robots\" content=\"index, follow, max-snippet:-1, max-image-preview:large, max-video-preview:-1\" \/>\n<link rel=\"canonical\" href=\"https:\/\/kaashandeldammers.nl\/de\/produkt\/bleu-de-graven-nederlandse-blauwschimmel-300-gram\/\" \/>\n<meta property=\"og:locale\" content=\"de_DE\" \/>\n<meta property=\"og:type\" content=\"article\" \/>\n<meta property=\"og:title\" content=\"Bleu de graven Nederlandse blauwschimmel (300 gram) - Kaashandel Dammers\" \/>\n<meta property=\"og:description\" content=\"Bleu de Graven Nederlandse blauwschimmel roomkaas.\" \/>\n<meta property=\"og:url\" content=\"https:\/\/kaashandeldammers.nl\/de\/produkt\/bleu-de-graven-nederlandse-blauwschimmel-300-gram\/\" \/>\n<meta property=\"og:site_name\" content=\"Kaashandel Dammers\" \/>\n<meta property=\"article:modified_time\" content=\"2026-01-21T16:34:27+00:00\" \/>\n<meta name=\"twitter:card\" content=\"summary_large_image\" \/>\n<script type=\"application\/ld+json\" class=\"yoast-schema-graph\">{\"@context\":\"https:\\\/\\\/schema.org\",\"@graph\":[{\"@type\":\"WebPage\",\"@id\":\"https:\\\/\\\/kaashandeldammers.nl\\\/product\\\/bleu-de-graven-nederlandse-blauwschimmel-300-gram\\\/\",\"url\":\"https:\\\/\\\/kaashandeldammers.nl\\\/product\\\/bleu-de-graven-nederlandse-blauwschimmel-300-gram\\\/\",\"name\":\"Bleu de graven Nederlandse blauwschimmel (300 gram) - Kaashandel Dammers\",\"isPartOf\":{\"@id\":\"https:\\\/\\\/kaashandeldammers.nl\\\/#website\"},\"primaryImageOfPage\":{\"@id\":\"https:\\\/\\\/kaashandeldammers.nl\\\/product\\\/bleu-de-graven-nederlandse-blauwschimmel-300-gram\\\/#primaryimage\"},\"image\":{\"@id\":\"https:\\\/\\\/kaashandeldammers.nl\\\/product\\\/bleu-de-graven-nederlandse-blauwschimmel-300-gram\\\/#primaryimage\"},\"thumbnailUrl\":\"https:\\\/\\\/kaashandeldammers.nl\\\/wp-content\\\/uploads\\\/2026\\\/01\\\/2033857443-1.png\",\"datePublished\":\"2026-01-21T15:36:49+00:00\",\"dateModified\":\"2026-01-21T16:34:27+00:00\",\"breadcrumb\":{\"@id\":\"https:\\\/\\\/kaashandeldammers.nl\\\/product\\\/bleu-de-graven-nederlandse-blauwschimmel-300-gram\\\/#breadcrumb\"},\"inLanguage\":\"de\",\"potentialAction\":[{\"@type\":\"ReadAction\",\"target\":[\"https:\\\/\\\/kaashandeldammers.nl\\\/product\\\/bleu-de-graven-nederlandse-blauwschimmel-300-gram\\\/\"]}]},{\"@type\":\"ImageObject\",\"inLanguage\":\"de\",\"@id\":\"https:\\\/\\\/kaashandeldammers.nl\\\/product\\\/bleu-de-graven-nederlandse-blauwschimmel-300-gram\\\/#primaryimage\",\"url\":\"https:\\\/\\\/kaashandeldammers.nl\\\/wp-content\\\/uploads\\\/2026\\\/01\\\/2033857443-1.png\",\"contentUrl\":\"https:\\\/\\\/kaashandeldammers.nl\\\/wp-content\\\/uploads\\\/2026\\\/01\\\/2033857443-1.png\",\"width\":1080,\"height\":1080},{\"@type\":\"BreadcrumbList\",\"@id\":\"https:\\\/\\\/kaashandeldammers.nl\\\/product\\\/bleu-de-graven-nederlandse-blauwschimmel-300-gram\\\/#breadcrumb\",\"itemListElement\":[{\"@type\":\"ListItem\",\"position\":1,\"name\":\"Home\",\"item\":\"https:\\\/\\\/kaashandeldammers.nl\\\/\"},{\"@type\":\"ListItem\",\"position\":2,\"name\":\"Aanbod\",\"item\":\"https:\\\/\\\/kaashandeldammers.nl\\\/aanbod\\\/\"},{\"@type\":\"ListItem\",\"position\":3,\"name\":\"Bleu de graven Nederlandse blauwschimmel (300 gram)\"}]},{\"@type\":\"WebSite\",\"@id\":\"https:\\\/\\\/kaashandeldammers.nl\\\/#website\",\"url\":\"https:\\\/\\\/kaashandeldammers.nl\\\/\",\"name\":\"Kaashandel Dammers\",\"description\":\"Ambachtelijke kaas, vers van het mes\",\"potentialAction\":[{\"@type\":\"SearchAction\",\"target\":{\"@type\":\"EntryPoint\",\"urlTemplate\":\"https:\\\/\\\/kaashandeldammers.nl\\\/?s={search_term_string}\"},\"query-input\":{\"@type\":\"PropertyValueSpecification\",\"valueRequired\":true,\"valueName\":\"search_term_string\"}}],\"inLanguage\":\"de\"}]}<\/script>\n<!-- \/ Yoast SEO plugin. -->","yoast_head_json":{"title":"Bleu de graven Nederlandse blauwschimmel (300 gram) - Kaashandel Dammers","robots":{"index":"index","follow":"follow","max-snippet":"max-snippet:-1","max-image-preview":"max-image-preview:large","max-video-preview":"max-video-preview:-1"},"canonical":"https:\/\/kaashandeldammers.nl\/de\/produkt\/bleu-de-graven-nederlandse-blauwschimmel-300-gram\/","og_locale":"de_DE","og_type":"article","og_title":"Bleu de graven Nederlandse blauwschimmel (300 gram) - Kaashandel Dammers","og_description":"Bleu de Graven Nederlandse blauwschimmel roomkaas.","og_url":"https:\/\/kaashandeldammers.nl\/de\/produkt\/bleu-de-graven-nederlandse-blauwschimmel-300-gram\/","og_site_name":"Kaashandel Dammers","article_modified_time":"2026-01-21T16:34:27+00:00","twitter_card":"summary_large_image","schema":{"@context":"https:\/\/schema.org","@graph":[{"@type":"WebPage","@id":"https:\/\/kaashandeldammers.nl\/product\/bleu-de-graven-nederlandse-blauwschimmel-300-gram\/","url":"https:\/\/kaashandeldammers.nl\/product\/bleu-de-graven-nederlandse-blauwschimmel-300-gram\/","name":"Bleu de graven Nederlandse blauwschimmel (300 gram) - Kaashandel Dammers","isPartOf":{"@id":"https:\/\/kaashandeldammers.nl\/#website"},"primaryImageOfPage":{"@id":"https:\/\/kaashandeldammers.nl\/product\/bleu-de-graven-nederlandse-blauwschimmel-300-gram\/#primaryimage"},"image":{"@id":"https:\/\/kaashandeldammers.nl\/product\/bleu-de-graven-nederlandse-blauwschimmel-300-gram\/#primaryimage"},"thumbnailUrl":"https:\/\/kaashandeldammers.nl\/wp-content\/uploads\/2026\/01\/2033857443-1.png","datePublished":"2026-01-21T15:36:49+00:00","dateModified":"2026-01-21T16:34:27+00:00","breadcrumb":{"@id":"https:\/\/kaashandeldammers.nl\/product\/bleu-de-graven-nederlandse-blauwschimmel-300-gram\/#breadcrumb"},"inLanguage":"de","potentialAction":[{"@type":"ReadAction","target":["https:\/\/kaashandeldammers.nl\/product\/bleu-de-graven-nederlandse-blauwschimmel-300-gram\/"]}]},{"@type":"ImageObject","inLanguage":"de","@id":"https:\/\/kaashandeldammers.nl\/product\/bleu-de-graven-nederlandse-blauwschimmel-300-gram\/#primaryimage","url":"https:\/\/kaashandeldammers.nl\/wp-content\/uploads\/2026\/01\/2033857443-1.png","contentUrl":"https:\/\/kaashandeldammers.nl\/wp-content\/uploads\/2026\/01\/2033857443-1.png","width":1080,"height":1080},{"@type":"BreadcrumbList","@id":"https:\/\/kaashandeldammers.nl\/product\/bleu-de-graven-nederlandse-blauwschimmel-300-gram\/#breadcrumb","itemListElement":[{"@type":"ListItem","position":1,"name":"Home","item":"https:\/\/kaashandeldammers.nl\/"},{"@type":"ListItem","position":2,"name":"Aanbod","item":"https:\/\/kaashandeldammers.nl\/aanbod\/"},{"@type":"ListItem","position":3,"name":"Bleu de graven Nederlandse blauwschimmel (300 gram)"}]},{"@type":"WebSite","@id":"https:\/\/kaashandeldammers.nl\/#website","url":"https:\/\/kaashandeldammers.nl\/","name":"Dammers K\u00e4segesch\u00e4ft","description":"Handwerklich hergestellter K\u00e4se, frisch vom Messer","potentialAction":[{"@type":"SearchAction","target":{"@type":"EntryPoint","urlTemplate":"https:\/\/kaashandeldammers.nl\/?s={search_term_string}"},"query-input":{"@type":"PropertyValueSpecification","valueRequired":true,"valueName":"search_term_string"}}],"inLanguage":"de"}]}},"jetpack_sharing_enabled":true,"_links":{"self":[{"href":"https:\/\/kaashandeldammers.nl\/de\/wp-json\/wp\/v2\/product\/744","targetHints":{"allow":["GET"]}}],"collection":[{"href":"https:\/\/kaashandeldammers.nl\/de\/wp-json\/wp\/v2\/product"}],"about":[{"href":"https:\/\/kaashandeldammers.nl\/de\/wp-json\/wp\/v2\/types\/product"}],"wp:featuredmedia":[{"embeddable":true,"href":"https:\/\/kaashandeldammers.nl\/de\/wp-json\/wp\/v2\/media\/1174"}],"wp:attachment":[{"href":"https:\/\/kaashandeldammers.nl\/de\/wp-json\/wp\/v2\/media?parent=744"}],"wp:term":[{"taxonomy":"product_brand","embeddable":true,"href":"https:\/\/kaashandeldammers.nl\/de\/wp-json\/wp\/v2\/product_brand?post=744"},{"taxonomy":"product_cat","embeddable":true,"href":"https:\/\/kaashandeldammers.nl\/de\/wp-json\/wp\/v2\/product_cat?post=744"},{"taxonomy":"product_tag","embeddable":true,"href":"https:\/\/kaashandeldammers.nl\/de\/wp-json\/wp\/v2\/product_tag?post=744"}],"curies":[{"name":"wp","href":"https:\/\/api.w.org\/{rel}","templated":true}]}}