{"id":738,"date":"2026-01-21T15:36:26","date_gmt":"2026-01-21T15:36:26","guid":{"rendered":"https:\/\/kaashandeldammers.nl\/product\/sambal-kaas\/"},"modified":"2026-01-21T15:36:26","modified_gmt":"2026-01-21T15:36:26","slug":"sambal-kaas","status":"publish","type":"product","link":"https:\/\/kaashandeldammers.nl\/de\/produkt\/sambal-kaas\/","title":{"rendered":"Sambal-K\u00e4se"},"content":{"rendered":"<p>Lust auf einen \u00fcberraschenden K\u00e4se? Dann probieren Sie doch mal einen guten Sambal-K\u00e4se! Ein w\u00fcrziger, aromatischer K\u00e4se. Laut den K\u00e4seexperten von kaasonlinebestellen.nl ist er ein absolutes Muss! K\u00e4se mit Sambal ist eine \u00fcberraschend leckere Kombination. Dieser K\u00e4se wird \u2013 Sie werden es nie erraten \u2013 mit Sambal verfeinert, was ihm seinen charakteristischen, w\u00fcrzigen Geschmack verleiht. Das Ergebnis ist ein unwiderstehlicher K\u00e4se mit einer k\u00f6stlichen Balance zwischen dem cremigen Geschmack und der Textur des K\u00e4ses und der Sch\u00e4rfe des Sambals.<br \/>\n&nbsp;<\/p>\n<h2>W\u00fcrziger K\u00e4se mit kr\u00e4ftigem Charakter<\/h2>\n<p>Suchen Sie einen weichen, cremigen K\u00e4se mit dem gewissen Etwas? Dann sollten Sie unbedingt Sambal-K\u00e4se probieren! Dieser junge, gereifte Bauernk\u00e4se wird aus roher, unbehandelter Milch hergestellt und verfeinert mit Chili und einem Hauch Tomate. Er hat sich zu einem der beliebtesten K\u00e4se f\u00fcr Getr\u00e4nke entwickelt. Besonders wenn Sie einen w\u00fcrzigen K\u00e4se mit einem ausgepr\u00e4gten Charakter suchen, ist er die perfekte Wahl!<br \/>\n&nbsp;<\/p>\n<h2>Wann isst du Sambal-K\u00e4se?<\/h2>\n<p>Sambal-K\u00e4se ist ein absoluter Hit auf jeder Vorspeisenplatte. Aber man kann ihn auch auf viele andere Arten genie\u00dfen. Er schmeckt hervorragend als Beilage, auf Crackern oder sogar auf Toast. Auch auf Sandwiches ist er eine tolle Erg\u00e4nzung, wenn man mal etwas anderes probieren m\u00f6chte. Sein w\u00fcrziger Geschmack macht ihn au\u00dferdem zu einer exzellenten Begleitung f\u00fcr asiatische oder mexikanische Gerichte. Sind Sie ein K\u00e4seliebhaber und m\u00f6gen es gerne scharf? Dann m\u00fcssen Sie Sambal-K\u00e4se unbedingt probieren!.<br \/>\n&nbsp;<\/p>\n<h2>Kaufen Sie Sambal-K\u00e4se bei Kaasonlinebestellen.nl<\/h2>\n<p>Sambal-K\u00e4se ist in unserem Webshop in 300-Gramm-, 500-Gramm-, 750-Gramm- oder 1-Kilo-Packungen erh\u00e4ltlich. Beim Kauf von vier 1-Kilo-Packungen erhalten Sie au\u00dferdem den Rabattcode 10%. Bestellen Sie noch heute und Ihre Lieferung erfolgt innerhalb von zwei Werktagen!&nbsp;<\/p>\n<p>\nDu liebst Geschmacksverst\u00e4rker? Dann probiere unsere farbenfrohen&nbsp;<a>Pesto-K\u00e4se<\/a>.<\/p>","protected":false},"excerpt":{"rendered":"<p>Sambal-K\u00e4se, ein w\u00fcrziger K\u00e4se mit starkem Charakter.<\/p>","protected":false},"featured_media":736,"template":"","meta":[],"product_brand":[],"product_cat":[22],"product_tag":[],"class_list":{"0":"post-738","1":"product","2":"type-product","3":"status-publish","4":"has-post-thumbnail","6":"product_cat-geen-categorie","8":"first","9":"instock","10":"taxable","11":"shipping-taxable","12":"product-type-simple"},"yoast_head":"<!-- This site is optimized with the Yoast SEO plugin v27.3 - https:\/\/yoast.com\/product\/yoast-seo-wordpress\/ -->\n<title>Sambal kaas - Kaashandel Dammers<\/title>\n<meta name=\"robots\" content=\"index, follow, max-snippet:-1, max-image-preview:large, max-video-preview:-1\" \/>\n<link rel=\"canonical\" href=\"https:\/\/kaashandeldammers.nl\/de\/produkt\/sambal-kaas\/\" \/>\n<meta property=\"og:locale\" content=\"de_DE\" \/>\n<meta property=\"og:type\" content=\"article\" \/>\n<meta property=\"og:title\" content=\"Sambal kaas - Kaashandel Dammers\" \/>\n<meta property=\"og:description\" content=\"Sambal kaas, pittige kaas met een fel karakter.\" \/>\n<meta property=\"og:url\" content=\"https:\/\/kaashandeldammers.nl\/de\/produkt\/sambal-kaas\/\" \/>\n<meta property=\"og:site_name\" content=\"Kaashandel Dammers\" \/>\n<meta name=\"twitter:card\" content=\"summary_large_image\" \/>\n<meta name=\"twitter:label1\" content=\"Gesch\u00e4tzte Lesezeit\" \/>\n\t<meta name=\"twitter:data1\" content=\"2\u00a0Minuten\" \/>\n<script type=\"application\/ld+json\" class=\"yoast-schema-graph\">{\"@context\":\"https:\\\/\\\/schema.org\",\"@graph\":[{\"@type\":\"WebPage\",\"@id\":\"https:\\\/\\\/kaashandeldammers.nl\\\/product\\\/sambal-kaas\\\/\",\"url\":\"https:\\\/\\\/kaashandeldammers.nl\\\/product\\\/sambal-kaas\\\/\",\"name\":\"Sambal kaas - Kaashandel Dammers\",\"isPartOf\":{\"@id\":\"https:\\\/\\\/kaashandeldammers.nl\\\/#website\"},\"primaryImageOfPage\":{\"@id\":\"https:\\\/\\\/kaashandeldammers.nl\\\/product\\\/sambal-kaas\\\/#primaryimage\"},\"image\":{\"@id\":\"https:\\\/\\\/kaashandeldammers.nl\\\/product\\\/sambal-kaas\\\/#primaryimage\"},\"thumbnailUrl\":\"https:\\\/\\\/kaashandeldammers.nl\\\/wp-content\\\/uploads\\\/2026\\\/01\\\/2009349087.png\",\"datePublished\":\"2026-01-21T15:36:26+00:00\",\"breadcrumb\":{\"@id\":\"https:\\\/\\\/kaashandeldammers.nl\\\/product\\\/sambal-kaas\\\/#breadcrumb\"},\"inLanguage\":\"de\",\"potentialAction\":[{\"@type\":\"ReadAction\",\"target\":[\"https:\\\/\\\/kaashandeldammers.nl\\\/product\\\/sambal-kaas\\\/\"]}]},{\"@type\":\"ImageObject\",\"inLanguage\":\"de\",\"@id\":\"https:\\\/\\\/kaashandeldammers.nl\\\/product\\\/sambal-kaas\\\/#primaryimage\",\"url\":\"https:\\\/\\\/kaashandeldammers.nl\\\/wp-content\\\/uploads\\\/2026\\\/01\\\/2009349087.png\",\"contentUrl\":\"https:\\\/\\\/kaashandeldammers.nl\\\/wp-content\\\/uploads\\\/2026\\\/01\\\/2009349087.png\",\"width\":1080,\"height\":1080},{\"@type\":\"BreadcrumbList\",\"@id\":\"https:\\\/\\\/kaashandeldammers.nl\\\/product\\\/sambal-kaas\\\/#breadcrumb\",\"itemListElement\":[{\"@type\":\"ListItem\",\"position\":1,\"name\":\"Home\",\"item\":\"https:\\\/\\\/kaashandeldammers.nl\\\/\"},{\"@type\":\"ListItem\",\"position\":2,\"name\":\"Aanbod\",\"item\":\"https:\\\/\\\/kaashandeldammers.nl\\\/aanbod\\\/\"},{\"@type\":\"ListItem\",\"position\":3,\"name\":\"Sambal kaas\"}]},{\"@type\":\"WebSite\",\"@id\":\"https:\\\/\\\/kaashandeldammers.nl\\\/#website\",\"url\":\"https:\\\/\\\/kaashandeldammers.nl\\\/\",\"name\":\"Kaashandel Dammers\",\"description\":\"Ambachtelijke kaas, vers van het mes\",\"potentialAction\":[{\"@type\":\"SearchAction\",\"target\":{\"@type\":\"EntryPoint\",\"urlTemplate\":\"https:\\\/\\\/kaashandeldammers.nl\\\/?s={search_term_string}\"},\"query-input\":{\"@type\":\"PropertyValueSpecification\",\"valueRequired\":true,\"valueName\":\"search_term_string\"}}],\"inLanguage\":\"de\"}]}<\/script>\n<!-- \/ Yoast SEO plugin. -->","yoast_head_json":{"title":"Sambal kaas - Kaashandel Dammers","robots":{"index":"index","follow":"follow","max-snippet":"max-snippet:-1","max-image-preview":"max-image-preview:large","max-video-preview":"max-video-preview:-1"},"canonical":"https:\/\/kaashandeldammers.nl\/de\/produkt\/sambal-kaas\/","og_locale":"de_DE","og_type":"article","og_title":"Sambal kaas - Kaashandel Dammers","og_description":"Sambal kaas, pittige kaas met een fel karakter.","og_url":"https:\/\/kaashandeldammers.nl\/de\/produkt\/sambal-kaas\/","og_site_name":"Kaashandel Dammers","twitter_card":"summary_large_image","twitter_misc":{"Gesch\u00e4tzte Lesezeit":"2\u00a0Minuten"},"schema":{"@context":"https:\/\/schema.org","@graph":[{"@type":"WebPage","@id":"https:\/\/kaashandeldammers.nl\/product\/sambal-kaas\/","url":"https:\/\/kaashandeldammers.nl\/product\/sambal-kaas\/","name":"Sambal kaas - Kaashandel Dammers","isPartOf":{"@id":"https:\/\/kaashandeldammers.nl\/#website"},"primaryImageOfPage":{"@id":"https:\/\/kaashandeldammers.nl\/product\/sambal-kaas\/#primaryimage"},"image":{"@id":"https:\/\/kaashandeldammers.nl\/product\/sambal-kaas\/#primaryimage"},"thumbnailUrl":"https:\/\/kaashandeldammers.nl\/wp-content\/uploads\/2026\/01\/2009349087.png","datePublished":"2026-01-21T15:36:26+00:00","breadcrumb":{"@id":"https:\/\/kaashandeldammers.nl\/product\/sambal-kaas\/#breadcrumb"},"inLanguage":"de","potentialAction":[{"@type":"ReadAction","target":["https:\/\/kaashandeldammers.nl\/product\/sambal-kaas\/"]}]},{"@type":"ImageObject","inLanguage":"de","@id":"https:\/\/kaashandeldammers.nl\/product\/sambal-kaas\/#primaryimage","url":"https:\/\/kaashandeldammers.nl\/wp-content\/uploads\/2026\/01\/2009349087.png","contentUrl":"https:\/\/kaashandeldammers.nl\/wp-content\/uploads\/2026\/01\/2009349087.png","width":1080,"height":1080},{"@type":"BreadcrumbList","@id":"https:\/\/kaashandeldammers.nl\/product\/sambal-kaas\/#breadcrumb","itemListElement":[{"@type":"ListItem","position":1,"name":"Home","item":"https:\/\/kaashandeldammers.nl\/"},{"@type":"ListItem","position":2,"name":"Aanbod","item":"https:\/\/kaashandeldammers.nl\/aanbod\/"},{"@type":"ListItem","position":3,"name":"Sambal kaas"}]},{"@type":"WebSite","@id":"https:\/\/kaashandeldammers.nl\/#website","url":"https:\/\/kaashandeldammers.nl\/","name":"Dammers K\u00e4segesch\u00e4ft","description":"Handwerklich hergestellter K\u00e4se, frisch vom Messer","potentialAction":[{"@type":"SearchAction","target":{"@type":"EntryPoint","urlTemplate":"https:\/\/kaashandeldammers.nl\/?s={search_term_string}"},"query-input":{"@type":"PropertyValueSpecification","valueRequired":true,"valueName":"search_term_string"}}],"inLanguage":"de"}]}},"jetpack_sharing_enabled":true,"_links":{"self":[{"href":"https:\/\/kaashandeldammers.nl\/de\/wp-json\/wp\/v2\/product\/738","targetHints":{"allow":["GET"]}}],"collection":[{"href":"https:\/\/kaashandeldammers.nl\/de\/wp-json\/wp\/v2\/product"}],"about":[{"href":"https:\/\/kaashandeldammers.nl\/de\/wp-json\/wp\/v2\/types\/product"}],"wp:featuredmedia":[{"embeddable":true,"href":"https:\/\/kaashandeldammers.nl\/de\/wp-json\/wp\/v2\/media\/736"}],"wp:attachment":[{"href":"https:\/\/kaashandeldammers.nl\/de\/wp-json\/wp\/v2\/media?parent=738"}],"wp:term":[{"taxonomy":"product_brand","embeddable":true,"href":"https:\/\/kaashandeldammers.nl\/de\/wp-json\/wp\/v2\/product_brand?post=738"},{"taxonomy":"product_cat","embeddable":true,"href":"https:\/\/kaashandeldammers.nl\/de\/wp-json\/wp\/v2\/product_cat?post=738"},{"taxonomy":"product_tag","embeddable":true,"href":"https:\/\/kaashandeldammers.nl\/de\/wp-json\/wp\/v2\/product_tag?post=738"}],"curies":[{"name":"wp","href":"https:\/\/api.w.org\/{rel}","templated":true}]}}