{"id":735,"date":"2026-01-21T15:36:11","date_gmt":"2026-01-21T15:36:11","guid":{"rendered":"https:\/\/kaashandeldammers.nl\/product\/schapenkaas-zacht-belegen\/"},"modified":"2026-01-21T15:36:11","modified_gmt":"2026-01-21T15:36:11","slug":"schapenkaas-zacht-belegen","status":"publish","type":"product","link":"https:\/\/kaashandeldammers.nl\/de\/produkt\/schapenkaas-zacht-belegen\/","title":{"rendered":"Weichgereifter Schafsk\u00e4se"},"content":{"rendered":"<p><strong>Weichk\u00e4se aus Schafsmilch, gereift,<\/strong><\/p>\n<p>Junger, gereifter Schafsk\u00e4se hat einen milden, cremigen Geschmack und hat schon viele mit seinem vollen, reichhaltigen Aroma \u00fcberrascht. Mit zunehmender Reife entwickelt er einen unverwechselbaren Schafsgeschmack. Liebhaber charaktervoller K\u00e4sesorten werden diesen Geschmack sicherlich zu sch\u00e4tzen wissen.<br \/>\nSchafsk\u00e4se ist, wie Ziegenk\u00e4se, ein idealer K\u00e4se f\u00fcr Menschen mit Kuhmilchallergie.<br \/>\nEs enth\u00e4lt au\u00dferdem viel mehr Vitamin A, B und C als Kuh- und Ziegenk\u00e4se.,<\/p>","protected":false},"excerpt":{"rendered":"<p>Jong belegen schapenkaas is mild en romig van smaak.<\/p>","protected":false},"featured_media":733,"template":"","meta":[],"product_brand":[],"product_cat":[22],"product_tag":[],"class_list":{"0":"post-735","1":"product","2":"type-product","3":"status-publish","4":"has-post-thumbnail","6":"product_cat-geen-categorie","8":"first","9":"instock","10":"taxable","11":"shipping-taxable","12":"product-type-simple"},"yoast_head":"<!-- This site is optimized with the Yoast SEO plugin v27.3 - https:\/\/yoast.com\/product\/yoast-seo-wordpress\/ -->\n<title>Schapenkaas zacht belegen - Kaashandel Dammers<\/title>\n<meta name=\"robots\" content=\"index, follow, max-snippet:-1, max-image-preview:large, max-video-preview:-1\" \/>\n<link rel=\"canonical\" href=\"https:\/\/kaashandeldammers.nl\/de\/produkt\/schapenkaas-zacht-belegen\/\" \/>\n<meta property=\"og:locale\" content=\"de_DE\" \/>\n<meta property=\"og:type\" content=\"article\" \/>\n<meta property=\"og:title\" content=\"Schapenkaas zacht belegen - Kaashandel Dammers\" \/>\n<meta property=\"og:description\" content=\"Jong belegen schapenkaas is mild en romig van smaak.\" \/>\n<meta property=\"og:url\" content=\"https:\/\/kaashandeldammers.nl\/de\/produkt\/schapenkaas-zacht-belegen\/\" \/>\n<meta property=\"og:site_name\" content=\"Kaashandel Dammers\" \/>\n<meta name=\"twitter:card\" content=\"summary_large_image\" \/>\n<script type=\"application\/ld+json\" class=\"yoast-schema-graph\">{\"@context\":\"https:\\\/\\\/schema.org\",\"@graph\":[{\"@type\":\"WebPage\",\"@id\":\"https:\\\/\\\/kaashandeldammers.nl\\\/product\\\/schapenkaas-zacht-belegen\\\/\",\"url\":\"https:\\\/\\\/kaashandeldammers.nl\\\/product\\\/schapenkaas-zacht-belegen\\\/\",\"name\":\"Schapenkaas zacht belegen - Kaashandel Dammers\",\"isPartOf\":{\"@id\":\"https:\\\/\\\/kaashandeldammers.nl\\\/#website\"},\"primaryImageOfPage\":{\"@id\":\"https:\\\/\\\/kaashandeldammers.nl\\\/product\\\/schapenkaas-zacht-belegen\\\/#primaryimage\"},\"image\":{\"@id\":\"https:\\\/\\\/kaashandeldammers.nl\\\/product\\\/schapenkaas-zacht-belegen\\\/#primaryimage\"},\"thumbnailUrl\":\"https:\\\/\\\/kaashandeldammers.nl\\\/wp-content\\\/uploads\\\/2026\\\/01\\\/2010564666.png\",\"datePublished\":\"2026-01-21T15:36:11+00:00\",\"breadcrumb\":{\"@id\":\"https:\\\/\\\/kaashandeldammers.nl\\\/product\\\/schapenkaas-zacht-belegen\\\/#breadcrumb\"},\"inLanguage\":\"de\",\"potentialAction\":[{\"@type\":\"ReadAction\",\"target\":[\"https:\\\/\\\/kaashandeldammers.nl\\\/product\\\/schapenkaas-zacht-belegen\\\/\"]}]},{\"@type\":\"ImageObject\",\"inLanguage\":\"de\",\"@id\":\"https:\\\/\\\/kaashandeldammers.nl\\\/product\\\/schapenkaas-zacht-belegen\\\/#primaryimage\",\"url\":\"https:\\\/\\\/kaashandeldammers.nl\\\/wp-content\\\/uploads\\\/2026\\\/01\\\/2010564666.png\",\"contentUrl\":\"https:\\\/\\\/kaashandeldammers.nl\\\/wp-content\\\/uploads\\\/2026\\\/01\\\/2010564666.png\",\"width\":1080,\"height\":1080},{\"@type\":\"BreadcrumbList\",\"@id\":\"https:\\\/\\\/kaashandeldammers.nl\\\/product\\\/schapenkaas-zacht-belegen\\\/#breadcrumb\",\"itemListElement\":[{\"@type\":\"ListItem\",\"position\":1,\"name\":\"Home\",\"item\":\"https:\\\/\\\/kaashandeldammers.nl\\\/\"},{\"@type\":\"ListItem\",\"position\":2,\"name\":\"Aanbod\",\"item\":\"https:\\\/\\\/kaashandeldammers.nl\\\/aanbod\\\/\"},{\"@type\":\"ListItem\",\"position\":3,\"name\":\"Schapenkaas zacht belegen\"}]},{\"@type\":\"WebSite\",\"@id\":\"https:\\\/\\\/kaashandeldammers.nl\\\/#website\",\"url\":\"https:\\\/\\\/kaashandeldammers.nl\\\/\",\"name\":\"Kaashandel Dammers\",\"description\":\"Ambachtelijke kaas, vers van het mes\",\"potentialAction\":[{\"@type\":\"SearchAction\",\"target\":{\"@type\":\"EntryPoint\",\"urlTemplate\":\"https:\\\/\\\/kaashandeldammers.nl\\\/?s={search_term_string}\"},\"query-input\":{\"@type\":\"PropertyValueSpecification\",\"valueRequired\":true,\"valueName\":\"search_term_string\"}}],\"inLanguage\":\"de\"}]}<\/script>\n<!-- \/ Yoast SEO plugin. -->","yoast_head_json":{"title":"Schapenkaas zacht belegen - Kaashandel Dammers","robots":{"index":"index","follow":"follow","max-snippet":"max-snippet:-1","max-image-preview":"max-image-preview:large","max-video-preview":"max-video-preview:-1"},"canonical":"https:\/\/kaashandeldammers.nl\/de\/produkt\/schapenkaas-zacht-belegen\/","og_locale":"de_DE","og_type":"article","og_title":"Schapenkaas zacht belegen - Kaashandel Dammers","og_description":"Jong belegen schapenkaas is mild en romig van smaak.","og_url":"https:\/\/kaashandeldammers.nl\/de\/produkt\/schapenkaas-zacht-belegen\/","og_site_name":"Kaashandel Dammers","twitter_card":"summary_large_image","schema":{"@context":"https:\/\/schema.org","@graph":[{"@type":"WebPage","@id":"https:\/\/kaashandeldammers.nl\/product\/schapenkaas-zacht-belegen\/","url":"https:\/\/kaashandeldammers.nl\/product\/schapenkaas-zacht-belegen\/","name":"Schapenkaas zacht belegen - Kaashandel Dammers","isPartOf":{"@id":"https:\/\/kaashandeldammers.nl\/#website"},"primaryImageOfPage":{"@id":"https:\/\/kaashandeldammers.nl\/product\/schapenkaas-zacht-belegen\/#primaryimage"},"image":{"@id":"https:\/\/kaashandeldammers.nl\/product\/schapenkaas-zacht-belegen\/#primaryimage"},"thumbnailUrl":"https:\/\/kaashandeldammers.nl\/wp-content\/uploads\/2026\/01\/2010564666.png","datePublished":"2026-01-21T15:36:11+00:00","breadcrumb":{"@id":"https:\/\/kaashandeldammers.nl\/product\/schapenkaas-zacht-belegen\/#breadcrumb"},"inLanguage":"de","potentialAction":[{"@type":"ReadAction","target":["https:\/\/kaashandeldammers.nl\/product\/schapenkaas-zacht-belegen\/"]}]},{"@type":"ImageObject","inLanguage":"de","@id":"https:\/\/kaashandeldammers.nl\/product\/schapenkaas-zacht-belegen\/#primaryimage","url":"https:\/\/kaashandeldammers.nl\/wp-content\/uploads\/2026\/01\/2010564666.png","contentUrl":"https:\/\/kaashandeldammers.nl\/wp-content\/uploads\/2026\/01\/2010564666.png","width":1080,"height":1080},{"@type":"BreadcrumbList","@id":"https:\/\/kaashandeldammers.nl\/product\/schapenkaas-zacht-belegen\/#breadcrumb","itemListElement":[{"@type":"ListItem","position":1,"name":"Home","item":"https:\/\/kaashandeldammers.nl\/"},{"@type":"ListItem","position":2,"name":"Aanbod","item":"https:\/\/kaashandeldammers.nl\/aanbod\/"},{"@type":"ListItem","position":3,"name":"Schapenkaas zacht belegen"}]},{"@type":"WebSite","@id":"https:\/\/kaashandeldammers.nl\/#website","url":"https:\/\/kaashandeldammers.nl\/","name":"Dammers K\u00e4segesch\u00e4ft","description":"Handwerklich hergestellter K\u00e4se, frisch vom Messer","potentialAction":[{"@type":"SearchAction","target":{"@type":"EntryPoint","urlTemplate":"https:\/\/kaashandeldammers.nl\/?s={search_term_string}"},"query-input":{"@type":"PropertyValueSpecification","valueRequired":true,"valueName":"search_term_string"}}],"inLanguage":"de"}]}},"jetpack_sharing_enabled":true,"_links":{"self":[{"href":"https:\/\/kaashandeldammers.nl\/de\/wp-json\/wp\/v2\/product\/735","targetHints":{"allow":["GET"]}}],"collection":[{"href":"https:\/\/kaashandeldammers.nl\/de\/wp-json\/wp\/v2\/product"}],"about":[{"href":"https:\/\/kaashandeldammers.nl\/de\/wp-json\/wp\/v2\/types\/product"}],"wp:featuredmedia":[{"embeddable":true,"href":"https:\/\/kaashandeldammers.nl\/de\/wp-json\/wp\/v2\/media\/733"}],"wp:attachment":[{"href":"https:\/\/kaashandeldammers.nl\/de\/wp-json\/wp\/v2\/media?parent=735"}],"wp:term":[{"taxonomy":"product_brand","embeddable":true,"href":"https:\/\/kaashandeldammers.nl\/de\/wp-json\/wp\/v2\/product_brand?post=735"},{"taxonomy":"product_cat","embeddable":true,"href":"https:\/\/kaashandeldammers.nl\/de\/wp-json\/wp\/v2\/product_cat?post=735"},{"taxonomy":"product_tag","embeddable":true,"href":"https:\/\/kaashandeldammers.nl\/de\/wp-json\/wp\/v2\/product_tag?post=735"}],"curies":[{"name":"wp","href":"https:\/\/api.w.org\/{rel}","templated":true}]}}