{"id":728,"date":"2026-01-21T15:35:40","date_gmt":"2026-01-21T15:35:40","guid":{"rendered":"https:\/\/kaashandeldammers.nl\/product\/geitenkaas-belegen\/"},"modified":"2026-01-21T15:35:40","modified_gmt":"2026-01-21T15:35:40","slug":"geitenkaas-belegen","status":"publish","type":"product","link":"https:\/\/kaashandeldammers.nl\/de\/produkt\/geitenkaas-belegen\/","title":{"rendered":"Reifer Ziegenk\u00e4se"},"content":{"rendered":"<p><strong>Reifer Ziegenk\u00e4se,<\/strong><\/p>\n<p>Ziegenk\u00e4se ist wei\u00dfer als K\u00e4se aus Kuhmilch. Das liegt daran, dass Ziegen das gesamte Carotin (enth\u00e4lt den orangen Farbstoff) aus ihrem Futter in ihrem Verdauungstrakt in Vitamin A umwandeln. Ziegenmilch enth\u00e4lt weniger Laktose als Kuhmilch, daher k\u00f6nnen Menschen mit Laktoseintoleranz oft Ziegenmilchprodukte konsumieren. Die Fetts\u00e4uremolek\u00fcle (rote Blutk\u00f6rperchen) in Ziegenmilch sind kleiner als die in Kuhmilch, wodurch Ziegenk\u00e4se leichter verdaulich und somit besser f\u00fcr S\u00e4uglinge und Menschen mit Verdauungsbeschwerden geeignet ist.<\/p>","protected":false},"excerpt":{"rendered":"<p>Heerlijke belegen geitenkaas, deze kaas heeft 4 maanden in ons pakhuis liggen rijpen. In die tijd heeft deze\u00a0kaas een heerlijke smaakvolle romig iets wat pittige smaak ontwikkeld.<\/p>","protected":false},"featured_media":725,"template":"","meta":[],"product_brand":[],"product_cat":[22],"product_tag":[],"class_list":{"0":"post-728","1":"product","2":"type-product","3":"status-publish","4":"has-post-thumbnail","6":"product_cat-geen-categorie","8":"first","9":"instock","10":"taxable","11":"shipping-taxable","12":"product-type-simple"},"yoast_head":"<!-- This site is optimized with the Yoast SEO plugin v27.3 - https:\/\/yoast.com\/product\/yoast-seo-wordpress\/ -->\n<title>Geitenkaas belegen - Kaashandel Dammers<\/title>\n<meta name=\"robots\" content=\"index, follow, max-snippet:-1, max-image-preview:large, max-video-preview:-1\" \/>\n<link rel=\"canonical\" href=\"https:\/\/kaashandeldammers.nl\/de\/produkt\/geitenkaas-belegen\/\" \/>\n<meta property=\"og:locale\" content=\"de_DE\" \/>\n<meta property=\"og:type\" content=\"article\" \/>\n<meta property=\"og:title\" content=\"Geitenkaas belegen - Kaashandel Dammers\" \/>\n<meta property=\"og:description\" content=\"Heerlijke belegen geitenkaas, deze kaas heeft 4 maanden in ons pakhuis liggen rijpen. In die tijd heeft deze\u00a0kaas een heerlijke smaakvolle romig iets wat pittige smaak ontwikkeld.\" \/>\n<meta property=\"og:url\" content=\"https:\/\/kaashandeldammers.nl\/de\/produkt\/geitenkaas-belegen\/\" \/>\n<meta property=\"og:site_name\" content=\"Kaashandel Dammers\" \/>\n<meta name=\"twitter:card\" content=\"summary_large_image\" \/>\n<script type=\"application\/ld+json\" class=\"yoast-schema-graph\">{\"@context\":\"https:\\\/\\\/schema.org\",\"@graph\":[{\"@type\":\"WebPage\",\"@id\":\"https:\\\/\\\/kaashandeldammers.nl\\\/product\\\/geitenkaas-belegen\\\/\",\"url\":\"https:\\\/\\\/kaashandeldammers.nl\\\/product\\\/geitenkaas-belegen\\\/\",\"name\":\"Geitenkaas belegen - Kaashandel Dammers\",\"isPartOf\":{\"@id\":\"https:\\\/\\\/kaashandeldammers.nl\\\/#website\"},\"primaryImageOfPage\":{\"@id\":\"https:\\\/\\\/kaashandeldammers.nl\\\/product\\\/geitenkaas-belegen\\\/#primaryimage\"},\"image\":{\"@id\":\"https:\\\/\\\/kaashandeldammers.nl\\\/product\\\/geitenkaas-belegen\\\/#primaryimage\"},\"thumbnailUrl\":\"https:\\\/\\\/kaashandeldammers.nl\\\/wp-content\\\/uploads\\\/2026\\\/01\\\/2010563712.png\",\"datePublished\":\"2026-01-21T15:35:40+00:00\",\"breadcrumb\":{\"@id\":\"https:\\\/\\\/kaashandeldammers.nl\\\/product\\\/geitenkaas-belegen\\\/#breadcrumb\"},\"inLanguage\":\"de\",\"potentialAction\":[{\"@type\":\"ReadAction\",\"target\":[\"https:\\\/\\\/kaashandeldammers.nl\\\/product\\\/geitenkaas-belegen\\\/\"]}]},{\"@type\":\"ImageObject\",\"inLanguage\":\"de\",\"@id\":\"https:\\\/\\\/kaashandeldammers.nl\\\/product\\\/geitenkaas-belegen\\\/#primaryimage\",\"url\":\"https:\\\/\\\/kaashandeldammers.nl\\\/wp-content\\\/uploads\\\/2026\\\/01\\\/2010563712.png\",\"contentUrl\":\"https:\\\/\\\/kaashandeldammers.nl\\\/wp-content\\\/uploads\\\/2026\\\/01\\\/2010563712.png\",\"width\":1080,\"height\":1080},{\"@type\":\"BreadcrumbList\",\"@id\":\"https:\\\/\\\/kaashandeldammers.nl\\\/product\\\/geitenkaas-belegen\\\/#breadcrumb\",\"itemListElement\":[{\"@type\":\"ListItem\",\"position\":1,\"name\":\"Home\",\"item\":\"https:\\\/\\\/kaashandeldammers.nl\\\/\"},{\"@type\":\"ListItem\",\"position\":2,\"name\":\"Aanbod\",\"item\":\"https:\\\/\\\/kaashandeldammers.nl\\\/aanbod\\\/\"},{\"@type\":\"ListItem\",\"position\":3,\"name\":\"Geitenkaas belegen\"}]},{\"@type\":\"WebSite\",\"@id\":\"https:\\\/\\\/kaashandeldammers.nl\\\/#website\",\"url\":\"https:\\\/\\\/kaashandeldammers.nl\\\/\",\"name\":\"Kaashandel Dammers\",\"description\":\"Ambachtelijke kaas, vers van het mes\",\"potentialAction\":[{\"@type\":\"SearchAction\",\"target\":{\"@type\":\"EntryPoint\",\"urlTemplate\":\"https:\\\/\\\/kaashandeldammers.nl\\\/?s={search_term_string}\"},\"query-input\":{\"@type\":\"PropertyValueSpecification\",\"valueRequired\":true,\"valueName\":\"search_term_string\"}}],\"inLanguage\":\"de\"}]}<\/script>\n<!-- \/ Yoast SEO plugin. -->","yoast_head_json":{"title":"Geitenkaas belegen - Kaashandel Dammers","robots":{"index":"index","follow":"follow","max-snippet":"max-snippet:-1","max-image-preview":"max-image-preview:large","max-video-preview":"max-video-preview:-1"},"canonical":"https:\/\/kaashandeldammers.nl\/de\/produkt\/geitenkaas-belegen\/","og_locale":"de_DE","og_type":"article","og_title":"Geitenkaas belegen - Kaashandel Dammers","og_description":"Heerlijke belegen geitenkaas, deze kaas heeft 4 maanden in ons pakhuis liggen rijpen. In die tijd heeft deze\u00a0kaas een heerlijke smaakvolle romig iets wat pittige smaak ontwikkeld.","og_url":"https:\/\/kaashandeldammers.nl\/de\/produkt\/geitenkaas-belegen\/","og_site_name":"Kaashandel Dammers","twitter_card":"summary_large_image","schema":{"@context":"https:\/\/schema.org","@graph":[{"@type":"WebPage","@id":"https:\/\/kaashandeldammers.nl\/product\/geitenkaas-belegen\/","url":"https:\/\/kaashandeldammers.nl\/product\/geitenkaas-belegen\/","name":"Geitenkaas belegen - Kaashandel Dammers","isPartOf":{"@id":"https:\/\/kaashandeldammers.nl\/#website"},"primaryImageOfPage":{"@id":"https:\/\/kaashandeldammers.nl\/product\/geitenkaas-belegen\/#primaryimage"},"image":{"@id":"https:\/\/kaashandeldammers.nl\/product\/geitenkaas-belegen\/#primaryimage"},"thumbnailUrl":"https:\/\/kaashandeldammers.nl\/wp-content\/uploads\/2026\/01\/2010563712.png","datePublished":"2026-01-21T15:35:40+00:00","breadcrumb":{"@id":"https:\/\/kaashandeldammers.nl\/product\/geitenkaas-belegen\/#breadcrumb"},"inLanguage":"de","potentialAction":[{"@type":"ReadAction","target":["https:\/\/kaashandeldammers.nl\/product\/geitenkaas-belegen\/"]}]},{"@type":"ImageObject","inLanguage":"de","@id":"https:\/\/kaashandeldammers.nl\/product\/geitenkaas-belegen\/#primaryimage","url":"https:\/\/kaashandeldammers.nl\/wp-content\/uploads\/2026\/01\/2010563712.png","contentUrl":"https:\/\/kaashandeldammers.nl\/wp-content\/uploads\/2026\/01\/2010563712.png","width":1080,"height":1080},{"@type":"BreadcrumbList","@id":"https:\/\/kaashandeldammers.nl\/product\/geitenkaas-belegen\/#breadcrumb","itemListElement":[{"@type":"ListItem","position":1,"name":"Home","item":"https:\/\/kaashandeldammers.nl\/"},{"@type":"ListItem","position":2,"name":"Aanbod","item":"https:\/\/kaashandeldammers.nl\/aanbod\/"},{"@type":"ListItem","position":3,"name":"Geitenkaas belegen"}]},{"@type":"WebSite","@id":"https:\/\/kaashandeldammers.nl\/#website","url":"https:\/\/kaashandeldammers.nl\/","name":"Dammers K\u00e4segesch\u00e4ft","description":"Handwerklich hergestellter K\u00e4se, frisch vom Messer","potentialAction":[{"@type":"SearchAction","target":{"@type":"EntryPoint","urlTemplate":"https:\/\/kaashandeldammers.nl\/?s={search_term_string}"},"query-input":{"@type":"PropertyValueSpecification","valueRequired":true,"valueName":"search_term_string"}}],"inLanguage":"de"}]}},"jetpack_sharing_enabled":true,"_links":{"self":[{"href":"https:\/\/kaashandeldammers.nl\/de\/wp-json\/wp\/v2\/product\/728","targetHints":{"allow":["GET"]}}],"collection":[{"href":"https:\/\/kaashandeldammers.nl\/de\/wp-json\/wp\/v2\/product"}],"about":[{"href":"https:\/\/kaashandeldammers.nl\/de\/wp-json\/wp\/v2\/types\/product"}],"wp:featuredmedia":[{"embeddable":true,"href":"https:\/\/kaashandeldammers.nl\/de\/wp-json\/wp\/v2\/media\/725"}],"wp:attachment":[{"href":"https:\/\/kaashandeldammers.nl\/de\/wp-json\/wp\/v2\/media?parent=728"}],"wp:term":[{"taxonomy":"product_brand","embeddable":true,"href":"https:\/\/kaashandeldammers.nl\/de\/wp-json\/wp\/v2\/product_brand?post=728"},{"taxonomy":"product_cat","embeddable":true,"href":"https:\/\/kaashandeldammers.nl\/de\/wp-json\/wp\/v2\/product_cat?post=728"},{"taxonomy":"product_tag","embeddable":true,"href":"https:\/\/kaashandeldammers.nl\/de\/wp-json\/wp\/v2\/product_tag?post=728"}],"curies":[{"name":"wp","href":"https:\/\/api.w.org\/{rel}","templated":true}]}}