{"id":716,"date":"2026-01-21T15:35:08","date_gmt":"2026-01-21T15:35:08","guid":{"rendered":"https:\/\/kaashandeldammers.nl\/product\/%f0%9f%a7%80-de-boeren-jumbo-mega-kaas-van-de-boerderij\/"},"modified":"2026-01-21T15:35:08","modified_gmt":"2026-01-21T15:35:08","slug":"%f0%9f%a7%80-de-boeren-jumbo-mega-kaas-van-de-boerderij","status":"publish","type":"product","link":"https:\/\/kaashandeldammers.nl\/de\/produkt\/%f0%9f%a7%80-de-boeren-jumbo-mega-kaas-van-de-boerderij\/","title":{"rendered":"\ud83e\uddc0 Der Bauern-Jumbo \u2013 Mega-K\u00e4se vom Bauernhof"},"content":{"rendered":"<p data-end=\"442\" data-start=\"172\">Treffen <strong data-end=\"208\" data-start=\"188\">Der Farmers Jumbo<\/strong>&nbsp;\ud83e\uddc0\u2728 \u2013 Ein beeindruckender K\u00e4se mit einem Gewicht von sage und schreibe 35 Kilo, direkt vom Bauernhof. Dieser Gigant wird aus thermisierter Kuhmilch hergestellt: ein schonendes Verfahren, das den reinen Milchgeschmack bewahrt, den K\u00e4se aber etwas weicher und sicherer macht.<\/p>\n<p data-end=\"787\" data-start=\"444\">Aufgrund ihrer enormen Gr\u00f6\u00dfe verliert die Jumbo-Traube w\u00e4hrend der Reifung deutlich weniger Feuchtigkeit. Dadurch ist sie au\u00dfergew\u00f6hnlich reif. <strong data-end=\"591\" data-start=\"565\">glatt, cremig und weich<\/strong> Die Aromen bleiben erhalten, w\u00e4hrend sich der Geschmack wunderbar entwickelt. Nach fast vier Monaten Reifezeit erwartet Sie eine k\u00f6stliche Balance aus Frische, Cremigkeit und Reinheit \u2013 ein unvergleichlicher Geschmack.<\/p>\n<p data-end=\"1057\" data-start=\"789\">Der Boeren Jumbo ist nicht nur ein <strong data-end=\"842\" data-start=\"825\">Geschmackserlebnis<\/strong>, aber auch ein <strong data-end=\"871\" data-start=\"857\">Blickfang<\/strong>. Ob auf einer Party, im Restaurant oder einfach zu Hause \u2013 dieser K\u00e4se beeindruckt garantiert. Perfekt zum Teilen, aber auch perfekt zum Genie\u00dfen ganz allein \ud83d\ude09.<\/p>\n<p>&nbsp;<\/p>","protected":false},"excerpt":{"rendered":"<p>Een gigantische boerenkaas van 35 kg! Gemaakt van gethermiseerde koemelk, bijna 4 maanden oud. Super smeu\u00efg, romig en zuiver van smaak. \ud83e\udd29\ud83e\uddc0\u2728<\/p>","protected":false},"featured_media":714,"template":"","meta":[],"product_brand":[],"product_cat":[22],"product_tag":[],"class_list":{"0":"post-716","1":"product","2":"type-product","3":"status-publish","4":"has-post-thumbnail","6":"product_cat-geen-categorie","8":"first","9":"instock","10":"taxable","11":"shipping-taxable","12":"product-type-simple"},"yoast_head":"<!-- This site is optimized with the Yoast SEO plugin v27.3 - https:\/\/yoast.com\/product\/yoast-seo-wordpress\/ -->\n<title>\ud83e\uddc0 De Boeren Jumbo \u2013 Mega Kaas van de Boerderij - Kaashandel Dammers<\/title>\n<meta name=\"robots\" content=\"index, follow, max-snippet:-1, max-image-preview:large, max-video-preview:-1\" \/>\n<link rel=\"canonical\" href=\"https:\/\/kaashandeldammers.nl\/de\/produkt\/\ud83e\uddc0-de-boeren-jumbo-mega-kaas-van-de-boerderij\/\" \/>\n<meta property=\"og:locale\" content=\"de_DE\" \/>\n<meta property=\"og:type\" content=\"article\" \/>\n<meta property=\"og:title\" content=\"\ud83e\uddc0 De Boeren Jumbo \u2013 Mega Kaas van de Boerderij - Kaashandel Dammers\" \/>\n<meta property=\"og:description\" content=\"Een gigantische boerenkaas van 35 kg! Gemaakt van gethermiseerde koemelk, bijna 4 maanden oud. Super smeu\u00efg, romig en zuiver van smaak. \ud83e\udd29\ud83e\uddc0\u2728\" \/>\n<meta property=\"og:url\" content=\"https:\/\/kaashandeldammers.nl\/de\/produkt\/\ud83e\uddc0-de-boeren-jumbo-mega-kaas-van-de-boerderij\/\" \/>\n<meta property=\"og:site_name\" content=\"Kaashandel Dammers\" \/>\n<meta name=\"twitter:card\" content=\"summary_large_image\" \/>\n<meta name=\"twitter:label1\" content=\"Gesch\u00e4tzte Lesezeit\" \/>\n\t<meta name=\"twitter:data1\" content=\"1\u00a0Minute\" \/>\n<script type=\"application\/ld+json\" class=\"yoast-schema-graph\">{\"@context\":\"https:\\\/\\\/schema.org\",\"@graph\":[{\"@type\":\"WebPage\",\"@id\":\"https:\\\/\\\/kaashandeldammers.nl\\\/product\\\/%f0%9f%a7%80-de-boeren-jumbo-mega-kaas-van-de-boerderij\\\/\",\"url\":\"https:\\\/\\\/kaashandeldammers.nl\\\/product\\\/%f0%9f%a7%80-de-boeren-jumbo-mega-kaas-van-de-boerderij\\\/\",\"name\":\"\ud83e\uddc0 De Boeren Jumbo \u2013 Mega Kaas van de Boerderij - Kaashandel Dammers\",\"isPartOf\":{\"@id\":\"https:\\\/\\\/kaashandeldammers.nl\\\/#website\"},\"primaryImageOfPage\":{\"@id\":\"https:\\\/\\\/kaashandeldammers.nl\\\/product\\\/%f0%9f%a7%80-de-boeren-jumbo-mega-kaas-van-de-boerderij\\\/#primaryimage\"},\"image\":{\"@id\":\"https:\\\/\\\/kaashandeldammers.nl\\\/product\\\/%f0%9f%a7%80-de-boeren-jumbo-mega-kaas-van-de-boerderij\\\/#primaryimage\"},\"thumbnailUrl\":\"https:\\\/\\\/kaashandeldammers.nl\\\/wp-content\\\/uploads\\\/2026\\\/01\\\/2338347167.png\",\"datePublished\":\"2026-01-21T15:35:08+00:00\",\"breadcrumb\":{\"@id\":\"https:\\\/\\\/kaashandeldammers.nl\\\/product\\\/%f0%9f%a7%80-de-boeren-jumbo-mega-kaas-van-de-boerderij\\\/#breadcrumb\"},\"inLanguage\":\"de\",\"potentialAction\":[{\"@type\":\"ReadAction\",\"target\":[\"https:\\\/\\\/kaashandeldammers.nl\\\/product\\\/%f0%9f%a7%80-de-boeren-jumbo-mega-kaas-van-de-boerderij\\\/\"]}]},{\"@type\":\"ImageObject\",\"inLanguage\":\"de\",\"@id\":\"https:\\\/\\\/kaashandeldammers.nl\\\/product\\\/%f0%9f%a7%80-de-boeren-jumbo-mega-kaas-van-de-boerderij\\\/#primaryimage\",\"url\":\"https:\\\/\\\/kaashandeldammers.nl\\\/wp-content\\\/uploads\\\/2026\\\/01\\\/2338347167.png\",\"contentUrl\":\"https:\\\/\\\/kaashandeldammers.nl\\\/wp-content\\\/uploads\\\/2026\\\/01\\\/2338347167.png\",\"width\":1080,\"height\":1080},{\"@type\":\"BreadcrumbList\",\"@id\":\"https:\\\/\\\/kaashandeldammers.nl\\\/product\\\/%f0%9f%a7%80-de-boeren-jumbo-mega-kaas-van-de-boerderij\\\/#breadcrumb\",\"itemListElement\":[{\"@type\":\"ListItem\",\"position\":1,\"name\":\"Home\",\"item\":\"https:\\\/\\\/kaashandeldammers.nl\\\/\"},{\"@type\":\"ListItem\",\"position\":2,\"name\":\"Aanbod\",\"item\":\"https:\\\/\\\/kaashandeldammers.nl\\\/aanbod\\\/\"},{\"@type\":\"ListItem\",\"position\":3,\"name\":\"\ud83e\uddc0 De Boeren Jumbo \u2013 Mega Kaas van de Boerderij\"}]},{\"@type\":\"WebSite\",\"@id\":\"https:\\\/\\\/kaashandeldammers.nl\\\/#website\",\"url\":\"https:\\\/\\\/kaashandeldammers.nl\\\/\",\"name\":\"Kaashandel Dammers\",\"description\":\"Ambachtelijke kaas, vers van het mes\",\"potentialAction\":[{\"@type\":\"SearchAction\",\"target\":{\"@type\":\"EntryPoint\",\"urlTemplate\":\"https:\\\/\\\/kaashandeldammers.nl\\\/?s={search_term_string}\"},\"query-input\":{\"@type\":\"PropertyValueSpecification\",\"valueRequired\":true,\"valueName\":\"search_term_string\"}}],\"inLanguage\":\"de\"}]}<\/script>\n<!-- \/ Yoast SEO plugin. -->","yoast_head_json":{"title":"\ud83e\uddc0 De Boeren Jumbo \u2013 Mega Kaas van de Boerderij - Kaashandel Dammers","robots":{"index":"index","follow":"follow","max-snippet":"max-snippet:-1","max-image-preview":"max-image-preview:large","max-video-preview":"max-video-preview:-1"},"canonical":"https:\/\/kaashandeldammers.nl\/de\/produkt\/\ud83e\uddc0-de-boeren-jumbo-mega-kaas-van-de-boerderij\/","og_locale":"de_DE","og_type":"article","og_title":"\ud83e\uddc0 De Boeren Jumbo \u2013 Mega Kaas van de Boerderij - Kaashandel Dammers","og_description":"Een gigantische boerenkaas van 35 kg! Gemaakt van gethermiseerde koemelk, bijna 4 maanden oud. Super smeu\u00efg, romig en zuiver van smaak. \ud83e\udd29\ud83e\uddc0\u2728","og_url":"https:\/\/kaashandeldammers.nl\/de\/produkt\/\ud83e\uddc0-de-boeren-jumbo-mega-kaas-van-de-boerderij\/","og_site_name":"Kaashandel Dammers","twitter_card":"summary_large_image","twitter_misc":{"Gesch\u00e4tzte Lesezeit":"1\u00a0Minute"},"schema":{"@context":"https:\/\/schema.org","@graph":[{"@type":"WebPage","@id":"https:\/\/kaashandeldammers.nl\/product\/%f0%9f%a7%80-de-boeren-jumbo-mega-kaas-van-de-boerderij\/","url":"https:\/\/kaashandeldammers.nl\/product\/%f0%9f%a7%80-de-boeren-jumbo-mega-kaas-van-de-boerderij\/","name":"\ud83e\uddc0 De Boeren Jumbo \u2013 Mega Kaas van de Boerderij - Kaashandel Dammers","isPartOf":{"@id":"https:\/\/kaashandeldammers.nl\/#website"},"primaryImageOfPage":{"@id":"https:\/\/kaashandeldammers.nl\/product\/%f0%9f%a7%80-de-boeren-jumbo-mega-kaas-van-de-boerderij\/#primaryimage"},"image":{"@id":"https:\/\/kaashandeldammers.nl\/product\/%f0%9f%a7%80-de-boeren-jumbo-mega-kaas-van-de-boerderij\/#primaryimage"},"thumbnailUrl":"https:\/\/kaashandeldammers.nl\/wp-content\/uploads\/2026\/01\/2338347167.png","datePublished":"2026-01-21T15:35:08+00:00","breadcrumb":{"@id":"https:\/\/kaashandeldammers.nl\/product\/%f0%9f%a7%80-de-boeren-jumbo-mega-kaas-van-de-boerderij\/#breadcrumb"},"inLanguage":"de","potentialAction":[{"@type":"ReadAction","target":["https:\/\/kaashandeldammers.nl\/product\/%f0%9f%a7%80-de-boeren-jumbo-mega-kaas-van-de-boerderij\/"]}]},{"@type":"ImageObject","inLanguage":"de","@id":"https:\/\/kaashandeldammers.nl\/product\/%f0%9f%a7%80-de-boeren-jumbo-mega-kaas-van-de-boerderij\/#primaryimage","url":"https:\/\/kaashandeldammers.nl\/wp-content\/uploads\/2026\/01\/2338347167.png","contentUrl":"https:\/\/kaashandeldammers.nl\/wp-content\/uploads\/2026\/01\/2338347167.png","width":1080,"height":1080},{"@type":"BreadcrumbList","@id":"https:\/\/kaashandeldammers.nl\/product\/%f0%9f%a7%80-de-boeren-jumbo-mega-kaas-van-de-boerderij\/#breadcrumb","itemListElement":[{"@type":"ListItem","position":1,"name":"Home","item":"https:\/\/kaashandeldammers.nl\/"},{"@type":"ListItem","position":2,"name":"Aanbod","item":"https:\/\/kaashandeldammers.nl\/aanbod\/"},{"@type":"ListItem","position":3,"name":"\ud83e\uddc0 De Boeren Jumbo \u2013 Mega Kaas van de Boerderij"}]},{"@type":"WebSite","@id":"https:\/\/kaashandeldammers.nl\/#website","url":"https:\/\/kaashandeldammers.nl\/","name":"Dammers K\u00e4segesch\u00e4ft","description":"Handwerklich hergestellter K\u00e4se, frisch vom Messer","potentialAction":[{"@type":"SearchAction","target":{"@type":"EntryPoint","urlTemplate":"https:\/\/kaashandeldammers.nl\/?s={search_term_string}"},"query-input":{"@type":"PropertyValueSpecification","valueRequired":true,"valueName":"search_term_string"}}],"inLanguage":"de"}]}},"jetpack_sharing_enabled":true,"_links":{"self":[{"href":"https:\/\/kaashandeldammers.nl\/de\/wp-json\/wp\/v2\/product\/716","targetHints":{"allow":["GET"]}}],"collection":[{"href":"https:\/\/kaashandeldammers.nl\/de\/wp-json\/wp\/v2\/product"}],"about":[{"href":"https:\/\/kaashandeldammers.nl\/de\/wp-json\/wp\/v2\/types\/product"}],"wp:featuredmedia":[{"embeddable":true,"href":"https:\/\/kaashandeldammers.nl\/de\/wp-json\/wp\/v2\/media\/714"}],"wp:attachment":[{"href":"https:\/\/kaashandeldammers.nl\/de\/wp-json\/wp\/v2\/media?parent=716"}],"wp:term":[{"taxonomy":"product_brand","embeddable":true,"href":"https:\/\/kaashandeldammers.nl\/de\/wp-json\/wp\/v2\/product_brand?post=716"},{"taxonomy":"product_cat","embeddable":true,"href":"https:\/\/kaashandeldammers.nl\/de\/wp-json\/wp\/v2\/product_cat?post=716"},{"taxonomy":"product_tag","embeddable":true,"href":"https:\/\/kaashandeldammers.nl\/de\/wp-json\/wp\/v2\/product_tag?post=716"}],"curies":[{"name":"wp","href":"https:\/\/api.w.org\/{rel}","templated":true}]}}