{"id":713,"date":"2026-01-21T15:34:58","date_gmt":"2026-01-21T15:34:58","guid":{"rendered":"https:\/\/kaashandeldammers.nl\/product\/tynjetaler-friese-gatenkaas\/"},"modified":"2026-01-21T15:34:58","modified_gmt":"2026-01-21T15:34:58","slug":"tynjetaler-friese-gatenkaas","status":"publish","type":"product","link":"https:\/\/kaashandeldammers.nl\/de\/produkt\/tynjetaler-friese-gatenkaas\/","title":{"rendered":"Tynjetaler Friesischer K\u00e4se mit L\u00f6chern"},"content":{"rendered":"<h2><strong>Tynjetaler ist ein besonderer K\u00e4se mit L\u00f6chern<\/strong><\/h2>\n<p>Tynjetaler, ein einzigartiger, l\u00f6chriger K\u00e4se aus friesischem Boden, wurde bereits mehrfach im Wettbewerb um den schmackhaftesten l\u00f6chrigen Gouda ausgezeichnet. Er ist cremig und leicht s\u00fc\u00dflich, mit einer Anspielung auf die Schweizer Alpen. Dieser halbreife Bauernk\u00e4se hat einen leicht w\u00fcrzigen Nachgeschmack. K\u00f6stlich auf Brot, unwiderstehlich zu Getr\u00e4nken oder als Fondue.<\/p>\n<p><strong>\u00dcber Tynjetaler:<\/strong><\/p>\n<p>Der Tynjetaler-K\u00e4se wird auf dem K\u00e4sehof De Gelder hergestellt. Nahe Tijnje, umgeben von weitl\u00e4ufigen Feldern und dem wundersch\u00f6nen Naturschutzgebiet De Deelen, im Herzen Frieslands, liegt der K\u00e4sehof De Gelder. Wir sind ein echter Familienbetrieb, gegr\u00fcndet 1962. Urspr\u00fcnglich nur ein Milchviehbetrieb, begannen wir 1985 mit der Herstellung k\u00f6stlicher Milchprodukte aus eigener Milch, wie Pudding, Joghurt, Buttermilch und Butter. Wenige Jahre sp\u00e4ter stellten wir auch unseren eigenen Hofk\u00e4se her.<\/p>\n<p><strong>PREISGEWINNER Der leckerste K\u00e4se der Niederlande<\/strong><br \/>\nDass unser K\u00e4se als au\u00dfergew\u00f6hnlich lecker gilt, beweist die Tatsache, dass er 2009 zum besten Bauernk\u00e4se der Niederlande gek\u00fcrt wurde. 2012 verpasste \u201cDe Tynjetaler\u201d im Finale des \u201cSmaak van NL\u201d (Geschmack der Niederlande) nur knapp den ersten Platz, gewann aber den Regionalpreis. Der K\u00e4se- und Milchviehbetrieb \u201eDe Gelder\u201c strebt bei handwerklich hergestellten Milchprodukten nach h\u00f6chsten Standards. F\u00fcr beste Milchqualit\u00e4t ist das Wohlbefinden der K\u00fche entscheidend. Daf\u00fcr arbeiten wir jeden Tag mit gro\u00dfem Einsatz. Wir sorgen f\u00fcr saubere, ger\u00e4umige St\u00e4lle, frische Luft und gutes Futter. Das Wohlbefinden unserer 220 Milchk\u00fche steht f\u00fcr uns an erster Stelle. Denn wenn es ihnen gut geht, geben sie die beste Milch. Und nur beste Milch garantiert k\u00f6stliche Milchprodukte.<\/p>\n<p>\u201cDe Gelder\u201d besteht aus einem Milchviehbetrieb, der von Jacob und Jan van Emst gef\u00fchrt wird, und einem Molkereiunternehmen, in dem Anne und Jenny Vogel-van Emst t\u00e4glich daran arbeiten, die k\u00f6stlichsten K\u00e4se- und Milchprodukte herzustellen.<\/p>\n<p>Bestellen Sie diesen k\u00f6stlichen Tynjetaler, einen einzigartigen K\u00e4se mit L\u00f6chern, bei uns. K\u00e4se online zu bestellen bietet eine gro\u00dfe Auswahl an leckeren K\u00e4sesorten.<\/p>\n<h3>&nbsp;<\/h3>\n<p data-post-format=\"false\" data-post-id=\"12573\">&nbsp;<\/p>","protected":false},"excerpt":{"rendered":"<p>Tynjetaler is een bijzondere gatenkaas van Friese grond.<\/p>","protected":false},"featured_media":711,"template":"","meta":[],"product_brand":[],"product_cat":[22],"product_tag":[],"class_list":{"0":"post-713","1":"product","2":"type-product","3":"status-publish","4":"has-post-thumbnail","6":"product_cat-geen-categorie","8":"first","9":"instock","10":"taxable","11":"shipping-taxable","12":"product-type-simple"},"yoast_head":"<!-- This site is optimized with the Yoast SEO plugin v27.3 - https:\/\/yoast.com\/product\/yoast-seo-wordpress\/ -->\n<title>Tynjetaler Friese gatenkaas - Kaashandel Dammers<\/title>\n<meta name=\"robots\" content=\"index, follow, max-snippet:-1, max-image-preview:large, max-video-preview:-1\" \/>\n<link rel=\"canonical\" href=\"https:\/\/kaashandeldammers.nl\/de\/produkt\/tynjetaler-friese-gatenkaas\/\" \/>\n<meta property=\"og:locale\" content=\"de_DE\" \/>\n<meta property=\"og:type\" content=\"article\" \/>\n<meta property=\"og:title\" content=\"Tynjetaler Friese gatenkaas - Kaashandel Dammers\" \/>\n<meta property=\"og:description\" content=\"Tynjetaler is een bijzondere gatenkaas van Friese grond.\" \/>\n<meta property=\"og:url\" content=\"https:\/\/kaashandeldammers.nl\/de\/produkt\/tynjetaler-friese-gatenkaas\/\" \/>\n<meta property=\"og:site_name\" content=\"Kaashandel Dammers\" \/>\n<meta name=\"twitter:card\" content=\"summary_large_image\" \/>\n<meta name=\"twitter:label1\" content=\"Gesch\u00e4tzte Lesezeit\" \/>\n\t<meta name=\"twitter:data1\" content=\"2\u00a0Minuten\" \/>\n<script type=\"application\/ld+json\" class=\"yoast-schema-graph\">{\"@context\":\"https:\\\/\\\/schema.org\",\"@graph\":[{\"@type\":\"WebPage\",\"@id\":\"https:\\\/\\\/kaashandeldammers.nl\\\/product\\\/tynjetaler-friese-gatenkaas\\\/\",\"url\":\"https:\\\/\\\/kaashandeldammers.nl\\\/product\\\/tynjetaler-friese-gatenkaas\\\/\",\"name\":\"Tynjetaler Friese gatenkaas - Kaashandel Dammers\",\"isPartOf\":{\"@id\":\"https:\\\/\\\/kaashandeldammers.nl\\\/#website\"},\"primaryImageOfPage\":{\"@id\":\"https:\\\/\\\/kaashandeldammers.nl\\\/product\\\/tynjetaler-friese-gatenkaas\\\/#primaryimage\"},\"image\":{\"@id\":\"https:\\\/\\\/kaashandeldammers.nl\\\/product\\\/tynjetaler-friese-gatenkaas\\\/#primaryimage\"},\"thumbnailUrl\":\"https:\\\/\\\/kaashandeldammers.nl\\\/wp-content\\\/uploads\\\/2026\\\/01\\\/2009835525.png\",\"datePublished\":\"2026-01-21T15:34:58+00:00\",\"breadcrumb\":{\"@id\":\"https:\\\/\\\/kaashandeldammers.nl\\\/product\\\/tynjetaler-friese-gatenkaas\\\/#breadcrumb\"},\"inLanguage\":\"de\",\"potentialAction\":[{\"@type\":\"ReadAction\",\"target\":[\"https:\\\/\\\/kaashandeldammers.nl\\\/product\\\/tynjetaler-friese-gatenkaas\\\/\"]}]},{\"@type\":\"ImageObject\",\"inLanguage\":\"de\",\"@id\":\"https:\\\/\\\/kaashandeldammers.nl\\\/product\\\/tynjetaler-friese-gatenkaas\\\/#primaryimage\",\"url\":\"https:\\\/\\\/kaashandeldammers.nl\\\/wp-content\\\/uploads\\\/2026\\\/01\\\/2009835525.png\",\"contentUrl\":\"https:\\\/\\\/kaashandeldammers.nl\\\/wp-content\\\/uploads\\\/2026\\\/01\\\/2009835525.png\",\"width\":1080,\"height\":1080},{\"@type\":\"BreadcrumbList\",\"@id\":\"https:\\\/\\\/kaashandeldammers.nl\\\/product\\\/tynjetaler-friese-gatenkaas\\\/#breadcrumb\",\"itemListElement\":[{\"@type\":\"ListItem\",\"position\":1,\"name\":\"Home\",\"item\":\"https:\\\/\\\/kaashandeldammers.nl\\\/\"},{\"@type\":\"ListItem\",\"position\":2,\"name\":\"Aanbod\",\"item\":\"https:\\\/\\\/kaashandeldammers.nl\\\/aanbod\\\/\"},{\"@type\":\"ListItem\",\"position\":3,\"name\":\"Tynjetaler Friese gatenkaas\"}]},{\"@type\":\"WebSite\",\"@id\":\"https:\\\/\\\/kaashandeldammers.nl\\\/#website\",\"url\":\"https:\\\/\\\/kaashandeldammers.nl\\\/\",\"name\":\"Kaashandel Dammers\",\"description\":\"Ambachtelijke kaas, vers van het mes\",\"potentialAction\":[{\"@type\":\"SearchAction\",\"target\":{\"@type\":\"EntryPoint\",\"urlTemplate\":\"https:\\\/\\\/kaashandeldammers.nl\\\/?s={search_term_string}\"},\"query-input\":{\"@type\":\"PropertyValueSpecification\",\"valueRequired\":true,\"valueName\":\"search_term_string\"}}],\"inLanguage\":\"de\"}]}<\/script>\n<!-- \/ Yoast SEO plugin. -->","yoast_head_json":{"title":"Tynjetaler Friese gatenkaas - Kaashandel Dammers","robots":{"index":"index","follow":"follow","max-snippet":"max-snippet:-1","max-image-preview":"max-image-preview:large","max-video-preview":"max-video-preview:-1"},"canonical":"https:\/\/kaashandeldammers.nl\/de\/produkt\/tynjetaler-friese-gatenkaas\/","og_locale":"de_DE","og_type":"article","og_title":"Tynjetaler Friese gatenkaas - Kaashandel Dammers","og_description":"Tynjetaler is een bijzondere gatenkaas van Friese grond.","og_url":"https:\/\/kaashandeldammers.nl\/de\/produkt\/tynjetaler-friese-gatenkaas\/","og_site_name":"Kaashandel Dammers","twitter_card":"summary_large_image","twitter_misc":{"Gesch\u00e4tzte Lesezeit":"2\u00a0Minuten"},"schema":{"@context":"https:\/\/schema.org","@graph":[{"@type":"WebPage","@id":"https:\/\/kaashandeldammers.nl\/product\/tynjetaler-friese-gatenkaas\/","url":"https:\/\/kaashandeldammers.nl\/product\/tynjetaler-friese-gatenkaas\/","name":"Tynjetaler Friese gatenkaas - Kaashandel Dammers","isPartOf":{"@id":"https:\/\/kaashandeldammers.nl\/#website"},"primaryImageOfPage":{"@id":"https:\/\/kaashandeldammers.nl\/product\/tynjetaler-friese-gatenkaas\/#primaryimage"},"image":{"@id":"https:\/\/kaashandeldammers.nl\/product\/tynjetaler-friese-gatenkaas\/#primaryimage"},"thumbnailUrl":"https:\/\/kaashandeldammers.nl\/wp-content\/uploads\/2026\/01\/2009835525.png","datePublished":"2026-01-21T15:34:58+00:00","breadcrumb":{"@id":"https:\/\/kaashandeldammers.nl\/product\/tynjetaler-friese-gatenkaas\/#breadcrumb"},"inLanguage":"de","potentialAction":[{"@type":"ReadAction","target":["https:\/\/kaashandeldammers.nl\/product\/tynjetaler-friese-gatenkaas\/"]}]},{"@type":"ImageObject","inLanguage":"de","@id":"https:\/\/kaashandeldammers.nl\/product\/tynjetaler-friese-gatenkaas\/#primaryimage","url":"https:\/\/kaashandeldammers.nl\/wp-content\/uploads\/2026\/01\/2009835525.png","contentUrl":"https:\/\/kaashandeldammers.nl\/wp-content\/uploads\/2026\/01\/2009835525.png","width":1080,"height":1080},{"@type":"BreadcrumbList","@id":"https:\/\/kaashandeldammers.nl\/product\/tynjetaler-friese-gatenkaas\/#breadcrumb","itemListElement":[{"@type":"ListItem","position":1,"name":"Home","item":"https:\/\/kaashandeldammers.nl\/"},{"@type":"ListItem","position":2,"name":"Aanbod","item":"https:\/\/kaashandeldammers.nl\/aanbod\/"},{"@type":"ListItem","position":3,"name":"Tynjetaler Friese gatenkaas"}]},{"@type":"WebSite","@id":"https:\/\/kaashandeldammers.nl\/#website","url":"https:\/\/kaashandeldammers.nl\/","name":"Dammers K\u00e4segesch\u00e4ft","description":"Handwerklich hergestellter K\u00e4se, frisch vom Messer","potentialAction":[{"@type":"SearchAction","target":{"@type":"EntryPoint","urlTemplate":"https:\/\/kaashandeldammers.nl\/?s={search_term_string}"},"query-input":{"@type":"PropertyValueSpecification","valueRequired":true,"valueName":"search_term_string"}}],"inLanguage":"de"}]}},"jetpack_sharing_enabled":true,"_links":{"self":[{"href":"https:\/\/kaashandeldammers.nl\/de\/wp-json\/wp\/v2\/product\/713","targetHints":{"allow":["GET"]}}],"collection":[{"href":"https:\/\/kaashandeldammers.nl\/de\/wp-json\/wp\/v2\/product"}],"about":[{"href":"https:\/\/kaashandeldammers.nl\/de\/wp-json\/wp\/v2\/types\/product"}],"wp:featuredmedia":[{"embeddable":true,"href":"https:\/\/kaashandeldammers.nl\/de\/wp-json\/wp\/v2\/media\/711"}],"wp:attachment":[{"href":"https:\/\/kaashandeldammers.nl\/de\/wp-json\/wp\/v2\/media?parent=713"}],"wp:term":[{"taxonomy":"product_brand","embeddable":true,"href":"https:\/\/kaashandeldammers.nl\/de\/wp-json\/wp\/v2\/product_brand?post=713"},{"taxonomy":"product_cat","embeddable":true,"href":"https:\/\/kaashandeldammers.nl\/de\/wp-json\/wp\/v2\/product_cat?post=713"},{"taxonomy":"product_tag","embeddable":true,"href":"https:\/\/kaashandeldammers.nl\/de\/wp-json\/wp\/v2\/product_tag?post=713"}],"curies":[{"name":"wp","href":"https:\/\/api.w.org\/{rel}","templated":true}]}}