{"id":429,"date":"2026-01-21T13:49:42","date_gmt":"2026-01-21T13:49:42","guid":{"rendered":"https:\/\/kaashandeldammers.nl\/product\/panpan-20-komijnekaas\/"},"modified":"2026-01-22T08:31:41","modified_gmt":"2026-01-22T08:31:41","slug":"panpan-20-komijnekaas","status":"publish","type":"product","link":"https:\/\/kaashandeldammers.nl\/de\/produkt\/panpan-20-komijnekaas\/","title":{"rendered":"PanPan 20+ Kreuzk\u00fcmmelk\u00e4se"},"content":{"rendered":"<p><strong>PanPan 20+ Kreuzk\u00fcmmelk\u00e4se,<\/strong><\/p>\n<p>PanPan ist ein Licht und&nbsp;<strong>leckerer Kreuzk\u00fcmmelk\u00e4se mit \u00fcber 20 Aromen<\/strong>&nbsp;Nach einem jahrhundertealten Leidener Rezept hergestellt, wird K\u00e4se nach diesem Rezept in den Niederlanden seit \u00fcber 500 Jahren produziert. Der Leidener K\u00e4se verdankt seinen Namen der Stadt Leiden, die damals der wichtigste Absatzmarkt f\u00fcr diese K\u00e4sesorte war. Zur selben Zeit war Leiden auch der wichtigste Markt f\u00fcr Butter. Butter war damals ein wichtigeres und teureres Produkt als K\u00e4se. Daher entrahmten die Bauern so viel Milch wie m\u00f6glich, um Butter herzustellen. Die verbleibende Magermilch wurde zur Herstellung von fettarmem K\u00e4se verwendet. Durch die Zugabe von Kreuzk\u00fcmmel entstand der Leidener K\u00e4se und sp\u00e4ter der PanPan.<\/p>\n<p>Im 17. Jahrhundert war Leidener K\u00e4se beliebter als Gouda, da sein h\u00f6herer S\u00e4uregehalt und geringerer Fettgehalt eine sehr lange Haltbarkeit gew\u00e4hrleisteten. Dadurch eignete er sich ideal als Proviant an Bord von Handelsschiffen und als Handelsware.<\/p>\n<p><strong>Kurz gesagt, eine echte niederl\u00e4ndische Tradition. Und diese Tradition schmeckt seit dem 17. Jahrhundert wunderbar.<\/strong><\/p>\n<p><strong>Weniger Fett, mehr W\u00fcrze<\/strong><\/p>\n<p>PanPan 20+ Kreuzk\u00fcmmelk\u00e4se ist fettarm, geschmacksintensiv und enth\u00e4lt alle wichtigen N\u00e4hrstoffe, die in Milchprodukten vorkommen. Protein ist beispielsweise essenziell f\u00fcr die Muskelregeneration. Das macht PanPan zum idealen K\u00e4se f\u00fcr einen aktiven Lebensstil.<\/p>\n<p>Gesunder Genuss von \u00fcber 20<\/p>\n<p>PanPan ist ein einzigartiger, gesunder K\u00e4se mit \u00fcber 20 Kalorien, der t\u00e4glich erh\u00e4ltlich ist. Immer mehr Menschen entdecken ihn. PanPan ist die am schnellsten wachsende Marke im Segment der leichten K\u00e4sesorten!<\/p>\n<p>Mit einer ordentlichen Portion Gew\u00fcrzen<\/p>\n<p>Durch die Zugabe von Kreuzk\u00fcmmel erh\u00e4lt der fettarme PanPan-K\u00e4se ein besonders intensives Aroma. PanPan ist die einzige K\u00e4semarke mit \u00fcber 20 Sorten, die mit einem Aromazusatz verfeinert ist.<\/p>\n<p>Weitere Informationen zu diesem hervorragenden PanPan-K\u00e4se finden Sie hier:&nbsp;<a href=\"https:\/\/www.panpan.nl\/\">panpan.nl<\/a><\/p>\n<p>Bestellen Sie bei uns diesen PanPan 20+ Kreuzk\u00fcmmelk\u00e4se, hergestellt nach einem traditionellen Leidener Rezept. K\u00e4se online bestellen bietet eine gro\u00dfe Auswahl an k\u00f6stlichen K\u00e4sesorten. Jetzt bestellen!<\/p>","protected":false},"excerpt":{"rendered":"<p>PanPan is een lichte en\u00a0smaakvolle 20+ komijnekaas\u00a0naar eeuwenoud Leids recept. <\/p>","protected":false},"featured_media":541,"template":"","meta":[],"product_brand":[],"product_cat":[25],"product_tag":[],"class_list":{"0":"post-429","1":"product","2":"type-product","3":"status-publish","4":"has-post-thumbnail","6":"product_cat-hollandse-komijne-kaas","8":"first","9":"instock","10":"taxable","11":"shipping-taxable","12":"product-type-simple"},"yoast_head":"<!-- This site is optimized with the Yoast SEO plugin v27.3 - https:\/\/yoast.com\/product\/yoast-seo-wordpress\/ -->\n<title>PanPan 20+ komijnekaas - Kaashandel Dammers<\/title>\n<meta name=\"robots\" content=\"index, follow, max-snippet:-1, max-image-preview:large, max-video-preview:-1\" \/>\n<link rel=\"canonical\" href=\"https:\/\/kaashandeldammers.nl\/de\/produkt\/panpan-20-komijnekaas\/\" \/>\n<meta property=\"og:locale\" content=\"de_DE\" \/>\n<meta property=\"og:type\" content=\"article\" \/>\n<meta property=\"og:title\" content=\"PanPan 20+ komijnekaas - Kaashandel Dammers\" \/>\n<meta property=\"og:description\" content=\"PanPan is een lichte en\u00a0smaakvolle 20+ komijnekaas\u00a0naar eeuwenoud Leids recept.\" \/>\n<meta property=\"og:url\" content=\"https:\/\/kaashandeldammers.nl\/de\/produkt\/panpan-20-komijnekaas\/\" \/>\n<meta property=\"og:site_name\" content=\"Kaashandel Dammers\" \/>\n<meta property=\"article:modified_time\" content=\"2026-01-22T08:31:41+00:00\" \/>\n<meta property=\"og:image\" content=\"https:\/\/kaashandeldammers.nl\/wp-content\/uploads\/2026\/01\/1918322553-2.jpg\" \/>\n\t<meta property=\"og:image:width\" content=\"550\" \/>\n\t<meta property=\"og:image:height\" content=\"370\" \/>\n\t<meta property=\"og:image:type\" content=\"image\/jpeg\" \/>\n<meta name=\"twitter:card\" content=\"summary_large_image\" \/>\n<meta name=\"twitter:label1\" content=\"Gesch\u00e4tzte Lesezeit\" \/>\n\t<meta name=\"twitter:data1\" content=\"2\u00a0Minuten\" \/>\n<script type=\"application\/ld+json\" class=\"yoast-schema-graph\">{\"@context\":\"https:\\\/\\\/schema.org\",\"@graph\":[{\"@type\":\"WebPage\",\"@id\":\"https:\\\/\\\/kaashandeldammers.nl\\\/product\\\/panpan-20-komijnekaas\\\/\",\"url\":\"https:\\\/\\\/kaashandeldammers.nl\\\/product\\\/panpan-20-komijnekaas\\\/\",\"name\":\"PanPan 20+ komijnekaas - Kaashandel Dammers\",\"isPartOf\":{\"@id\":\"https:\\\/\\\/kaashandeldammers.nl\\\/#website\"},\"primaryImageOfPage\":{\"@id\":\"https:\\\/\\\/kaashandeldammers.nl\\\/product\\\/panpan-20-komijnekaas\\\/#primaryimage\"},\"image\":{\"@id\":\"https:\\\/\\\/kaashandeldammers.nl\\\/product\\\/panpan-20-komijnekaas\\\/#primaryimage\"},\"thumbnailUrl\":\"https:\\\/\\\/kaashandeldammers.nl\\\/wp-content\\\/uploads\\\/2026\\\/01\\\/1918322553-3.jpg\",\"datePublished\":\"2026-01-21T13:49:42+00:00\",\"dateModified\":\"2026-01-22T08:31:41+00:00\",\"breadcrumb\":{\"@id\":\"https:\\\/\\\/kaashandeldammers.nl\\\/product\\\/panpan-20-komijnekaas\\\/#breadcrumb\"},\"inLanguage\":\"de\",\"potentialAction\":[{\"@type\":\"ReadAction\",\"target\":[\"https:\\\/\\\/kaashandeldammers.nl\\\/product\\\/panpan-20-komijnekaas\\\/\"]}]},{\"@type\":\"ImageObject\",\"inLanguage\":\"de\",\"@id\":\"https:\\\/\\\/kaashandeldammers.nl\\\/product\\\/panpan-20-komijnekaas\\\/#primaryimage\",\"url\":\"https:\\\/\\\/kaashandeldammers.nl\\\/wp-content\\\/uploads\\\/2026\\\/01\\\/1918322553-3.jpg\",\"contentUrl\":\"https:\\\/\\\/kaashandeldammers.nl\\\/wp-content\\\/uploads\\\/2026\\\/01\\\/1918322553-3.jpg\",\"width\":550,\"height\":370},{\"@type\":\"BreadcrumbList\",\"@id\":\"https:\\\/\\\/kaashandeldammers.nl\\\/product\\\/panpan-20-komijnekaas\\\/#breadcrumb\",\"itemListElement\":[{\"@type\":\"ListItem\",\"position\":1,\"name\":\"Home\",\"item\":\"https:\\\/\\\/kaashandeldammers.nl\\\/\"},{\"@type\":\"ListItem\",\"position\":2,\"name\":\"Aanbod\",\"item\":\"https:\\\/\\\/kaashandeldammers.nl\\\/aanbod\\\/\"},{\"@type\":\"ListItem\",\"position\":3,\"name\":\"PanPan 20+ komijnekaas\"}]},{\"@type\":\"WebSite\",\"@id\":\"https:\\\/\\\/kaashandeldammers.nl\\\/#website\",\"url\":\"https:\\\/\\\/kaashandeldammers.nl\\\/\",\"name\":\"Kaashandel Dammers\",\"description\":\"Ambachtelijke kaas, vers van het mes\",\"potentialAction\":[{\"@type\":\"SearchAction\",\"target\":{\"@type\":\"EntryPoint\",\"urlTemplate\":\"https:\\\/\\\/kaashandeldammers.nl\\\/?s={search_term_string}\"},\"query-input\":{\"@type\":\"PropertyValueSpecification\",\"valueRequired\":true,\"valueName\":\"search_term_string\"}}],\"inLanguage\":\"de\"}]}<\/script>\n<!-- \/ Yoast SEO plugin. -->","yoast_head_json":{"title":"PanPan 20+ komijnekaas - Kaashandel Dammers","robots":{"index":"index","follow":"follow","max-snippet":"max-snippet:-1","max-image-preview":"max-image-preview:large","max-video-preview":"max-video-preview:-1"},"canonical":"https:\/\/kaashandeldammers.nl\/de\/produkt\/panpan-20-komijnekaas\/","og_locale":"de_DE","og_type":"article","og_title":"PanPan 20+ komijnekaas - Kaashandel Dammers","og_description":"PanPan is een lichte en\u00a0smaakvolle 20+ komijnekaas\u00a0naar eeuwenoud Leids recept.","og_url":"https:\/\/kaashandeldammers.nl\/de\/produkt\/panpan-20-komijnekaas\/","og_site_name":"Kaashandel Dammers","article_modified_time":"2026-01-22T08:31:41+00:00","og_image":[{"width":550,"height":370,"url":"https:\/\/kaashandeldammers.nl\/wp-content\/uploads\/2026\/01\/1918322553-2.jpg","type":"image\/jpeg"}],"twitter_card":"summary_large_image","twitter_misc":{"Gesch\u00e4tzte Lesezeit":"2\u00a0Minuten"},"schema":{"@context":"https:\/\/schema.org","@graph":[{"@type":"WebPage","@id":"https:\/\/kaashandeldammers.nl\/product\/panpan-20-komijnekaas\/","url":"https:\/\/kaashandeldammers.nl\/product\/panpan-20-komijnekaas\/","name":"PanPan 20+ komijnekaas - Kaashandel Dammers","isPartOf":{"@id":"https:\/\/kaashandeldammers.nl\/#website"},"primaryImageOfPage":{"@id":"https:\/\/kaashandeldammers.nl\/product\/panpan-20-komijnekaas\/#primaryimage"},"image":{"@id":"https:\/\/kaashandeldammers.nl\/product\/panpan-20-komijnekaas\/#primaryimage"},"thumbnailUrl":"https:\/\/kaashandeldammers.nl\/wp-content\/uploads\/2026\/01\/1918322553-3.jpg","datePublished":"2026-01-21T13:49:42+00:00","dateModified":"2026-01-22T08:31:41+00:00","breadcrumb":{"@id":"https:\/\/kaashandeldammers.nl\/product\/panpan-20-komijnekaas\/#breadcrumb"},"inLanguage":"de","potentialAction":[{"@type":"ReadAction","target":["https:\/\/kaashandeldammers.nl\/product\/panpan-20-komijnekaas\/"]}]},{"@type":"ImageObject","inLanguage":"de","@id":"https:\/\/kaashandeldammers.nl\/product\/panpan-20-komijnekaas\/#primaryimage","url":"https:\/\/kaashandeldammers.nl\/wp-content\/uploads\/2026\/01\/1918322553-3.jpg","contentUrl":"https:\/\/kaashandeldammers.nl\/wp-content\/uploads\/2026\/01\/1918322553-3.jpg","width":550,"height":370},{"@type":"BreadcrumbList","@id":"https:\/\/kaashandeldammers.nl\/product\/panpan-20-komijnekaas\/#breadcrumb","itemListElement":[{"@type":"ListItem","position":1,"name":"Home","item":"https:\/\/kaashandeldammers.nl\/"},{"@type":"ListItem","position":2,"name":"Aanbod","item":"https:\/\/kaashandeldammers.nl\/aanbod\/"},{"@type":"ListItem","position":3,"name":"PanPan 20+ komijnekaas"}]},{"@type":"WebSite","@id":"https:\/\/kaashandeldammers.nl\/#website","url":"https:\/\/kaashandeldammers.nl\/","name":"Dammers K\u00e4segesch\u00e4ft","description":"Handwerklich hergestellter K\u00e4se, frisch vom Messer","potentialAction":[{"@type":"SearchAction","target":{"@type":"EntryPoint","urlTemplate":"https:\/\/kaashandeldammers.nl\/?s={search_term_string}"},"query-input":{"@type":"PropertyValueSpecification","valueRequired":true,"valueName":"search_term_string"}}],"inLanguage":"de"}]}},"jetpack_sharing_enabled":true,"_links":{"self":[{"href":"https:\/\/kaashandeldammers.nl\/de\/wp-json\/wp\/v2\/product\/429","targetHints":{"allow":["GET"]}}],"collection":[{"href":"https:\/\/kaashandeldammers.nl\/de\/wp-json\/wp\/v2\/product"}],"about":[{"href":"https:\/\/kaashandeldammers.nl\/de\/wp-json\/wp\/v2\/types\/product"}],"wp:featuredmedia":[{"embeddable":true,"href":"https:\/\/kaashandeldammers.nl\/de\/wp-json\/wp\/v2\/media\/541"}],"wp:attachment":[{"href":"https:\/\/kaashandeldammers.nl\/de\/wp-json\/wp\/v2\/media?parent=429"}],"wp:term":[{"taxonomy":"product_brand","embeddable":true,"href":"https:\/\/kaashandeldammers.nl\/de\/wp-json\/wp\/v2\/product_brand?post=429"},{"taxonomy":"product_cat","embeddable":true,"href":"https:\/\/kaashandeldammers.nl\/de\/wp-json\/wp\/v2\/product_cat?post=429"},{"taxonomy":"product_tag","embeddable":true,"href":"https:\/\/kaashandeldammers.nl\/de\/wp-json\/wp\/v2\/product_tag?post=429"}],"curies":[{"name":"wp","href":"https:\/\/api.w.org\/{rel}","templated":true}]}}