{"id":427,"date":"2026-01-21T13:49:35","date_gmt":"2026-01-21T13:49:35","guid":{"rendered":"https:\/\/kaashandeldammers.nl\/product\/villa-nella-kruiden-met-een-italiaans-accent\/"},"modified":"2026-01-22T08:31:41","modified_gmt":"2026-01-22T08:31:41","slug":"villa-nella-kruiden-met-een-italiaans-accent","status":"publish","type":"product","link":"https:\/\/kaashandeldammers.nl\/de\/produkt\/villa-nella-kruiden-met-een-italiaans-accent\/","title":{"rendered":"Villa Nella Kr\u00e4uter mit italienischem Akzent"},"content":{"rendered":"<p>Villa Nella Kr\u00e4uterk\u00e4se mit italienischem Akzent,<\/p>\n<p>Der Kr\u00e4uterk\u00e4se von Villa Nella mit italienischem Flair wurde bei den Great Taste Awards 2011 in England f\u00fcr seinen au\u00dfergew\u00f6hnlich k\u00f6stlichen Geschmack ausgezeichnet. Bei diesem K\u00e4sewettbewerb erhielt Villa Nella einen Goldstern in der Kategorie \u2018K\u00e4se mit Zusatzstoffen\u2019. Die Bewertung durch mindestens drei unabh\u00e4ngige Expertengremien ergab, dass der K\u00e4se die Note \u201enahezu perfekt\u201c erreichte. Eine wahre Auszeichnung f\u00fcr diesen cremigen K\u00e4se mit italienischem Charakter.<\/p>\n<p>Die handwerklich hergestellten Kr\u00e4uterk\u00e4se Villa Nella und Villa Moutarde sind etwas ganz Besonderes. Jeder K\u00e4se wird nach eigenem Rezept handgefertigt.<\/p>\n<p>Die frische Vollmilch unserer eigenen K\u00fche ist die wichtigste Zutat f\u00fcr den reichhaltigen und kr\u00e4ftigen Geschmack dieser handwerklich hergestellten Kr\u00e4uterk\u00e4se. So entsteht ein vollmundiger Geschmack, der je nach Jahreszeit leicht variiert. Natur pur. Hingabe, Leidenschaft f\u00fcr K\u00e4se und handwerkliches K\u00f6nnen garantieren, dass diese Kr\u00e4uterk\u00e4se mit Liebe hergestellt werden. Jeder K\u00e4se wird individuell mit Kr\u00e4utern verfeinert und erh\u00e4lt dadurch seinen ganz eigenen, unverwechselbaren Geschmack.<\/p>\n<p>Sobald die K\u00e4se hergestellt sind, reifen sie sorgf\u00e4ltig im Lagerhaus. Ihr charakteristischer Geschmack entwickelt sich auf Holzplanken in ruhiger Atmosph\u00e4re.<\/p>\n<p>Tipp: Villa Nella ist ein k\u00f6stlicher K\u00e4se f\u00fcr K\u00e4sefondue, weil er leicht schmilzt.<\/p>","protected":false},"excerpt":{"rendered":"<p>Villa Nella is een romige jong belegen boerenkaas met een Italiaans accent! De smeu\u00efge kaas is gecombineerd met olijfjes, zongedroogde tomaatjes en een vleugje knoflook. Een echte topper onder de krui<\/p>","protected":false},"featured_media":703,"template":"","meta":[],"product_brand":[],"product_cat":[29],"product_tag":[],"class_list":{"0":"post-427","1":"product","2":"type-product","3":"status-publish","4":"has-post-thumbnail","6":"product_cat-speciale-smaken","8":"first","9":"instock","10":"taxable","11":"shipping-taxable","12":"product-type-simple"},"yoast_head":"<!-- This site is optimized with the Yoast SEO plugin v27.3 - https:\/\/yoast.com\/product\/yoast-seo-wordpress\/ -->\n<title>Villa Nella kruiden met een Italiaans accent - Kaashandel Dammers<\/title>\n<meta name=\"robots\" content=\"index, follow, max-snippet:-1, max-image-preview:large, max-video-preview:-1\" \/>\n<link rel=\"canonical\" href=\"https:\/\/kaashandeldammers.nl\/de\/produkt\/villa-nella-kruiden-met-een-italiaans-accent\/\" \/>\n<meta property=\"og:locale\" content=\"de_DE\" \/>\n<meta property=\"og:type\" content=\"article\" \/>\n<meta property=\"og:title\" content=\"Villa Nella kruiden met een Italiaans accent - Kaashandel Dammers\" \/>\n<meta property=\"og:description\" content=\"Villa Nella is een romige jong belegen boerenkaas met een Italiaans accent! De smeu\u00efge kaas is gecombineerd met olijfjes, zongedroogde tomaatjes en een vleugje knoflook. Een echte topper onder de krui\" \/>\n<meta property=\"og:url\" content=\"https:\/\/kaashandeldammers.nl\/de\/produkt\/villa-nella-kruiden-met-een-italiaans-accent\/\" \/>\n<meta property=\"og:site_name\" content=\"Kaashandel Dammers\" \/>\n<meta property=\"article:modified_time\" content=\"2026-01-22T08:31:41+00:00\" \/>\n<meta name=\"twitter:card\" content=\"summary_large_image\" \/>\n<meta name=\"twitter:label1\" content=\"Gesch\u00e4tzte Lesezeit\" \/>\n\t<meta name=\"twitter:data1\" content=\"1\u00a0Minute\" \/>\n<script type=\"application\/ld+json\" class=\"yoast-schema-graph\">{\"@context\":\"https:\\\/\\\/schema.org\",\"@graph\":[{\"@type\":\"WebPage\",\"@id\":\"https:\\\/\\\/kaashandeldammers.nl\\\/product\\\/villa-nella-kruiden-met-een-italiaans-accent\\\/\",\"url\":\"https:\\\/\\\/kaashandeldammers.nl\\\/product\\\/villa-nella-kruiden-met-een-italiaans-accent\\\/\",\"name\":\"Villa Nella kruiden met een Italiaans accent - Kaashandel Dammers\",\"isPartOf\":{\"@id\":\"https:\\\/\\\/kaashandeldammers.nl\\\/#website\"},\"primaryImageOfPage\":{\"@id\":\"https:\\\/\\\/kaashandeldammers.nl\\\/product\\\/villa-nella-kruiden-met-een-italiaans-accent\\\/#primaryimage\"},\"image\":{\"@id\":\"https:\\\/\\\/kaashandeldammers.nl\\\/product\\\/villa-nella-kruiden-met-een-italiaans-accent\\\/#primaryimage\"},\"thumbnailUrl\":\"https:\\\/\\\/kaashandeldammers.nl\\\/wp-content\\\/uploads\\\/2026\\\/01\\\/2033856459-4.png\",\"datePublished\":\"2026-01-21T13:49:35+00:00\",\"dateModified\":\"2026-01-22T08:31:41+00:00\",\"breadcrumb\":{\"@id\":\"https:\\\/\\\/kaashandeldammers.nl\\\/product\\\/villa-nella-kruiden-met-een-italiaans-accent\\\/#breadcrumb\"},\"inLanguage\":\"de\",\"potentialAction\":[{\"@type\":\"ReadAction\",\"target\":[\"https:\\\/\\\/kaashandeldammers.nl\\\/product\\\/villa-nella-kruiden-met-een-italiaans-accent\\\/\"]}]},{\"@type\":\"ImageObject\",\"inLanguage\":\"de\",\"@id\":\"https:\\\/\\\/kaashandeldammers.nl\\\/product\\\/villa-nella-kruiden-met-een-italiaans-accent\\\/#primaryimage\",\"url\":\"https:\\\/\\\/kaashandeldammers.nl\\\/wp-content\\\/uploads\\\/2026\\\/01\\\/2033856459-4.png\",\"contentUrl\":\"https:\\\/\\\/kaashandeldammers.nl\\\/wp-content\\\/uploads\\\/2026\\\/01\\\/2033856459-4.png\",\"width\":1080,\"height\":1080},{\"@type\":\"BreadcrumbList\",\"@id\":\"https:\\\/\\\/kaashandeldammers.nl\\\/product\\\/villa-nella-kruiden-met-een-italiaans-accent\\\/#breadcrumb\",\"itemListElement\":[{\"@type\":\"ListItem\",\"position\":1,\"name\":\"Home\",\"item\":\"https:\\\/\\\/kaashandeldammers.nl\\\/\"},{\"@type\":\"ListItem\",\"position\":2,\"name\":\"Aanbod\",\"item\":\"https:\\\/\\\/kaashandeldammers.nl\\\/aanbod\\\/\"},{\"@type\":\"ListItem\",\"position\":3,\"name\":\"Villa Nella kruiden met een Italiaans accent\"}]},{\"@type\":\"WebSite\",\"@id\":\"https:\\\/\\\/kaashandeldammers.nl\\\/#website\",\"url\":\"https:\\\/\\\/kaashandeldammers.nl\\\/\",\"name\":\"Kaashandel Dammers\",\"description\":\"Ambachtelijke kaas, vers van het mes\",\"potentialAction\":[{\"@type\":\"SearchAction\",\"target\":{\"@type\":\"EntryPoint\",\"urlTemplate\":\"https:\\\/\\\/kaashandeldammers.nl\\\/?s={search_term_string}\"},\"query-input\":{\"@type\":\"PropertyValueSpecification\",\"valueRequired\":true,\"valueName\":\"search_term_string\"}}],\"inLanguage\":\"de\"}]}<\/script>\n<!-- \/ Yoast SEO plugin. -->","yoast_head_json":{"title":"Villa Nella kruiden met een Italiaans accent - Kaashandel Dammers","robots":{"index":"index","follow":"follow","max-snippet":"max-snippet:-1","max-image-preview":"max-image-preview:large","max-video-preview":"max-video-preview:-1"},"canonical":"https:\/\/kaashandeldammers.nl\/de\/produkt\/villa-nella-kruiden-met-een-italiaans-accent\/","og_locale":"de_DE","og_type":"article","og_title":"Villa Nella kruiden met een Italiaans accent - Kaashandel Dammers","og_description":"Villa Nella is een romige jong belegen boerenkaas met een Italiaans accent! De smeu\u00efge kaas is gecombineerd met olijfjes, zongedroogde tomaatjes en een vleugje knoflook. Een echte topper onder de krui","og_url":"https:\/\/kaashandeldammers.nl\/de\/produkt\/villa-nella-kruiden-met-een-italiaans-accent\/","og_site_name":"Kaashandel Dammers","article_modified_time":"2026-01-22T08:31:41+00:00","twitter_card":"summary_large_image","twitter_misc":{"Gesch\u00e4tzte Lesezeit":"1\u00a0Minute"},"schema":{"@context":"https:\/\/schema.org","@graph":[{"@type":"WebPage","@id":"https:\/\/kaashandeldammers.nl\/product\/villa-nella-kruiden-met-een-italiaans-accent\/","url":"https:\/\/kaashandeldammers.nl\/product\/villa-nella-kruiden-met-een-italiaans-accent\/","name":"Villa Nella kruiden met een Italiaans accent - Kaashandel Dammers","isPartOf":{"@id":"https:\/\/kaashandeldammers.nl\/#website"},"primaryImageOfPage":{"@id":"https:\/\/kaashandeldammers.nl\/product\/villa-nella-kruiden-met-een-italiaans-accent\/#primaryimage"},"image":{"@id":"https:\/\/kaashandeldammers.nl\/product\/villa-nella-kruiden-met-een-italiaans-accent\/#primaryimage"},"thumbnailUrl":"https:\/\/kaashandeldammers.nl\/wp-content\/uploads\/2026\/01\/2033856459-4.png","datePublished":"2026-01-21T13:49:35+00:00","dateModified":"2026-01-22T08:31:41+00:00","breadcrumb":{"@id":"https:\/\/kaashandeldammers.nl\/product\/villa-nella-kruiden-met-een-italiaans-accent\/#breadcrumb"},"inLanguage":"de","potentialAction":[{"@type":"ReadAction","target":["https:\/\/kaashandeldammers.nl\/product\/villa-nella-kruiden-met-een-italiaans-accent\/"]}]},{"@type":"ImageObject","inLanguage":"de","@id":"https:\/\/kaashandeldammers.nl\/product\/villa-nella-kruiden-met-een-italiaans-accent\/#primaryimage","url":"https:\/\/kaashandeldammers.nl\/wp-content\/uploads\/2026\/01\/2033856459-4.png","contentUrl":"https:\/\/kaashandeldammers.nl\/wp-content\/uploads\/2026\/01\/2033856459-4.png","width":1080,"height":1080},{"@type":"BreadcrumbList","@id":"https:\/\/kaashandeldammers.nl\/product\/villa-nella-kruiden-met-een-italiaans-accent\/#breadcrumb","itemListElement":[{"@type":"ListItem","position":1,"name":"Home","item":"https:\/\/kaashandeldammers.nl\/"},{"@type":"ListItem","position":2,"name":"Aanbod","item":"https:\/\/kaashandeldammers.nl\/aanbod\/"},{"@type":"ListItem","position":3,"name":"Villa Nella kruiden met een Italiaans accent"}]},{"@type":"WebSite","@id":"https:\/\/kaashandeldammers.nl\/#website","url":"https:\/\/kaashandeldammers.nl\/","name":"Dammers K\u00e4segesch\u00e4ft","description":"Handwerklich hergestellter K\u00e4se, frisch vom Messer","potentialAction":[{"@type":"SearchAction","target":{"@type":"EntryPoint","urlTemplate":"https:\/\/kaashandeldammers.nl\/?s={search_term_string}"},"query-input":{"@type":"PropertyValueSpecification","valueRequired":true,"valueName":"search_term_string"}}],"inLanguage":"de"}]}},"jetpack_sharing_enabled":true,"_links":{"self":[{"href":"https:\/\/kaashandeldammers.nl\/de\/wp-json\/wp\/v2\/product\/427","targetHints":{"allow":["GET"]}}],"collection":[{"href":"https:\/\/kaashandeldammers.nl\/de\/wp-json\/wp\/v2\/product"}],"about":[{"href":"https:\/\/kaashandeldammers.nl\/de\/wp-json\/wp\/v2\/types\/product"}],"wp:featuredmedia":[{"embeddable":true,"href":"https:\/\/kaashandeldammers.nl\/de\/wp-json\/wp\/v2\/media\/703"}],"wp:attachment":[{"href":"https:\/\/kaashandeldammers.nl\/de\/wp-json\/wp\/v2\/media?parent=427"}],"wp:term":[{"taxonomy":"product_brand","embeddable":true,"href":"https:\/\/kaashandeldammers.nl\/de\/wp-json\/wp\/v2\/product_brand?post=427"},{"taxonomy":"product_cat","embeddable":true,"href":"https:\/\/kaashandeldammers.nl\/de\/wp-json\/wp\/v2\/product_cat?post=427"},{"taxonomy":"product_tag","embeddable":true,"href":"https:\/\/kaashandeldammers.nl\/de\/wp-json\/wp\/v2\/product_tag?post=427"}],"curies":[{"name":"wp","href":"https:\/\/api.w.org\/{rel}","templated":true}]}}