{"id":425,"date":"2026-01-21T13:49:23","date_gmt":"2026-01-21T13:49:23","guid":{"rendered":"https:\/\/kaashandeldammers.nl\/product\/brandnetel-de-frisse-kruidenkaas\/"},"modified":"2026-01-22T08:31:41","modified_gmt":"2026-01-22T08:31:41","slug":"brandnetel-de-frisse-kruidenkaas","status":"publish","type":"product","link":"https:\/\/kaashandeldammers.nl\/de\/produkt\/brandnetel-de-frisse-kruidenkaas\/","title":{"rendered":"Brennnessel, der frische Kr\u00e4uterk\u00e4se"},"content":{"rendered":"<p><strong>Brandnetel:<\/strong><\/p>\n<p>Jonge brandnetelstengels van de grote brandnetel kunnen als een soort spinazie gegeten worden. In het voorjaar smaken de ongeveer 20 cm lange stengels het beste. Zeer jonge stengels kunnen als sla gegeten worden. Van brandnetels kan soep gemaakt worden. Ook de bladeren van de brandnetel kunnen voor consumptie gebruikt worden. Hiervoor moeten de bladeren, na het plukken, worden gedroogd op een droge en luchtige plaats. Hierna kan er van de gedroogde bladeren thee worden getrokken. De brandharen worden geneutraliseerd zodra ze eventjes in heet water gezet worden. Het beste is om alleen jonge bladeren te gebruiken. Dit kan later in het seizoen bereikt worden, door alleen de topjes (3 cm) te oogsten. Oude bladeren hebben teveel nitriet. Vroeger werden boter, vis en vlees in brandnetelbladeren verpakt om ze langer fris te houden. Het blijkt dat stoffen in brandnetel bacteriegroei tegengaan.<sup><a>[2]<\/a><\/sup><\/p>\n","protected":false},"excerpt":{"rendered":"<p>Brandnetel de frisse kruidenkaas,<\/p>\n<p>Deze kaas is een ultieme smaak beleving, heerlijk fris en kruidig.<br \/>\ntijdens de bereiding van deze kaas zijn de topjes van de brandnetel toegevoegd.<\/p>","protected":false},"featured_media":701,"template":"","meta":[],"product_brand":[],"product_cat":[29],"product_tag":[],"class_list":{"0":"post-425","1":"product","2":"type-product","3":"status-publish","4":"has-post-thumbnail","6":"product_cat-speciale-smaken","8":"first","9":"instock","10":"taxable","11":"shipping-taxable","12":"product-type-simple"},"yoast_head":"<!-- This site is optimized with the Yoast SEO plugin v27.3 - https:\/\/yoast.com\/product\/yoast-seo-wordpress\/ -->\n<title>Brandnetel de frisse kruidenkaas - Kaashandel Dammers<\/title>\n<meta name=\"robots\" content=\"index, follow, max-snippet:-1, max-image-preview:large, max-video-preview:-1\" \/>\n<link rel=\"canonical\" href=\"https:\/\/kaashandeldammers.nl\/de\/produkt\/brandnetel-de-frisse-kruidenkaas\/\" \/>\n<meta property=\"og:locale\" content=\"de_DE\" \/>\n<meta property=\"og:type\" content=\"article\" \/>\n<meta property=\"og:title\" content=\"Brandnetel de frisse kruidenkaas - Kaashandel Dammers\" \/>\n<meta property=\"og:description\" content=\"Brandnetel de frisse kruidenkaas, Deze kaas is een ultieme smaak beleving, heerlijk fris en kruidig. tijdens de bereiding van deze kaas zijn de topjes van de brandnetel toegevoegd.\" \/>\n<meta property=\"og:url\" content=\"https:\/\/kaashandeldammers.nl\/de\/produkt\/brandnetel-de-frisse-kruidenkaas\/\" \/>\n<meta property=\"og:site_name\" content=\"Kaashandel Dammers\" \/>\n<meta property=\"article:modified_time\" content=\"2026-01-22T08:31:41+00:00\" \/>\n<meta name=\"twitter:card\" content=\"summary_large_image\" \/>\n<meta name=\"twitter:label1\" content=\"Gesch\u00e4tzte Lesezeit\" \/>\n\t<meta name=\"twitter:data1\" content=\"1\u00a0Minute\" \/>\n<script type=\"application\/ld+json\" class=\"yoast-schema-graph\">{\"@context\":\"https:\\\/\\\/schema.org\",\"@graph\":[{\"@type\":\"WebPage\",\"@id\":\"https:\\\/\\\/kaashandeldammers.nl\\\/product\\\/brandnetel-de-frisse-kruidenkaas\\\/\",\"url\":\"https:\\\/\\\/kaashandeldammers.nl\\\/product\\\/brandnetel-de-frisse-kruidenkaas\\\/\",\"name\":\"Brandnetel de frisse kruidenkaas - Kaashandel Dammers\",\"isPartOf\":{\"@id\":\"https:\\\/\\\/kaashandeldammers.nl\\\/#website\"},\"primaryImageOfPage\":{\"@id\":\"https:\\\/\\\/kaashandeldammers.nl\\\/product\\\/brandnetel-de-frisse-kruidenkaas\\\/#primaryimage\"},\"image\":{\"@id\":\"https:\\\/\\\/kaashandeldammers.nl\\\/product\\\/brandnetel-de-frisse-kruidenkaas\\\/#primaryimage\"},\"thumbnailUrl\":\"https:\\\/\\\/kaashandeldammers.nl\\\/wp-content\\\/uploads\\\/2026\\\/01\\\/2009349093-4.png\",\"datePublished\":\"2026-01-21T13:49:23+00:00\",\"dateModified\":\"2026-01-22T08:31:41+00:00\",\"breadcrumb\":{\"@id\":\"https:\\\/\\\/kaashandeldammers.nl\\\/product\\\/brandnetel-de-frisse-kruidenkaas\\\/#breadcrumb\"},\"inLanguage\":\"de\",\"potentialAction\":[{\"@type\":\"ReadAction\",\"target\":[\"https:\\\/\\\/kaashandeldammers.nl\\\/product\\\/brandnetel-de-frisse-kruidenkaas\\\/\"]}]},{\"@type\":\"ImageObject\",\"inLanguage\":\"de\",\"@id\":\"https:\\\/\\\/kaashandeldammers.nl\\\/product\\\/brandnetel-de-frisse-kruidenkaas\\\/#primaryimage\",\"url\":\"https:\\\/\\\/kaashandeldammers.nl\\\/wp-content\\\/uploads\\\/2026\\\/01\\\/2009349093-4.png\",\"contentUrl\":\"https:\\\/\\\/kaashandeldammers.nl\\\/wp-content\\\/uploads\\\/2026\\\/01\\\/2009349093-4.png\",\"width\":1080,\"height\":1080},{\"@type\":\"BreadcrumbList\",\"@id\":\"https:\\\/\\\/kaashandeldammers.nl\\\/product\\\/brandnetel-de-frisse-kruidenkaas\\\/#breadcrumb\",\"itemListElement\":[{\"@type\":\"ListItem\",\"position\":1,\"name\":\"Home\",\"item\":\"https:\\\/\\\/kaashandeldammers.nl\\\/\"},{\"@type\":\"ListItem\",\"position\":2,\"name\":\"Aanbod\",\"item\":\"https:\\\/\\\/kaashandeldammers.nl\\\/aanbod\\\/\"},{\"@type\":\"ListItem\",\"position\":3,\"name\":\"Brandnetel de frisse kruidenkaas\"}]},{\"@type\":\"WebSite\",\"@id\":\"https:\\\/\\\/kaashandeldammers.nl\\\/#website\",\"url\":\"https:\\\/\\\/kaashandeldammers.nl\\\/\",\"name\":\"Kaashandel Dammers\",\"description\":\"Ambachtelijke kaas, vers van het mes\",\"potentialAction\":[{\"@type\":\"SearchAction\",\"target\":{\"@type\":\"EntryPoint\",\"urlTemplate\":\"https:\\\/\\\/kaashandeldammers.nl\\\/?s={search_term_string}\"},\"query-input\":{\"@type\":\"PropertyValueSpecification\",\"valueRequired\":true,\"valueName\":\"search_term_string\"}}],\"inLanguage\":\"de\"}]}<\/script>\n<!-- \/ Yoast SEO plugin. -->","yoast_head_json":{"title":"Brandnetel de frisse kruidenkaas - Kaashandel Dammers","robots":{"index":"index","follow":"follow","max-snippet":"max-snippet:-1","max-image-preview":"max-image-preview:large","max-video-preview":"max-video-preview:-1"},"canonical":"https:\/\/kaashandeldammers.nl\/de\/produkt\/brandnetel-de-frisse-kruidenkaas\/","og_locale":"de_DE","og_type":"article","og_title":"Brandnetel de frisse kruidenkaas - Kaashandel Dammers","og_description":"Brandnetel de frisse kruidenkaas, Deze kaas is een ultieme smaak beleving, heerlijk fris en kruidig. tijdens de bereiding van deze kaas zijn de topjes van de brandnetel toegevoegd.","og_url":"https:\/\/kaashandeldammers.nl\/de\/produkt\/brandnetel-de-frisse-kruidenkaas\/","og_site_name":"Kaashandel Dammers","article_modified_time":"2026-01-22T08:31:41+00:00","twitter_card":"summary_large_image","twitter_misc":{"Gesch\u00e4tzte Lesezeit":"1\u00a0Minute"},"schema":{"@context":"https:\/\/schema.org","@graph":[{"@type":"WebPage","@id":"https:\/\/kaashandeldammers.nl\/product\/brandnetel-de-frisse-kruidenkaas\/","url":"https:\/\/kaashandeldammers.nl\/product\/brandnetel-de-frisse-kruidenkaas\/","name":"Brandnetel de frisse kruidenkaas - Kaashandel Dammers","isPartOf":{"@id":"https:\/\/kaashandeldammers.nl\/#website"},"primaryImageOfPage":{"@id":"https:\/\/kaashandeldammers.nl\/product\/brandnetel-de-frisse-kruidenkaas\/#primaryimage"},"image":{"@id":"https:\/\/kaashandeldammers.nl\/product\/brandnetel-de-frisse-kruidenkaas\/#primaryimage"},"thumbnailUrl":"https:\/\/kaashandeldammers.nl\/wp-content\/uploads\/2026\/01\/2009349093-4.png","datePublished":"2026-01-21T13:49:23+00:00","dateModified":"2026-01-22T08:31:41+00:00","breadcrumb":{"@id":"https:\/\/kaashandeldammers.nl\/product\/brandnetel-de-frisse-kruidenkaas\/#breadcrumb"},"inLanguage":"de","potentialAction":[{"@type":"ReadAction","target":["https:\/\/kaashandeldammers.nl\/product\/brandnetel-de-frisse-kruidenkaas\/"]}]},{"@type":"ImageObject","inLanguage":"de","@id":"https:\/\/kaashandeldammers.nl\/product\/brandnetel-de-frisse-kruidenkaas\/#primaryimage","url":"https:\/\/kaashandeldammers.nl\/wp-content\/uploads\/2026\/01\/2009349093-4.png","contentUrl":"https:\/\/kaashandeldammers.nl\/wp-content\/uploads\/2026\/01\/2009349093-4.png","width":1080,"height":1080},{"@type":"BreadcrumbList","@id":"https:\/\/kaashandeldammers.nl\/product\/brandnetel-de-frisse-kruidenkaas\/#breadcrumb","itemListElement":[{"@type":"ListItem","position":1,"name":"Home","item":"https:\/\/kaashandeldammers.nl\/"},{"@type":"ListItem","position":2,"name":"Aanbod","item":"https:\/\/kaashandeldammers.nl\/aanbod\/"},{"@type":"ListItem","position":3,"name":"Brandnetel de frisse kruidenkaas"}]},{"@type":"WebSite","@id":"https:\/\/kaashandeldammers.nl\/#website","url":"https:\/\/kaashandeldammers.nl\/","name":"Dammers K\u00e4segesch\u00e4ft","description":"Handwerklich hergestellter K\u00e4se, frisch vom Messer","potentialAction":[{"@type":"SearchAction","target":{"@type":"EntryPoint","urlTemplate":"https:\/\/kaashandeldammers.nl\/?s={search_term_string}"},"query-input":{"@type":"PropertyValueSpecification","valueRequired":true,"valueName":"search_term_string"}}],"inLanguage":"de"}]}},"jetpack_sharing_enabled":true,"_links":{"self":[{"href":"https:\/\/kaashandeldammers.nl\/de\/wp-json\/wp\/v2\/product\/425","targetHints":{"allow":["GET"]}}],"collection":[{"href":"https:\/\/kaashandeldammers.nl\/de\/wp-json\/wp\/v2\/product"}],"about":[{"href":"https:\/\/kaashandeldammers.nl\/de\/wp-json\/wp\/v2\/types\/product"}],"wp:featuredmedia":[{"embeddable":true,"href":"https:\/\/kaashandeldammers.nl\/de\/wp-json\/wp\/v2\/media\/701"}],"wp:attachment":[{"href":"https:\/\/kaashandeldammers.nl\/de\/wp-json\/wp\/v2\/media?parent=425"}],"wp:term":[{"taxonomy":"product_brand","embeddable":true,"href":"https:\/\/kaashandeldammers.nl\/de\/wp-json\/wp\/v2\/product_brand?post=425"},{"taxonomy":"product_cat","embeddable":true,"href":"https:\/\/kaashandeldammers.nl\/de\/wp-json\/wp\/v2\/product_cat?post=425"},{"taxonomy":"product_tag","embeddable":true,"href":"https:\/\/kaashandeldammers.nl\/de\/wp-json\/wp\/v2\/product_tag?post=425"}],"curies":[{"name":"wp","href":"https:\/\/api.w.org\/{rel}","templated":true}]}}