{"id":423,"date":"2026-01-21T13:49:00","date_gmt":"2026-01-21T13:49:00","guid":{"rendered":"https:\/\/kaashandeldammers.nl\/product\/fenegriek-nootachtig-van-smaak\/"},"modified":"2026-01-22T08:31:41","modified_gmt":"2026-01-22T08:31:41","slug":"fenegriek-nootachtig-van-smaak","status":"publish","type":"product","link":"https:\/\/kaashandeldammers.nl\/de\/produkt\/fenegriek-nootachtig-van-smaak\/","title":{"rendered":"Bockshornklee mit nussigem Geschmack"},"content":{"rendered":"<p><strong>Was ist Bockshornklee?<\/strong><\/p>\n<p><strong>Bockshornklee<\/strong>&nbsp;(<i>Trigonella foenum-graecum<\/i>) ist eine Pflanze aus der Familie der H\u00fclsenfr\u00fcchtler (<i>Leguminosen<\/i>Die Pflanze wird auch Bockshornklee oder \u2018griechisches Heu\u2019 genannt. Sie wird als K\u00fcchengew\u00fcrz verwendet. Urspr\u00fcnglich stammt sie aus Mesopotamien und war bereits in der Antike im Mittelmeerraum bekannt. Heute wird Bockshornklee auch in Zentralasien angebaut.<\/p>\n<p>Bockshornkleesamen und -bl\u00e4tter werden in der K\u00fcche verwendet. Sie werden sowohl getrocknet als auch frisch verwendet. Sie haben einen w\u00fcrzig-bitteren Geschmack und ein leichtes Aroma von frischem Heu. Bockshornklee wird haupts\u00e4chlich in der indischen und pakistanischen K\u00fcche (Curry), der arabischen K\u00fcche (Geb\u00e4ck und Brot) und der nordafrikanischen K\u00fcche (Fleisch und Fisch) verwendet. Sein indischer Name ist&nbsp;<i>Methi<\/i>. Bockshornkleesamen sind auch ein bekanntes und beliebtes Keimsaatgut. Viele Reformh\u00e4user verkaufen P\u00e4ckchen mit diesen Samen.<\/p>\n<p>Bockshornklee ist reich an Eisen und Kupfer. Er enth\u00e4lt Saponine und Cumarine, die bei Venenproblemen hilfreich sein k\u00f6nnen. Au\u00dferdem wirkt er entz\u00fcndungshemmend und f\u00f6rdert die Gallenproduktion.<\/p>","protected":false},"excerpt":{"rendered":"<p>Bockshornklee mit nussigem Geschmack<\/p>\n<p>Lekker zacht belegen boeren kaas met fenegriek,<br \/>\nbij de bereiding van deze boeren kaas worden er fenegriek zaden toegevoegd, daar door krijgt deze een nootachtige smaak.<\/p>","protected":false},"featured_media":699,"template":"","meta":[],"product_brand":[],"product_cat":[29],"product_tag":[],"class_list":{"0":"post-423","1":"product","2":"type-product","3":"status-publish","4":"has-post-thumbnail","6":"product_cat-speciale-smaken","8":"first","9":"instock","10":"taxable","11":"shipping-taxable","12":"product-type-simple"},"yoast_head":"<!-- This site is optimized with the Yoast SEO plugin v27.3 - https:\/\/yoast.com\/product\/yoast-seo-wordpress\/ -->\n<title>Fenegriek nootachtig van smaak - Kaashandel Dammers<\/title>\n<meta name=\"robots\" content=\"index, follow, max-snippet:-1, max-image-preview:large, max-video-preview:-1\" \/>\n<link rel=\"canonical\" href=\"https:\/\/kaashandeldammers.nl\/de\/produkt\/fenegriek-nootachtig-van-smaak\/\" \/>\n<meta property=\"og:locale\" content=\"de_DE\" \/>\n<meta property=\"og:type\" content=\"article\" \/>\n<meta property=\"og:title\" content=\"Fenegriek nootachtig van smaak - Kaashandel Dammers\" \/>\n<meta property=\"og:description\" content=\"Fenegriek nootachtig van smaak Lekker zacht belegen boeren kaas met fenegriek, bij de bereiding van deze boeren kaas worden er fenegriek zaden toegevoegd, daar door krijgt deze een nootachtige smaak.\" \/>\n<meta property=\"og:url\" content=\"https:\/\/kaashandeldammers.nl\/de\/produkt\/fenegriek-nootachtig-van-smaak\/\" \/>\n<meta property=\"og:site_name\" content=\"Kaashandel Dammers\" \/>\n<meta property=\"article:modified_time\" content=\"2026-01-22T08:31:41+00:00\" \/>\n<meta name=\"twitter:card\" content=\"summary_large_image\" \/>\n<meta name=\"twitter:label1\" content=\"Gesch\u00e4tzte Lesezeit\" \/>\n\t<meta name=\"twitter:data1\" content=\"1\u00a0Minute\" \/>\n<script type=\"application\/ld+json\" class=\"yoast-schema-graph\">{\"@context\":\"https:\\\/\\\/schema.org\",\"@graph\":[{\"@type\":\"WebPage\",\"@id\":\"https:\\\/\\\/kaashandeldammers.nl\\\/product\\\/fenegriek-nootachtig-van-smaak\\\/\",\"url\":\"https:\\\/\\\/kaashandeldammers.nl\\\/product\\\/fenegriek-nootachtig-van-smaak\\\/\",\"name\":\"Fenegriek nootachtig van smaak - Kaashandel Dammers\",\"isPartOf\":{\"@id\":\"https:\\\/\\\/kaashandeldammers.nl\\\/#website\"},\"primaryImageOfPage\":{\"@id\":\"https:\\\/\\\/kaashandeldammers.nl\\\/product\\\/fenegriek-nootachtig-van-smaak\\\/#primaryimage\"},\"image\":{\"@id\":\"https:\\\/\\\/kaashandeldammers.nl\\\/product\\\/fenegriek-nootachtig-van-smaak\\\/#primaryimage\"},\"thumbnailUrl\":\"https:\\\/\\\/kaashandeldammers.nl\\\/wp-content\\\/uploads\\\/2026\\\/01\\\/2009349090-4.png\",\"datePublished\":\"2026-01-21T13:49:00+00:00\",\"dateModified\":\"2026-01-22T08:31:41+00:00\",\"breadcrumb\":{\"@id\":\"https:\\\/\\\/kaashandeldammers.nl\\\/product\\\/fenegriek-nootachtig-van-smaak\\\/#breadcrumb\"},\"inLanguage\":\"de\",\"potentialAction\":[{\"@type\":\"ReadAction\",\"target\":[\"https:\\\/\\\/kaashandeldammers.nl\\\/product\\\/fenegriek-nootachtig-van-smaak\\\/\"]}]},{\"@type\":\"ImageObject\",\"inLanguage\":\"de\",\"@id\":\"https:\\\/\\\/kaashandeldammers.nl\\\/product\\\/fenegriek-nootachtig-van-smaak\\\/#primaryimage\",\"url\":\"https:\\\/\\\/kaashandeldammers.nl\\\/wp-content\\\/uploads\\\/2026\\\/01\\\/2009349090-4.png\",\"contentUrl\":\"https:\\\/\\\/kaashandeldammers.nl\\\/wp-content\\\/uploads\\\/2026\\\/01\\\/2009349090-4.png\",\"width\":1080,\"height\":1080},{\"@type\":\"BreadcrumbList\",\"@id\":\"https:\\\/\\\/kaashandeldammers.nl\\\/product\\\/fenegriek-nootachtig-van-smaak\\\/#breadcrumb\",\"itemListElement\":[{\"@type\":\"ListItem\",\"position\":1,\"name\":\"Home\",\"item\":\"https:\\\/\\\/kaashandeldammers.nl\\\/\"},{\"@type\":\"ListItem\",\"position\":2,\"name\":\"Aanbod\",\"item\":\"https:\\\/\\\/kaashandeldammers.nl\\\/aanbod\\\/\"},{\"@type\":\"ListItem\",\"position\":3,\"name\":\"Fenegriek nootachtig van smaak\"}]},{\"@type\":\"WebSite\",\"@id\":\"https:\\\/\\\/kaashandeldammers.nl\\\/#website\",\"url\":\"https:\\\/\\\/kaashandeldammers.nl\\\/\",\"name\":\"Kaashandel Dammers\",\"description\":\"Ambachtelijke kaas, vers van het mes\",\"potentialAction\":[{\"@type\":\"SearchAction\",\"target\":{\"@type\":\"EntryPoint\",\"urlTemplate\":\"https:\\\/\\\/kaashandeldammers.nl\\\/?s={search_term_string}\"},\"query-input\":{\"@type\":\"PropertyValueSpecification\",\"valueRequired\":true,\"valueName\":\"search_term_string\"}}],\"inLanguage\":\"de\"}]}<\/script>\n<!-- \/ Yoast SEO plugin. -->","yoast_head_json":{"title":"Fenegriek nootachtig van smaak - Kaashandel Dammers","robots":{"index":"index","follow":"follow","max-snippet":"max-snippet:-1","max-image-preview":"max-image-preview:large","max-video-preview":"max-video-preview:-1"},"canonical":"https:\/\/kaashandeldammers.nl\/de\/produkt\/fenegriek-nootachtig-van-smaak\/","og_locale":"de_DE","og_type":"article","og_title":"Fenegriek nootachtig van smaak - Kaashandel Dammers","og_description":"Fenegriek nootachtig van smaak Lekker zacht belegen boeren kaas met fenegriek, bij de bereiding van deze boeren kaas worden er fenegriek zaden toegevoegd, daar door krijgt deze een nootachtige smaak.","og_url":"https:\/\/kaashandeldammers.nl\/de\/produkt\/fenegriek-nootachtig-van-smaak\/","og_site_name":"Kaashandel Dammers","article_modified_time":"2026-01-22T08:31:41+00:00","twitter_card":"summary_large_image","twitter_misc":{"Gesch\u00e4tzte Lesezeit":"1\u00a0Minute"},"schema":{"@context":"https:\/\/schema.org","@graph":[{"@type":"WebPage","@id":"https:\/\/kaashandeldammers.nl\/product\/fenegriek-nootachtig-van-smaak\/","url":"https:\/\/kaashandeldammers.nl\/product\/fenegriek-nootachtig-van-smaak\/","name":"Fenegriek nootachtig van smaak - Kaashandel Dammers","isPartOf":{"@id":"https:\/\/kaashandeldammers.nl\/#website"},"primaryImageOfPage":{"@id":"https:\/\/kaashandeldammers.nl\/product\/fenegriek-nootachtig-van-smaak\/#primaryimage"},"image":{"@id":"https:\/\/kaashandeldammers.nl\/product\/fenegriek-nootachtig-van-smaak\/#primaryimage"},"thumbnailUrl":"https:\/\/kaashandeldammers.nl\/wp-content\/uploads\/2026\/01\/2009349090-4.png","datePublished":"2026-01-21T13:49:00+00:00","dateModified":"2026-01-22T08:31:41+00:00","breadcrumb":{"@id":"https:\/\/kaashandeldammers.nl\/product\/fenegriek-nootachtig-van-smaak\/#breadcrumb"},"inLanguage":"de","potentialAction":[{"@type":"ReadAction","target":["https:\/\/kaashandeldammers.nl\/product\/fenegriek-nootachtig-van-smaak\/"]}]},{"@type":"ImageObject","inLanguage":"de","@id":"https:\/\/kaashandeldammers.nl\/product\/fenegriek-nootachtig-van-smaak\/#primaryimage","url":"https:\/\/kaashandeldammers.nl\/wp-content\/uploads\/2026\/01\/2009349090-4.png","contentUrl":"https:\/\/kaashandeldammers.nl\/wp-content\/uploads\/2026\/01\/2009349090-4.png","width":1080,"height":1080},{"@type":"BreadcrumbList","@id":"https:\/\/kaashandeldammers.nl\/product\/fenegriek-nootachtig-van-smaak\/#breadcrumb","itemListElement":[{"@type":"ListItem","position":1,"name":"Home","item":"https:\/\/kaashandeldammers.nl\/"},{"@type":"ListItem","position":2,"name":"Aanbod","item":"https:\/\/kaashandeldammers.nl\/aanbod\/"},{"@type":"ListItem","position":3,"name":"Fenegriek nootachtig van smaak"}]},{"@type":"WebSite","@id":"https:\/\/kaashandeldammers.nl\/#website","url":"https:\/\/kaashandeldammers.nl\/","name":"Dammers K\u00e4segesch\u00e4ft","description":"Handwerklich hergestellter K\u00e4se, frisch vom Messer","potentialAction":[{"@type":"SearchAction","target":{"@type":"EntryPoint","urlTemplate":"https:\/\/kaashandeldammers.nl\/?s={search_term_string}"},"query-input":{"@type":"PropertyValueSpecification","valueRequired":true,"valueName":"search_term_string"}}],"inLanguage":"de"}]}},"jetpack_sharing_enabled":true,"_links":{"self":[{"href":"https:\/\/kaashandeldammers.nl\/de\/wp-json\/wp\/v2\/product\/423","targetHints":{"allow":["GET"]}}],"collection":[{"href":"https:\/\/kaashandeldammers.nl\/de\/wp-json\/wp\/v2\/product"}],"about":[{"href":"https:\/\/kaashandeldammers.nl\/de\/wp-json\/wp\/v2\/types\/product"}],"wp:featuredmedia":[{"embeddable":true,"href":"https:\/\/kaashandeldammers.nl\/de\/wp-json\/wp\/v2\/media\/699"}],"wp:attachment":[{"href":"https:\/\/kaashandeldammers.nl\/de\/wp-json\/wp\/v2\/media?parent=423"}],"wp:term":[{"taxonomy":"product_brand","embeddable":true,"href":"https:\/\/kaashandeldammers.nl\/de\/wp-json\/wp\/v2\/product_brand?post=423"},{"taxonomy":"product_cat","embeddable":true,"href":"https:\/\/kaashandeldammers.nl\/de\/wp-json\/wp\/v2\/product_cat?post=423"},{"taxonomy":"product_tag","embeddable":true,"href":"https:\/\/kaashandeldammers.nl\/de\/wp-json\/wp\/v2\/product_tag?post=423"}],"curies":[{"name":"wp","href":"https:\/\/api.w.org\/{rel}","templated":true}]}}