{"id":417,"date":"2026-01-21T13:48:32","date_gmt":"2026-01-21T13:48:32","guid":{"rendered":"https:\/\/kaashandeldammers.nl\/product\/eigenmerk-35-belegen\/"},"modified":"2026-01-22T08:31:41","modified_gmt":"2026-01-22T08:31:41","slug":"eigenmerk-35-belegen","status":"publish","type":"product","link":"https:\/\/kaashandeldammers.nl\/de\/produkt\/eigenmerk-35-belegen\/","title":{"rendered":"Eigenmarke, Zielgruppe: Erwachsene ab 35 Jahren"},"content":{"rendered":"<p><strong>Eigenmarke f\u00fcr die Zielgruppe 35+,<\/strong><\/p>\n<p>Unser eigener 35+ gereifter K\u00e4se mit weniger Fett und weniger Salz, von unserer Eigenmarke &quot;veenlijner&quot;.<br \/>\nDieser K\u00e4se reifte 18 Wochen lang auf nat\u00fcrliche Weise, wodurch er seinen w\u00fcrzigen und gleichzeitig cremigen Geschmack erhielt.<br \/>\nVeenlijner Matured ist f\u00fcr K\u00e4seliebhaber, die einen vollen, w\u00fcrzigen (aber nicht zu intensiven) Geschmack sch\u00e4tzen.<\/p>\n<p><strong>Worin besteht der Unterschied zwischen K\u00e4se mit einem Reifegrad von 35+ und 48+?<\/strong><\/p>\n<p>Der 48+ K\u00e4se wird aus Vollmilch hergestellt, unser Veenlijner aus teilentrahmter Milch (weniger Fett).<br \/>\nVeenlijner ist ein K\u00e4se mit vollem Geschmack, aber weniger Fett und weniger Salz, sodass man trotzdem einen leckeren K\u00e4se genie\u00dfen und sich gesund ern\u00e4hren kann.<br \/>\nDie Zahl vor dem + gibt den Fettgehalt des K\u00e4ses an, genauer gesagt den Fettgehalt der Trockenmasse, also das, was \u00fcbrig bliebe, wenn man dem K\u00e4se die gesamte Feuchtigkeit entziehen w\u00fcrde.<\/p>\n<p><strong>K\u00e4se mit einem Fettgehalt von \u00fcber 35 g\/l enth\u00e4lt 35 g\/l Fett?<\/strong><\/p>\n<p>Ein K\u00e4se der Reifeklasse 35+ besteht nicht aus 351 % Fett. Die Trockenmasse besteht aus 351 % Fett. Eine kurze Rechnung: K\u00e4se besteht aus etwa 401 % Feuchtigkeit und 601 % Trockenmasse. Demnach enthalten 100 Gramm K\u00e4se der Reifeklasse 35+ 40 Gramm Feuchtigkeit und 60 Gramm Trockenmasse. Von dieser Trockenmasse sind 351 % Fett. 351 % Fett von 60 Gramm sind 21 Gramm. Fazit: Ein Kilogramm junger Veenlijner enth\u00e4lt 210 Gramm Fett, und ein Kilogramm junger Veense Gouda 48+ enth\u00e4lt 288 Gramm. Kurz gesagt:<strong>&nbsp;1001 TP3T Geschmack mit 281 TP3T weniger Fett!<\/strong><\/p>\n<p>&nbsp;<\/p>","protected":false},"excerpt":{"rendered":"<p>Eigenmerk 35+ belegen kaas met minder vet en minder zout, van ons eigen merk \u201cveenlijner\u201d.<\/p>","protected":false},"featured_media":694,"template":"","meta":[],"product_brand":[],"product_cat":[28,26],"product_tag":[],"class_list":{"0":"post-417","1":"product","2":"type-product","3":"status-publish","4":"has-post-thumbnail","6":"product_cat-35-eigen-merk-minder-vet-en-minder-zout","7":"product_cat-minder-vet-kaas","9":"first","10":"instock","11":"taxable","12":"shipping-taxable","13":"product-type-simple"},"yoast_head":"<!-- This site is optimized with the Yoast SEO plugin v27.3 - https:\/\/yoast.com\/product\/yoast-seo-wordpress\/ -->\n<title>Eigenmerk 35+ belegen - Kaashandel Dammers<\/title>\n<meta name=\"robots\" content=\"index, follow, max-snippet:-1, max-image-preview:large, max-video-preview:-1\" \/>\n<link rel=\"canonical\" href=\"https:\/\/kaashandeldammers.nl\/de\/produkt\/eigenmerk-35-belegen\/\" \/>\n<meta property=\"og:locale\" content=\"de_DE\" \/>\n<meta property=\"og:type\" content=\"article\" \/>\n<meta property=\"og:title\" content=\"Eigenmerk 35+ belegen - Kaashandel Dammers\" \/>\n<meta property=\"og:description\" content=\"Eigenmerk 35+ belegen kaas met minder vet en minder zout, van ons eigen merk \u201cveenlijner\u201d.\" \/>\n<meta property=\"og:url\" content=\"https:\/\/kaashandeldammers.nl\/de\/produkt\/eigenmerk-35-belegen\/\" \/>\n<meta property=\"og:site_name\" content=\"Kaashandel Dammers\" \/>\n<meta property=\"article:modified_time\" content=\"2026-01-22T08:31:41+00:00\" \/>\n<meta name=\"twitter:card\" content=\"summary_large_image\" \/>\n<meta name=\"twitter:label1\" content=\"Gesch\u00e4tzte Lesezeit\" \/>\n\t<meta name=\"twitter:data1\" content=\"1\u00a0Minute\" \/>\n<script type=\"application\/ld+json\" class=\"yoast-schema-graph\">{\"@context\":\"https:\\\/\\\/schema.org\",\"@graph\":[{\"@type\":\"WebPage\",\"@id\":\"https:\\\/\\\/kaashandeldammers.nl\\\/product\\\/eigenmerk-35-belegen\\\/\",\"url\":\"https:\\\/\\\/kaashandeldammers.nl\\\/product\\\/eigenmerk-35-belegen\\\/\",\"name\":\"Eigenmerk 35+ belegen - Kaashandel Dammers\",\"isPartOf\":{\"@id\":\"https:\\\/\\\/kaashandeldammers.nl\\\/#website\"},\"primaryImageOfPage\":{\"@id\":\"https:\\\/\\\/kaashandeldammers.nl\\\/product\\\/eigenmerk-35-belegen\\\/#primaryimage\"},\"image\":{\"@id\":\"https:\\\/\\\/kaashandeldammers.nl\\\/product\\\/eigenmerk-35-belegen\\\/#primaryimage\"},\"thumbnailUrl\":\"https:\\\/\\\/kaashandeldammers.nl\\\/wp-content\\\/uploads\\\/2026\\\/01\\\/2009349129-4.png\",\"datePublished\":\"2026-01-21T13:48:32+00:00\",\"dateModified\":\"2026-01-22T08:31:41+00:00\",\"breadcrumb\":{\"@id\":\"https:\\\/\\\/kaashandeldammers.nl\\\/product\\\/eigenmerk-35-belegen\\\/#breadcrumb\"},\"inLanguage\":\"de\",\"potentialAction\":[{\"@type\":\"ReadAction\",\"target\":[\"https:\\\/\\\/kaashandeldammers.nl\\\/product\\\/eigenmerk-35-belegen\\\/\"]}]},{\"@type\":\"ImageObject\",\"inLanguage\":\"de\",\"@id\":\"https:\\\/\\\/kaashandeldammers.nl\\\/product\\\/eigenmerk-35-belegen\\\/#primaryimage\",\"url\":\"https:\\\/\\\/kaashandeldammers.nl\\\/wp-content\\\/uploads\\\/2026\\\/01\\\/2009349129-4.png\",\"contentUrl\":\"https:\\\/\\\/kaashandeldammers.nl\\\/wp-content\\\/uploads\\\/2026\\\/01\\\/2009349129-4.png\",\"width\":1080,\"height\":1080},{\"@type\":\"BreadcrumbList\",\"@id\":\"https:\\\/\\\/kaashandeldammers.nl\\\/product\\\/eigenmerk-35-belegen\\\/#breadcrumb\",\"itemListElement\":[{\"@type\":\"ListItem\",\"position\":1,\"name\":\"Home\",\"item\":\"https:\\\/\\\/kaashandeldammers.nl\\\/\"},{\"@type\":\"ListItem\",\"position\":2,\"name\":\"Aanbod\",\"item\":\"https:\\\/\\\/kaashandeldammers.nl\\\/aanbod\\\/\"},{\"@type\":\"ListItem\",\"position\":3,\"name\":\"Eigenmerk 35+ belegen\"}]},{\"@type\":\"WebSite\",\"@id\":\"https:\\\/\\\/kaashandeldammers.nl\\\/#website\",\"url\":\"https:\\\/\\\/kaashandeldammers.nl\\\/\",\"name\":\"Kaashandel Dammers\",\"description\":\"Ambachtelijke kaas, vers van het mes\",\"potentialAction\":[{\"@type\":\"SearchAction\",\"target\":{\"@type\":\"EntryPoint\",\"urlTemplate\":\"https:\\\/\\\/kaashandeldammers.nl\\\/?s={search_term_string}\"},\"query-input\":{\"@type\":\"PropertyValueSpecification\",\"valueRequired\":true,\"valueName\":\"search_term_string\"}}],\"inLanguage\":\"de\"}]}<\/script>\n<!-- \/ Yoast SEO plugin. -->","yoast_head_json":{"title":"Eigenmerk 35+ belegen - Kaashandel Dammers","robots":{"index":"index","follow":"follow","max-snippet":"max-snippet:-1","max-image-preview":"max-image-preview:large","max-video-preview":"max-video-preview:-1"},"canonical":"https:\/\/kaashandeldammers.nl\/de\/produkt\/eigenmerk-35-belegen\/","og_locale":"de_DE","og_type":"article","og_title":"Eigenmerk 35+ belegen - Kaashandel Dammers","og_description":"Eigenmerk 35+ belegen kaas met minder vet en minder zout, van ons eigen merk \u201cveenlijner\u201d.","og_url":"https:\/\/kaashandeldammers.nl\/de\/produkt\/eigenmerk-35-belegen\/","og_site_name":"Kaashandel Dammers","article_modified_time":"2026-01-22T08:31:41+00:00","twitter_card":"summary_large_image","twitter_misc":{"Gesch\u00e4tzte Lesezeit":"1\u00a0Minute"},"schema":{"@context":"https:\/\/schema.org","@graph":[{"@type":"WebPage","@id":"https:\/\/kaashandeldammers.nl\/product\/eigenmerk-35-belegen\/","url":"https:\/\/kaashandeldammers.nl\/product\/eigenmerk-35-belegen\/","name":"Eigenmerk 35+ belegen - Kaashandel Dammers","isPartOf":{"@id":"https:\/\/kaashandeldammers.nl\/#website"},"primaryImageOfPage":{"@id":"https:\/\/kaashandeldammers.nl\/product\/eigenmerk-35-belegen\/#primaryimage"},"image":{"@id":"https:\/\/kaashandeldammers.nl\/product\/eigenmerk-35-belegen\/#primaryimage"},"thumbnailUrl":"https:\/\/kaashandeldammers.nl\/wp-content\/uploads\/2026\/01\/2009349129-4.png","datePublished":"2026-01-21T13:48:32+00:00","dateModified":"2026-01-22T08:31:41+00:00","breadcrumb":{"@id":"https:\/\/kaashandeldammers.nl\/product\/eigenmerk-35-belegen\/#breadcrumb"},"inLanguage":"de","potentialAction":[{"@type":"ReadAction","target":["https:\/\/kaashandeldammers.nl\/product\/eigenmerk-35-belegen\/"]}]},{"@type":"ImageObject","inLanguage":"de","@id":"https:\/\/kaashandeldammers.nl\/product\/eigenmerk-35-belegen\/#primaryimage","url":"https:\/\/kaashandeldammers.nl\/wp-content\/uploads\/2026\/01\/2009349129-4.png","contentUrl":"https:\/\/kaashandeldammers.nl\/wp-content\/uploads\/2026\/01\/2009349129-4.png","width":1080,"height":1080},{"@type":"BreadcrumbList","@id":"https:\/\/kaashandeldammers.nl\/product\/eigenmerk-35-belegen\/#breadcrumb","itemListElement":[{"@type":"ListItem","position":1,"name":"Home","item":"https:\/\/kaashandeldammers.nl\/"},{"@type":"ListItem","position":2,"name":"Aanbod","item":"https:\/\/kaashandeldammers.nl\/aanbod\/"},{"@type":"ListItem","position":3,"name":"Eigenmerk 35+ belegen"}]},{"@type":"WebSite","@id":"https:\/\/kaashandeldammers.nl\/#website","url":"https:\/\/kaashandeldammers.nl\/","name":"Dammers K\u00e4segesch\u00e4ft","description":"Handwerklich hergestellter K\u00e4se, frisch vom Messer","potentialAction":[{"@type":"SearchAction","target":{"@type":"EntryPoint","urlTemplate":"https:\/\/kaashandeldammers.nl\/?s={search_term_string}"},"query-input":{"@type":"PropertyValueSpecification","valueRequired":true,"valueName":"search_term_string"}}],"inLanguage":"de"}]}},"jetpack_sharing_enabled":true,"_links":{"self":[{"href":"https:\/\/kaashandeldammers.nl\/de\/wp-json\/wp\/v2\/product\/417","targetHints":{"allow":["GET"]}}],"collection":[{"href":"https:\/\/kaashandeldammers.nl\/de\/wp-json\/wp\/v2\/product"}],"about":[{"href":"https:\/\/kaashandeldammers.nl\/de\/wp-json\/wp\/v2\/types\/product"}],"wp:featuredmedia":[{"embeddable":true,"href":"https:\/\/kaashandeldammers.nl\/de\/wp-json\/wp\/v2\/media\/694"}],"wp:attachment":[{"href":"https:\/\/kaashandeldammers.nl\/de\/wp-json\/wp\/v2\/media?parent=417"}],"wp:term":[{"taxonomy":"product_brand","embeddable":true,"href":"https:\/\/kaashandeldammers.nl\/de\/wp-json\/wp\/v2\/product_brand?post=417"},{"taxonomy":"product_cat","embeddable":true,"href":"https:\/\/kaashandeldammers.nl\/de\/wp-json\/wp\/v2\/product_cat?post=417"},{"taxonomy":"product_tag","embeddable":true,"href":"https:\/\/kaashandeldammers.nl\/de\/wp-json\/wp\/v2\/product_tag?post=417"}],"curies":[{"name":"wp","href":"https:\/\/api.w.org\/{rel}","templated":true}]}}