{"id":405,"date":"2026-01-21T13:47:30","date_gmt":"2026-01-21T13:47:30","guid":{"rendered":"https:\/\/kaashandeldammers.nl\/product\/weydeland-35-extra-belegen\/"},"modified":"2026-01-22T08:31:41","modified_gmt":"2026-01-22T08:31:41","slug":"weydeland-35-extra-belegen","status":"publish","type":"product","link":"https:\/\/kaashandeldammers.nl\/de\/produkt\/weydeland-35-extra-belegen\/","title":{"rendered":"Weydeland 35+ extra reif"},"content":{"rendered":"<p><strong>Weydeland 35+ extra reif<\/strong><\/p>\n<p>Bei den Great Taste Awards 2012 in England wurde Weydeland 35+ Extra Mature sogar mit zwei Goldsternen f\u00fcr seinen au\u00dfergew\u00f6hnlich cremigen Geschmack ausgezeichnet. Eine qualifizierte Jury aus 350 Pr\u00fcfern entscheidet, welche Lebensmittel einen hervorragenden Geschmack haben \u2013 oder besser gesagt: einen \u201cGreat Taste\u201d! Aussehen, Textur, Qualit\u00e4t der Zutaten und die Zusammensetzung des Produkts spielen dabei eine wichtige Rolle. Die Jury urteilte \u00fcber Weydeland 35+ Extra Mature: \u201eSeine weiche Textur und sein exzellenter Geschmack machen diesen K\u00e4se fantastisch. Er schmeckt sogar wie ein Vollfettk\u00e4se!\u201c Das bedeutet, dass Weydeland 35+ die hohen Qualit\u00e4ts- und Geschmacksstandards der Jury erf\u00fcllt und ein nahezu makelloses Produkt mit gro\u00dfartigem Geschmack ist!<\/p>\n<p>Weydeland 35+ ist der leckerste fettarme K\u00e4se mit einem unglaublich vollen Aroma! Sein Fettgehalt ist um ca. 251 g\/l niedriger als bei herk\u00f6mmlichem K\u00e4se. Die frische Milch unserer niederl\u00e4ndischen K\u00fche ist die wichtigste Zutat f\u00fcr den milden Geschmack von Weydeland 35+.<\/p>\n<p>Weydeland 35+ wird von der K\u00e4serei CONO nach nachhaltigen Prinzipien hergestellt. Die Landwirte erhalten einen fairen Preis f\u00fcr ihre Milch, die K\u00fche werden artgerecht gehalten und erhalten viel Zuwendung und Weidegang. So f\u00fchlen sich die K\u00fche wohl und produzieren besonders schmackhafte Milch, die f\u00fcr Weydeland 35+ verwendet wird.<\/p>\n<p>Nach der Herstellung erh\u00e4lt jeder K\u00e4se seinen Platz in unserem Lager, wo er in Ruhe auf Holzregalen reift, bis er sein optimales Aroma entwickelt hat. Dann k\u00f6nnen Feinschmecker zugreifen! Denn Weydeland ist definitiv kein fettarmer K\u00e4se \u2013 da wird man sicher nicht bei einem St\u00fcck bleiben.<\/p>\n<p>\u00dcber Cono<\/p>\n<p><strong>Wir stellen gemeinsam den leckersten und ehrlichsten K\u00e4se her.<\/strong><\/p>\n<p>Unsere Landwirte und K\u00e4semeister arbeiten Hand in Hand, um aus feinster Weidemilch aus Nordholland den schmackhaftesten und ethisch einwandfreisten K\u00e4se herzustellen. Dabei bewahren wir traditionelle Handwerkskunst und setzen auf modernste, nachhaltige Verfahren. Und das auf unsere ganz eigene Art.<\/p>\n<p><strong>Unsere Mission<\/strong><\/p>\n<p>Das Beste f\u00fcr Landwirte und K\u00fche<\/p>\n<p>Das ist unsere Mission. Wir zahlen unseren Bauern einen fairen Milchpreis und stellen den schmackhaftesten K\u00e4se auf bestm\u00f6gliche Weise her. Mit unseren eigenen handwerklichen Methoden und echter Sorgfalt f\u00fcr Mensch, Tier und Umwelt.<\/p>\n<p><strong>Unsere Vision<\/strong><\/p>\n<p>Wir k\u00e4mpfen gegen Geschmacksverlust und m\u00f6chten unsere Kunden und Konsumenten mit k\u00f6stlichen und authentischen Produkten \u00fcberraschen. Deshalb sind wir Vorreiter in Sachen gesellschaftlicher Verantwortung und setzen uns f\u00fcr faire Gewinnspannen entlang der gesamten K\u00e4selieferkette ein.<\/p>","protected":false},"excerpt":{"rendered":"<p>Deze versie is iets pittiger dan Weydeland 35+ belegen en heeft 6 maanden rijping achter de rug. Voor de liefhebbers van kaas met een krachtig karakter. De kaas heeft een volle smaak,<\/p>","protected":false},"featured_media":1154,"template":"","meta":[],"product_brand":[],"product_cat":[27,26],"product_tag":[],"class_list":{"0":"post-405","1":"product","2":"type-product","3":"status-publish","4":"has-post-thumbnail","6":"product_cat-35-kaas-noord-hollandse","7":"product_cat-minder-vet-kaas","9":"first","10":"instock","11":"taxable","12":"shipping-taxable","13":"product-type-simple"},"yoast_head":"<!-- This site is optimized with the Yoast SEO plugin v27.3 - https:\/\/yoast.com\/product\/yoast-seo-wordpress\/ -->\n<title>Weydeland 35+ extra belegen - Kaashandel Dammers<\/title>\n<meta name=\"robots\" content=\"index, follow, max-snippet:-1, max-image-preview:large, max-video-preview:-1\" \/>\n<link rel=\"canonical\" href=\"https:\/\/kaashandeldammers.nl\/de\/produkt\/weydeland-35-extra-belegen\/\" \/>\n<meta property=\"og:locale\" content=\"de_DE\" \/>\n<meta property=\"og:type\" content=\"article\" \/>\n<meta property=\"og:title\" content=\"Weydeland 35+ extra belegen - Kaashandel Dammers\" \/>\n<meta property=\"og:description\" content=\"Deze versie is iets pittiger dan Weydeland 35+ belegen en heeft 6 maanden rijping achter de rug. Voor de liefhebbers van kaas met een krachtig karakter. De kaas heeft een volle smaak,\" \/>\n<meta property=\"og:url\" content=\"https:\/\/kaashandeldammers.nl\/de\/produkt\/weydeland-35-extra-belegen\/\" \/>\n<meta property=\"og:site_name\" content=\"Kaashandel Dammers\" \/>\n<meta property=\"article:modified_time\" content=\"2026-01-22T08:31:41+00:00\" \/>\n<meta name=\"twitter:card\" content=\"summary_large_image\" \/>\n<meta name=\"twitter:label1\" content=\"Gesch\u00e4tzte Lesezeit\" \/>\n\t<meta name=\"twitter:data1\" content=\"2\u00a0Minuten\" \/>\n<script type=\"application\/ld+json\" class=\"yoast-schema-graph\">{\"@context\":\"https:\\\/\\\/schema.org\",\"@graph\":[{\"@type\":\"WebPage\",\"@id\":\"https:\\\/\\\/kaashandeldammers.nl\\\/product\\\/weydeland-35-extra-belegen\\\/\",\"url\":\"https:\\\/\\\/kaashandeldammers.nl\\\/product\\\/weydeland-35-extra-belegen\\\/\",\"name\":\"Weydeland 35+ extra belegen - Kaashandel Dammers\",\"isPartOf\":{\"@id\":\"https:\\\/\\\/kaashandeldammers.nl\\\/#website\"},\"primaryImageOfPage\":{\"@id\":\"https:\\\/\\\/kaashandeldammers.nl\\\/product\\\/weydeland-35-extra-belegen\\\/#primaryimage\"},\"image\":{\"@id\":\"https:\\\/\\\/kaashandeldammers.nl\\\/product\\\/weydeland-35-extra-belegen\\\/#primaryimage\"},\"thumbnailUrl\":\"https:\\\/\\\/kaashandeldammers.nl\\\/wp-content\\\/uploads\\\/2026\\\/01\\\/1918322415-5.jpg\",\"datePublished\":\"2026-01-21T13:47:30+00:00\",\"dateModified\":\"2026-01-22T08:31:41+00:00\",\"breadcrumb\":{\"@id\":\"https:\\\/\\\/kaashandeldammers.nl\\\/product\\\/weydeland-35-extra-belegen\\\/#breadcrumb\"},\"inLanguage\":\"de\",\"potentialAction\":[{\"@type\":\"ReadAction\",\"target\":[\"https:\\\/\\\/kaashandeldammers.nl\\\/product\\\/weydeland-35-extra-belegen\\\/\"]}]},{\"@type\":\"ImageObject\",\"inLanguage\":\"de\",\"@id\":\"https:\\\/\\\/kaashandeldammers.nl\\\/product\\\/weydeland-35-extra-belegen\\\/#primaryimage\",\"url\":\"https:\\\/\\\/kaashandeldammers.nl\\\/wp-content\\\/uploads\\\/2026\\\/01\\\/1918322415-5.jpg\",\"contentUrl\":\"https:\\\/\\\/kaashandeldammers.nl\\\/wp-content\\\/uploads\\\/2026\\\/01\\\/1918322415-5.jpg\",\"width\":450,\"height\":300},{\"@type\":\"BreadcrumbList\",\"@id\":\"https:\\\/\\\/kaashandeldammers.nl\\\/product\\\/weydeland-35-extra-belegen\\\/#breadcrumb\",\"itemListElement\":[{\"@type\":\"ListItem\",\"position\":1,\"name\":\"Home\",\"item\":\"https:\\\/\\\/kaashandeldammers.nl\\\/\"},{\"@type\":\"ListItem\",\"position\":2,\"name\":\"Aanbod\",\"item\":\"https:\\\/\\\/kaashandeldammers.nl\\\/aanbod\\\/\"},{\"@type\":\"ListItem\",\"position\":3,\"name\":\"Weydeland 35+ extra belegen\"}]},{\"@type\":\"WebSite\",\"@id\":\"https:\\\/\\\/kaashandeldammers.nl\\\/#website\",\"url\":\"https:\\\/\\\/kaashandeldammers.nl\\\/\",\"name\":\"Kaashandel Dammers\",\"description\":\"Ambachtelijke kaas, vers van het mes\",\"potentialAction\":[{\"@type\":\"SearchAction\",\"target\":{\"@type\":\"EntryPoint\",\"urlTemplate\":\"https:\\\/\\\/kaashandeldammers.nl\\\/?s={search_term_string}\"},\"query-input\":{\"@type\":\"PropertyValueSpecification\",\"valueRequired\":true,\"valueName\":\"search_term_string\"}}],\"inLanguage\":\"de\"}]}<\/script>\n<!-- \/ Yoast SEO plugin. -->","yoast_head_json":{"title":"Weydeland 35+ extra belegen - Kaashandel Dammers","robots":{"index":"index","follow":"follow","max-snippet":"max-snippet:-1","max-image-preview":"max-image-preview:large","max-video-preview":"max-video-preview:-1"},"canonical":"https:\/\/kaashandeldammers.nl\/de\/produkt\/weydeland-35-extra-belegen\/","og_locale":"de_DE","og_type":"article","og_title":"Weydeland 35+ extra belegen - Kaashandel Dammers","og_description":"Deze versie is iets pittiger dan Weydeland 35+ belegen en heeft 6 maanden rijping achter de rug. Voor de liefhebbers van kaas met een krachtig karakter. De kaas heeft een volle smaak,","og_url":"https:\/\/kaashandeldammers.nl\/de\/produkt\/weydeland-35-extra-belegen\/","og_site_name":"Kaashandel Dammers","article_modified_time":"2026-01-22T08:31:41+00:00","twitter_card":"summary_large_image","twitter_misc":{"Gesch\u00e4tzte Lesezeit":"2\u00a0Minuten"},"schema":{"@context":"https:\/\/schema.org","@graph":[{"@type":"WebPage","@id":"https:\/\/kaashandeldammers.nl\/product\/weydeland-35-extra-belegen\/","url":"https:\/\/kaashandeldammers.nl\/product\/weydeland-35-extra-belegen\/","name":"Weydeland 35+ extra belegen - Kaashandel Dammers","isPartOf":{"@id":"https:\/\/kaashandeldammers.nl\/#website"},"primaryImageOfPage":{"@id":"https:\/\/kaashandeldammers.nl\/product\/weydeland-35-extra-belegen\/#primaryimage"},"image":{"@id":"https:\/\/kaashandeldammers.nl\/product\/weydeland-35-extra-belegen\/#primaryimage"},"thumbnailUrl":"https:\/\/kaashandeldammers.nl\/wp-content\/uploads\/2026\/01\/1918322415-5.jpg","datePublished":"2026-01-21T13:47:30+00:00","dateModified":"2026-01-22T08:31:41+00:00","breadcrumb":{"@id":"https:\/\/kaashandeldammers.nl\/product\/weydeland-35-extra-belegen\/#breadcrumb"},"inLanguage":"de","potentialAction":[{"@type":"ReadAction","target":["https:\/\/kaashandeldammers.nl\/product\/weydeland-35-extra-belegen\/"]}]},{"@type":"ImageObject","inLanguage":"de","@id":"https:\/\/kaashandeldammers.nl\/product\/weydeland-35-extra-belegen\/#primaryimage","url":"https:\/\/kaashandeldammers.nl\/wp-content\/uploads\/2026\/01\/1918322415-5.jpg","contentUrl":"https:\/\/kaashandeldammers.nl\/wp-content\/uploads\/2026\/01\/1918322415-5.jpg","width":450,"height":300},{"@type":"BreadcrumbList","@id":"https:\/\/kaashandeldammers.nl\/product\/weydeland-35-extra-belegen\/#breadcrumb","itemListElement":[{"@type":"ListItem","position":1,"name":"Home","item":"https:\/\/kaashandeldammers.nl\/"},{"@type":"ListItem","position":2,"name":"Aanbod","item":"https:\/\/kaashandeldammers.nl\/aanbod\/"},{"@type":"ListItem","position":3,"name":"Weydeland 35+ extra belegen"}]},{"@type":"WebSite","@id":"https:\/\/kaashandeldammers.nl\/#website","url":"https:\/\/kaashandeldammers.nl\/","name":"Dammers K\u00e4segesch\u00e4ft","description":"Handwerklich hergestellter K\u00e4se, frisch vom Messer","potentialAction":[{"@type":"SearchAction","target":{"@type":"EntryPoint","urlTemplate":"https:\/\/kaashandeldammers.nl\/?s={search_term_string}"},"query-input":{"@type":"PropertyValueSpecification","valueRequired":true,"valueName":"search_term_string"}}],"inLanguage":"de"}]}},"jetpack_sharing_enabled":true,"_links":{"self":[{"href":"https:\/\/kaashandeldammers.nl\/de\/wp-json\/wp\/v2\/product\/405","targetHints":{"allow":["GET"]}}],"collection":[{"href":"https:\/\/kaashandeldammers.nl\/de\/wp-json\/wp\/v2\/product"}],"about":[{"href":"https:\/\/kaashandeldammers.nl\/de\/wp-json\/wp\/v2\/types\/product"}],"wp:featuredmedia":[{"embeddable":true,"href":"https:\/\/kaashandeldammers.nl\/de\/wp-json\/wp\/v2\/media\/1154"}],"wp:attachment":[{"href":"https:\/\/kaashandeldammers.nl\/de\/wp-json\/wp\/v2\/media?parent=405"}],"wp:term":[{"taxonomy":"product_brand","embeddable":true,"href":"https:\/\/kaashandeldammers.nl\/de\/wp-json\/wp\/v2\/product_brand?post=405"},{"taxonomy":"product_cat","embeddable":true,"href":"https:\/\/kaashandeldammers.nl\/de\/wp-json\/wp\/v2\/product_cat?post=405"},{"taxonomy":"product_tag","embeddable":true,"href":"https:\/\/kaashandeldammers.nl\/de\/wp-json\/wp\/v2\/product_tag?post=405"}],"curies":[{"name":"wp","href":"https:\/\/api.w.org\/{rel}","templated":true}]}}