{"id":397,"date":"2026-01-21T13:46:53","date_gmt":"2026-01-21T13:46:53","guid":{"rendered":"https:\/\/kaashandeldammers.nl\/product\/oude-snijdbare-komijne-kaas\/"},"modified":"2026-01-22T08:31:41","modified_gmt":"2026-01-22T08:31:41","slug":"oude-snijdbare-komijne-kaas","status":"publish","type":"product","link":"https:\/\/kaashandeldammers.nl\/de\/produkt\/oude-snijdbare-komijne-kaas\/","title":{"rendered":"Alter, schnittf\u00e4higer Kreuzk\u00fcmmelk\u00e4se"},"content":{"rendered":"<h4>Alter, schnittf\u00e4higer Kreuzk\u00fcmmelk\u00e4se:<\/h4>\n<p>Mit diesem alten, schnittfesten Kreuzk\u00fcmmelk\u00e4se erh\u00e4lt man einen sehr leckeren&nbsp;<a href=\"https:\/\/kaasonlinebestellen.nl\/product\/oude-snijdbare-komijne-kaas#goudsekaas\">K\u00e4se<\/a>&nbsp;Im Haus. Schon der Duft dieses K\u00e4ses ist ein Genuss, doch sein Geschmack ist un\u00fcbertroffen. Das liegt nat\u00fcrlich an den Kreuzk\u00fcmmelsamen, die dem K\u00e4se ein wunderbares Aroma verleihen. Da der K\u00e4se lange gereift ist, hatte auch der Kreuzk\u00fcmmel ausreichend Zeit, sein Aroma zu entfalten. So entsteht ein gereifter Kreuzk\u00fcmmelk\u00e4se mit kr\u00e4ftigem Geschmack und einer festen, w\u00fcrzigen Konsistenz.<\/p>\n<h4>Zuschneiden und Versenden:<\/h4>\n<p>Wir schneiden Ihren K\u00e4se frisch vom Messer und vakuumieren ihn!<br \/>\nDank seiner festen Konsistenz eignet sich holl\u00e4ndischer K\u00e4se hervorragend f\u00fcr den Postversand.<\/p>\n<h4>Gouda-K\u00e4se:<\/h4>\n<p>Ein Gouda-K\u00e4se hat die Form eines Laibs, wiegt zwischen 1 und 16 kg und hat eine<br \/>\nFettgehalt von mindestens 48%.<br \/>\nDie Art verdankt ihren Namen&nbsp;<i>Gouda-K\u00e4se<\/i>&nbsp;zu der Tatsache, dass er in&nbsp;<a href=\"https:\/\/nl.wikipedia.org\/wiki\/Gouda\" title=\"Gouda\">Gouda<\/a>&nbsp;wird gehandelt.<\/p>\n<h4>Unser Gouda-K\u00e4se:<\/h4>\n<p>Nach dem Entrahmung und der Pasteurisierung wird in der K\u00e4serei De Graafstroom in Bleskensgraaf, S\u00fcdholland, Lab und Starterkulturen zur Milch hinzugef\u00fcgt. Dies verleiht unserem K\u00e4se seinen k\u00f6stlichen Geschmack. Die so entstehende dicke Masse wird als K\u00e4sebruch bezeichnet. Durch R\u00fchren und Schneiden tritt Molke aus, die als Zutat in hochwertiger S\u00e4uglingsnahrung verwendet wird. Anschlie\u00dfend wird der K\u00e4sebruch in den K\u00e4sekessel gegeben und zu K\u00e4se geformt. Sein volles Aroma entwickelt der K\u00e4se im Salzlakebad, wo er in den charakteristischen (Salz-)Kulturen von De Graafstroom eingelegt wird. Nach dem Einlegen in Salzlake erh\u00e4lt der K\u00e4se eine Schutzschicht, die den Feuchtigkeitsverlust reduziert und seine Qualit\u00e4t bewahrt. Anschlie\u00dfend reift der K\u00e4se auf originalen Holzregalen im K\u00e4selager, bevor er in den Handel und schlie\u00dflich in unsere K\u00fcche geliefert wird.<\/p>\n<p>Unser cremiger Jungk\u00e4se, unser weicher Halbreifek\u00e4se, unser cremiger Reifek\u00e4se und unser w\u00fcrziger, gereifter K\u00e4se sind allesamt k\u00f6stlich und gesund. Wir legen Wert auf einen m\u00f6glichst geringen Fett- und Salzgehalt in unseren charaktervollen K\u00e4sesorten. Wir nennen dies \u2018K\u00e4se mit Herz\u2019: K\u00e4se, der mit viel Sorgfalt, Leidenschaft und Liebe aus der Milch bester K\u00fche aus der Region Groene Hart und Umgebung hergestellt wird.<\/p>","protected":false},"excerpt":{"rendered":"<p>Met deze oude snijdbare\u00a0komijne kaas haalt u een zeer lekkere\u00a0kaas\u00a0in huis. De geur van deze kaas is op zichzelf al heerlijk, maar vooral de smaak is onovertroffen.<\/p>","protected":false},"featured_media":673,"template":"","meta":[],"product_brand":[],"product_cat":[25],"product_tag":[],"class_list":{"0":"post-397","1":"product","2":"type-product","3":"status-publish","4":"has-post-thumbnail","6":"product_cat-hollandse-komijne-kaas","8":"first","9":"instock","10":"taxable","11":"shipping-taxable","12":"product-type-simple"},"yoast_head":"<!-- This site is optimized with the Yoast SEO plugin v27.3 - https:\/\/yoast.com\/product\/yoast-seo-wordpress\/ -->\n<title>Oude snijdbare komijne kaas - Kaashandel Dammers<\/title>\n<meta name=\"robots\" content=\"index, follow, max-snippet:-1, max-image-preview:large, max-video-preview:-1\" \/>\n<link rel=\"canonical\" href=\"https:\/\/kaashandeldammers.nl\/de\/produkt\/oude-snijdbare-komijne-kaas\/\" \/>\n<meta property=\"og:locale\" content=\"de_DE\" \/>\n<meta property=\"og:type\" content=\"article\" \/>\n<meta property=\"og:title\" content=\"Oude snijdbare komijne kaas - Kaashandel Dammers\" \/>\n<meta property=\"og:description\" content=\"Met deze oude snijdbare\u00a0komijne kaas haalt u een zeer lekkere\u00a0kaas\u00a0in huis. De geur van deze kaas is op zichzelf al heerlijk, maar vooral de smaak is onovertroffen.\" \/>\n<meta property=\"og:url\" content=\"https:\/\/kaashandeldammers.nl\/de\/produkt\/oude-snijdbare-komijne-kaas\/\" \/>\n<meta property=\"og:site_name\" content=\"Kaashandel Dammers\" \/>\n<meta property=\"article:modified_time\" content=\"2026-01-22T08:31:41+00:00\" \/>\n<meta property=\"og:image\" content=\"https:\/\/kaashandeldammers.nl\/wp-content\/uploads\/2026\/01\/2010563547-3.png\" \/>\n\t<meta property=\"og:image:width\" content=\"1080\" \/>\n\t<meta property=\"og:image:height\" content=\"1080\" \/>\n\t<meta property=\"og:image:type\" content=\"image\/png\" \/>\n<meta name=\"twitter:card\" content=\"summary_large_image\" \/>\n<meta name=\"twitter:label1\" content=\"Gesch\u00e4tzte Lesezeit\" \/>\n\t<meta name=\"twitter:data1\" content=\"2\u00a0Minuten\" \/>\n<script type=\"application\/ld+json\" class=\"yoast-schema-graph\">{\"@context\":\"https:\\\/\\\/schema.org\",\"@graph\":[{\"@type\":\"WebPage\",\"@id\":\"https:\\\/\\\/kaashandeldammers.nl\\\/product\\\/oude-snijdbare-komijne-kaas\\\/\",\"url\":\"https:\\\/\\\/kaashandeldammers.nl\\\/product\\\/oude-snijdbare-komijne-kaas\\\/\",\"name\":\"Oude snijdbare komijne kaas - Kaashandel Dammers\",\"isPartOf\":{\"@id\":\"https:\\\/\\\/kaashandeldammers.nl\\\/#website\"},\"primaryImageOfPage\":{\"@id\":\"https:\\\/\\\/kaashandeldammers.nl\\\/product\\\/oude-snijdbare-komijne-kaas\\\/#primaryimage\"},\"image\":{\"@id\":\"https:\\\/\\\/kaashandeldammers.nl\\\/product\\\/oude-snijdbare-komijne-kaas\\\/#primaryimage\"},\"thumbnailUrl\":\"https:\\\/\\\/kaashandeldammers.nl\\\/wp-content\\\/uploads\\\/2026\\\/01\\\/2010563547-4.png\",\"datePublished\":\"2026-01-21T13:46:53+00:00\",\"dateModified\":\"2026-01-22T08:31:41+00:00\",\"breadcrumb\":{\"@id\":\"https:\\\/\\\/kaashandeldammers.nl\\\/product\\\/oude-snijdbare-komijne-kaas\\\/#breadcrumb\"},\"inLanguage\":\"de\",\"potentialAction\":[{\"@type\":\"ReadAction\",\"target\":[\"https:\\\/\\\/kaashandeldammers.nl\\\/product\\\/oude-snijdbare-komijne-kaas\\\/\"]}]},{\"@type\":\"ImageObject\",\"inLanguage\":\"de\",\"@id\":\"https:\\\/\\\/kaashandeldammers.nl\\\/product\\\/oude-snijdbare-komijne-kaas\\\/#primaryimage\",\"url\":\"https:\\\/\\\/kaashandeldammers.nl\\\/wp-content\\\/uploads\\\/2026\\\/01\\\/2010563547-4.png\",\"contentUrl\":\"https:\\\/\\\/kaashandeldammers.nl\\\/wp-content\\\/uploads\\\/2026\\\/01\\\/2010563547-4.png\",\"width\":1080,\"height\":1080},{\"@type\":\"BreadcrumbList\",\"@id\":\"https:\\\/\\\/kaashandeldammers.nl\\\/product\\\/oude-snijdbare-komijne-kaas\\\/#breadcrumb\",\"itemListElement\":[{\"@type\":\"ListItem\",\"position\":1,\"name\":\"Home\",\"item\":\"https:\\\/\\\/kaashandeldammers.nl\\\/\"},{\"@type\":\"ListItem\",\"position\":2,\"name\":\"Aanbod\",\"item\":\"https:\\\/\\\/kaashandeldammers.nl\\\/aanbod\\\/\"},{\"@type\":\"ListItem\",\"position\":3,\"name\":\"Oude snijdbare komijne kaas\"}]},{\"@type\":\"WebSite\",\"@id\":\"https:\\\/\\\/kaashandeldammers.nl\\\/#website\",\"url\":\"https:\\\/\\\/kaashandeldammers.nl\\\/\",\"name\":\"Kaashandel Dammers\",\"description\":\"Ambachtelijke kaas, vers van het mes\",\"potentialAction\":[{\"@type\":\"SearchAction\",\"target\":{\"@type\":\"EntryPoint\",\"urlTemplate\":\"https:\\\/\\\/kaashandeldammers.nl\\\/?s={search_term_string}\"},\"query-input\":{\"@type\":\"PropertyValueSpecification\",\"valueRequired\":true,\"valueName\":\"search_term_string\"}}],\"inLanguage\":\"de\"}]}<\/script>\n<!-- \/ Yoast SEO plugin. -->","yoast_head_json":{"title":"Oude snijdbare komijne kaas - Kaashandel Dammers","robots":{"index":"index","follow":"follow","max-snippet":"max-snippet:-1","max-image-preview":"max-image-preview:large","max-video-preview":"max-video-preview:-1"},"canonical":"https:\/\/kaashandeldammers.nl\/de\/produkt\/oude-snijdbare-komijne-kaas\/","og_locale":"de_DE","og_type":"article","og_title":"Oude snijdbare komijne kaas - Kaashandel Dammers","og_description":"Met deze oude snijdbare\u00a0komijne kaas haalt u een zeer lekkere\u00a0kaas\u00a0in huis. De geur van deze kaas is op zichzelf al heerlijk, maar vooral de smaak is onovertroffen.","og_url":"https:\/\/kaashandeldammers.nl\/de\/produkt\/oude-snijdbare-komijne-kaas\/","og_site_name":"Kaashandel Dammers","article_modified_time":"2026-01-22T08:31:41+00:00","og_image":[{"width":1080,"height":1080,"url":"https:\/\/kaashandeldammers.nl\/wp-content\/uploads\/2026\/01\/2010563547-3.png","type":"image\/png"}],"twitter_card":"summary_large_image","twitter_misc":{"Gesch\u00e4tzte Lesezeit":"2\u00a0Minuten"},"schema":{"@context":"https:\/\/schema.org","@graph":[{"@type":"WebPage","@id":"https:\/\/kaashandeldammers.nl\/product\/oude-snijdbare-komijne-kaas\/","url":"https:\/\/kaashandeldammers.nl\/product\/oude-snijdbare-komijne-kaas\/","name":"Oude snijdbare komijne kaas - Kaashandel Dammers","isPartOf":{"@id":"https:\/\/kaashandeldammers.nl\/#website"},"primaryImageOfPage":{"@id":"https:\/\/kaashandeldammers.nl\/product\/oude-snijdbare-komijne-kaas\/#primaryimage"},"image":{"@id":"https:\/\/kaashandeldammers.nl\/product\/oude-snijdbare-komijne-kaas\/#primaryimage"},"thumbnailUrl":"https:\/\/kaashandeldammers.nl\/wp-content\/uploads\/2026\/01\/2010563547-4.png","datePublished":"2026-01-21T13:46:53+00:00","dateModified":"2026-01-22T08:31:41+00:00","breadcrumb":{"@id":"https:\/\/kaashandeldammers.nl\/product\/oude-snijdbare-komijne-kaas\/#breadcrumb"},"inLanguage":"de","potentialAction":[{"@type":"ReadAction","target":["https:\/\/kaashandeldammers.nl\/product\/oude-snijdbare-komijne-kaas\/"]}]},{"@type":"ImageObject","inLanguage":"de","@id":"https:\/\/kaashandeldammers.nl\/product\/oude-snijdbare-komijne-kaas\/#primaryimage","url":"https:\/\/kaashandeldammers.nl\/wp-content\/uploads\/2026\/01\/2010563547-4.png","contentUrl":"https:\/\/kaashandeldammers.nl\/wp-content\/uploads\/2026\/01\/2010563547-4.png","width":1080,"height":1080},{"@type":"BreadcrumbList","@id":"https:\/\/kaashandeldammers.nl\/product\/oude-snijdbare-komijne-kaas\/#breadcrumb","itemListElement":[{"@type":"ListItem","position":1,"name":"Home","item":"https:\/\/kaashandeldammers.nl\/"},{"@type":"ListItem","position":2,"name":"Aanbod","item":"https:\/\/kaashandeldammers.nl\/aanbod\/"},{"@type":"ListItem","position":3,"name":"Oude snijdbare komijne kaas"}]},{"@type":"WebSite","@id":"https:\/\/kaashandeldammers.nl\/#website","url":"https:\/\/kaashandeldammers.nl\/","name":"Dammers K\u00e4segesch\u00e4ft","description":"Handwerklich hergestellter K\u00e4se, frisch vom Messer","potentialAction":[{"@type":"SearchAction","target":{"@type":"EntryPoint","urlTemplate":"https:\/\/kaashandeldammers.nl\/?s={search_term_string}"},"query-input":{"@type":"PropertyValueSpecification","valueRequired":true,"valueName":"search_term_string"}}],"inLanguage":"de"}]}},"jetpack_sharing_enabled":true,"_links":{"self":[{"href":"https:\/\/kaashandeldammers.nl\/de\/wp-json\/wp\/v2\/product\/397","targetHints":{"allow":["GET"]}}],"collection":[{"href":"https:\/\/kaashandeldammers.nl\/de\/wp-json\/wp\/v2\/product"}],"about":[{"href":"https:\/\/kaashandeldammers.nl\/de\/wp-json\/wp\/v2\/types\/product"}],"wp:featuredmedia":[{"embeddable":true,"href":"https:\/\/kaashandeldammers.nl\/de\/wp-json\/wp\/v2\/media\/673"}],"wp:attachment":[{"href":"https:\/\/kaashandeldammers.nl\/de\/wp-json\/wp\/v2\/media?parent=397"}],"wp:term":[{"taxonomy":"product_brand","embeddable":true,"href":"https:\/\/kaashandeldammers.nl\/de\/wp-json\/wp\/v2\/product_brand?post=397"},{"taxonomy":"product_cat","embeddable":true,"href":"https:\/\/kaashandeldammers.nl\/de\/wp-json\/wp\/v2\/product_cat?post=397"},{"taxonomy":"product_tag","embeddable":true,"href":"https:\/\/kaashandeldammers.nl\/de\/wp-json\/wp\/v2\/product_tag?post=397"}],"curies":[{"name":"wp","href":"https:\/\/api.w.org\/{rel}","templated":true}]}}