{"id":395,"date":"2026-01-21T13:46:42","date_gmt":"2026-01-21T13:46:42","guid":{"rendered":"https:\/\/kaashandeldammers.nl\/product\/belegen-komijne-kaas\/"},"modified":"2026-01-22T08:31:41","modified_gmt":"2026-01-22T08:31:41","slug":"belegen-komijne-kaas","status":"publish","type":"product","link":"https:\/\/kaashandeldammers.nl\/de\/produkt\/belegen-komijne-kaas\/","title":{"rendered":"Reifer Kreuzk\u00fcmmelk\u00e4se"},"content":{"rendered":"<h4>Reifer Kreuzk\u00fcmmelk\u00e4se:<\/h4>\n<p>Wer gerne einen leckeren Kreuzk\u00fcmmelk\u00e4se isst (egal ob jung oder alt), wird unseren gereiften Kreuzk\u00fcmmelk\u00e4se lieben. Die Kreuzk\u00fcmmelsamen verst\u00e4rken den vollen, kr\u00e4ftigen Geschmack des gereiften K\u00e4ses.&nbsp;<a href=\"https:\/\/kaasonlinebestellen.nl\/product\/belegen-komijne-kaas#goudsekaas\">K\u00e4se<\/a>. Nachdem die Kreuzk\u00fcmmelsamen sorgf\u00e4ltig unter die K\u00e4semasse gemischt wurden, lassen wir den K\u00e4se 16 bis 18 Wochen reifen. Dadurch hat der K\u00e4se ausreichend Zeit, das Aroma der Kreuzk\u00fcmmelsamen aufzunehmen und seinen eigenen, unverwechselbaren Geschmack zu entwickeln.<\/p>\n<h4>Zuschneiden und Versenden:<\/h4>\n<p>Wir schneiden Ihren K\u00e4se frisch vom Messer und vakuumieren ihn!<br \/>\nDank seiner festen Konsistenz eignet sich holl\u00e4ndischer K\u00e4se hervorragend f\u00fcr den Postversand.<\/p>\n<h4 id=\"goudsekaas\">Gouda-K\u00e4se:<\/h4>\n<p>Ein Gouda-K\u00e4se hat die Form eines Laibs, wiegt zwischen 1 und 16 kg und hat eine<br \/>\nFettgehalt von mindestens 48%.<br \/>\nDie Art verdankt ihren Namen&nbsp;<i>Gouda-K\u00e4se<\/i>&nbsp;zu der Tatsache, dass er in&nbsp;<a href=\"https:\/\/nl.wikipedia.org\/wiki\/Gouda\" title=\"Gouda\">Gouda<\/a>&nbsp;wird gehandelt.<\/p>\n<h4>Unser Gouda-K\u00e4se:<\/h4>\n<p>Nach dem Entrahmung und der Pasteurisierung wird in der K\u00e4serei De Graafstroom in Bleskensgraaf, S\u00fcdholland, Lab und Starterkulturen zur Milch hinzugef\u00fcgt. Dies verleiht unserem K\u00e4se seinen k\u00f6stlichen Geschmack. Die so entstehende dicke Masse wird als K\u00e4sebruch bezeichnet. Durch R\u00fchren und Schneiden tritt Molke aus, die als Zutat in hochwertiger S\u00e4uglingsnahrung verwendet wird. Anschlie\u00dfend wird der K\u00e4sebruch in den K\u00e4sekessel gegeben und zu K\u00e4se geformt. Sein volles Aroma entwickelt der K\u00e4se im Salzlakebad, wo er in den charakteristischen (Salz-)Kulturen von De Graafstroom eingelegt wird. Nach dem Einlegen in Salzlake erh\u00e4lt der K\u00e4se eine Schutzschicht, die den Feuchtigkeitsverlust reduziert und seine Qualit\u00e4t bewahrt. Anschlie\u00dfend reift der K\u00e4se auf originalen Holzregalen im K\u00e4selager, bevor er in den Handel und schlie\u00dflich in unsere K\u00fcche geliefert wird.<\/p>\n<p>Unser cremiger Jungk\u00e4se, unser weicher Halbreifek\u00e4se, unser cremiger Reifek\u00e4se und unser w\u00fcrziger, gereifter K\u00e4se sind allesamt k\u00f6stlich und gesund. Wir legen Wert auf einen m\u00f6glichst geringen Fett- und Salzgehalt in unseren charaktervollen K\u00e4sesorten. Wir nennen dies \u2018K\u00e4se mit Herz\u2019: K\u00e4se, der mit viel Sorgfalt, Leidenschaft und Liebe aus der Milch bester K\u00fche aus der Region Groene Hart und Umgebung hergestellt wird.<\/p>","protected":false},"excerpt":{"rendered":"<p>Wie houdt van een lekkere komijne\u00a0kaas (precies tussen het jong en het oud in), houdt van onze belegen komijne kaas.<\/p>","protected":false},"featured_media":1143,"template":"","meta":[],"product_brand":[],"product_cat":[25],"product_tag":[],"class_list":{"0":"post-395","1":"product","2":"type-product","3":"status-publish","4":"has-post-thumbnail","6":"product_cat-hollandse-komijne-kaas","8":"first","9":"instock","10":"taxable","11":"shipping-taxable","12":"product-type-simple"},"yoast_head":"<!-- This site is optimized with the Yoast SEO plugin v27.3 - https:\/\/yoast.com\/product\/yoast-seo-wordpress\/ -->\n<title>Belegen komijne kaas - Kaashandel Dammers<\/title>\n<meta name=\"robots\" content=\"index, follow, max-snippet:-1, max-image-preview:large, max-video-preview:-1\" \/>\n<link rel=\"canonical\" href=\"https:\/\/kaashandeldammers.nl\/de\/produkt\/belegen-komijne-kaas\/\" \/>\n<meta property=\"og:locale\" content=\"de_DE\" \/>\n<meta property=\"og:type\" content=\"article\" \/>\n<meta property=\"og:title\" content=\"Belegen komijne kaas - Kaashandel Dammers\" \/>\n<meta property=\"og:description\" content=\"Wie houdt van een lekkere komijne\u00a0kaas (precies tussen het jong en het oud in), houdt van onze belegen komijne kaas.\" \/>\n<meta property=\"og:url\" content=\"https:\/\/kaashandeldammers.nl\/de\/produkt\/belegen-komijne-kaas\/\" \/>\n<meta property=\"og:site_name\" content=\"Kaashandel Dammers\" \/>\n<meta property=\"article:modified_time\" content=\"2026-01-22T08:31:41+00:00\" \/>\n<meta property=\"og:image\" content=\"https:\/\/kaashandeldammers.nl\/wp-content\/uploads\/2026\/01\/2010563415-5.png\" \/>\n\t<meta property=\"og:image:width\" content=\"1080\" \/>\n\t<meta property=\"og:image:height\" content=\"1080\" \/>\n\t<meta property=\"og:image:type\" content=\"image\/png\" \/>\n<meta name=\"twitter:card\" content=\"summary_large_image\" \/>\n<meta name=\"twitter:label1\" content=\"Gesch\u00e4tzte Lesezeit\" \/>\n\t<meta name=\"twitter:data1\" content=\"2\u00a0Minuten\" \/>\n<script type=\"application\/ld+json\" class=\"yoast-schema-graph\">{\"@context\":\"https:\\\/\\\/schema.org\",\"@graph\":[{\"@type\":\"WebPage\",\"@id\":\"https:\\\/\\\/kaashandeldammers.nl\\\/product\\\/belegen-komijne-kaas\\\/\",\"url\":\"https:\\\/\\\/kaashandeldammers.nl\\\/product\\\/belegen-komijne-kaas\\\/\",\"name\":\"Belegen komijne kaas - Kaashandel Dammers\",\"isPartOf\":{\"@id\":\"https:\\\/\\\/kaashandeldammers.nl\\\/#website\"},\"primaryImageOfPage\":{\"@id\":\"https:\\\/\\\/kaashandeldammers.nl\\\/product\\\/belegen-komijne-kaas\\\/#primaryimage\"},\"image\":{\"@id\":\"https:\\\/\\\/kaashandeldammers.nl\\\/product\\\/belegen-komijne-kaas\\\/#primaryimage\"},\"thumbnailUrl\":\"https:\\\/\\\/kaashandeldammers.nl\\\/wp-content\\\/uploads\\\/2026\\\/01\\\/2010563415-6.png\",\"datePublished\":\"2026-01-21T13:46:42+00:00\",\"dateModified\":\"2026-01-22T08:31:41+00:00\",\"breadcrumb\":{\"@id\":\"https:\\\/\\\/kaashandeldammers.nl\\\/product\\\/belegen-komijne-kaas\\\/#breadcrumb\"},\"inLanguage\":\"de\",\"potentialAction\":[{\"@type\":\"ReadAction\",\"target\":[\"https:\\\/\\\/kaashandeldammers.nl\\\/product\\\/belegen-komijne-kaas\\\/\"]}]},{\"@type\":\"ImageObject\",\"inLanguage\":\"de\",\"@id\":\"https:\\\/\\\/kaashandeldammers.nl\\\/product\\\/belegen-komijne-kaas\\\/#primaryimage\",\"url\":\"https:\\\/\\\/kaashandeldammers.nl\\\/wp-content\\\/uploads\\\/2026\\\/01\\\/2010563415-6.png\",\"contentUrl\":\"https:\\\/\\\/kaashandeldammers.nl\\\/wp-content\\\/uploads\\\/2026\\\/01\\\/2010563415-6.png\",\"width\":1080,\"height\":1080},{\"@type\":\"BreadcrumbList\",\"@id\":\"https:\\\/\\\/kaashandeldammers.nl\\\/product\\\/belegen-komijne-kaas\\\/#breadcrumb\",\"itemListElement\":[{\"@type\":\"ListItem\",\"position\":1,\"name\":\"Home\",\"item\":\"https:\\\/\\\/kaashandeldammers.nl\\\/\"},{\"@type\":\"ListItem\",\"position\":2,\"name\":\"Aanbod\",\"item\":\"https:\\\/\\\/kaashandeldammers.nl\\\/aanbod\\\/\"},{\"@type\":\"ListItem\",\"position\":3,\"name\":\"Belegen komijne kaas\"}]},{\"@type\":\"WebSite\",\"@id\":\"https:\\\/\\\/kaashandeldammers.nl\\\/#website\",\"url\":\"https:\\\/\\\/kaashandeldammers.nl\\\/\",\"name\":\"Kaashandel Dammers\",\"description\":\"Ambachtelijke kaas, vers van het mes\",\"potentialAction\":[{\"@type\":\"SearchAction\",\"target\":{\"@type\":\"EntryPoint\",\"urlTemplate\":\"https:\\\/\\\/kaashandeldammers.nl\\\/?s={search_term_string}\"},\"query-input\":{\"@type\":\"PropertyValueSpecification\",\"valueRequired\":true,\"valueName\":\"search_term_string\"}}],\"inLanguage\":\"de\"}]}<\/script>\n<!-- \/ Yoast SEO plugin. -->","yoast_head_json":{"title":"Belegen komijne kaas - Kaashandel Dammers","robots":{"index":"index","follow":"follow","max-snippet":"max-snippet:-1","max-image-preview":"max-image-preview:large","max-video-preview":"max-video-preview:-1"},"canonical":"https:\/\/kaashandeldammers.nl\/de\/produkt\/belegen-komijne-kaas\/","og_locale":"de_DE","og_type":"article","og_title":"Belegen komijne kaas - Kaashandel Dammers","og_description":"Wie houdt van een lekkere komijne\u00a0kaas (precies tussen het jong en het oud in), houdt van onze belegen komijne kaas.","og_url":"https:\/\/kaashandeldammers.nl\/de\/produkt\/belegen-komijne-kaas\/","og_site_name":"Kaashandel Dammers","article_modified_time":"2026-01-22T08:31:41+00:00","og_image":[{"width":1080,"height":1080,"url":"https:\/\/kaashandeldammers.nl\/wp-content\/uploads\/2026\/01\/2010563415-5.png","type":"image\/png"}],"twitter_card":"summary_large_image","twitter_misc":{"Gesch\u00e4tzte Lesezeit":"2\u00a0Minuten"},"schema":{"@context":"https:\/\/schema.org","@graph":[{"@type":"WebPage","@id":"https:\/\/kaashandeldammers.nl\/product\/belegen-komijne-kaas\/","url":"https:\/\/kaashandeldammers.nl\/product\/belegen-komijne-kaas\/","name":"Belegen komijne kaas - Kaashandel Dammers","isPartOf":{"@id":"https:\/\/kaashandeldammers.nl\/#website"},"primaryImageOfPage":{"@id":"https:\/\/kaashandeldammers.nl\/product\/belegen-komijne-kaas\/#primaryimage"},"image":{"@id":"https:\/\/kaashandeldammers.nl\/product\/belegen-komijne-kaas\/#primaryimage"},"thumbnailUrl":"https:\/\/kaashandeldammers.nl\/wp-content\/uploads\/2026\/01\/2010563415-6.png","datePublished":"2026-01-21T13:46:42+00:00","dateModified":"2026-01-22T08:31:41+00:00","breadcrumb":{"@id":"https:\/\/kaashandeldammers.nl\/product\/belegen-komijne-kaas\/#breadcrumb"},"inLanguage":"de","potentialAction":[{"@type":"ReadAction","target":["https:\/\/kaashandeldammers.nl\/product\/belegen-komijne-kaas\/"]}]},{"@type":"ImageObject","inLanguage":"de","@id":"https:\/\/kaashandeldammers.nl\/product\/belegen-komijne-kaas\/#primaryimage","url":"https:\/\/kaashandeldammers.nl\/wp-content\/uploads\/2026\/01\/2010563415-6.png","contentUrl":"https:\/\/kaashandeldammers.nl\/wp-content\/uploads\/2026\/01\/2010563415-6.png","width":1080,"height":1080},{"@type":"BreadcrumbList","@id":"https:\/\/kaashandeldammers.nl\/product\/belegen-komijne-kaas\/#breadcrumb","itemListElement":[{"@type":"ListItem","position":1,"name":"Home","item":"https:\/\/kaashandeldammers.nl\/"},{"@type":"ListItem","position":2,"name":"Aanbod","item":"https:\/\/kaashandeldammers.nl\/aanbod\/"},{"@type":"ListItem","position":3,"name":"Belegen komijne kaas"}]},{"@type":"WebSite","@id":"https:\/\/kaashandeldammers.nl\/#website","url":"https:\/\/kaashandeldammers.nl\/","name":"Dammers K\u00e4segesch\u00e4ft","description":"Handwerklich hergestellter K\u00e4se, frisch vom Messer","potentialAction":[{"@type":"SearchAction","target":{"@type":"EntryPoint","urlTemplate":"https:\/\/kaashandeldammers.nl\/?s={search_term_string}"},"query-input":{"@type":"PropertyValueSpecification","valueRequired":true,"valueName":"search_term_string"}}],"inLanguage":"de"}]}},"jetpack_sharing_enabled":true,"_links":{"self":[{"href":"https:\/\/kaashandeldammers.nl\/de\/wp-json\/wp\/v2\/product\/395","targetHints":{"allow":["GET"]}}],"collection":[{"href":"https:\/\/kaashandeldammers.nl\/de\/wp-json\/wp\/v2\/product"}],"about":[{"href":"https:\/\/kaashandeldammers.nl\/de\/wp-json\/wp\/v2\/types\/product"}],"wp:featuredmedia":[{"embeddable":true,"href":"https:\/\/kaashandeldammers.nl\/de\/wp-json\/wp\/v2\/media\/1143"}],"wp:attachment":[{"href":"https:\/\/kaashandeldammers.nl\/de\/wp-json\/wp\/v2\/media?parent=395"}],"wp:term":[{"taxonomy":"product_brand","embeddable":true,"href":"https:\/\/kaashandeldammers.nl\/de\/wp-json\/wp\/v2\/product_brand?post=395"},{"taxonomy":"product_cat","embeddable":true,"href":"https:\/\/kaashandeldammers.nl\/de\/wp-json\/wp\/v2\/product_cat?post=395"},{"taxonomy":"product_tag","embeddable":true,"href":"https:\/\/kaashandeldammers.nl\/de\/wp-json\/wp\/v2\/product_tag?post=395"}],"curies":[{"name":"wp","href":"https:\/\/api.w.org\/{rel}","templated":true}]}}