{"id":391,"date":"2026-01-21T13:46:24","date_gmt":"2026-01-21T13:46:24","guid":{"rendered":"https:\/\/kaashandeldammers.nl\/product\/overjarige-kaas\/"},"modified":"2026-01-22T08:31:41","modified_gmt":"2026-01-22T08:31:41","slug":"overjarige-kaas","status":"publish","type":"product","link":"https:\/\/kaashandeldammers.nl\/de\/produkt\/overjarige-kaas\/","title":{"rendered":"Alter K\u00e4se"},"content":{"rendered":"<p>Sie lieben gereiften K\u00e4se? Dann haben Sie den perfekten gefunden!<br \/>\n&nbsp;<\/p>\n<h2>So sieht \u00fcberalterter K\u00e4se aus<\/h2>\n<p>Ein reifer K\u00e4se muss mindestens 24 Monate gereift sein. Nach 12 Monaten Reifezeit gilt er als alt. Dieser pr\u00e4chtige, gereifte K\u00e4se ist \u00fcber zweieinhalb Jahre alt und hat ebenso lange gereift. Er ist wahrlich ein K\u00e4se, den wir als gereift bezeichnen k\u00f6nnen.<\/p>\n<h2>\nWeidemilch als Grundlage f\u00fcr gereiften K\u00e4se<\/h2>\n<p>Dieser wunderbare, gereifte K\u00e4se wird aus der Milch niederl\u00e4ndischer K\u00fche hergestellt, die in der Region Groene Hart und Umgebung grasen. Die gesamte Milch stammt von Weidek\u00fchen. Weidemilch wird von H\u00f6fen bezogen, auf denen die K\u00fche von Fr\u00fchling bis Herbst mindestens 120 Tage im Jahr und mindestens 6 Stunden t\u00e4glich auf der Weide grasen.<br \/>\n&nbsp;<\/p>\n<h2>Achtung vom Graafstroom<\/h2>\n<p>Nachdem die K\u00e4semeister von Graafstroom einen pr\u00e4chtigen K\u00e4se kreiert haben, kommt er ins K\u00e4selager. Dort ruht er lange Zeit (mindestens 2,5 Jahre), um in Ruhe zu reifen und sein wunderbares Aroma zu entwickeln. Nach 2,5 Jahren der Ruhe und sorgf\u00e4ltigen Behandlung ist er bereit, als gereifter K\u00e4se an Liebhaber verkauft zu werden.<br \/>\n&nbsp;<\/p>\n<h2>Essen und Aufbewahren<\/h2>\n<p>Wie genie\u00dft und lagert man gereiften K\u00e4se am besten? Wir haben einen tollen Tipp: Wenn Sie den K\u00e4se au\u00dferhalb des K\u00fchlschranks aufbewahren oder ihn eine Stunde vor dem Verzehr herausnehmen, l\u00e4sst er sich noch einigerma\u00dfen schneiden und schmeckt auch hervorragend, wenn man ihn in St\u00fccke br\u00f6selt und knabbert.<br \/>\n&nbsp;<\/p>\n<h2>M\u00f6chten Sie gereiften K\u00e4se kaufen?<\/h2>\n<p>Neugierig auf diesen k\u00f6stlichen, gereiften K\u00e4se und m\u00f6chten Sie ihn unbedingt probieren? Oder sind Sie nach dem Kosten dieses Klassikers schon begeistert? Bestellen Sie ganz einfach St\u00fccke von 300 Gramm bis 1,2 Kilo in unserem Webshop. Innerhalb von zwei Tagen genie\u00dfen Sie diesen K\u00e4se auf Ihrem Teller!<\/p>","protected":false},"excerpt":{"rendered":"<p>Ein herrlicher, \u00fcber 2,5 Jahre gereifter K\u00e4se.<\/p>","protected":false},"featured_media":1137,"template":"","meta":[],"product_brand":[],"product_cat":[23],"product_tag":[],"class_list":{"0":"post-391","1":"product","2":"type-product","3":"status-publish","4":"has-post-thumbnail","6":"product_cat-hollandse-goudse-kaas","8":"first","9":"instock","10":"taxable","11":"shipping-taxable","12":"product-type-simple"},"yoast_head":"<!-- This site is optimized with the Yoast SEO plugin v27.4 - https:\/\/yoast.com\/product\/yoast-seo-wordpress\/ -->\n<title>Overjarige kaas - Kaashandel Dammers<\/title>\n<meta name=\"robots\" content=\"index, follow, max-snippet:-1, max-image-preview:large, max-video-preview:-1\" \/>\n<link rel=\"canonical\" href=\"https:\/\/kaashandeldammers.nl\/de\/produkt\/overjarige-kaas\/\" \/>\n<meta property=\"og:locale\" content=\"de_DE\" \/>\n<meta property=\"og:type\" content=\"article\" \/>\n<meta property=\"og:title\" content=\"Overjarige kaas - Kaashandel Dammers\" \/>\n<meta property=\"og:description\" content=\"Schitterende overjarige kaas, ruim 2,5 jaar gerijpt\" \/>\n<meta property=\"og:url\" content=\"https:\/\/kaashandeldammers.nl\/de\/produkt\/overjarige-kaas\/\" \/>\n<meta property=\"og:site_name\" content=\"Kaashandel Dammers\" \/>\n<meta property=\"article:modified_time\" content=\"2026-01-22T08:31:41+00:00\" \/>\n<meta name=\"twitter:card\" content=\"summary_large_image\" \/>\n<meta name=\"twitter:label1\" content=\"Gesch\u00e4tzte Lesezeit\" \/>\n\t<meta name=\"twitter:data1\" content=\"1\u00a0Minute\" \/>\n<script type=\"application\/ld+json\" class=\"yoast-schema-graph\">{\"@context\":\"https:\\\/\\\/schema.org\",\"@graph\":[{\"@type\":\"WebPage\",\"@id\":\"https:\\\/\\\/kaashandeldammers.nl\\\/product\\\/overjarige-kaas\\\/\",\"url\":\"https:\\\/\\\/kaashandeldammers.nl\\\/product\\\/overjarige-kaas\\\/\",\"name\":\"Overjarige kaas - Kaashandel Dammers\",\"isPartOf\":{\"@id\":\"https:\\\/\\\/kaashandeldammers.nl\\\/#website\"},\"primaryImageOfPage\":{\"@id\":\"https:\\\/\\\/kaashandeldammers.nl\\\/product\\\/overjarige-kaas\\\/#primaryimage\"},\"image\":{\"@id\":\"https:\\\/\\\/kaashandeldammers.nl\\\/product\\\/overjarige-kaas\\\/#primaryimage\"},\"thumbnailUrl\":\"https:\\\/\\\/kaashandeldammers.nl\\\/wp-content\\\/uploads\\\/2026\\\/01\\\/2010440805-5.png\",\"datePublished\":\"2026-01-21T13:46:24+00:00\",\"dateModified\":\"2026-01-22T08:31:41+00:00\",\"breadcrumb\":{\"@id\":\"https:\\\/\\\/kaashandeldammers.nl\\\/product\\\/overjarige-kaas\\\/#breadcrumb\"},\"inLanguage\":\"de\",\"potentialAction\":[{\"@type\":\"ReadAction\",\"target\":[\"https:\\\/\\\/kaashandeldammers.nl\\\/product\\\/overjarige-kaas\\\/\"]}]},{\"@type\":\"ImageObject\",\"inLanguage\":\"de\",\"@id\":\"https:\\\/\\\/kaashandeldammers.nl\\\/product\\\/overjarige-kaas\\\/#primaryimage\",\"url\":\"https:\\\/\\\/kaashandeldammers.nl\\\/wp-content\\\/uploads\\\/2026\\\/01\\\/2010440805-5.png\",\"contentUrl\":\"https:\\\/\\\/kaashandeldammers.nl\\\/wp-content\\\/uploads\\\/2026\\\/01\\\/2010440805-5.png\",\"width\":600,\"height\":600},{\"@type\":\"BreadcrumbList\",\"@id\":\"https:\\\/\\\/kaashandeldammers.nl\\\/product\\\/overjarige-kaas\\\/#breadcrumb\",\"itemListElement\":[{\"@type\":\"ListItem\",\"position\":1,\"name\":\"Home\",\"item\":\"https:\\\/\\\/kaashandeldammers.nl\\\/\"},{\"@type\":\"ListItem\",\"position\":2,\"name\":\"Aanbod\",\"item\":\"https:\\\/\\\/kaashandeldammers.nl\\\/aanbod\\\/\"},{\"@type\":\"ListItem\",\"position\":3,\"name\":\"Overjarige kaas\"}]},{\"@type\":\"WebSite\",\"@id\":\"https:\\\/\\\/kaashandeldammers.nl\\\/#website\",\"url\":\"https:\\\/\\\/kaashandeldammers.nl\\\/\",\"name\":\"Kaashandel Dammers\",\"description\":\"Ambachtelijke kaas, vers van het mes\",\"potentialAction\":[{\"@type\":\"SearchAction\",\"target\":{\"@type\":\"EntryPoint\",\"urlTemplate\":\"https:\\\/\\\/kaashandeldammers.nl\\\/?s={search_term_string}\"},\"query-input\":{\"@type\":\"PropertyValueSpecification\",\"valueRequired\":true,\"valueName\":\"search_term_string\"}}],\"inLanguage\":\"de\"}]}<\/script>\n<!-- \/ Yoast SEO plugin. -->","yoast_head_json":{"title":"Overjarige kaas - Kaashandel Dammers","robots":{"index":"index","follow":"follow","max-snippet":"max-snippet:-1","max-image-preview":"max-image-preview:large","max-video-preview":"max-video-preview:-1"},"canonical":"https:\/\/kaashandeldammers.nl\/de\/produkt\/overjarige-kaas\/","og_locale":"de_DE","og_type":"article","og_title":"Overjarige kaas - Kaashandel Dammers","og_description":"Schitterende overjarige kaas, ruim 2,5 jaar gerijpt","og_url":"https:\/\/kaashandeldammers.nl\/de\/produkt\/overjarige-kaas\/","og_site_name":"Kaashandel Dammers","article_modified_time":"2026-01-22T08:31:41+00:00","twitter_card":"summary_large_image","twitter_misc":{"Gesch\u00e4tzte Lesezeit":"1\u00a0Minute"},"schema":{"@context":"https:\/\/schema.org","@graph":[{"@type":"WebPage","@id":"https:\/\/kaashandeldammers.nl\/product\/overjarige-kaas\/","url":"https:\/\/kaashandeldammers.nl\/product\/overjarige-kaas\/","name":"Overjarige kaas - Kaashandel Dammers","isPartOf":{"@id":"https:\/\/kaashandeldammers.nl\/#website"},"primaryImageOfPage":{"@id":"https:\/\/kaashandeldammers.nl\/product\/overjarige-kaas\/#primaryimage"},"image":{"@id":"https:\/\/kaashandeldammers.nl\/product\/overjarige-kaas\/#primaryimage"},"thumbnailUrl":"https:\/\/kaashandeldammers.nl\/wp-content\/uploads\/2026\/01\/2010440805-5.png","datePublished":"2026-01-21T13:46:24+00:00","dateModified":"2026-01-22T08:31:41+00:00","breadcrumb":{"@id":"https:\/\/kaashandeldammers.nl\/product\/overjarige-kaas\/#breadcrumb"},"inLanguage":"de","potentialAction":[{"@type":"ReadAction","target":["https:\/\/kaashandeldammers.nl\/product\/overjarige-kaas\/"]}]},{"@type":"ImageObject","inLanguage":"de","@id":"https:\/\/kaashandeldammers.nl\/product\/overjarige-kaas\/#primaryimage","url":"https:\/\/kaashandeldammers.nl\/wp-content\/uploads\/2026\/01\/2010440805-5.png","contentUrl":"https:\/\/kaashandeldammers.nl\/wp-content\/uploads\/2026\/01\/2010440805-5.png","width":600,"height":600},{"@type":"BreadcrumbList","@id":"https:\/\/kaashandeldammers.nl\/product\/overjarige-kaas\/#breadcrumb","itemListElement":[{"@type":"ListItem","position":1,"name":"Home","item":"https:\/\/kaashandeldammers.nl\/"},{"@type":"ListItem","position":2,"name":"Aanbod","item":"https:\/\/kaashandeldammers.nl\/aanbod\/"},{"@type":"ListItem","position":3,"name":"Overjarige kaas"}]},{"@type":"WebSite","@id":"https:\/\/kaashandeldammers.nl\/#website","url":"https:\/\/kaashandeldammers.nl\/","name":"Dammers K\u00e4segesch\u00e4ft","description":"Handwerklich hergestellter K\u00e4se, frisch vom Messer","potentialAction":[{"@type":"SearchAction","target":{"@type":"EntryPoint","urlTemplate":"https:\/\/kaashandeldammers.nl\/?s={search_term_string}"},"query-input":{"@type":"PropertyValueSpecification","valueRequired":true,"valueName":"search_term_string"}}],"inLanguage":"de"}]}},"jetpack_sharing_enabled":true,"_links":{"self":[{"href":"https:\/\/kaashandeldammers.nl\/de\/wp-json\/wp\/v2\/product\/391","targetHints":{"allow":["GET"]}}],"collection":[{"href":"https:\/\/kaashandeldammers.nl\/de\/wp-json\/wp\/v2\/product"}],"about":[{"href":"https:\/\/kaashandeldammers.nl\/de\/wp-json\/wp\/v2\/types\/product"}],"wp:featuredmedia":[{"embeddable":true,"href":"https:\/\/kaashandeldammers.nl\/de\/wp-json\/wp\/v2\/media\/1137"}],"wp:attachment":[{"href":"https:\/\/kaashandeldammers.nl\/de\/wp-json\/wp\/v2\/media?parent=391"}],"wp:term":[{"taxonomy":"product_brand","embeddable":true,"href":"https:\/\/kaashandeldammers.nl\/de\/wp-json\/wp\/v2\/product_brand?post=391"},{"taxonomy":"product_cat","embeddable":true,"href":"https:\/\/kaashandeldammers.nl\/de\/wp-json\/wp\/v2\/product_cat?post=391"},{"taxonomy":"product_tag","embeddable":true,"href":"https:\/\/kaashandeldammers.nl\/de\/wp-json\/wp\/v2\/product_tag?post=391"}],"curies":[{"name":"wp","href":"https:\/\/api.w.org\/{rel}","templated":true}]}}