{"id":383,"date":"2026-01-21T13:45:36","date_gmt":"2026-01-21T13:45:36","guid":{"rendered":"https:\/\/kaashandeldammers.nl\/product\/veense-jong-belegen-zacht-vol-en-heerlijk-romig-%f0%9f%a7%80\/"},"modified":"2026-01-22T08:31:41","modified_gmt":"2026-01-22T08:31:41","slug":"veense-jong-belegen-zacht-vol-en-heerlijk-romig-%f0%9f%a7%80","status":"publish","type":"product","link":"https:\/\/kaashandeldammers.nl\/de\/produkt\/veense-jong-belegen-zacht-vol-en-heerlijk-romig-%f0%9f%a7%80\/","title":{"rendered":"Veense Jong Belegen \u2013 Weich, vollmundig und herrlich cremig \ud83e\uddc0"},"content":{"rendered":"<p data-end=\"57\" data-start=\"0\"><strong data-end=\"57\" data-start=\"0\">Veense Jong Belegen \u2013 Weich, vollmundig und herrlich cremig \ud83e\uddc0<\/strong><\/p>\n<p data-end=\"317\" data-start=\"59\">Unser <strong data-end=\"87\" data-start=\"64\">Veense Jong Belegen<\/strong> ist ein echter Publikumsliebling: ein super leckerer, nat\u00fcrlich gereifter K\u00e4se von etwa <strong data-end=\"188\" data-start=\"172\">10 Wochen alt<\/strong>. Aufgrund der kurzen Reifezeit beh\u00e4lt dieser K\u00e4se seine weiche, cremige Konsistenz, hat aber etwas mehr Charakter als ein junger K\u00e4se.<\/p>\n<p data-end=\"552\" data-start=\"319\">Der Geschmack ist mild, vollmundig und leicht herzhaft \u2013 genau das Richtige f\u00fcr ein frisches Sandwich oder ein leckeres Fr\u00fchst\u00fcck. Traditionell mit frischer Milch zubereitet und sorgf\u00e4ltig gereift, damit Sie jeden Tag pure niederl\u00e4ndische Qualit\u00e4t genie\u00dfen k\u00f6nnen.<\/p>\n<p data-end=\"700\" data-start=\"554\"><strong data-end=\"571\" data-start=\"554\">Perfekt geeignet f\u00fcr:<\/strong><br data-end=\"574\" data-start=\"571\" \/><br \/>\n\u2714\ufe0f Auf Brot oder Toast<br data-end=\"597\" data-start=\"594\" \/><br \/>\n\u2714\ufe0f F\u00fcr K\u00e4seliebhaber, die es mild, aber mit einer gewissen Sch\u00e4rfe m\u00f6gen.<br data-end=\"651\" data-start=\"648\" \/><br \/>\n\u2714\ufe0f Als Grundlage f\u00fcr ein klassisches niederl\u00e4ndisches Mittagessen<\/p>\n<p data-end=\"781\" data-is-last-node=\"\" data-is-only-node=\"\" data-start=\"702\"><strong data-end=\"781\" data-is-last-node=\"\" data-start=\"702\">Lassen Sie sich vom weichen, vollen Geschmack unseres Veense Jong Belegen \u00fcberraschen!<\/strong><\/p>","protected":false},"excerpt":{"rendered":"<p>Romige natuurgerijpte kaas van 10 weken oud. Zacht van smaak maar met karakter \u2013 perfect voor op de boterham!<\/p>","protected":false},"featured_media":1131,"template":"","meta":[],"product_brand":[],"product_cat":[23,24],"product_tag":[],"class_list":{"0":"post-383","1":"product","2":"type-product","3":"status-publish","4":"has-post-thumbnail","6":"product_cat-hollandse-goudse-kaas","7":"product_cat-kaasvoordeel","9":"first","10":"instock","11":"taxable","12":"shipping-taxable","13":"product-type-simple"},"yoast_head":"<!-- This site is optimized with the Yoast SEO plugin v27.3 - https:\/\/yoast.com\/product\/yoast-seo-wordpress\/ -->\n<title>Veense Jong Belegen \u2013 Zacht, vol en heerlijk romig \ud83e\uddc0 - Kaashandel Dammers<\/title>\n<meta name=\"robots\" content=\"index, follow, max-snippet:-1, max-image-preview:large, max-video-preview:-1\" \/>\n<link rel=\"canonical\" href=\"https:\/\/kaashandeldammers.nl\/de\/produkt\/veense-jong-belegen-zacht-vol-en-heerlijk-romig-\ud83e\uddc0\/\" \/>\n<meta property=\"og:locale\" content=\"de_DE\" \/>\n<meta property=\"og:type\" content=\"article\" \/>\n<meta property=\"og:title\" content=\"Veense Jong Belegen \u2013 Zacht, vol en heerlijk romig \ud83e\uddc0 - Kaashandel Dammers\" \/>\n<meta property=\"og:description\" content=\"Romige natuurgerijpte kaas van 10 weken oud. Zacht van smaak maar met karakter \u2013 perfect voor op de boterham!\" \/>\n<meta property=\"og:url\" content=\"https:\/\/kaashandeldammers.nl\/de\/produkt\/veense-jong-belegen-zacht-vol-en-heerlijk-romig-\ud83e\uddc0\/\" \/>\n<meta property=\"og:site_name\" content=\"Kaashandel Dammers\" \/>\n<meta property=\"article:modified_time\" content=\"2026-01-22T08:31:41+00:00\" \/>\n<meta property=\"og:image\" content=\"https:\/\/kaashandeldammers.nl\/wp-content\/uploads\/2026\/01\/2033840280-41.png\" \/>\n\t<meta property=\"og:image:width\" content=\"1080\" \/>\n\t<meta property=\"og:image:height\" content=\"1080\" \/>\n\t<meta property=\"og:image:type\" content=\"image\/png\" \/>\n<meta name=\"twitter:card\" content=\"summary_large_image\" \/>\n<meta name=\"twitter:label1\" content=\"Gesch\u00e4tzte Lesezeit\" \/>\n\t<meta name=\"twitter:data1\" content=\"1\u00a0Minute\" \/>\n<script type=\"application\/ld+json\" class=\"yoast-schema-graph\">{\"@context\":\"https:\\\/\\\/schema.org\",\"@graph\":[{\"@type\":\"WebPage\",\"@id\":\"https:\\\/\\\/kaashandeldammers.nl\\\/product\\\/veense-jong-belegen-zacht-vol-en-heerlijk-romig-%f0%9f%a7%80\\\/\",\"url\":\"https:\\\/\\\/kaashandeldammers.nl\\\/product\\\/veense-jong-belegen-zacht-vol-en-heerlijk-romig-%f0%9f%a7%80\\\/\",\"name\":\"Veense Jong Belegen \u2013 Zacht, vol en heerlijk romig \ud83e\uddc0 - Kaashandel Dammers\",\"isPartOf\":{\"@id\":\"https:\\\/\\\/kaashandeldammers.nl\\\/#website\"},\"primaryImageOfPage\":{\"@id\":\"https:\\\/\\\/kaashandeldammers.nl\\\/product\\\/veense-jong-belegen-zacht-vol-en-heerlijk-romig-%f0%9f%a7%80\\\/#primaryimage\"},\"image\":{\"@id\":\"https:\\\/\\\/kaashandeldammers.nl\\\/product\\\/veense-jong-belegen-zacht-vol-en-heerlijk-romig-%f0%9f%a7%80\\\/#primaryimage\"},\"thumbnailUrl\":\"https:\\\/\\\/kaashandeldammers.nl\\\/wp-content\\\/uploads\\\/2026\\\/01\\\/2033840280-42.png\",\"datePublished\":\"2026-01-21T13:45:36+00:00\",\"dateModified\":\"2026-01-22T08:31:41+00:00\",\"breadcrumb\":{\"@id\":\"https:\\\/\\\/kaashandeldammers.nl\\\/product\\\/veense-jong-belegen-zacht-vol-en-heerlijk-romig-%f0%9f%a7%80\\\/#breadcrumb\"},\"inLanguage\":\"de\",\"potentialAction\":[{\"@type\":\"ReadAction\",\"target\":[\"https:\\\/\\\/kaashandeldammers.nl\\\/product\\\/veense-jong-belegen-zacht-vol-en-heerlijk-romig-%f0%9f%a7%80\\\/\"]}]},{\"@type\":\"ImageObject\",\"inLanguage\":\"de\",\"@id\":\"https:\\\/\\\/kaashandeldammers.nl\\\/product\\\/veense-jong-belegen-zacht-vol-en-heerlijk-romig-%f0%9f%a7%80\\\/#primaryimage\",\"url\":\"https:\\\/\\\/kaashandeldammers.nl\\\/wp-content\\\/uploads\\\/2026\\\/01\\\/2033840280-42.png\",\"contentUrl\":\"https:\\\/\\\/kaashandeldammers.nl\\\/wp-content\\\/uploads\\\/2026\\\/01\\\/2033840280-42.png\",\"width\":1080,\"height\":1080},{\"@type\":\"BreadcrumbList\",\"@id\":\"https:\\\/\\\/kaashandeldammers.nl\\\/product\\\/veense-jong-belegen-zacht-vol-en-heerlijk-romig-%f0%9f%a7%80\\\/#breadcrumb\",\"itemListElement\":[{\"@type\":\"ListItem\",\"position\":1,\"name\":\"Home\",\"item\":\"https:\\\/\\\/kaashandeldammers.nl\\\/\"},{\"@type\":\"ListItem\",\"position\":2,\"name\":\"Aanbod\",\"item\":\"https:\\\/\\\/kaashandeldammers.nl\\\/aanbod\\\/\"},{\"@type\":\"ListItem\",\"position\":3,\"name\":\"Veense Jong Belegen \u2013 Zacht, vol en heerlijk romig \ud83e\uddc0\"}]},{\"@type\":\"WebSite\",\"@id\":\"https:\\\/\\\/kaashandeldammers.nl\\\/#website\",\"url\":\"https:\\\/\\\/kaashandeldammers.nl\\\/\",\"name\":\"Kaashandel Dammers\",\"description\":\"Ambachtelijke kaas, vers van het mes\",\"potentialAction\":[{\"@type\":\"SearchAction\",\"target\":{\"@type\":\"EntryPoint\",\"urlTemplate\":\"https:\\\/\\\/kaashandeldammers.nl\\\/?s={search_term_string}\"},\"query-input\":{\"@type\":\"PropertyValueSpecification\",\"valueRequired\":true,\"valueName\":\"search_term_string\"}}],\"inLanguage\":\"de\"}]}<\/script>\n<!-- \/ Yoast SEO plugin. -->","yoast_head_json":{"title":"Veense Jong Belegen \u2013 Zacht, vol en heerlijk romig \ud83e\uddc0 - Kaashandel Dammers","robots":{"index":"index","follow":"follow","max-snippet":"max-snippet:-1","max-image-preview":"max-image-preview:large","max-video-preview":"max-video-preview:-1"},"canonical":"https:\/\/kaashandeldammers.nl\/de\/produkt\/veense-jong-belegen-zacht-vol-en-heerlijk-romig-\ud83e\uddc0\/","og_locale":"de_DE","og_type":"article","og_title":"Veense Jong Belegen \u2013 Zacht, vol en heerlijk romig \ud83e\uddc0 - Kaashandel Dammers","og_description":"Romige natuurgerijpte kaas van 10 weken oud. Zacht van smaak maar met karakter \u2013 perfect voor op de boterham!","og_url":"https:\/\/kaashandeldammers.nl\/de\/produkt\/veense-jong-belegen-zacht-vol-en-heerlijk-romig-\ud83e\uddc0\/","og_site_name":"Kaashandel Dammers","article_modified_time":"2026-01-22T08:31:41+00:00","og_image":[{"width":1080,"height":1080,"url":"https:\/\/kaashandeldammers.nl\/wp-content\/uploads\/2026\/01\/2033840280-41.png","type":"image\/png"}],"twitter_card":"summary_large_image","twitter_misc":{"Gesch\u00e4tzte Lesezeit":"1\u00a0Minute"},"schema":{"@context":"https:\/\/schema.org","@graph":[{"@type":"WebPage","@id":"https:\/\/kaashandeldammers.nl\/product\/veense-jong-belegen-zacht-vol-en-heerlijk-romig-%f0%9f%a7%80\/","url":"https:\/\/kaashandeldammers.nl\/product\/veense-jong-belegen-zacht-vol-en-heerlijk-romig-%f0%9f%a7%80\/","name":"Veense Jong Belegen \u2013 Zacht, vol en heerlijk romig \ud83e\uddc0 - Kaashandel Dammers","isPartOf":{"@id":"https:\/\/kaashandeldammers.nl\/#website"},"primaryImageOfPage":{"@id":"https:\/\/kaashandeldammers.nl\/product\/veense-jong-belegen-zacht-vol-en-heerlijk-romig-%f0%9f%a7%80\/#primaryimage"},"image":{"@id":"https:\/\/kaashandeldammers.nl\/product\/veense-jong-belegen-zacht-vol-en-heerlijk-romig-%f0%9f%a7%80\/#primaryimage"},"thumbnailUrl":"https:\/\/kaashandeldammers.nl\/wp-content\/uploads\/2026\/01\/2033840280-42.png","datePublished":"2026-01-21T13:45:36+00:00","dateModified":"2026-01-22T08:31:41+00:00","breadcrumb":{"@id":"https:\/\/kaashandeldammers.nl\/product\/veense-jong-belegen-zacht-vol-en-heerlijk-romig-%f0%9f%a7%80\/#breadcrumb"},"inLanguage":"de","potentialAction":[{"@type":"ReadAction","target":["https:\/\/kaashandeldammers.nl\/product\/veense-jong-belegen-zacht-vol-en-heerlijk-romig-%f0%9f%a7%80\/"]}]},{"@type":"ImageObject","inLanguage":"de","@id":"https:\/\/kaashandeldammers.nl\/product\/veense-jong-belegen-zacht-vol-en-heerlijk-romig-%f0%9f%a7%80\/#primaryimage","url":"https:\/\/kaashandeldammers.nl\/wp-content\/uploads\/2026\/01\/2033840280-42.png","contentUrl":"https:\/\/kaashandeldammers.nl\/wp-content\/uploads\/2026\/01\/2033840280-42.png","width":1080,"height":1080},{"@type":"BreadcrumbList","@id":"https:\/\/kaashandeldammers.nl\/product\/veense-jong-belegen-zacht-vol-en-heerlijk-romig-%f0%9f%a7%80\/#breadcrumb","itemListElement":[{"@type":"ListItem","position":1,"name":"Home","item":"https:\/\/kaashandeldammers.nl\/"},{"@type":"ListItem","position":2,"name":"Aanbod","item":"https:\/\/kaashandeldammers.nl\/aanbod\/"},{"@type":"ListItem","position":3,"name":"Veense Jong Belegen \u2013 Zacht, vol en heerlijk romig \ud83e\uddc0"}]},{"@type":"WebSite","@id":"https:\/\/kaashandeldammers.nl\/#website","url":"https:\/\/kaashandeldammers.nl\/","name":"Dammers K\u00e4segesch\u00e4ft","description":"Handwerklich hergestellter K\u00e4se, frisch vom Messer","potentialAction":[{"@type":"SearchAction","target":{"@type":"EntryPoint","urlTemplate":"https:\/\/kaashandeldammers.nl\/?s={search_term_string}"},"query-input":{"@type":"PropertyValueSpecification","valueRequired":true,"valueName":"search_term_string"}}],"inLanguage":"de"}]}},"jetpack_sharing_enabled":true,"_links":{"self":[{"href":"https:\/\/kaashandeldammers.nl\/de\/wp-json\/wp\/v2\/product\/383","targetHints":{"allow":["GET"]}}],"collection":[{"href":"https:\/\/kaashandeldammers.nl\/de\/wp-json\/wp\/v2\/product"}],"about":[{"href":"https:\/\/kaashandeldammers.nl\/de\/wp-json\/wp\/v2\/types\/product"}],"wp:featuredmedia":[{"embeddable":true,"href":"https:\/\/kaashandeldammers.nl\/de\/wp-json\/wp\/v2\/media\/1131"}],"wp:attachment":[{"href":"https:\/\/kaashandeldammers.nl\/de\/wp-json\/wp\/v2\/media?parent=383"}],"wp:term":[{"taxonomy":"product_brand","embeddable":true,"href":"https:\/\/kaashandeldammers.nl\/de\/wp-json\/wp\/v2\/product_brand?post=383"},{"taxonomy":"product_cat","embeddable":true,"href":"https:\/\/kaashandeldammers.nl\/de\/wp-json\/wp\/v2\/product_cat?post=383"},{"taxonomy":"product_tag","embeddable":true,"href":"https:\/\/kaashandeldammers.nl\/de\/wp-json\/wp\/v2\/product_tag?post=383"}],"curies":[{"name":"wp","href":"https:\/\/api.w.org\/{rel}","templated":true}]}}