{"id":363,"date":"2026-01-21T09:56:20","date_gmt":"2026-01-21T09:56:20","guid":{"rendered":"https:\/\/kaashandeldammers.nl\/product\/graskaas-romige-hollandse-weidekaas-uitverkocht\/"},"modified":"2026-01-22T08:31:41","modified_gmt":"2026-01-22T08:31:41","slug":"graskaas-romige-hollandse-weidekaas-uitverkocht","status":"publish","type":"product","link":"https:\/\/kaashandeldammers.nl\/de\/produkt\/graskaas-romige-hollandse-weidekaas-uitverkocht\/","title":{"rendered":"Grask\u00e4se \u2013 Cremiger holl\u00e4ndischer Wiesenk\u00e4se (ausverkauft)"},"content":{"rendered":"<h3 data-end=\"155\" data-start=\"94\"><strong data-end=\"155\" data-start=\"98\">Sommerlicher K\u00e4se aus Weidehaltung \u2013 cremig, frisch und typisch holl\u00e4ndisch! \ud83e\uddc0\ud83c\udf3f<\/strong><\/h3>\n<p data-end=\"432\" data-start=\"157\">Unser <strong data-end=\"174\" data-start=\"162\">Grask\u00e4se<\/strong> wird aus der Milch von K\u00fchen hergestellt, die frei auf der Wiese grasen. Das frische Gras sorgt f\u00fcr einen k\u00f6stlichen Geschmack. <strong data-end=\"307\" data-start=\"284\">cremiger, milder Geschmack<\/strong> und eine weiche, cremige Textur. Ein echter Saisonfavorit, der perfekt zu sonnigen Tagen und gem\u00fctlichen Getr\u00e4nken passt.<\/p>\n<p data-end=\"576\" data-start=\"434\">Dieser K\u00e4se ist w\u00e4hrend der <strong data-end=\"492\" data-start=\"471\">gesamte Sommerperiode<\/strong>, Solange die K\u00fche drau\u00dfen grasen und frisches Gras genie\u00dfen k\u00f6nnen, schmeckt man es in jedem Bissen!<\/p>\n<p data-end=\"714\" data-start=\"578\">\u2714 Hergestellt aus Weidemilch<br data-end=\"604\" data-start=\"601\" \/><br \/>\n\u2714 Frisch und cremig im Geschmack<br data-end=\"632\" data-start=\"629\" \/><br \/>\n\u2714 Traditionell zubereitet in den Niederlanden<br data-end=\"669\" data-start=\"666\" \/><br \/>\n\u2714 Verf\u00fcgbar, solange die K\u00fche drau\u00dfen grasen<\/p>\n<p data-end=\"812\" data-start=\"716\"><strong data-end=\"812\" data-start=\"716\">Lust auf ein St\u00fcck Sommer auf dem Teller? Bestellen Sie jetzt unseren holl\u00e4ndischen Weidek\u00e4se und schmecken Sie den Unterschied!<\/strong><\/p>","protected":false},"excerpt":{"rendered":"<p>Zomerse graskaas van koeien die buiten grazen. Zacht, romig en mild van smaak. Ambachtelijk gemaakt van verse weidemelk. Verkrijgbaar zolang de koeien buiten lopen!<\/p>","protected":false},"featured_media":1128,"template":"","meta":[],"product_brand":[],"product_cat":[23],"product_tag":[],"class_list":{"0":"post-363","1":"product","2":"type-product","3":"status-publish","4":"has-post-thumbnail","6":"product_cat-hollandse-goudse-kaas","8":"first","9":"outofstock","10":"taxable","11":"shipping-taxable","12":"product-type-simple"},"yoast_head":"<!-- This site is optimized with the Yoast SEO plugin v27.3 - https:\/\/yoast.com\/product\/yoast-seo-wordpress\/ -->\n<title>Graskaas \u2013 Romige Hollandse Weidekaas (uitverkocht) - Kaashandel Dammers<\/title>\n<meta name=\"robots\" content=\"index, follow, max-snippet:-1, max-image-preview:large, max-video-preview:-1\" \/>\n<link rel=\"canonical\" href=\"https:\/\/kaashandeldammers.nl\/de\/produkt\/graskaas-romige-hollandse-weidekaas-uitverkocht\/\" \/>\n<meta property=\"og:locale\" content=\"de_DE\" \/>\n<meta property=\"og:type\" content=\"article\" \/>\n<meta property=\"og:title\" content=\"Graskaas \u2013 Romige Hollandse Weidekaas (uitverkocht) - Kaashandel Dammers\" \/>\n<meta property=\"og:description\" content=\"Zomerse graskaas van koeien die buiten grazen. Zacht, romig en mild van smaak. Ambachtelijk gemaakt van verse weidemelk. Verkrijgbaar zolang de koeien buiten lopen!\" \/>\n<meta property=\"og:url\" content=\"https:\/\/kaashandeldammers.nl\/de\/produkt\/graskaas-romige-hollandse-weidekaas-uitverkocht\/\" \/>\n<meta property=\"og:site_name\" content=\"Kaashandel Dammers\" \/>\n<meta property=\"article:modified_time\" content=\"2026-01-22T08:31:41+00:00\" \/>\n<meta property=\"og:image\" content=\"https:\/\/kaashandeldammers.nl\/wp-content\/uploads\/2026\/01\/2186528865-78.png\" \/>\n\t<meta property=\"og:image:width\" content=\"800\" \/>\n\t<meta property=\"og:image:height\" content=\"800\" \/>\n\t<meta property=\"og:image:type\" content=\"image\/png\" \/>\n<meta name=\"twitter:card\" content=\"summary_large_image\" \/>\n<meta name=\"twitter:label1\" content=\"Gesch\u00e4tzte Lesezeit\" \/>\n\t<meta name=\"twitter:data1\" content=\"1\u00a0Minute\" \/>\n<script type=\"application\/ld+json\" class=\"yoast-schema-graph\">{\"@context\":\"https:\\\/\\\/schema.org\",\"@graph\":[{\"@type\":\"WebPage\",\"@id\":\"https:\\\/\\\/kaashandeldammers.nl\\\/product\\\/graskaas-romige-hollandse-weidekaas-uitverkocht\\\/\",\"url\":\"https:\\\/\\\/kaashandeldammers.nl\\\/product\\\/graskaas-romige-hollandse-weidekaas-uitverkocht\\\/\",\"name\":\"Graskaas \u2013 Romige Hollandse Weidekaas (uitverkocht) - Kaashandel Dammers\",\"isPartOf\":{\"@id\":\"https:\\\/\\\/kaashandeldammers.nl\\\/#website\"},\"primaryImageOfPage\":{\"@id\":\"https:\\\/\\\/kaashandeldammers.nl\\\/product\\\/graskaas-romige-hollandse-weidekaas-uitverkocht\\\/#primaryimage\"},\"image\":{\"@id\":\"https:\\\/\\\/kaashandeldammers.nl\\\/product\\\/graskaas-romige-hollandse-weidekaas-uitverkocht\\\/#primaryimage\"},\"thumbnailUrl\":\"https:\\\/\\\/kaashandeldammers.nl\\\/wp-content\\\/uploads\\\/2026\\\/01\\\/2186528865-79.png\",\"datePublished\":\"2026-01-21T09:56:20+00:00\",\"dateModified\":\"2026-01-22T08:31:41+00:00\",\"breadcrumb\":{\"@id\":\"https:\\\/\\\/kaashandeldammers.nl\\\/product\\\/graskaas-romige-hollandse-weidekaas-uitverkocht\\\/#breadcrumb\"},\"inLanguage\":\"de\",\"potentialAction\":[{\"@type\":\"ReadAction\",\"target\":[\"https:\\\/\\\/kaashandeldammers.nl\\\/product\\\/graskaas-romige-hollandse-weidekaas-uitverkocht\\\/\"]}]},{\"@type\":\"ImageObject\",\"inLanguage\":\"de\",\"@id\":\"https:\\\/\\\/kaashandeldammers.nl\\\/product\\\/graskaas-romige-hollandse-weidekaas-uitverkocht\\\/#primaryimage\",\"url\":\"https:\\\/\\\/kaashandeldammers.nl\\\/wp-content\\\/uploads\\\/2026\\\/01\\\/2186528865-79.png\",\"contentUrl\":\"https:\\\/\\\/kaashandeldammers.nl\\\/wp-content\\\/uploads\\\/2026\\\/01\\\/2186528865-79.png\",\"width\":800,\"height\":800},{\"@type\":\"BreadcrumbList\",\"@id\":\"https:\\\/\\\/kaashandeldammers.nl\\\/product\\\/graskaas-romige-hollandse-weidekaas-uitverkocht\\\/#breadcrumb\",\"itemListElement\":[{\"@type\":\"ListItem\",\"position\":1,\"name\":\"Home\",\"item\":\"https:\\\/\\\/kaashandeldammers.nl\\\/\"},{\"@type\":\"ListItem\",\"position\":2,\"name\":\"Aanbod\",\"item\":\"https:\\\/\\\/kaashandeldammers.nl\\\/aanbod\\\/\"},{\"@type\":\"ListItem\",\"position\":3,\"name\":\"Graskaas \u2013 Romige Hollandse Weidekaas (uitverkocht)\"}]},{\"@type\":\"WebSite\",\"@id\":\"https:\\\/\\\/kaashandeldammers.nl\\\/#website\",\"url\":\"https:\\\/\\\/kaashandeldammers.nl\\\/\",\"name\":\"Kaashandel Dammers\",\"description\":\"Ambachtelijke kaas, vers van het mes\",\"potentialAction\":[{\"@type\":\"SearchAction\",\"target\":{\"@type\":\"EntryPoint\",\"urlTemplate\":\"https:\\\/\\\/kaashandeldammers.nl\\\/?s={search_term_string}\"},\"query-input\":{\"@type\":\"PropertyValueSpecification\",\"valueRequired\":true,\"valueName\":\"search_term_string\"}}],\"inLanguage\":\"de\"}]}<\/script>\n<!-- \/ Yoast SEO plugin. -->","yoast_head_json":{"title":"Graskaas \u2013 Romige Hollandse Weidekaas (uitverkocht) - Kaashandel Dammers","robots":{"index":"index","follow":"follow","max-snippet":"max-snippet:-1","max-image-preview":"max-image-preview:large","max-video-preview":"max-video-preview:-1"},"canonical":"https:\/\/kaashandeldammers.nl\/de\/produkt\/graskaas-romige-hollandse-weidekaas-uitverkocht\/","og_locale":"de_DE","og_type":"article","og_title":"Graskaas \u2013 Romige Hollandse Weidekaas (uitverkocht) - Kaashandel Dammers","og_description":"Zomerse graskaas van koeien die buiten grazen. Zacht, romig en mild van smaak. Ambachtelijk gemaakt van verse weidemelk. Verkrijgbaar zolang de koeien buiten lopen!","og_url":"https:\/\/kaashandeldammers.nl\/de\/produkt\/graskaas-romige-hollandse-weidekaas-uitverkocht\/","og_site_name":"Kaashandel Dammers","article_modified_time":"2026-01-22T08:31:41+00:00","og_image":[{"width":800,"height":800,"url":"https:\/\/kaashandeldammers.nl\/wp-content\/uploads\/2026\/01\/2186528865-78.png","type":"image\/png"}],"twitter_card":"summary_large_image","twitter_misc":{"Gesch\u00e4tzte Lesezeit":"1\u00a0Minute"},"schema":{"@context":"https:\/\/schema.org","@graph":[{"@type":"WebPage","@id":"https:\/\/kaashandeldammers.nl\/product\/graskaas-romige-hollandse-weidekaas-uitverkocht\/","url":"https:\/\/kaashandeldammers.nl\/product\/graskaas-romige-hollandse-weidekaas-uitverkocht\/","name":"Graskaas \u2013 Romige Hollandse Weidekaas (uitverkocht) - Kaashandel Dammers","isPartOf":{"@id":"https:\/\/kaashandeldammers.nl\/#website"},"primaryImageOfPage":{"@id":"https:\/\/kaashandeldammers.nl\/product\/graskaas-romige-hollandse-weidekaas-uitverkocht\/#primaryimage"},"image":{"@id":"https:\/\/kaashandeldammers.nl\/product\/graskaas-romige-hollandse-weidekaas-uitverkocht\/#primaryimage"},"thumbnailUrl":"https:\/\/kaashandeldammers.nl\/wp-content\/uploads\/2026\/01\/2186528865-79.png","datePublished":"2026-01-21T09:56:20+00:00","dateModified":"2026-01-22T08:31:41+00:00","breadcrumb":{"@id":"https:\/\/kaashandeldammers.nl\/product\/graskaas-romige-hollandse-weidekaas-uitverkocht\/#breadcrumb"},"inLanguage":"de","potentialAction":[{"@type":"ReadAction","target":["https:\/\/kaashandeldammers.nl\/product\/graskaas-romige-hollandse-weidekaas-uitverkocht\/"]}]},{"@type":"ImageObject","inLanguage":"de","@id":"https:\/\/kaashandeldammers.nl\/product\/graskaas-romige-hollandse-weidekaas-uitverkocht\/#primaryimage","url":"https:\/\/kaashandeldammers.nl\/wp-content\/uploads\/2026\/01\/2186528865-79.png","contentUrl":"https:\/\/kaashandeldammers.nl\/wp-content\/uploads\/2026\/01\/2186528865-79.png","width":800,"height":800},{"@type":"BreadcrumbList","@id":"https:\/\/kaashandeldammers.nl\/product\/graskaas-romige-hollandse-weidekaas-uitverkocht\/#breadcrumb","itemListElement":[{"@type":"ListItem","position":1,"name":"Home","item":"https:\/\/kaashandeldammers.nl\/"},{"@type":"ListItem","position":2,"name":"Aanbod","item":"https:\/\/kaashandeldammers.nl\/aanbod\/"},{"@type":"ListItem","position":3,"name":"Graskaas \u2013 Romige Hollandse Weidekaas (uitverkocht)"}]},{"@type":"WebSite","@id":"https:\/\/kaashandeldammers.nl\/#website","url":"https:\/\/kaashandeldammers.nl\/","name":"Dammers K\u00e4segesch\u00e4ft","description":"Handwerklich hergestellter K\u00e4se, frisch vom Messer","potentialAction":[{"@type":"SearchAction","target":{"@type":"EntryPoint","urlTemplate":"https:\/\/kaashandeldammers.nl\/?s={search_term_string}"},"query-input":{"@type":"PropertyValueSpecification","valueRequired":true,"valueName":"search_term_string"}}],"inLanguage":"de"}]}},"jetpack_sharing_enabled":true,"_links":{"self":[{"href":"https:\/\/kaashandeldammers.nl\/de\/wp-json\/wp\/v2\/product\/363","targetHints":{"allow":["GET"]}}],"collection":[{"href":"https:\/\/kaashandeldammers.nl\/de\/wp-json\/wp\/v2\/product"}],"about":[{"href":"https:\/\/kaashandeldammers.nl\/de\/wp-json\/wp\/v2\/types\/product"}],"wp:featuredmedia":[{"embeddable":true,"href":"https:\/\/kaashandeldammers.nl\/de\/wp-json\/wp\/v2\/media\/1128"}],"wp:attachment":[{"href":"https:\/\/kaashandeldammers.nl\/de\/wp-json\/wp\/v2\/media?parent=363"}],"wp:term":[{"taxonomy":"product_brand","embeddable":true,"href":"https:\/\/kaashandeldammers.nl\/de\/wp-json\/wp\/v2\/product_brand?post=363"},{"taxonomy":"product_cat","embeddable":true,"href":"https:\/\/kaashandeldammers.nl\/de\/wp-json\/wp\/v2\/product_cat?post=363"},{"taxonomy":"product_tag","embeddable":true,"href":"https:\/\/kaashandeldammers.nl\/de\/wp-json\/wp\/v2\/product_tag?post=363"}],"curies":[{"name":"wp","href":"https:\/\/api.w.org\/{rel}","templated":true}]}}