{"id":1450,"date":"2026-01-21T16:59:12","date_gmt":"2026-01-21T16:59:12","guid":{"rendered":"https:\/\/kaashandeldammers.nl\/product\/fondueset-klein-300ml\/"},"modified":"2026-03-03T09:01:43","modified_gmt":"2026-03-03T09:01:43","slug":"fondueset-klein-300ml","status":"publish","type":"product","link":"https:\/\/kaashandeldammers.nl\/de\/produkt\/fondueset-klein-300ml\/","title":{"rendered":"kleines Fondue-Set 300 ml"},"content":{"rendered":"<p>Das BOSKA Tapas Fondue Nero rundet einen Abend mit k\u00f6stlichen Tapas perfekt ab. Dieses Set enth\u00e4lt 175 Gramm Sauce oder K\u00e4sefondue. Ideal als Snack f\u00fcr einen romantischen Abend zu zweit oder als Vorspeise auf einer Party.<\/p>\n<p>Dieses komplette Fondue-Set besteht aus einem kleinen Fonduetopf, zwei Fonduegabeln und einem Sockel aus dunklem Holz. K\u00e4se schnell schmelzen? Kein Problem! Der Fonduetopf (300 ml bis zum Rand) ist mikrowellengeeignet. Stellen Sie ihn einfach auf den praktischen Sockel, und das Teelicht h\u00e4lt den geschmolzenen K\u00e4se warm. Nach Gebrauch kann der Topf in die Sp\u00fclmaschine gegeben werden. Der Sockel l\u00e4sst sich leicht abwischen.<\/p>\n<p>Das BOSKA Tapas Fondue Nero ist das perfekte Geschenk f\u00fcr wahre Feinschmecker und Genie\u00dfer. Wenn Sie also ein einzigartiges und originelles Geschenk f\u00fcr Weihnachten, eine Hochzeit, Vatertag, Muttertag, Valentinstag oder einen Geburtstag suchen, dann sind Sie hier genau richtig. Dieses Fondue-Set eignet sich f\u00fcr Damen und Herren gleicherma\u00dfen und ist f\u00fcr jeden Anlass perfekt. Mit einer h\u00fcbschen Schleife verziert, ist es das ultimative Geschenk!<\/p>\n<p>Der Fonduetopf ist nur f\u00fcr die Verwendung in der Mikrowelle geeignet. Sollten Sie nur eine andere W\u00e4rmequelle \u2013 wie beispielsweise einen Induktionsherd oder ein elektrisches Kochfeld \u2013 zur Verf\u00fcgung haben, empfehlen wir Ihnen, einen anderen Topf zum Erhitzen des Fondues zu verwenden.<\/p>","protected":false},"excerpt":{"rendered":"<p>Boska Tapas Fondue, ein wundersch\u00f6nes kleines Fondue-Set mit Keramikschale und Holzsockel<\/p>","protected":false},"featured_media":1446,"template":"","meta":[],"product_brand":[],"product_cat":[38],"product_tag":[],"class_list":{"0":"post-1450","1":"product","2":"type-product","3":"status-publish","4":"has-post-thumbnail","6":"product_cat-kaasfondue","8":"first","9":"instock","10":"taxable","11":"shipping-taxable","12":"product-type-grouped"},"yoast_head":"<!-- This site is optimized with the Yoast SEO plugin v27.4 - https:\/\/yoast.com\/product\/yoast-seo-wordpress\/ -->\n<title>Fondueset klein 300ml - Kaashandel Dammers<\/title>\n<meta name=\"robots\" content=\"index, follow, max-snippet:-1, max-image-preview:large, max-video-preview:-1\" \/>\n<link rel=\"canonical\" href=\"https:\/\/kaashandeldammers.nl\/de\/produkt\/fondueset-klein-300ml\/\" \/>\n<meta property=\"og:locale\" content=\"de_DE\" \/>\n<meta property=\"og:type\" content=\"article\" \/>\n<meta property=\"og:title\" content=\"Fondueset klein 300ml - Kaashandel Dammers\" \/>\n<meta property=\"og:description\" content=\"Boska tapas fondue, prachtig klein fondue set met Keramieke schaal en houten onderstel\" \/>\n<meta property=\"og:url\" content=\"https:\/\/kaashandeldammers.nl\/de\/produkt\/fondueset-klein-300ml\/\" \/>\n<meta property=\"og:site_name\" content=\"Kaashandel Dammers\" \/>\n<meta property=\"article:modified_time\" content=\"2026-03-03T09:01:43+00:00\" \/>\n<meta property=\"og:image\" content=\"https:\/\/kaashandeldammers.nl\/wp-content\/uploads\/2026\/01\/2103823737.png\" \/>\n\t<meta property=\"og:image:width\" content=\"1080\" \/>\n\t<meta property=\"og:image:height\" content=\"1080\" \/>\n\t<meta property=\"og:image:type\" content=\"image\/png\" \/>\n<meta name=\"twitter:card\" content=\"summary_large_image\" \/>\n<meta name=\"twitter:label1\" content=\"Gesch\u00e4tzte Lesezeit\" \/>\n\t<meta name=\"twitter:data1\" content=\"2\u00a0Minuten\" \/>\n<script type=\"application\/ld+json\" class=\"yoast-schema-graph\">{\"@context\":\"https:\\\/\\\/schema.org\",\"@graph\":[{\"@type\":\"WebPage\",\"@id\":\"https:\\\/\\\/kaashandeldammers.nl\\\/product\\\/fondueset-klein-300ml\\\/\",\"url\":\"https:\\\/\\\/kaashandeldammers.nl\\\/product\\\/fondueset-klein-300ml\\\/\",\"name\":\"Fondueset klein 300ml - Kaashandel Dammers\",\"isPartOf\":{\"@id\":\"https:\\\/\\\/kaashandeldammers.nl\\\/#website\"},\"primaryImageOfPage\":{\"@id\":\"https:\\\/\\\/kaashandeldammers.nl\\\/product\\\/fondueset-klein-300ml\\\/#primaryimage\"},\"image\":{\"@id\":\"https:\\\/\\\/kaashandeldammers.nl\\\/product\\\/fondueset-klein-300ml\\\/#primaryimage\"},\"thumbnailUrl\":\"https:\\\/\\\/kaashandeldammers.nl\\\/wp-content\\\/uploads\\\/2026\\\/01\\\/2103823737.png\",\"datePublished\":\"2026-01-21T16:59:12+00:00\",\"dateModified\":\"2026-03-03T09:01:43+00:00\",\"breadcrumb\":{\"@id\":\"https:\\\/\\\/kaashandeldammers.nl\\\/product\\\/fondueset-klein-300ml\\\/#breadcrumb\"},\"inLanguage\":\"de\",\"potentialAction\":[{\"@type\":\"ReadAction\",\"target\":[\"https:\\\/\\\/kaashandeldammers.nl\\\/product\\\/fondueset-klein-300ml\\\/\"]}]},{\"@type\":\"ImageObject\",\"inLanguage\":\"de\",\"@id\":\"https:\\\/\\\/kaashandeldammers.nl\\\/product\\\/fondueset-klein-300ml\\\/#primaryimage\",\"url\":\"https:\\\/\\\/kaashandeldammers.nl\\\/wp-content\\\/uploads\\\/2026\\\/01\\\/2103823737.png\",\"contentUrl\":\"https:\\\/\\\/kaashandeldammers.nl\\\/wp-content\\\/uploads\\\/2026\\\/01\\\/2103823737.png\",\"width\":1080,\"height\":1080},{\"@type\":\"BreadcrumbList\",\"@id\":\"https:\\\/\\\/kaashandeldammers.nl\\\/product\\\/fondueset-klein-300ml\\\/#breadcrumb\",\"itemListElement\":[{\"@type\":\"ListItem\",\"position\":1,\"name\":\"Home\",\"item\":\"https:\\\/\\\/kaashandeldammers.nl\\\/\"},{\"@type\":\"ListItem\",\"position\":2,\"name\":\"Aanbod\",\"item\":\"https:\\\/\\\/kaashandeldammers.nl\\\/aanbod\\\/\"},{\"@type\":\"ListItem\",\"position\":3,\"name\":\"Fondueset klein 300ml\"}]},{\"@type\":\"WebSite\",\"@id\":\"https:\\\/\\\/kaashandeldammers.nl\\\/#website\",\"url\":\"https:\\\/\\\/kaashandeldammers.nl\\\/\",\"name\":\"Kaashandel Dammers\",\"description\":\"Ambachtelijke kaas, vers van het mes\",\"potentialAction\":[{\"@type\":\"SearchAction\",\"target\":{\"@type\":\"EntryPoint\",\"urlTemplate\":\"https:\\\/\\\/kaashandeldammers.nl\\\/?s={search_term_string}\"},\"query-input\":{\"@type\":\"PropertyValueSpecification\",\"valueRequired\":true,\"valueName\":\"search_term_string\"}}],\"inLanguage\":\"de\"}]}<\/script>\n<!-- \/ Yoast SEO plugin. -->","yoast_head_json":{"title":"Fondueset klein 300ml - Kaashandel Dammers","robots":{"index":"index","follow":"follow","max-snippet":"max-snippet:-1","max-image-preview":"max-image-preview:large","max-video-preview":"max-video-preview:-1"},"canonical":"https:\/\/kaashandeldammers.nl\/de\/produkt\/fondueset-klein-300ml\/","og_locale":"de_DE","og_type":"article","og_title":"Fondueset klein 300ml - Kaashandel Dammers","og_description":"Boska tapas fondue, prachtig klein fondue set met Keramieke schaal en houten onderstel","og_url":"https:\/\/kaashandeldammers.nl\/de\/produkt\/fondueset-klein-300ml\/","og_site_name":"Kaashandel Dammers","article_modified_time":"2026-03-03T09:01:43+00:00","og_image":[{"width":1080,"height":1080,"url":"https:\/\/kaashandeldammers.nl\/wp-content\/uploads\/2026\/01\/2103823737.png","type":"image\/png"}],"twitter_card":"summary_large_image","twitter_misc":{"Gesch\u00e4tzte Lesezeit":"2\u00a0Minuten"},"schema":{"@context":"https:\/\/schema.org","@graph":[{"@type":"WebPage","@id":"https:\/\/kaashandeldammers.nl\/product\/fondueset-klein-300ml\/","url":"https:\/\/kaashandeldammers.nl\/product\/fondueset-klein-300ml\/","name":"Fondueset klein 300ml - Kaashandel Dammers","isPartOf":{"@id":"https:\/\/kaashandeldammers.nl\/#website"},"primaryImageOfPage":{"@id":"https:\/\/kaashandeldammers.nl\/product\/fondueset-klein-300ml\/#primaryimage"},"image":{"@id":"https:\/\/kaashandeldammers.nl\/product\/fondueset-klein-300ml\/#primaryimage"},"thumbnailUrl":"https:\/\/kaashandeldammers.nl\/wp-content\/uploads\/2026\/01\/2103823737.png","datePublished":"2026-01-21T16:59:12+00:00","dateModified":"2026-03-03T09:01:43+00:00","breadcrumb":{"@id":"https:\/\/kaashandeldammers.nl\/product\/fondueset-klein-300ml\/#breadcrumb"},"inLanguage":"de","potentialAction":[{"@type":"ReadAction","target":["https:\/\/kaashandeldammers.nl\/product\/fondueset-klein-300ml\/"]}]},{"@type":"ImageObject","inLanguage":"de","@id":"https:\/\/kaashandeldammers.nl\/product\/fondueset-klein-300ml\/#primaryimage","url":"https:\/\/kaashandeldammers.nl\/wp-content\/uploads\/2026\/01\/2103823737.png","contentUrl":"https:\/\/kaashandeldammers.nl\/wp-content\/uploads\/2026\/01\/2103823737.png","width":1080,"height":1080},{"@type":"BreadcrumbList","@id":"https:\/\/kaashandeldammers.nl\/product\/fondueset-klein-300ml\/#breadcrumb","itemListElement":[{"@type":"ListItem","position":1,"name":"Home","item":"https:\/\/kaashandeldammers.nl\/"},{"@type":"ListItem","position":2,"name":"Aanbod","item":"https:\/\/kaashandeldammers.nl\/aanbod\/"},{"@type":"ListItem","position":3,"name":"Fondueset klein 300ml"}]},{"@type":"WebSite","@id":"https:\/\/kaashandeldammers.nl\/#website","url":"https:\/\/kaashandeldammers.nl\/","name":"Dammers K\u00e4segesch\u00e4ft","description":"Handwerklich hergestellter K\u00e4se, frisch vom Messer","potentialAction":[{"@type":"SearchAction","target":{"@type":"EntryPoint","urlTemplate":"https:\/\/kaashandeldammers.nl\/?s={search_term_string}"},"query-input":{"@type":"PropertyValueSpecification","valueRequired":true,"valueName":"search_term_string"}}],"inLanguage":"de"}]}},"jetpack_sharing_enabled":true,"_links":{"self":[{"href":"https:\/\/kaashandeldammers.nl\/de\/wp-json\/wp\/v2\/product\/1450","targetHints":{"allow":["GET"]}}],"collection":[{"href":"https:\/\/kaashandeldammers.nl\/de\/wp-json\/wp\/v2\/product"}],"about":[{"href":"https:\/\/kaashandeldammers.nl\/de\/wp-json\/wp\/v2\/types\/product"}],"wp:featuredmedia":[{"embeddable":true,"href":"https:\/\/kaashandeldammers.nl\/de\/wp-json\/wp\/v2\/media\/1446"}],"wp:attachment":[{"href":"https:\/\/kaashandeldammers.nl\/de\/wp-json\/wp\/v2\/media?parent=1450"}],"wp:term":[{"taxonomy":"product_brand","embeddable":true,"href":"https:\/\/kaashandeldammers.nl\/de\/wp-json\/wp\/v2\/product_brand?post=1450"},{"taxonomy":"product_cat","embeddable":true,"href":"https:\/\/kaashandeldammers.nl\/de\/wp-json\/wp\/v2\/product_cat?post=1450"},{"taxonomy":"product_tag","embeddable":true,"href":"https:\/\/kaashandeldammers.nl\/de\/wp-json\/wp\/v2\/product_tag?post=1450"}],"curies":[{"name":"wp","href":"https:\/\/api.w.org\/{rel}","templated":true}]}}