{"id":1276,"date":"2026-01-21T16:39:08","date_gmt":"2026-01-21T16:39:08","guid":{"rendered":"https:\/\/kaashandeldammers.nl\/product\/acaciahoning\/"},"modified":"2026-03-03T08:41:22","modified_gmt":"2026-03-03T08:41:22","slug":"acaciahoning","status":"publish","type":"product","link":"https:\/\/kaashandeldammers.nl\/de\/produkt\/acaciahoning\/","title":{"rendered":"Akazienhonig"},"content":{"rendered":"<p>Akazienhonig ist ein duftender, milder Honig. Er eignet sich perfekt f\u00fcr alle, die nur gelegentlich Honig genie\u00dfen oder fl\u00fcssigen Honig bevorzugen. Denn er kristallisiert kaum und bleibt daher lange fl\u00fcssig.<\/p>\n<p>Wie der Name schon sagt, zieht es Bienen in Scharen zu den Bl\u00fcten der Robinie (Robinia pseudoacacia), um ihren Honig zu sammeln. Dieser Baum bl\u00fcht im Mai, Juni und Juli. Die wei\u00dfen, schmetterlings\u00e4hnlichen Bl\u00fcten h\u00e4ngen in B\u00fcscheln. Der Baum selbst ist leicht an seinem Stamm zu erkennen, der eine kr\u00e4ftige, tief gefurchte Rinde mit markanten, vertikalen Rippen aufweist.<\/p>\n<p>Akazienhonig eignet sich hervorragend zum S\u00fc\u00dfen von Kaffee, Tee oder Joghurt. Er ist ein toller Zuckerersatz!<\/p>\n<p>Die Akazie ist in Nordamerika heimisch. Akazienb\u00e4ume findet man auch in den Niederlanden, vor allem in Stadtparks. Niederl\u00e4ndischer Akazienhonig ist jedoch kaum erh\u00e4ltlich. Unser Honig stammt aus Ungarn.<\/p>\n<h6><em>Hinweis: Honig ist ein Naturprodukt, daher kann die Farbe Ihres Honigs von der Farbe auf dem Foto abweichen.<\/em><\/h6>","protected":false},"excerpt":{"rendered":"<p>Akazienhonig eignet sich hervorragend als S\u00fc\u00dfungsmittel f\u00fcr Kaffee, Tee oder Joghurt.<\/p>","protected":false},"featured_media":1275,"template":"","meta":[],"product_brand":[],"product_cat":[34],"product_tag":[],"class_list":{"0":"post-1276","1":"product","2":"type-product","3":"status-publish","4":"has-post-thumbnail","6":"product_cat-extras","8":"first","9":"outofstock","10":"taxable","11":"shipping-taxable","12":"product-type-simple"},"yoast_head":"<!-- This site is optimized with the Yoast SEO plugin v27.4 - https:\/\/yoast.com\/product\/yoast-seo-wordpress\/ -->\n<title>Acaciahoning - Kaashandel Dammers<\/title>\n<meta name=\"robots\" content=\"index, follow, max-snippet:-1, max-image-preview:large, max-video-preview:-1\" \/>\n<link rel=\"canonical\" href=\"https:\/\/kaashandeldammers.nl\/de\/produkt\/acaciahoning\/\" \/>\n<meta property=\"og:locale\" content=\"de_DE\" \/>\n<meta property=\"og:type\" content=\"article\" \/>\n<meta property=\"og:title\" content=\"Acaciahoning - Kaashandel Dammers\" \/>\n<meta property=\"og:description\" content=\"Acaciahoning is erg goed te gebruiken als zoetstof voor in de koffie, thee of yoghurt.\" \/>\n<meta property=\"og:url\" content=\"https:\/\/kaashandeldammers.nl\/de\/produkt\/acaciahoning\/\" \/>\n<meta property=\"og:site_name\" content=\"Kaashandel Dammers\" \/>\n<meta property=\"article:modified_time\" content=\"2026-03-03T08:41:22+00:00\" \/>\n<meta property=\"og:image\" content=\"https:\/\/kaashandeldammers.nl\/wp-content\/uploads\/2026\/01\/1918323165.jpg\" \/>\n\t<meta property=\"og:image:width\" content=\"220\" \/>\n\t<meta property=\"og:image:height\" content=\"220\" \/>\n\t<meta property=\"og:image:type\" content=\"image\/jpeg\" \/>\n<meta name=\"twitter:card\" content=\"summary_large_image\" \/>\n<meta name=\"twitter:label1\" content=\"Gesch\u00e4tzte Lesezeit\" \/>\n\t<meta name=\"twitter:data1\" content=\"1\u00a0Minute\" \/>\n<script type=\"application\/ld+json\" class=\"yoast-schema-graph\">{\"@context\":\"https:\\\/\\\/schema.org\",\"@graph\":[{\"@type\":\"WebPage\",\"@id\":\"https:\\\/\\\/kaashandeldammers.nl\\\/product\\\/acaciahoning\\\/\",\"url\":\"https:\\\/\\\/kaashandeldammers.nl\\\/product\\\/acaciahoning\\\/\",\"name\":\"Acaciahoning - Kaashandel Dammers\",\"isPartOf\":{\"@id\":\"https:\\\/\\\/kaashandeldammers.nl\\\/#website\"},\"primaryImageOfPage\":{\"@id\":\"https:\\\/\\\/kaashandeldammers.nl\\\/product\\\/acaciahoning\\\/#primaryimage\"},\"image\":{\"@id\":\"https:\\\/\\\/kaashandeldammers.nl\\\/product\\\/acaciahoning\\\/#primaryimage\"},\"thumbnailUrl\":\"https:\\\/\\\/kaashandeldammers.nl\\\/wp-content\\\/uploads\\\/2026\\\/01\\\/1918323165.jpg\",\"datePublished\":\"2026-01-21T16:39:08+00:00\",\"dateModified\":\"2026-03-03T08:41:22+00:00\",\"breadcrumb\":{\"@id\":\"https:\\\/\\\/kaashandeldammers.nl\\\/product\\\/acaciahoning\\\/#breadcrumb\"},\"inLanguage\":\"de\",\"potentialAction\":[{\"@type\":\"ReadAction\",\"target\":[\"https:\\\/\\\/kaashandeldammers.nl\\\/product\\\/acaciahoning\\\/\"]}]},{\"@type\":\"ImageObject\",\"inLanguage\":\"de\",\"@id\":\"https:\\\/\\\/kaashandeldammers.nl\\\/product\\\/acaciahoning\\\/#primaryimage\",\"url\":\"https:\\\/\\\/kaashandeldammers.nl\\\/wp-content\\\/uploads\\\/2026\\\/01\\\/1918323165.jpg\",\"contentUrl\":\"https:\\\/\\\/kaashandeldammers.nl\\\/wp-content\\\/uploads\\\/2026\\\/01\\\/1918323165.jpg\",\"width\":220,\"height\":220},{\"@type\":\"BreadcrumbList\",\"@id\":\"https:\\\/\\\/kaashandeldammers.nl\\\/product\\\/acaciahoning\\\/#breadcrumb\",\"itemListElement\":[{\"@type\":\"ListItem\",\"position\":1,\"name\":\"Home\",\"item\":\"https:\\\/\\\/kaashandeldammers.nl\\\/\"},{\"@type\":\"ListItem\",\"position\":2,\"name\":\"Aanbod\",\"item\":\"https:\\\/\\\/kaashandeldammers.nl\\\/aanbod\\\/\"},{\"@type\":\"ListItem\",\"position\":3,\"name\":\"Acaciahoning\"}]},{\"@type\":\"WebSite\",\"@id\":\"https:\\\/\\\/kaashandeldammers.nl\\\/#website\",\"url\":\"https:\\\/\\\/kaashandeldammers.nl\\\/\",\"name\":\"Kaashandel Dammers\",\"description\":\"Ambachtelijke kaas, vers van het mes\",\"potentialAction\":[{\"@type\":\"SearchAction\",\"target\":{\"@type\":\"EntryPoint\",\"urlTemplate\":\"https:\\\/\\\/kaashandeldammers.nl\\\/?s={search_term_string}\"},\"query-input\":{\"@type\":\"PropertyValueSpecification\",\"valueRequired\":true,\"valueName\":\"search_term_string\"}}],\"inLanguage\":\"de\"}]}<\/script>\n<!-- \/ Yoast SEO plugin. -->","yoast_head_json":{"title":"Acaciahoning - Kaashandel Dammers","robots":{"index":"index","follow":"follow","max-snippet":"max-snippet:-1","max-image-preview":"max-image-preview:large","max-video-preview":"max-video-preview:-1"},"canonical":"https:\/\/kaashandeldammers.nl\/de\/produkt\/acaciahoning\/","og_locale":"de_DE","og_type":"article","og_title":"Acaciahoning - Kaashandel Dammers","og_description":"Acaciahoning is erg goed te gebruiken als zoetstof voor in de koffie, thee of yoghurt.","og_url":"https:\/\/kaashandeldammers.nl\/de\/produkt\/acaciahoning\/","og_site_name":"Kaashandel Dammers","article_modified_time":"2026-03-03T08:41:22+00:00","og_image":[{"width":220,"height":220,"url":"https:\/\/kaashandeldammers.nl\/wp-content\/uploads\/2026\/01\/1918323165.jpg","type":"image\/jpeg"}],"twitter_card":"summary_large_image","twitter_misc":{"Gesch\u00e4tzte Lesezeit":"1\u00a0Minute"},"schema":{"@context":"https:\/\/schema.org","@graph":[{"@type":"WebPage","@id":"https:\/\/kaashandeldammers.nl\/product\/acaciahoning\/","url":"https:\/\/kaashandeldammers.nl\/product\/acaciahoning\/","name":"Acaciahoning - Kaashandel Dammers","isPartOf":{"@id":"https:\/\/kaashandeldammers.nl\/#website"},"primaryImageOfPage":{"@id":"https:\/\/kaashandeldammers.nl\/product\/acaciahoning\/#primaryimage"},"image":{"@id":"https:\/\/kaashandeldammers.nl\/product\/acaciahoning\/#primaryimage"},"thumbnailUrl":"https:\/\/kaashandeldammers.nl\/wp-content\/uploads\/2026\/01\/1918323165.jpg","datePublished":"2026-01-21T16:39:08+00:00","dateModified":"2026-03-03T08:41:22+00:00","breadcrumb":{"@id":"https:\/\/kaashandeldammers.nl\/product\/acaciahoning\/#breadcrumb"},"inLanguage":"de","potentialAction":[{"@type":"ReadAction","target":["https:\/\/kaashandeldammers.nl\/product\/acaciahoning\/"]}]},{"@type":"ImageObject","inLanguage":"de","@id":"https:\/\/kaashandeldammers.nl\/product\/acaciahoning\/#primaryimage","url":"https:\/\/kaashandeldammers.nl\/wp-content\/uploads\/2026\/01\/1918323165.jpg","contentUrl":"https:\/\/kaashandeldammers.nl\/wp-content\/uploads\/2026\/01\/1918323165.jpg","width":220,"height":220},{"@type":"BreadcrumbList","@id":"https:\/\/kaashandeldammers.nl\/product\/acaciahoning\/#breadcrumb","itemListElement":[{"@type":"ListItem","position":1,"name":"Home","item":"https:\/\/kaashandeldammers.nl\/"},{"@type":"ListItem","position":2,"name":"Aanbod","item":"https:\/\/kaashandeldammers.nl\/aanbod\/"},{"@type":"ListItem","position":3,"name":"Acaciahoning"}]},{"@type":"WebSite","@id":"https:\/\/kaashandeldammers.nl\/#website","url":"https:\/\/kaashandeldammers.nl\/","name":"Dammers K\u00e4segesch\u00e4ft","description":"Handwerklich hergestellter K\u00e4se, frisch vom Messer","potentialAction":[{"@type":"SearchAction","target":{"@type":"EntryPoint","urlTemplate":"https:\/\/kaashandeldammers.nl\/?s={search_term_string}"},"query-input":{"@type":"PropertyValueSpecification","valueRequired":true,"valueName":"search_term_string"}}],"inLanguage":"de"}]}},"jetpack_sharing_enabled":true,"_links":{"self":[{"href":"https:\/\/kaashandeldammers.nl\/de\/wp-json\/wp\/v2\/product\/1276","targetHints":{"allow":["GET"]}}],"collection":[{"href":"https:\/\/kaashandeldammers.nl\/de\/wp-json\/wp\/v2\/product"}],"about":[{"href":"https:\/\/kaashandeldammers.nl\/de\/wp-json\/wp\/v2\/types\/product"}],"wp:featuredmedia":[{"embeddable":true,"href":"https:\/\/kaashandeldammers.nl\/de\/wp-json\/wp\/v2\/media\/1275"}],"wp:attachment":[{"href":"https:\/\/kaashandeldammers.nl\/de\/wp-json\/wp\/v2\/media?parent=1276"}],"wp:term":[{"taxonomy":"product_brand","embeddable":true,"href":"https:\/\/kaashandeldammers.nl\/de\/wp-json\/wp\/v2\/product_brand?post=1276"},{"taxonomy":"product_cat","embeddable":true,"href":"https:\/\/kaashandeldammers.nl\/de\/wp-json\/wp\/v2\/product_cat?post=1276"},{"taxonomy":"product_tag","embeddable":true,"href":"https:\/\/kaashandeldammers.nl\/de\/wp-json\/wp\/v2\/product_tag?post=1276"}],"curies":[{"name":"wp","href":"https:\/\/api.w.org\/{rel}","templated":true}]}}