{"id":1172,"date":"2026-01-21T16:34:12","date_gmt":"2026-01-21T16:34:12","guid":{"rendered":"https:\/\/kaashandeldammers.nl\/product\/gruyere-aromatische-harde-kaas-uit-west-zwitserland\/"},"modified":"2026-01-21T16:34:12","modified_gmt":"2026-01-21T16:34:12","slug":"gruyere-aromatische-harde-kaas-uit-west-zwitserland","status":"publish","type":"product","link":"https:\/\/kaashandeldammers.nl\/de\/produkt\/gruyere-aromatische-harde-kaas-uit-west-zwitserland\/","title":{"rendered":"Gruy\u00e8re \u00a9 aromatischer Hartk\u00e4se aus der Westschweiz"},"content":{"rendered":"<p>Schweizer Gruy\u00e8re wird aus Rohmilch hergestellt. Es ist ein gro\u00dfer K\u00e4se mit einer leicht fettigen Rinde, die recht runzelig aussieht, \u00e4hnlich einer Mandelhaut oder einer kleinen Honigwabe.<\/p>\n<p>Er ist innen fest, aber etwas weicher als Emmentaler und f\u00fchlt sich im Mund geschmeidiger an. Er ist hellgelb mit vereinzelten L\u00f6chern. Mit zunehmender Reife h\u00e4rtet der K\u00e4se innen aus und nimmt eine gr\u00e4ulich-gelbe Farbe an. Er duftet nach Mist, Honig und N\u00fcssen. Der Geschmack \u00e4hnelt dem von Emmentaler, mit kr\u00e4ftigen Torfnoten und einem w\u00fcrzigen Nachgeschmack.<\/p>\n<p>Gruy\u00e8re AOP wird von Kennern und Feinschmeckern weltweit f\u00fcr sein charakteristisches, feines Aroma gesch\u00e4tzt. Dieser beliebte Hartk\u00e4se wird seit Jahrhunderten rund um die Stadt Gruy\u00e8res im Kanton Freiburg hergestellt. Bis heute wird er in den Dorfk\u00e4sereien der Westschweiz nach traditionellem Rezept produziert.<\/p>\n<h3>400 LITER F\u00dcR EIN K\u00c4SERAD<\/h3>\n<p>F\u00fcr einen 35 kg schweren Laib werden etwa 400 Liter frische Rohmilch ben\u00f6tigt. Die K\u00fche, die diesen hochwertigen Rohstoff liefern, weiden im Sommer auf der Weide und erhalten im Winter Heu. Zusatzstoffe sind nicht erlaubt. W\u00e4hrend der mehrmonatigen Reifezeit werden die K\u00e4selaibe mehrmals gewendet und mit Salzlake gewaschen. Die Feuchtigkeit bewirkt die Bildung eines Schmierfilms, der die Reifung der Rinde nach innen f\u00f6rdert. Dies verleiht dem Gruy\u00e8re AOP seinen einzigartigen Geschmack. Die gesch\u00fctzte Ursprungsbezeichnung AOP garantiert, dass ausschlie\u00dflich Gruy\u00e8re AOP verkauft wird, der den strengen Qualit\u00e4tsanforderungen der Spezifikationen entspricht.<\/p>\n<h3>VIELSEITIGES VERGN\u00dcGEN<\/h3>\n<p>Gruy\u00e8re AOP geh\u00f6rt auf jede K\u00e4seplatte. Man kann ihn als Dessert oder Snack mit knusprigem Brot genie\u00dfen oder in k\u00f6stlichen warmen Gerichten verwenden. Und f\u00fcr ein echtes Fondue braucht man Gruy\u00e8re AOP!<\/p>","protected":false},"excerpt":{"rendered":"<p>Der aromatische Hartk\u00e4se aus der Westschweiz<\/p>","protected":false},"featured_media":1171,"template":"","meta":[],"product_brand":[],"product_cat":[36],"product_tag":[],"class_list":{"0":"post-1172","1":"product","2":"type-product","3":"status-publish","4":"has-post-thumbnail","6":"product_cat-buitenlandse-kaas","8":"first","9":"instock","10":"taxable","11":"shipping-taxable","12":"product-type-simple"},"yoast_head":"<!-- This site is optimized with the Yoast SEO plugin v27.3 - https:\/\/yoast.com\/product\/yoast-seo-wordpress\/ -->\n<title>Gruy\u00e9re \u00a9 aromatische harde kaas uit West-Zwitserland - Kaashandel Dammers<\/title>\n<meta name=\"robots\" content=\"index, follow, max-snippet:-1, max-image-preview:large, max-video-preview:-1\" \/>\n<link rel=\"canonical\" href=\"https:\/\/kaashandeldammers.nl\/de\/produkt\/gruyere-aromatische-harde-kaas-uit-west-zwitserland\/\" \/>\n<meta property=\"og:locale\" content=\"de_DE\" \/>\n<meta property=\"og:type\" content=\"article\" \/>\n<meta property=\"og:title\" content=\"Gruy\u00e9re \u00a9 aromatische harde kaas uit West-Zwitserland - Kaashandel Dammers\" \/>\n<meta property=\"og:description\" content=\"D\u00e9\u00a0aromatische harde kaas uit west-zwitserland\" \/>\n<meta property=\"og:url\" content=\"https:\/\/kaashandeldammers.nl\/de\/produkt\/gruyere-aromatische-harde-kaas-uit-west-zwitserland\/\" \/>\n<meta property=\"og:site_name\" content=\"Kaashandel Dammers\" \/>\n<meta name=\"twitter:card\" content=\"summary_large_image\" \/>\n<meta name=\"twitter:label1\" content=\"Gesch\u00e4tzte Lesezeit\" \/>\n\t<meta name=\"twitter:data1\" content=\"2\u00a0Minuten\" \/>\n<script type=\"application\/ld+json\" class=\"yoast-schema-graph\">{\"@context\":\"https:\\\/\\\/schema.org\",\"@graph\":[{\"@type\":\"WebPage\",\"@id\":\"https:\\\/\\\/kaashandeldammers.nl\\\/product\\\/gruyere-aromatische-harde-kaas-uit-west-zwitserland\\\/\",\"url\":\"https:\\\/\\\/kaashandeldammers.nl\\\/product\\\/gruyere-aromatische-harde-kaas-uit-west-zwitserland\\\/\",\"name\":\"Gruy\u00e9re \u00a9 aromatische harde kaas uit West-Zwitserland - Kaashandel Dammers\",\"isPartOf\":{\"@id\":\"https:\\\/\\\/kaashandeldammers.nl\\\/#website\"},\"primaryImageOfPage\":{\"@id\":\"https:\\\/\\\/kaashandeldammers.nl\\\/product\\\/gruyere-aromatische-harde-kaas-uit-west-zwitserland\\\/#primaryimage\"},\"image\":{\"@id\":\"https:\\\/\\\/kaashandeldammers.nl\\\/product\\\/gruyere-aromatische-harde-kaas-uit-west-zwitserland\\\/#primaryimage\"},\"thumbnailUrl\":\"https:\\\/\\\/kaashandeldammers.nl\\\/wp-content\\\/uploads\\\/2026\\\/01\\\/1918322715.jpg\",\"datePublished\":\"2026-01-21T16:34:12+00:00\",\"breadcrumb\":{\"@id\":\"https:\\\/\\\/kaashandeldammers.nl\\\/product\\\/gruyere-aromatische-harde-kaas-uit-west-zwitserland\\\/#breadcrumb\"},\"inLanguage\":\"de\",\"potentialAction\":[{\"@type\":\"ReadAction\",\"target\":[\"https:\\\/\\\/kaashandeldammers.nl\\\/product\\\/gruyere-aromatische-harde-kaas-uit-west-zwitserland\\\/\"]}]},{\"@type\":\"ImageObject\",\"inLanguage\":\"de\",\"@id\":\"https:\\\/\\\/kaashandeldammers.nl\\\/product\\\/gruyere-aromatische-harde-kaas-uit-west-zwitserland\\\/#primaryimage\",\"url\":\"https:\\\/\\\/kaashandeldammers.nl\\\/wp-content\\\/uploads\\\/2026\\\/01\\\/1918322715.jpg\",\"contentUrl\":\"https:\\\/\\\/kaashandeldammers.nl\\\/wp-content\\\/uploads\\\/2026\\\/01\\\/1918322715.jpg\",\"width\":640,\"height\":405},{\"@type\":\"BreadcrumbList\",\"@id\":\"https:\\\/\\\/kaashandeldammers.nl\\\/product\\\/gruyere-aromatische-harde-kaas-uit-west-zwitserland\\\/#breadcrumb\",\"itemListElement\":[{\"@type\":\"ListItem\",\"position\":1,\"name\":\"Home\",\"item\":\"https:\\\/\\\/kaashandeldammers.nl\\\/\"},{\"@type\":\"ListItem\",\"position\":2,\"name\":\"Aanbod\",\"item\":\"https:\\\/\\\/kaashandeldammers.nl\\\/aanbod\\\/\"},{\"@type\":\"ListItem\",\"position\":3,\"name\":\"Gruy\u00e9re \u00a9 aromatische harde kaas uit West-Zwitserland\"}]},{\"@type\":\"WebSite\",\"@id\":\"https:\\\/\\\/kaashandeldammers.nl\\\/#website\",\"url\":\"https:\\\/\\\/kaashandeldammers.nl\\\/\",\"name\":\"Kaashandel Dammers\",\"description\":\"Ambachtelijke kaas, vers van het mes\",\"potentialAction\":[{\"@type\":\"SearchAction\",\"target\":{\"@type\":\"EntryPoint\",\"urlTemplate\":\"https:\\\/\\\/kaashandeldammers.nl\\\/?s={search_term_string}\"},\"query-input\":{\"@type\":\"PropertyValueSpecification\",\"valueRequired\":true,\"valueName\":\"search_term_string\"}}],\"inLanguage\":\"de\"}]}<\/script>\n<!-- \/ Yoast SEO plugin. -->","yoast_head_json":{"title":"Gruy\u00e9re \u00a9 aromatische harde kaas uit West-Zwitserland - Kaashandel Dammers","robots":{"index":"index","follow":"follow","max-snippet":"max-snippet:-1","max-image-preview":"max-image-preview:large","max-video-preview":"max-video-preview:-1"},"canonical":"https:\/\/kaashandeldammers.nl\/de\/produkt\/gruyere-aromatische-harde-kaas-uit-west-zwitserland\/","og_locale":"de_DE","og_type":"article","og_title":"Gruy\u00e9re \u00a9 aromatische harde kaas uit West-Zwitserland - Kaashandel Dammers","og_description":"D\u00e9\u00a0aromatische harde kaas uit west-zwitserland","og_url":"https:\/\/kaashandeldammers.nl\/de\/produkt\/gruyere-aromatische-harde-kaas-uit-west-zwitserland\/","og_site_name":"Kaashandel Dammers","twitter_card":"summary_large_image","twitter_misc":{"Gesch\u00e4tzte Lesezeit":"2\u00a0Minuten"},"schema":{"@context":"https:\/\/schema.org","@graph":[{"@type":"WebPage","@id":"https:\/\/kaashandeldammers.nl\/product\/gruyere-aromatische-harde-kaas-uit-west-zwitserland\/","url":"https:\/\/kaashandeldammers.nl\/product\/gruyere-aromatische-harde-kaas-uit-west-zwitserland\/","name":"Gruy\u00e9re \u00a9 aromatische harde kaas uit West-Zwitserland - Kaashandel Dammers","isPartOf":{"@id":"https:\/\/kaashandeldammers.nl\/#website"},"primaryImageOfPage":{"@id":"https:\/\/kaashandeldammers.nl\/product\/gruyere-aromatische-harde-kaas-uit-west-zwitserland\/#primaryimage"},"image":{"@id":"https:\/\/kaashandeldammers.nl\/product\/gruyere-aromatische-harde-kaas-uit-west-zwitserland\/#primaryimage"},"thumbnailUrl":"https:\/\/kaashandeldammers.nl\/wp-content\/uploads\/2026\/01\/1918322715.jpg","datePublished":"2026-01-21T16:34:12+00:00","breadcrumb":{"@id":"https:\/\/kaashandeldammers.nl\/product\/gruyere-aromatische-harde-kaas-uit-west-zwitserland\/#breadcrumb"},"inLanguage":"de","potentialAction":[{"@type":"ReadAction","target":["https:\/\/kaashandeldammers.nl\/product\/gruyere-aromatische-harde-kaas-uit-west-zwitserland\/"]}]},{"@type":"ImageObject","inLanguage":"de","@id":"https:\/\/kaashandeldammers.nl\/product\/gruyere-aromatische-harde-kaas-uit-west-zwitserland\/#primaryimage","url":"https:\/\/kaashandeldammers.nl\/wp-content\/uploads\/2026\/01\/1918322715.jpg","contentUrl":"https:\/\/kaashandeldammers.nl\/wp-content\/uploads\/2026\/01\/1918322715.jpg","width":640,"height":405},{"@type":"BreadcrumbList","@id":"https:\/\/kaashandeldammers.nl\/product\/gruyere-aromatische-harde-kaas-uit-west-zwitserland\/#breadcrumb","itemListElement":[{"@type":"ListItem","position":1,"name":"Home","item":"https:\/\/kaashandeldammers.nl\/"},{"@type":"ListItem","position":2,"name":"Aanbod","item":"https:\/\/kaashandeldammers.nl\/aanbod\/"},{"@type":"ListItem","position":3,"name":"Gruy\u00e9re \u00a9 aromatische harde kaas uit West-Zwitserland"}]},{"@type":"WebSite","@id":"https:\/\/kaashandeldammers.nl\/#website","url":"https:\/\/kaashandeldammers.nl\/","name":"Dammers K\u00e4segesch\u00e4ft","description":"Handwerklich hergestellter K\u00e4se, frisch vom Messer","potentialAction":[{"@type":"SearchAction","target":{"@type":"EntryPoint","urlTemplate":"https:\/\/kaashandeldammers.nl\/?s={search_term_string}"},"query-input":{"@type":"PropertyValueSpecification","valueRequired":true,"valueName":"search_term_string"}}],"inLanguage":"de"}]}},"jetpack_sharing_enabled":true,"_links":{"self":[{"href":"https:\/\/kaashandeldammers.nl\/de\/wp-json\/wp\/v2\/product\/1172","targetHints":{"allow":["GET"]}}],"collection":[{"href":"https:\/\/kaashandeldammers.nl\/de\/wp-json\/wp\/v2\/product"}],"about":[{"href":"https:\/\/kaashandeldammers.nl\/de\/wp-json\/wp\/v2\/types\/product"}],"wp:featuredmedia":[{"embeddable":true,"href":"https:\/\/kaashandeldammers.nl\/de\/wp-json\/wp\/v2\/media\/1171"}],"wp:attachment":[{"href":"https:\/\/kaashandeldammers.nl\/de\/wp-json\/wp\/v2\/media?parent=1172"}],"wp:term":[{"taxonomy":"product_brand","embeddable":true,"href":"https:\/\/kaashandeldammers.nl\/de\/wp-json\/wp\/v2\/product_brand?post=1172"},{"taxonomy":"product_cat","embeddable":true,"href":"https:\/\/kaashandeldammers.nl\/de\/wp-json\/wp\/v2\/product_cat?post=1172"},{"taxonomy":"product_tag","embeddable":true,"href":"https:\/\/kaashandeldammers.nl\/de\/wp-json\/wp\/v2\/product_tag?post=1172"}],"curies":[{"name":"wp","href":"https:\/\/api.w.org\/{rel}","templated":true}]}}