{"id":1127,"date":"2026-01-21T16:27:39","date_gmt":"2026-01-21T16:27:39","guid":{"rendered":"https:\/\/kaashandeldammers.nl\/product\/%e2%9c%a8-kaas-van-toen-500-dagen-gerijpt\/"},"modified":"2026-01-21T16:27:39","modified_gmt":"2026-01-21T16:27:39","slug":"%e2%9c%a8-kaas-van-toen-500-dagen-gerijpt","status":"publish","type":"product","link":"https:\/\/kaashandeldammers.nl\/de\/produkt\/%e2%9c%a8-kaas-van-toen-500-dagen-gerijpt\/","title":{"rendered":"\u2728 K\u00e4se aus der Vergangenheit \u2013 500 Tage gereift"},"content":{"rendered":"<p data-end=\"407\" data-start=\"362\"><strong data-end=\"405\" data-start=\"362\">K\u00e4se aus der Vergangenheit \u2013 500 Tage gereift \ud83d\udd70\ufe0f\ud83e\uddc0<\/strong><\/p>\n<p data-end=\"636\" data-start=\"409\">Dieser besondere K\u00e4se versetzt Sie in die Vergangenheit zur\u00fcck. <strong data-end=\"478\" data-start=\"461\">K\u00e4se aus der Vergangenheit<\/strong> wird nach traditioneller Art hergestellt und reift mindestens 500 Tage lang in einem altmodischen K\u00e4selager auf Holzplanken unter nat\u00fcrlichen Bedingungen \ud83c\udf3f.<\/p>\n<p data-end=\"895\" data-start=\"638\">Dieser einzigartige Prozess bewirkt, dass der K\u00e4se eine <strong data-end=\"711\" data-start=\"684\">extrem scharfer Geschmack \ud83d\udd25<\/strong>, sofort <strong data-end=\"742\" data-start=\"721\">dezente S\u00fc\u00dfe \ud83c\udf6f<\/strong> Das ergibt eine perfekte Balance. Die wundersch\u00f6nen Proteinkristalle \u2728 sorgen f\u00fcr einen k\u00f6stlichen Crunch, und der K\u00e4se l\u00e4sst sich gerade noch so schneiden.<\/p>\n<p data-end=\"1038\" data-start=\"897\">Genie\u00dfen Sie es auf einem <strong data-end=\"949\" data-start=\"911\">Braunes Brot mit Butter \ud83e\udd56\ud83e\uddc8<\/strong>, oder einfach nur so <strong data-end=\"994\" data-start=\"965\">Block mit der Faust \ud83c\udf74<\/strong> \u2013 m\u00f6glicherweise mit einer Silberzwiebel \ud83e\uddc5.<\/p>\n<p data-end=\"1139\" data-start=\"1040\"><strong data-end=\"1057\" data-start=\"1040\">K\u00e4se aus der Vergangenheit<\/strong> ist eine Hommage an den Geschmack der Vergangenheit \u2013 pur, kraftvoll und unvergesslich \ud83d\udc9b.<\/p>","protected":false},"excerpt":{"rendered":"<p>Handwerklich hergestellter K\u00e4se \ud83e\uddc0, 500 Tage auf Holzregalen gereift. Voller w\u00fcrziger Aromen, dezenter S\u00fc\u00dfe und knuspriger Proteinkristalle \u2728. Pure Nostalgie!<\/p>","protected":false},"featured_media":1126,"template":"","meta":[],"product_brand":[],"product_cat":[23],"product_tag":[],"class_list":{"0":"post-1127","1":"product","2":"type-product","3":"status-publish","4":"has-post-thumbnail","6":"product_cat-hollandse-goudse-kaas","8":"first","9":"outofstock","10":"taxable","11":"shipping-taxable","12":"product-type-simple"},"yoast_head":"<!-- This site is optimized with the Yoast SEO plugin v27.3 - https:\/\/yoast.com\/product\/yoast-seo-wordpress\/ -->\n<title>\u2728 Kaas van Toen \u2013 500 dagen gerijpt - Kaashandel Dammers<\/title>\n<meta name=\"robots\" content=\"index, follow, max-snippet:-1, max-image-preview:large, max-video-preview:-1\" \/>\n<link rel=\"canonical\" href=\"https:\/\/kaashandeldammers.nl\/de\/produkt\/\u2728-kaas-van-toen-500-dagen-gerijpt\/\" \/>\n<meta property=\"og:locale\" content=\"de_DE\" \/>\n<meta property=\"og:type\" content=\"article\" \/>\n<meta property=\"og:title\" content=\"\u2728 Kaas van Toen \u2013 500 dagen gerijpt - Kaashandel Dammers\" \/>\n<meta property=\"og:description\" content=\"Ambachtelijke kaas \ud83e\uddc0, 500 dagen gerijpt op houten planken. Vol pikante smaak, subtiel zoetje &amp; knisperende eiwitkristallen \u2728. Pure nostalgie!\" \/>\n<meta property=\"og:url\" content=\"https:\/\/kaashandeldammers.nl\/de\/produkt\/\u2728-kaas-van-toen-500-dagen-gerijpt\/\" \/>\n<meta property=\"og:site_name\" content=\"Kaashandel Dammers\" \/>\n<meta name=\"twitter:card\" content=\"summary_large_image\" \/>\n<meta name=\"twitter:label1\" content=\"Gesch\u00e4tzte Lesezeit\" \/>\n\t<meta name=\"twitter:data1\" content=\"1\u00a0Minute\" \/>\n<script type=\"application\/ld+json\" class=\"yoast-schema-graph\">{\"@context\":\"https:\\\/\\\/schema.org\",\"@graph\":[{\"@type\":\"WebPage\",\"@id\":\"https:\\\/\\\/kaashandeldammers.nl\\\/product\\\/%e2%9c%a8-kaas-van-toen-500-dagen-gerijpt\\\/\",\"url\":\"https:\\\/\\\/kaashandeldammers.nl\\\/product\\\/%e2%9c%a8-kaas-van-toen-500-dagen-gerijpt\\\/\",\"name\":\"\u2728 Kaas van Toen \u2013 500 dagen gerijpt - Kaashandel Dammers\",\"isPartOf\":{\"@id\":\"https:\\\/\\\/kaashandeldammers.nl\\\/#website\"},\"primaryImageOfPage\":{\"@id\":\"https:\\\/\\\/kaashandeldammers.nl\\\/product\\\/%e2%9c%a8-kaas-van-toen-500-dagen-gerijpt\\\/#primaryimage\"},\"image\":{\"@id\":\"https:\\\/\\\/kaashandeldammers.nl\\\/product\\\/%e2%9c%a8-kaas-van-toen-500-dagen-gerijpt\\\/#primaryimage\"},\"thumbnailUrl\":\"https:\\\/\\\/kaashandeldammers.nl\\\/wp-content\\\/uploads\\\/2026\\\/01\\\/2333070851.png\",\"datePublished\":\"2026-01-21T16:27:39+00:00\",\"breadcrumb\":{\"@id\":\"https:\\\/\\\/kaashandeldammers.nl\\\/product\\\/%e2%9c%a8-kaas-van-toen-500-dagen-gerijpt\\\/#breadcrumb\"},\"inLanguage\":\"de\",\"potentialAction\":[{\"@type\":\"ReadAction\",\"target\":[\"https:\\\/\\\/kaashandeldammers.nl\\\/product\\\/%e2%9c%a8-kaas-van-toen-500-dagen-gerijpt\\\/\"]}]},{\"@type\":\"ImageObject\",\"inLanguage\":\"de\",\"@id\":\"https:\\\/\\\/kaashandeldammers.nl\\\/product\\\/%e2%9c%a8-kaas-van-toen-500-dagen-gerijpt\\\/#primaryimage\",\"url\":\"https:\\\/\\\/kaashandeldammers.nl\\\/wp-content\\\/uploads\\\/2026\\\/01\\\/2333070851.png\",\"contentUrl\":\"https:\\\/\\\/kaashandeldammers.nl\\\/wp-content\\\/uploads\\\/2026\\\/01\\\/2333070851.png\",\"width\":1080,\"height\":1080},{\"@type\":\"BreadcrumbList\",\"@id\":\"https:\\\/\\\/kaashandeldammers.nl\\\/product\\\/%e2%9c%a8-kaas-van-toen-500-dagen-gerijpt\\\/#breadcrumb\",\"itemListElement\":[{\"@type\":\"ListItem\",\"position\":1,\"name\":\"Home\",\"item\":\"https:\\\/\\\/kaashandeldammers.nl\\\/\"},{\"@type\":\"ListItem\",\"position\":2,\"name\":\"Aanbod\",\"item\":\"https:\\\/\\\/kaashandeldammers.nl\\\/aanbod\\\/\"},{\"@type\":\"ListItem\",\"position\":3,\"name\":\"\u2728 Kaas van Toen \u2013 500 dagen gerijpt\"}]},{\"@type\":\"WebSite\",\"@id\":\"https:\\\/\\\/kaashandeldammers.nl\\\/#website\",\"url\":\"https:\\\/\\\/kaashandeldammers.nl\\\/\",\"name\":\"Kaashandel Dammers\",\"description\":\"Ambachtelijke kaas, vers van het mes\",\"potentialAction\":[{\"@type\":\"SearchAction\",\"target\":{\"@type\":\"EntryPoint\",\"urlTemplate\":\"https:\\\/\\\/kaashandeldammers.nl\\\/?s={search_term_string}\"},\"query-input\":{\"@type\":\"PropertyValueSpecification\",\"valueRequired\":true,\"valueName\":\"search_term_string\"}}],\"inLanguage\":\"de\"}]}<\/script>\n<!-- \/ Yoast SEO plugin. -->","yoast_head_json":{"title":"\u2728 Kaas van Toen \u2013 500 dagen gerijpt - Kaashandel Dammers","robots":{"index":"index","follow":"follow","max-snippet":"max-snippet:-1","max-image-preview":"max-image-preview:large","max-video-preview":"max-video-preview:-1"},"canonical":"https:\/\/kaashandeldammers.nl\/de\/produkt\/\u2728-kaas-van-toen-500-dagen-gerijpt\/","og_locale":"de_DE","og_type":"article","og_title":"\u2728 Kaas van Toen \u2013 500 dagen gerijpt - Kaashandel Dammers","og_description":"Ambachtelijke kaas \ud83e\uddc0, 500 dagen gerijpt op houten planken. Vol pikante smaak, subtiel zoetje &amp; knisperende eiwitkristallen \u2728. Pure nostalgie!","og_url":"https:\/\/kaashandeldammers.nl\/de\/produkt\/\u2728-kaas-van-toen-500-dagen-gerijpt\/","og_site_name":"Kaashandel Dammers","twitter_card":"summary_large_image","twitter_misc":{"Gesch\u00e4tzte Lesezeit":"1\u00a0Minute"},"schema":{"@context":"https:\/\/schema.org","@graph":[{"@type":"WebPage","@id":"https:\/\/kaashandeldammers.nl\/product\/%e2%9c%a8-kaas-van-toen-500-dagen-gerijpt\/","url":"https:\/\/kaashandeldammers.nl\/product\/%e2%9c%a8-kaas-van-toen-500-dagen-gerijpt\/","name":"\u2728 Kaas van Toen \u2013 500 dagen gerijpt - Kaashandel Dammers","isPartOf":{"@id":"https:\/\/kaashandeldammers.nl\/#website"},"primaryImageOfPage":{"@id":"https:\/\/kaashandeldammers.nl\/product\/%e2%9c%a8-kaas-van-toen-500-dagen-gerijpt\/#primaryimage"},"image":{"@id":"https:\/\/kaashandeldammers.nl\/product\/%e2%9c%a8-kaas-van-toen-500-dagen-gerijpt\/#primaryimage"},"thumbnailUrl":"https:\/\/kaashandeldammers.nl\/wp-content\/uploads\/2026\/01\/2333070851.png","datePublished":"2026-01-21T16:27:39+00:00","breadcrumb":{"@id":"https:\/\/kaashandeldammers.nl\/product\/%e2%9c%a8-kaas-van-toen-500-dagen-gerijpt\/#breadcrumb"},"inLanguage":"de","potentialAction":[{"@type":"ReadAction","target":["https:\/\/kaashandeldammers.nl\/product\/%e2%9c%a8-kaas-van-toen-500-dagen-gerijpt\/"]}]},{"@type":"ImageObject","inLanguage":"de","@id":"https:\/\/kaashandeldammers.nl\/product\/%e2%9c%a8-kaas-van-toen-500-dagen-gerijpt\/#primaryimage","url":"https:\/\/kaashandeldammers.nl\/wp-content\/uploads\/2026\/01\/2333070851.png","contentUrl":"https:\/\/kaashandeldammers.nl\/wp-content\/uploads\/2026\/01\/2333070851.png","width":1080,"height":1080},{"@type":"BreadcrumbList","@id":"https:\/\/kaashandeldammers.nl\/product\/%e2%9c%a8-kaas-van-toen-500-dagen-gerijpt\/#breadcrumb","itemListElement":[{"@type":"ListItem","position":1,"name":"Home","item":"https:\/\/kaashandeldammers.nl\/"},{"@type":"ListItem","position":2,"name":"Aanbod","item":"https:\/\/kaashandeldammers.nl\/aanbod\/"},{"@type":"ListItem","position":3,"name":"\u2728 Kaas van Toen \u2013 500 dagen gerijpt"}]},{"@type":"WebSite","@id":"https:\/\/kaashandeldammers.nl\/#website","url":"https:\/\/kaashandeldammers.nl\/","name":"Dammers K\u00e4segesch\u00e4ft","description":"Handwerklich hergestellter K\u00e4se, frisch vom Messer","potentialAction":[{"@type":"SearchAction","target":{"@type":"EntryPoint","urlTemplate":"https:\/\/kaashandeldammers.nl\/?s={search_term_string}"},"query-input":{"@type":"PropertyValueSpecification","valueRequired":true,"valueName":"search_term_string"}}],"inLanguage":"de"}]}},"jetpack_sharing_enabled":true,"_links":{"self":[{"href":"https:\/\/kaashandeldammers.nl\/de\/wp-json\/wp\/v2\/product\/1127","targetHints":{"allow":["GET"]}}],"collection":[{"href":"https:\/\/kaashandeldammers.nl\/de\/wp-json\/wp\/v2\/product"}],"about":[{"href":"https:\/\/kaashandeldammers.nl\/de\/wp-json\/wp\/v2\/types\/product"}],"wp:featuredmedia":[{"embeddable":true,"href":"https:\/\/kaashandeldammers.nl\/de\/wp-json\/wp\/v2\/media\/1126"}],"wp:attachment":[{"href":"https:\/\/kaashandeldammers.nl\/de\/wp-json\/wp\/v2\/media?parent=1127"}],"wp:term":[{"taxonomy":"product_brand","embeddable":true,"href":"https:\/\/kaashandeldammers.nl\/de\/wp-json\/wp\/v2\/product_brand?post=1127"},{"taxonomy":"product_cat","embeddable":true,"href":"https:\/\/kaashandeldammers.nl\/de\/wp-json\/wp\/v2\/product_cat?post=1127"},{"taxonomy":"product_tag","embeddable":true,"href":"https:\/\/kaashandeldammers.nl\/de\/wp-json\/wp\/v2\/product_tag?post=1127"}],"curies":[{"name":"wp","href":"https:\/\/api.w.org\/{rel}","templated":true}]}}