{"id":1117,"date":"2026-01-21T16:26:47","date_gmt":"2026-01-21T16:26:47","guid":{"rendered":"https:\/\/kaashandeldammers.nl\/product\/villa-jalapeno\/"},"modified":"2026-01-21T16:59:55","modified_gmt":"2026-01-21T16:59:55","slug":"villa-jalapeno","status":"publish","type":"product","link":"https:\/\/kaashandeldammers.nl\/de\/produkt\/villa-jalapeno\/","title":{"rendered":"Villa Jalape\u00f1o"},"content":{"rendered":"<h3 data-end=\"146\" data-start=\"86\"><strong data-end=\"144\" data-start=\"90\">\ud83d\udd25 Die Villa Jalape\u00f1o \u2013 Cremig mit einer pikanten Sch\u00e4rfe!<\/strong><\/h3>\n<p data-end=\"429\" data-start=\"148\">Bist du bereit f\u00fcr ein Geschmacksabenteuer? <strong data-end=\"206\" data-start=\"185\">Die Villa Jalape\u00f1o<\/strong> vereint die weiche, cremige Textur eines k\u00f6stlichen Kr\u00e4uterk\u00e4ses mit der <strong data-end=\"317\" data-start=\"281\">scharfe Sch\u00e4rfe von Jalape\u00f1o-Paprika<\/strong>. Das Ergebnis? Ein perfektes Gleichgewicht zwischen <strong data-end=\"380\" data-start=\"361\">weich und w\u00fcrzig<\/strong>, Ideal f\u00fcr alle, die es gerne etwas sch\u00e4rfer m\u00f6gen!<\/p>\n<p data-end=\"634\" data-start=\"431\">Diese W\u00fcrzmischung schmeckt k\u00f6stlich auf Sandwiches, in gegrillten K\u00e4sesandwiches oder als pikante Note auf Ihrer Getr\u00e4nkeplatte. Probieren Sie sie auch geschmolzen \u00fcber Nachos oder als Burger-Topping \u2013 einfach unwiderstehlich lecker! \ud83c\udf36\ufe0f\ud83e\uddc0<\/p>\n<p data-end=\"835\" data-start=\"636\">\ud83d\udd25 <strong data-end=\"656\" data-start=\"639\">Geschmacksprofil:<\/strong> Cremig, vollmundig und w\u00fcrzig dank der Jalape\u00f1os.<br data-end=\"697\" data-start=\"694\" \/><br \/>\n\ud83c\udf3f <strong data-end=\"713\" data-start=\"700\">Herkunft:<\/strong> Handwerkliche Zubereitung mit den besten Zutaten<br data-end=\"762\" data-start=\"759\" \/><br \/>\n\ud83c\udf7d\ufe0f <strong data-end=\"781\" data-start=\"766\">K\u00f6stlich zu:<\/strong> Toasties, Nachos, Burger oder einfach nur<\/p>\n<p data-end=\"926\" data-start=\"837\"><strong data-end=\"924\" data-start=\"837\">Trauen Sie sich, die Sch\u00e4rfe zu vertragen? Bestellen Sie jetzt und entdecken Sie den w\u00fcrzigen Charme von De Villa Jalape\u00f1o!<\/strong><\/p>","protected":false},"excerpt":{"rendered":"<p>Cremig mit einer pikanten Note!<\/p>","protected":false},"featured_media":1460,"template":"","meta":[],"product_brand":[],"product_cat":[29],"product_tag":[],"class_list":{"0":"post-1117","1":"product","2":"type-product","3":"status-publish","4":"has-post-thumbnail","6":"product_cat-speciale-smaken","8":"first","9":"outofstock","10":"taxable","11":"shipping-taxable","12":"product-type-simple"},"yoast_head":"<!-- This site is optimized with the Yoast SEO plugin v27.3 - https:\/\/yoast.com\/product\/yoast-seo-wordpress\/ -->\n<title>Villa Jalape\u00f1o - Kaashandel Dammers<\/title>\n<meta name=\"robots\" content=\"index, follow, max-snippet:-1, max-image-preview:large, max-video-preview:-1\" \/>\n<link rel=\"canonical\" href=\"https:\/\/kaashandeldammers.nl\/de\/produkt\/villa-jalapeno\/\" \/>\n<meta property=\"og:locale\" content=\"de_DE\" \/>\n<meta property=\"og:type\" content=\"article\" \/>\n<meta property=\"og:title\" content=\"Villa Jalape\u00f1o - Kaashandel Dammers\" \/>\n<meta property=\"og:description\" content=\"Romig met een pittige kick!\" \/>\n<meta property=\"og:url\" content=\"https:\/\/kaashandeldammers.nl\/de\/produkt\/villa-jalapeno\/\" \/>\n<meta property=\"og:site_name\" content=\"Kaashandel Dammers\" \/>\n<meta property=\"article:modified_time\" content=\"2026-01-21T16:59:55+00:00\" \/>\n<meta property=\"og:image\" content=\"https:\/\/kaashandeldammers.nl\/wp-content\/uploads\/2026\/01\/2125922118.png\" \/>\n\t<meta property=\"og:image:width\" content=\"1080\" \/>\n\t<meta property=\"og:image:height\" content=\"1080\" \/>\n\t<meta property=\"og:image:type\" content=\"image\/png\" \/>\n<meta name=\"twitter:card\" content=\"summary_large_image\" \/>\n<meta name=\"twitter:label1\" content=\"Gesch\u00e4tzte Lesezeit\" \/>\n\t<meta name=\"twitter:data1\" content=\"1\u00a0Minute\" \/>\n<script type=\"application\/ld+json\" class=\"yoast-schema-graph\">{\"@context\":\"https:\\\/\\\/schema.org\",\"@graph\":[{\"@type\":\"WebPage\",\"@id\":\"https:\\\/\\\/kaashandeldammers.nl\\\/product\\\/villa-jalapeno\\\/\",\"url\":\"https:\\\/\\\/kaashandeldammers.nl\\\/product\\\/villa-jalapeno\\\/\",\"name\":\"Villa Jalape\u00f1o - Kaashandel Dammers\",\"isPartOf\":{\"@id\":\"https:\\\/\\\/kaashandeldammers.nl\\\/#website\"},\"primaryImageOfPage\":{\"@id\":\"https:\\\/\\\/kaashandeldammers.nl\\\/product\\\/villa-jalapeno\\\/#primaryimage\"},\"image\":{\"@id\":\"https:\\\/\\\/kaashandeldammers.nl\\\/product\\\/villa-jalapeno\\\/#primaryimage\"},\"thumbnailUrl\":\"https:\\\/\\\/kaashandeldammers.nl\\\/wp-content\\\/uploads\\\/2026\\\/01\\\/2125922118-1.png\",\"datePublished\":\"2026-01-21T16:26:47+00:00\",\"dateModified\":\"2026-01-21T16:59:55+00:00\",\"breadcrumb\":{\"@id\":\"https:\\\/\\\/kaashandeldammers.nl\\\/product\\\/villa-jalapeno\\\/#breadcrumb\"},\"inLanguage\":\"de\",\"potentialAction\":[{\"@type\":\"ReadAction\",\"target\":[\"https:\\\/\\\/kaashandeldammers.nl\\\/product\\\/villa-jalapeno\\\/\"]}]},{\"@type\":\"ImageObject\",\"inLanguage\":\"de\",\"@id\":\"https:\\\/\\\/kaashandeldammers.nl\\\/product\\\/villa-jalapeno\\\/#primaryimage\",\"url\":\"https:\\\/\\\/kaashandeldammers.nl\\\/wp-content\\\/uploads\\\/2026\\\/01\\\/2125922118-1.png\",\"contentUrl\":\"https:\\\/\\\/kaashandeldammers.nl\\\/wp-content\\\/uploads\\\/2026\\\/01\\\/2125922118-1.png\",\"width\":1080,\"height\":1080},{\"@type\":\"BreadcrumbList\",\"@id\":\"https:\\\/\\\/kaashandeldammers.nl\\\/product\\\/villa-jalapeno\\\/#breadcrumb\",\"itemListElement\":[{\"@type\":\"ListItem\",\"position\":1,\"name\":\"Home\",\"item\":\"https:\\\/\\\/kaashandeldammers.nl\\\/\"},{\"@type\":\"ListItem\",\"position\":2,\"name\":\"Aanbod\",\"item\":\"https:\\\/\\\/kaashandeldammers.nl\\\/aanbod\\\/\"},{\"@type\":\"ListItem\",\"position\":3,\"name\":\"Villa Jalape\u00f1o\"}]},{\"@type\":\"WebSite\",\"@id\":\"https:\\\/\\\/kaashandeldammers.nl\\\/#website\",\"url\":\"https:\\\/\\\/kaashandeldammers.nl\\\/\",\"name\":\"Kaashandel Dammers\",\"description\":\"Ambachtelijke kaas, vers van het mes\",\"potentialAction\":[{\"@type\":\"SearchAction\",\"target\":{\"@type\":\"EntryPoint\",\"urlTemplate\":\"https:\\\/\\\/kaashandeldammers.nl\\\/?s={search_term_string}\"},\"query-input\":{\"@type\":\"PropertyValueSpecification\",\"valueRequired\":true,\"valueName\":\"search_term_string\"}}],\"inLanguage\":\"de\"}]}<\/script>\n<!-- \/ Yoast SEO plugin. -->","yoast_head_json":{"title":"Villa Jalape\u00f1o - Kaashandel Dammers","robots":{"index":"index","follow":"follow","max-snippet":"max-snippet:-1","max-image-preview":"max-image-preview:large","max-video-preview":"max-video-preview:-1"},"canonical":"https:\/\/kaashandeldammers.nl\/de\/produkt\/villa-jalapeno\/","og_locale":"de_DE","og_type":"article","og_title":"Villa Jalape\u00f1o - Kaashandel Dammers","og_description":"Romig met een pittige kick!","og_url":"https:\/\/kaashandeldammers.nl\/de\/produkt\/villa-jalapeno\/","og_site_name":"Kaashandel Dammers","article_modified_time":"2026-01-21T16:59:55+00:00","og_image":[{"width":1080,"height":1080,"url":"https:\/\/kaashandeldammers.nl\/wp-content\/uploads\/2026\/01\/2125922118.png","type":"image\/png"}],"twitter_card":"summary_large_image","twitter_misc":{"Gesch\u00e4tzte Lesezeit":"1\u00a0Minute"},"schema":{"@context":"https:\/\/schema.org","@graph":[{"@type":"WebPage","@id":"https:\/\/kaashandeldammers.nl\/product\/villa-jalapeno\/","url":"https:\/\/kaashandeldammers.nl\/product\/villa-jalapeno\/","name":"Villa Jalape\u00f1o - Kaashandel Dammers","isPartOf":{"@id":"https:\/\/kaashandeldammers.nl\/#website"},"primaryImageOfPage":{"@id":"https:\/\/kaashandeldammers.nl\/product\/villa-jalapeno\/#primaryimage"},"image":{"@id":"https:\/\/kaashandeldammers.nl\/product\/villa-jalapeno\/#primaryimage"},"thumbnailUrl":"https:\/\/kaashandeldammers.nl\/wp-content\/uploads\/2026\/01\/2125922118-1.png","datePublished":"2026-01-21T16:26:47+00:00","dateModified":"2026-01-21T16:59:55+00:00","breadcrumb":{"@id":"https:\/\/kaashandeldammers.nl\/product\/villa-jalapeno\/#breadcrumb"},"inLanguage":"de","potentialAction":[{"@type":"ReadAction","target":["https:\/\/kaashandeldammers.nl\/product\/villa-jalapeno\/"]}]},{"@type":"ImageObject","inLanguage":"de","@id":"https:\/\/kaashandeldammers.nl\/product\/villa-jalapeno\/#primaryimage","url":"https:\/\/kaashandeldammers.nl\/wp-content\/uploads\/2026\/01\/2125922118-1.png","contentUrl":"https:\/\/kaashandeldammers.nl\/wp-content\/uploads\/2026\/01\/2125922118-1.png","width":1080,"height":1080},{"@type":"BreadcrumbList","@id":"https:\/\/kaashandeldammers.nl\/product\/villa-jalapeno\/#breadcrumb","itemListElement":[{"@type":"ListItem","position":1,"name":"Home","item":"https:\/\/kaashandeldammers.nl\/"},{"@type":"ListItem","position":2,"name":"Aanbod","item":"https:\/\/kaashandeldammers.nl\/aanbod\/"},{"@type":"ListItem","position":3,"name":"Villa Jalape\u00f1o"}]},{"@type":"WebSite","@id":"https:\/\/kaashandeldammers.nl\/#website","url":"https:\/\/kaashandeldammers.nl\/","name":"Dammers K\u00e4segesch\u00e4ft","description":"Handwerklich hergestellter K\u00e4se, frisch vom Messer","potentialAction":[{"@type":"SearchAction","target":{"@type":"EntryPoint","urlTemplate":"https:\/\/kaashandeldammers.nl\/?s={search_term_string}"},"query-input":{"@type":"PropertyValueSpecification","valueRequired":true,"valueName":"search_term_string"}}],"inLanguage":"de"}]}},"jetpack_sharing_enabled":true,"_links":{"self":[{"href":"https:\/\/kaashandeldammers.nl\/de\/wp-json\/wp\/v2\/product\/1117","targetHints":{"allow":["GET"]}}],"collection":[{"href":"https:\/\/kaashandeldammers.nl\/de\/wp-json\/wp\/v2\/product"}],"about":[{"href":"https:\/\/kaashandeldammers.nl\/de\/wp-json\/wp\/v2\/types\/product"}],"wp:featuredmedia":[{"embeddable":true,"href":"https:\/\/kaashandeldammers.nl\/de\/wp-json\/wp\/v2\/media\/1460"}],"wp:attachment":[{"href":"https:\/\/kaashandeldammers.nl\/de\/wp-json\/wp\/v2\/media?parent=1117"}],"wp:term":[{"taxonomy":"product_brand","embeddable":true,"href":"https:\/\/kaashandeldammers.nl\/de\/wp-json\/wp\/v2\/product_brand?post=1117"},{"taxonomy":"product_cat","embeddable":true,"href":"https:\/\/kaashandeldammers.nl\/de\/wp-json\/wp\/v2\/product_cat?post=1117"},{"taxonomy":"product_tag","embeddable":true,"href":"https:\/\/kaashandeldammers.nl\/de\/wp-json\/wp\/v2\/product_tag?post=1117"}],"curies":[{"name":"wp","href":"https:\/\/api.w.org\/{rel}","templated":true}]}}