{"id":1102,"date":"2026-01-21T16:25:09","date_gmt":"2026-01-21T16:25:09","guid":{"rendered":"https:\/\/kaashandeldammers.nl\/product\/vuohen-grand-reserve-fijn-gerijpte-finse-geitenkaas\/"},"modified":"2026-01-21T16:58:56","modified_gmt":"2026-01-21T16:58:56","slug":"vuohen-grand-reserve-fijn-gerijpte-finse-geitenkaas","status":"publish","type":"product","link":"https:\/\/kaashandeldammers.nl\/de\/produkt\/vuohen-grand-reserve-fijn-gerijpte-finse-geitenkaas\/","title":{"rendered":"Vuohen Grand Reserve \u2013 Fein gereifter finnischer Ziegenk\u00e4se"},"content":{"rendered":"<p data-end=\"267\" data-start=\"208\"><strong data-end=\"265\" data-start=\"208\">Vuohen Grand Reserve \u2013 Fein gereifter finnischer Ziegenk\u00e4se<\/strong><\/p>\n<p data-end=\"509\" data-start=\"269\">Entdecken Sie die Kraft und Finesse dieser handwerklichen Kunst. <strong data-end=\"344\" data-start=\"320\">Vuohen Grand Reserve<\/strong> Aus Finnland. Dieser harte, zw\u00f6lf Monate gereifte Ziegenk\u00e4se ist vom Gruy\u00e8re inspiriert, hat aber dank der Ziegenmilch einen einzigartigen Geschmack: vollmundig, kr\u00e4ftig und raffiniert.<\/p>\n<p data-end=\"531\" data-start=\"511\">\u2728 <strong data-end=\"529\" data-start=\"513\">Geschmacksprofil<\/strong><\/p>\n<ul data-end=\"645\" data-start=\"532\">\n<li data-end=\"550\" data-start=\"532\">\n<p data-end=\"550\" data-start=\"534\">Voll und kraftvoll<\/p>\n<\/li>\n<li data-end=\"596\" data-start=\"551\">\n<p data-end=\"596\" data-start=\"553\">Nussige Noten mit einem Hauch von Vanille und Sahne<\/p>\n<\/li>\n<li data-end=\"645\" data-start=\"597\">\n<p data-end=\"645\" data-start=\"599\">K\u00f6stlich cremig, trotz der festen Konsistenz.<\/p>\n<\/li>\n<\/ul>\n<p data-end=\"668\" data-start=\"647\">\u2728 <strong data-end=\"666\" data-start=\"649\">Eigenschaften<\/strong><\/p>\n<ul data-end=\"789\" data-start=\"669\">\n<li data-end=\"691\" data-start=\"669\">\n<p data-end=\"691\" data-start=\"671\">12 Monate gereift<\/p>\n<\/li>\n<li data-end=\"724\" data-start=\"692\">\n<p data-end=\"724\" data-start=\"694\">Harte, feink\u00f6rnige Textur<\/p>\n<\/li>\n<li data-end=\"750\" data-start=\"725\">\n<p data-end=\"750\" data-start=\"727\">Laktose- und glutenfrei<\/p>\n<\/li>\n<li data-end=\"789\" data-start=\"751\">\n<p data-end=\"789\" data-start=\"753\">Mehrfacher internationaler Preistr\u00e4ger<\/p>\n<\/li>\n<\/ul>\n<p data-end=\"955\" data-start=\"791\">Perfekt f\u00fcr eine K\u00e4seplatte, gerieben \u00fcber Pasta oder Risotto, in Salaten oder als besondere W\u00fcrze in warmen Gerichten. Ein wahrer Genuss f\u00fcr jeden K\u00e4seliebhaber!<\/p>","protected":false},"excerpt":{"rendered":"<p>Fein gereifter Vuohen Grand Reserve aus Finnland: ein vollfetter, harter Ziegenk\u00e4se (12 Monate), aromatisch mit Noten von N\u00fcssen, Vanille und Sahne. Laktose- und glutenfrei, perfekt f\u00fcr K\u00e4seliebhaber.<\/p>","protected":false},"featured_media":1443,"template":"","meta":[],"product_brand":[],"product_cat":[37,24],"product_tag":[],"class_list":{"0":"post-1102","1":"product","2":"type-product","3":"status-publish","4":"has-post-thumbnail","6":"product_cat-geiten-schapenkaas","7":"product_cat-kaasvoordeel","9":"first","10":"outofstock","11":"taxable","12":"shipping-taxable","13":"product-type-simple"},"yoast_head":"<!-- This site is optimized with the Yoast SEO plugin v27.3 - https:\/\/yoast.com\/product\/yoast-seo-wordpress\/ -->\n<title>Vuohen Grand Reserve \u2013 Fijn gerijpte Finse geitenkaas - Kaashandel Dammers<\/title>\n<meta name=\"robots\" content=\"index, follow, max-snippet:-1, max-image-preview:large, max-video-preview:-1\" \/>\n<link rel=\"canonical\" href=\"https:\/\/kaashandeldammers.nl\/de\/produkt\/vuohen-grand-reserve-fijn-gerijpte-finse-geitenkaas\/\" \/>\n<meta property=\"og:locale\" content=\"de_DE\" \/>\n<meta property=\"og:type\" content=\"article\" \/>\n<meta property=\"og:title\" content=\"Vuohen Grand Reserve \u2013 Fijn gerijpte Finse geitenkaas - Kaashandel Dammers\" \/>\n<meta property=\"og:description\" content=\"Fijngerijpte Vuohen Grand Reserve uit Finland: volle harde geitenkaas (12 mnd), smaakvol met noten, vanille en room accenten. Lactose- &amp; glutenvrij, perfect voor kaasliefhebbers.\" \/>\n<meta property=\"og:url\" content=\"https:\/\/kaashandeldammers.nl\/de\/produkt\/vuohen-grand-reserve-fijn-gerijpte-finse-geitenkaas\/\" \/>\n<meta property=\"og:site_name\" content=\"Kaashandel Dammers\" \/>\n<meta property=\"article:modified_time\" content=\"2026-01-21T16:58:56+00:00\" \/>\n<meta property=\"og:image\" content=\"https:\/\/kaashandeldammers.nl\/wp-content\/uploads\/2026\/01\/2103561591.png\" \/>\n\t<meta property=\"og:image:width\" content=\"1080\" \/>\n\t<meta property=\"og:image:height\" content=\"1080\" \/>\n\t<meta property=\"og:image:type\" content=\"image\/png\" \/>\n<meta name=\"twitter:card\" content=\"summary_large_image\" \/>\n<meta name=\"twitter:label1\" content=\"Gesch\u00e4tzte Lesezeit\" \/>\n\t<meta name=\"twitter:data1\" content=\"1\u00a0Minute\" \/>\n<script type=\"application\/ld+json\" class=\"yoast-schema-graph\">{\"@context\":\"https:\\\/\\\/schema.org\",\"@graph\":[{\"@type\":\"WebPage\",\"@id\":\"https:\\\/\\\/kaashandeldammers.nl\\\/product\\\/vuohen-grand-reserve-fijn-gerijpte-finse-geitenkaas\\\/\",\"url\":\"https:\\\/\\\/kaashandeldammers.nl\\\/product\\\/vuohen-grand-reserve-fijn-gerijpte-finse-geitenkaas\\\/\",\"name\":\"Vuohen Grand Reserve \u2013 Fijn gerijpte Finse geitenkaas - Kaashandel Dammers\",\"isPartOf\":{\"@id\":\"https:\\\/\\\/kaashandeldammers.nl\\\/#website\"},\"primaryImageOfPage\":{\"@id\":\"https:\\\/\\\/kaashandeldammers.nl\\\/product\\\/vuohen-grand-reserve-fijn-gerijpte-finse-geitenkaas\\\/#primaryimage\"},\"image\":{\"@id\":\"https:\\\/\\\/kaashandeldammers.nl\\\/product\\\/vuohen-grand-reserve-fijn-gerijpte-finse-geitenkaas\\\/#primaryimage\"},\"thumbnailUrl\":\"https:\\\/\\\/kaashandeldammers.nl\\\/wp-content\\\/uploads\\\/2026\\\/01\\\/2103561591-1.png\",\"datePublished\":\"2026-01-21T16:25:09+00:00\",\"dateModified\":\"2026-01-21T16:58:56+00:00\",\"breadcrumb\":{\"@id\":\"https:\\\/\\\/kaashandeldammers.nl\\\/product\\\/vuohen-grand-reserve-fijn-gerijpte-finse-geitenkaas\\\/#breadcrumb\"},\"inLanguage\":\"de\",\"potentialAction\":[{\"@type\":\"ReadAction\",\"target\":[\"https:\\\/\\\/kaashandeldammers.nl\\\/product\\\/vuohen-grand-reserve-fijn-gerijpte-finse-geitenkaas\\\/\"]}]},{\"@type\":\"ImageObject\",\"inLanguage\":\"de\",\"@id\":\"https:\\\/\\\/kaashandeldammers.nl\\\/product\\\/vuohen-grand-reserve-fijn-gerijpte-finse-geitenkaas\\\/#primaryimage\",\"url\":\"https:\\\/\\\/kaashandeldammers.nl\\\/wp-content\\\/uploads\\\/2026\\\/01\\\/2103561591-1.png\",\"contentUrl\":\"https:\\\/\\\/kaashandeldammers.nl\\\/wp-content\\\/uploads\\\/2026\\\/01\\\/2103561591-1.png\",\"width\":1080,\"height\":1080},{\"@type\":\"BreadcrumbList\",\"@id\":\"https:\\\/\\\/kaashandeldammers.nl\\\/product\\\/vuohen-grand-reserve-fijn-gerijpte-finse-geitenkaas\\\/#breadcrumb\",\"itemListElement\":[{\"@type\":\"ListItem\",\"position\":1,\"name\":\"Home\",\"item\":\"https:\\\/\\\/kaashandeldammers.nl\\\/\"},{\"@type\":\"ListItem\",\"position\":2,\"name\":\"Aanbod\",\"item\":\"https:\\\/\\\/kaashandeldammers.nl\\\/aanbod\\\/\"},{\"@type\":\"ListItem\",\"position\":3,\"name\":\"Vuohen Grand Reserve \u2013 Fijn gerijpte Finse geitenkaas\"}]},{\"@type\":\"WebSite\",\"@id\":\"https:\\\/\\\/kaashandeldammers.nl\\\/#website\",\"url\":\"https:\\\/\\\/kaashandeldammers.nl\\\/\",\"name\":\"Kaashandel Dammers\",\"description\":\"Ambachtelijke kaas, vers van het mes\",\"potentialAction\":[{\"@type\":\"SearchAction\",\"target\":{\"@type\":\"EntryPoint\",\"urlTemplate\":\"https:\\\/\\\/kaashandeldammers.nl\\\/?s={search_term_string}\"},\"query-input\":{\"@type\":\"PropertyValueSpecification\",\"valueRequired\":true,\"valueName\":\"search_term_string\"}}],\"inLanguage\":\"de\"}]}<\/script>\n<!-- \/ Yoast SEO plugin. -->","yoast_head_json":{"title":"Vuohen Grand Reserve \u2013 Fijn gerijpte Finse geitenkaas - Kaashandel Dammers","robots":{"index":"index","follow":"follow","max-snippet":"max-snippet:-1","max-image-preview":"max-image-preview:large","max-video-preview":"max-video-preview:-1"},"canonical":"https:\/\/kaashandeldammers.nl\/de\/produkt\/vuohen-grand-reserve-fijn-gerijpte-finse-geitenkaas\/","og_locale":"de_DE","og_type":"article","og_title":"Vuohen Grand Reserve \u2013 Fijn gerijpte Finse geitenkaas - Kaashandel Dammers","og_description":"Fijngerijpte Vuohen Grand Reserve uit Finland: volle harde geitenkaas (12 mnd), smaakvol met noten, vanille en room accenten. Lactose- &amp; glutenvrij, perfect voor kaasliefhebbers.","og_url":"https:\/\/kaashandeldammers.nl\/de\/produkt\/vuohen-grand-reserve-fijn-gerijpte-finse-geitenkaas\/","og_site_name":"Kaashandel Dammers","article_modified_time":"2026-01-21T16:58:56+00:00","og_image":[{"width":1080,"height":1080,"url":"https:\/\/kaashandeldammers.nl\/wp-content\/uploads\/2026\/01\/2103561591.png","type":"image\/png"}],"twitter_card":"summary_large_image","twitter_misc":{"Gesch\u00e4tzte Lesezeit":"1\u00a0Minute"},"schema":{"@context":"https:\/\/schema.org","@graph":[{"@type":"WebPage","@id":"https:\/\/kaashandeldammers.nl\/product\/vuohen-grand-reserve-fijn-gerijpte-finse-geitenkaas\/","url":"https:\/\/kaashandeldammers.nl\/product\/vuohen-grand-reserve-fijn-gerijpte-finse-geitenkaas\/","name":"Vuohen Grand Reserve \u2013 Fijn gerijpte Finse geitenkaas - Kaashandel Dammers","isPartOf":{"@id":"https:\/\/kaashandeldammers.nl\/#website"},"primaryImageOfPage":{"@id":"https:\/\/kaashandeldammers.nl\/product\/vuohen-grand-reserve-fijn-gerijpte-finse-geitenkaas\/#primaryimage"},"image":{"@id":"https:\/\/kaashandeldammers.nl\/product\/vuohen-grand-reserve-fijn-gerijpte-finse-geitenkaas\/#primaryimage"},"thumbnailUrl":"https:\/\/kaashandeldammers.nl\/wp-content\/uploads\/2026\/01\/2103561591-1.png","datePublished":"2026-01-21T16:25:09+00:00","dateModified":"2026-01-21T16:58:56+00:00","breadcrumb":{"@id":"https:\/\/kaashandeldammers.nl\/product\/vuohen-grand-reserve-fijn-gerijpte-finse-geitenkaas\/#breadcrumb"},"inLanguage":"de","potentialAction":[{"@type":"ReadAction","target":["https:\/\/kaashandeldammers.nl\/product\/vuohen-grand-reserve-fijn-gerijpte-finse-geitenkaas\/"]}]},{"@type":"ImageObject","inLanguage":"de","@id":"https:\/\/kaashandeldammers.nl\/product\/vuohen-grand-reserve-fijn-gerijpte-finse-geitenkaas\/#primaryimage","url":"https:\/\/kaashandeldammers.nl\/wp-content\/uploads\/2026\/01\/2103561591-1.png","contentUrl":"https:\/\/kaashandeldammers.nl\/wp-content\/uploads\/2026\/01\/2103561591-1.png","width":1080,"height":1080},{"@type":"BreadcrumbList","@id":"https:\/\/kaashandeldammers.nl\/product\/vuohen-grand-reserve-fijn-gerijpte-finse-geitenkaas\/#breadcrumb","itemListElement":[{"@type":"ListItem","position":1,"name":"Home","item":"https:\/\/kaashandeldammers.nl\/"},{"@type":"ListItem","position":2,"name":"Aanbod","item":"https:\/\/kaashandeldammers.nl\/aanbod\/"},{"@type":"ListItem","position":3,"name":"Vuohen Grand Reserve \u2013 Fijn gerijpte Finse geitenkaas"}]},{"@type":"WebSite","@id":"https:\/\/kaashandeldammers.nl\/#website","url":"https:\/\/kaashandeldammers.nl\/","name":"Dammers K\u00e4segesch\u00e4ft","description":"Handwerklich hergestellter K\u00e4se, frisch vom Messer","potentialAction":[{"@type":"SearchAction","target":{"@type":"EntryPoint","urlTemplate":"https:\/\/kaashandeldammers.nl\/?s={search_term_string}"},"query-input":{"@type":"PropertyValueSpecification","valueRequired":true,"valueName":"search_term_string"}}],"inLanguage":"de"}]}},"jetpack_sharing_enabled":true,"_links":{"self":[{"href":"https:\/\/kaashandeldammers.nl\/de\/wp-json\/wp\/v2\/product\/1102","targetHints":{"allow":["GET"]}}],"collection":[{"href":"https:\/\/kaashandeldammers.nl\/de\/wp-json\/wp\/v2\/product"}],"about":[{"href":"https:\/\/kaashandeldammers.nl\/de\/wp-json\/wp\/v2\/types\/product"}],"wp:featuredmedia":[{"embeddable":true,"href":"https:\/\/kaashandeldammers.nl\/de\/wp-json\/wp\/v2\/media\/1443"}],"wp:attachment":[{"href":"https:\/\/kaashandeldammers.nl\/de\/wp-json\/wp\/v2\/media?parent=1102"}],"wp:term":[{"taxonomy":"product_brand","embeddable":true,"href":"https:\/\/kaashandeldammers.nl\/de\/wp-json\/wp\/v2\/product_brand?post=1102"},{"taxonomy":"product_cat","embeddable":true,"href":"https:\/\/kaashandeldammers.nl\/de\/wp-json\/wp\/v2\/product_cat?post=1102"},{"taxonomy":"product_tag","embeddable":true,"href":"https:\/\/kaashandeldammers.nl\/de\/wp-json\/wp\/v2\/product_tag?post=1102"}],"curies":[{"name":"wp","href":"https:\/\/api.w.org\/{rel}","templated":true}]}}