{"id":1067,"date":"2026-01-21T16:23:19","date_gmt":"2026-01-21T16:23:19","guid":{"rendered":"https:\/\/kaashandeldammers.nl\/product\/griekse-extra-vierge-spray-01-liter\/"},"modified":"2026-01-21T16:54:44","modified_gmt":"2026-01-21T16:54:44","slug":"griekse-extra-vierge-spray-01-liter","status":"publish","type":"product","link":"https:\/\/kaashandeldammers.nl\/de\/produkt\/griekse-extra-vierge-spray-01-liter\/","title":{"rendered":"Griechisches natives Oliven\u00f6l extra Spray 0,1 Liter"},"content":{"rendered":"<p>Natives Oliven\u00f6l extra <strong>SPR\u00dcHLAUF 0,1 Liter<\/strong><\/p>\n<p>Ganz einfach und Sie haben Ihr Lieblings-Oliven\u00f6l aus Griechenland immer griffbereit.<\/p>\n<p>Dies ist natives Oliven\u00f6l extra h\u00f6chster Qualit\u00e4t (ohne Hitzeeinwirkung) mit besonders ausgepr\u00e4gtem Geschmack. Oliven\u00f6l wird durch Pressung des Fruchtfleisches (30-50%-\u00d6l) und der Samen (5%-\u00d6l) hergestellt.<\/p>\n<p>Gesunde, am Baum h\u00e4ngende Oliven weisen einen \u00d6ls\u00e4uregehalt von unter 0,51 TP3T auf. Daher bleibt dieser Wert niedrig, wenn sie w\u00e4hrend und nach der Ernte schonend behandelt und das \u00d6l sorgf\u00e4ltig extrahiert wird.&nbsp;<\/p>\n<p>Diese Oliven wachsen in unserem eigenen Olivenhain in Kamaria und werden von Hand geerntet. Dadurch erhalten sie einen vollen Geschmack und ein \u00d6l, das alle nat\u00fcrlichen Vitamine und Mineralstoffe bewahrt.&nbsp;<\/p>\n<p>Doseninhalt: 0,1 Liter<\/p>\n<p>Neugierig auf das Oliven\u00f6l? Schauen Sie sich auch Folgendes an:&nbsp;<a href=\"https:\/\/www.olivias-olijfolie.nl\/\">www.olivias-olijfolie.nl<\/a><\/p>","protected":false},"excerpt":{"rendered":"<p>Das beste Oliven\u00f6l im praktischen Spray \u2013 einfach und schnell, damit Sie Ihr Oliven\u00f6l immer griffbereit haben.<\/p>","protected":false},"featured_media":1416,"template":"","meta":[],"product_brand":[],"product_cat":[22],"product_tag":[],"class_list":{"0":"post-1067","1":"product","2":"type-product","3":"status-publish","4":"has-post-thumbnail","6":"product_cat-geen-categorie","8":"first","9":"instock","10":"taxable","11":"shipping-taxable","12":"product-type-simple"},"yoast_head":"<!-- This site is optimized with the Yoast SEO plugin v27.3 - https:\/\/yoast.com\/product\/yoast-seo-wordpress\/ -->\n<title>Griekse extra Vierge Spray 0,1 liter - Kaashandel Dammers<\/title>\n<meta name=\"robots\" content=\"index, follow, max-snippet:-1, max-image-preview:large, max-video-preview:-1\" \/>\n<link rel=\"canonical\" href=\"https:\/\/kaashandeldammers.nl\/de\/produkt\/griekse-extra-vierge-spray-01-liter\/\" \/>\n<meta property=\"og:locale\" content=\"de_DE\" \/>\n<meta property=\"og:type\" content=\"article\" \/>\n<meta property=\"og:title\" content=\"Griekse extra Vierge Spray 0,1 liter - Kaashandel Dammers\" \/>\n<meta property=\"og:description\" content=\"De beste Olijfolie in een handig spray, makkelijk en snel altijd je olijfolie bij de hand\" \/>\n<meta property=\"og:url\" content=\"https:\/\/kaashandeldammers.nl\/de\/produkt\/griekse-extra-vierge-spray-01-liter\/\" \/>\n<meta property=\"og:site_name\" content=\"Kaashandel Dammers\" \/>\n<meta property=\"article:modified_time\" content=\"2026-01-21T16:54:44+00:00\" \/>\n<meta property=\"og:image\" content=\"https:\/\/kaashandeldammers.nl\/wp-content\/uploads\/2026\/01\/1992385761.png\" \/>\n\t<meta property=\"og:image:width\" content=\"600\" \/>\n\t<meta property=\"og:image:height\" content=\"400\" \/>\n\t<meta property=\"og:image:type\" content=\"image\/png\" \/>\n<meta name=\"twitter:card\" content=\"summary_large_image\" \/>\n<meta name=\"twitter:label1\" content=\"Gesch\u00e4tzte Lesezeit\" \/>\n\t<meta name=\"twitter:data1\" content=\"1\u00a0Minute\" \/>\n<script type=\"application\/ld+json\" class=\"yoast-schema-graph\">{\"@context\":\"https:\\\/\\\/schema.org\",\"@graph\":[{\"@type\":\"WebPage\",\"@id\":\"https:\\\/\\\/kaashandeldammers.nl\\\/product\\\/griekse-extra-vierge-spray-01-liter\\\/\",\"url\":\"https:\\\/\\\/kaashandeldammers.nl\\\/product\\\/griekse-extra-vierge-spray-01-liter\\\/\",\"name\":\"Griekse extra Vierge Spray 0,1 liter - Kaashandel Dammers\",\"isPartOf\":{\"@id\":\"https:\\\/\\\/kaashandeldammers.nl\\\/#website\"},\"primaryImageOfPage\":{\"@id\":\"https:\\\/\\\/kaashandeldammers.nl\\\/product\\\/griekse-extra-vierge-spray-01-liter\\\/#primaryimage\"},\"image\":{\"@id\":\"https:\\\/\\\/kaashandeldammers.nl\\\/product\\\/griekse-extra-vierge-spray-01-liter\\\/#primaryimage\"},\"thumbnailUrl\":\"https:\\\/\\\/kaashandeldammers.nl\\\/wp-content\\\/uploads\\\/2026\\\/01\\\/1992385761-1.png\",\"datePublished\":\"2026-01-21T16:23:19+00:00\",\"dateModified\":\"2026-01-21T16:54:44+00:00\",\"breadcrumb\":{\"@id\":\"https:\\\/\\\/kaashandeldammers.nl\\\/product\\\/griekse-extra-vierge-spray-01-liter\\\/#breadcrumb\"},\"inLanguage\":\"de\",\"potentialAction\":[{\"@type\":\"ReadAction\",\"target\":[\"https:\\\/\\\/kaashandeldammers.nl\\\/product\\\/griekse-extra-vierge-spray-01-liter\\\/\"]}]},{\"@type\":\"ImageObject\",\"inLanguage\":\"de\",\"@id\":\"https:\\\/\\\/kaashandeldammers.nl\\\/product\\\/griekse-extra-vierge-spray-01-liter\\\/#primaryimage\",\"url\":\"https:\\\/\\\/kaashandeldammers.nl\\\/wp-content\\\/uploads\\\/2026\\\/01\\\/1992385761-1.png\",\"contentUrl\":\"https:\\\/\\\/kaashandeldammers.nl\\\/wp-content\\\/uploads\\\/2026\\\/01\\\/1992385761-1.png\",\"width\":600,\"height\":400},{\"@type\":\"BreadcrumbList\",\"@id\":\"https:\\\/\\\/kaashandeldammers.nl\\\/product\\\/griekse-extra-vierge-spray-01-liter\\\/#breadcrumb\",\"itemListElement\":[{\"@type\":\"ListItem\",\"position\":1,\"name\":\"Home\",\"item\":\"https:\\\/\\\/kaashandeldammers.nl\\\/\"},{\"@type\":\"ListItem\",\"position\":2,\"name\":\"Aanbod\",\"item\":\"https:\\\/\\\/kaashandeldammers.nl\\\/aanbod\\\/\"},{\"@type\":\"ListItem\",\"position\":3,\"name\":\"Griekse extra Vierge Spray 0,1 liter\"}]},{\"@type\":\"WebSite\",\"@id\":\"https:\\\/\\\/kaashandeldammers.nl\\\/#website\",\"url\":\"https:\\\/\\\/kaashandeldammers.nl\\\/\",\"name\":\"Kaashandel Dammers\",\"description\":\"Ambachtelijke kaas, vers van het mes\",\"potentialAction\":[{\"@type\":\"SearchAction\",\"target\":{\"@type\":\"EntryPoint\",\"urlTemplate\":\"https:\\\/\\\/kaashandeldammers.nl\\\/?s={search_term_string}\"},\"query-input\":{\"@type\":\"PropertyValueSpecification\",\"valueRequired\":true,\"valueName\":\"search_term_string\"}}],\"inLanguage\":\"de\"}]}<\/script>\n<!-- \/ Yoast SEO plugin. -->","yoast_head_json":{"title":"Griekse extra Vierge Spray 0,1 liter - Kaashandel Dammers","robots":{"index":"index","follow":"follow","max-snippet":"max-snippet:-1","max-image-preview":"max-image-preview:large","max-video-preview":"max-video-preview:-1"},"canonical":"https:\/\/kaashandeldammers.nl\/de\/produkt\/griekse-extra-vierge-spray-01-liter\/","og_locale":"de_DE","og_type":"article","og_title":"Griekse extra Vierge Spray 0,1 liter - Kaashandel Dammers","og_description":"De beste Olijfolie in een handig spray, makkelijk en snel altijd je olijfolie bij de hand","og_url":"https:\/\/kaashandeldammers.nl\/de\/produkt\/griekse-extra-vierge-spray-01-liter\/","og_site_name":"Kaashandel Dammers","article_modified_time":"2026-01-21T16:54:44+00:00","og_image":[{"width":600,"height":400,"url":"https:\/\/kaashandeldammers.nl\/wp-content\/uploads\/2026\/01\/1992385761.png","type":"image\/png"}],"twitter_card":"summary_large_image","twitter_misc":{"Gesch\u00e4tzte Lesezeit":"1\u00a0Minute"},"schema":{"@context":"https:\/\/schema.org","@graph":[{"@type":"WebPage","@id":"https:\/\/kaashandeldammers.nl\/product\/griekse-extra-vierge-spray-01-liter\/","url":"https:\/\/kaashandeldammers.nl\/product\/griekse-extra-vierge-spray-01-liter\/","name":"Griekse extra Vierge Spray 0,1 liter - Kaashandel Dammers","isPartOf":{"@id":"https:\/\/kaashandeldammers.nl\/#website"},"primaryImageOfPage":{"@id":"https:\/\/kaashandeldammers.nl\/product\/griekse-extra-vierge-spray-01-liter\/#primaryimage"},"image":{"@id":"https:\/\/kaashandeldammers.nl\/product\/griekse-extra-vierge-spray-01-liter\/#primaryimage"},"thumbnailUrl":"https:\/\/kaashandeldammers.nl\/wp-content\/uploads\/2026\/01\/1992385761-1.png","datePublished":"2026-01-21T16:23:19+00:00","dateModified":"2026-01-21T16:54:44+00:00","breadcrumb":{"@id":"https:\/\/kaashandeldammers.nl\/product\/griekse-extra-vierge-spray-01-liter\/#breadcrumb"},"inLanguage":"de","potentialAction":[{"@type":"ReadAction","target":["https:\/\/kaashandeldammers.nl\/product\/griekse-extra-vierge-spray-01-liter\/"]}]},{"@type":"ImageObject","inLanguage":"de","@id":"https:\/\/kaashandeldammers.nl\/product\/griekse-extra-vierge-spray-01-liter\/#primaryimage","url":"https:\/\/kaashandeldammers.nl\/wp-content\/uploads\/2026\/01\/1992385761-1.png","contentUrl":"https:\/\/kaashandeldammers.nl\/wp-content\/uploads\/2026\/01\/1992385761-1.png","width":600,"height":400},{"@type":"BreadcrumbList","@id":"https:\/\/kaashandeldammers.nl\/product\/griekse-extra-vierge-spray-01-liter\/#breadcrumb","itemListElement":[{"@type":"ListItem","position":1,"name":"Home","item":"https:\/\/kaashandeldammers.nl\/"},{"@type":"ListItem","position":2,"name":"Aanbod","item":"https:\/\/kaashandeldammers.nl\/aanbod\/"},{"@type":"ListItem","position":3,"name":"Griekse extra Vierge Spray 0,1 liter"}]},{"@type":"WebSite","@id":"https:\/\/kaashandeldammers.nl\/#website","url":"https:\/\/kaashandeldammers.nl\/","name":"Dammers K\u00e4segesch\u00e4ft","description":"Handwerklich hergestellter K\u00e4se, frisch vom Messer","potentialAction":[{"@type":"SearchAction","target":{"@type":"EntryPoint","urlTemplate":"https:\/\/kaashandeldammers.nl\/?s={search_term_string}"},"query-input":{"@type":"PropertyValueSpecification","valueRequired":true,"valueName":"search_term_string"}}],"inLanguage":"de"}]}},"jetpack_sharing_enabled":true,"_links":{"self":[{"href":"https:\/\/kaashandeldammers.nl\/de\/wp-json\/wp\/v2\/product\/1067","targetHints":{"allow":["GET"]}}],"collection":[{"href":"https:\/\/kaashandeldammers.nl\/de\/wp-json\/wp\/v2\/product"}],"about":[{"href":"https:\/\/kaashandeldammers.nl\/de\/wp-json\/wp\/v2\/types\/product"}],"wp:featuredmedia":[{"embeddable":true,"href":"https:\/\/kaashandeldammers.nl\/de\/wp-json\/wp\/v2\/media\/1416"}],"wp:attachment":[{"href":"https:\/\/kaashandeldammers.nl\/de\/wp-json\/wp\/v2\/media?parent=1067"}],"wp:term":[{"taxonomy":"product_brand","embeddable":true,"href":"https:\/\/kaashandeldammers.nl\/de\/wp-json\/wp\/v2\/product_brand?post=1067"},{"taxonomy":"product_cat","embeddable":true,"href":"https:\/\/kaashandeldammers.nl\/de\/wp-json\/wp\/v2\/product_cat?post=1067"},{"taxonomy":"product_tag","embeddable":true,"href":"https:\/\/kaashandeldammers.nl\/de\/wp-json\/wp\/v2\/product_tag?post=1067"}],"curies":[{"name":"wp","href":"https:\/\/api.w.org\/{rel}","templated":true}]}}