{"id":1034,"date":"2026-01-21T16:21:27","date_gmt":"2026-01-21T16:21:27","guid":{"rendered":"https:\/\/kaashandeldammers.nl\/product\/boeren-caractere\/"},"modified":"2026-01-21T16:53:30","modified_gmt":"2026-01-21T16:53:30","slug":"boeren-caractere","status":"publish","type":"product","link":"https:\/\/kaashandeldammers.nl\/de\/produkt\/boeren-caractere\/","title":{"rendered":"Charakter der Bauern"},"content":{"rendered":"<h3 data-end=\"148\" data-start=\"88\"><strong data-end=\"146\" data-start=\"92\">Der Charakter des Bauern \u2013 authentisch, vielschichtig und \u00fcberraschend<\/strong><\/h3>\n<p data-end=\"414\" data-start=\"150\">Lass dich \u00fcberraschen von <strong data-end=\"196\" data-start=\"173\">Die Bauernfigur<\/strong>, ein handwerklich hergestellter K\u00e4se mit L\u00f6chern direkt vom Bauernhof. <strong data-end=\"273\" data-start=\"262\">reifen<\/strong> K\u00e4se weist eine wunderbare Balance zwischen einem auf <strong data-end=\"335\" data-start=\"317\">milde S\u00fc\u00dfe<\/strong> und ein <strong data-end=\"365\" data-start=\"343\">leicht scharfe Note<\/strong>, So wird jeder Bissen zu einem Genuss.<\/p>\n<p data-end=\"703\" data-start=\"416\">Mit seiner cremigen Textur und seinem unverwechselbaren Geschmack ist De Boeren Caract\u00e8re perfekt auf Brot, zu Getr\u00e4nken oder einfach als purer Genuss. Ob Sie ein echter K\u00e4sekenner sind oder einfach nur einen K\u00e4se mit dem gewissen Etwas m\u00f6gen \u2013 diese Perle geh\u00f6rt unbedingt auf Ihre K\u00e4seplatte!<\/p>\n<p data-end=\"909\" data-start=\"705\">\ud83e\uddc0 <strong data-end=\"725\" data-start=\"708\">Geschmacksprofil:<\/strong> Cremig, leicht s\u00fc\u00df und dezent w\u00fcrzig<br data-end=\"764\" data-start=\"761\" \/><br \/>\n\ud83c\udf3e <strong data-end=\"780\" data-start=\"767\">Herkunft:<\/strong> Traditionell auf dem Bauernhof gereift.<br data-end=\"820\" data-start=\"817\" \/><br \/>\n\ud83e\udd56 <strong data-end=\"838\" data-start=\"823\">K\u00f6stlich zu:<\/strong> Frisches Brot, N\u00fcsse, ein Glas fruchtiger Wei\u00dfwein oder ein frisch gezapftes Tripel<\/p>\n<p data-end=\"977\" data-start=\"911\"><strong data-end=\"975\" data-start=\"911\">Bestellen Sie jetzt und erleben Sie den authentischen Geschmack des Landlebens!<\/strong><\/p>","protected":false},"excerpt":{"rendered":"<p>K\u00e4seliebhaber aufgepasst! Dieser hier ist unwiderstehlich!<\/p>","protected":false},"featured_media":1394,"template":"","meta":[],"product_brand":[],"product_cat":[32,24],"product_tag":[],"class_list":{"0":"post-1034","1":"product","2":"type-product","3":"status-publish","4":"has-post-thumbnail","6":"product_cat-kaas-van-de-boerderij","7":"product_cat-kaasvoordeel","9":"first","10":"outofstock","11":"taxable","12":"shipping-taxable","13":"product-type-simple"},"yoast_head":"<!-- This site is optimized with the Yoast SEO plugin v27.3 - https:\/\/yoast.com\/product\/yoast-seo-wordpress\/ -->\n<title>Boeren Caractere - Kaashandel Dammers<\/title>\n<meta name=\"robots\" content=\"index, follow, max-snippet:-1, max-image-preview:large, max-video-preview:-1\" \/>\n<link rel=\"canonical\" href=\"https:\/\/kaashandeldammers.nl\/de\/produkt\/boeren-caractere\/\" \/>\n<meta property=\"og:locale\" content=\"de_DE\" \/>\n<meta property=\"og:type\" content=\"article\" \/>\n<meta property=\"og:title\" content=\"Boeren Caractere - Kaashandel Dammers\" \/>\n<meta property=\"og:description\" content=\"Kaasliefhebbers opgelet! Deze is onweerstaanbaar!\" \/>\n<meta property=\"og:url\" content=\"https:\/\/kaashandeldammers.nl\/de\/produkt\/boeren-caractere\/\" \/>\n<meta property=\"og:site_name\" content=\"Kaashandel Dammers\" \/>\n<meta property=\"article:modified_time\" content=\"2026-01-21T16:53:30+00:00\" \/>\n<meta property=\"og:image\" content=\"https:\/\/kaashandeldammers.nl\/wp-content\/uploads\/2026\/01\/2125919856.png\" \/>\n\t<meta property=\"og:image:width\" content=\"1080\" \/>\n\t<meta property=\"og:image:height\" content=\"1080\" \/>\n\t<meta property=\"og:image:type\" content=\"image\/png\" \/>\n<meta name=\"twitter:card\" content=\"summary_large_image\" \/>\n<meta name=\"twitter:label1\" content=\"Gesch\u00e4tzte Lesezeit\" \/>\n\t<meta name=\"twitter:data1\" content=\"1\u00a0Minute\" \/>\n<script type=\"application\/ld+json\" class=\"yoast-schema-graph\">{\"@context\":\"https:\\\/\\\/schema.org\",\"@graph\":[{\"@type\":\"WebPage\",\"@id\":\"https:\\\/\\\/kaashandeldammers.nl\\\/product\\\/boeren-caractere\\\/\",\"url\":\"https:\\\/\\\/kaashandeldammers.nl\\\/product\\\/boeren-caractere\\\/\",\"name\":\"Boeren Caractere - Kaashandel Dammers\",\"isPartOf\":{\"@id\":\"https:\\\/\\\/kaashandeldammers.nl\\\/#website\"},\"primaryImageOfPage\":{\"@id\":\"https:\\\/\\\/kaashandeldammers.nl\\\/product\\\/boeren-caractere\\\/#primaryimage\"},\"image\":{\"@id\":\"https:\\\/\\\/kaashandeldammers.nl\\\/product\\\/boeren-caractere\\\/#primaryimage\"},\"thumbnailUrl\":\"https:\\\/\\\/kaashandeldammers.nl\\\/wp-content\\\/uploads\\\/2026\\\/01\\\/2125919856-1.png\",\"datePublished\":\"2026-01-21T16:21:27+00:00\",\"dateModified\":\"2026-01-21T16:53:30+00:00\",\"breadcrumb\":{\"@id\":\"https:\\\/\\\/kaashandeldammers.nl\\\/product\\\/boeren-caractere\\\/#breadcrumb\"},\"inLanguage\":\"de\",\"potentialAction\":[{\"@type\":\"ReadAction\",\"target\":[\"https:\\\/\\\/kaashandeldammers.nl\\\/product\\\/boeren-caractere\\\/\"]}]},{\"@type\":\"ImageObject\",\"inLanguage\":\"de\",\"@id\":\"https:\\\/\\\/kaashandeldammers.nl\\\/product\\\/boeren-caractere\\\/#primaryimage\",\"url\":\"https:\\\/\\\/kaashandeldammers.nl\\\/wp-content\\\/uploads\\\/2026\\\/01\\\/2125919856-1.png\",\"contentUrl\":\"https:\\\/\\\/kaashandeldammers.nl\\\/wp-content\\\/uploads\\\/2026\\\/01\\\/2125919856-1.png\",\"width\":1080,\"height\":1080},{\"@type\":\"BreadcrumbList\",\"@id\":\"https:\\\/\\\/kaashandeldammers.nl\\\/product\\\/boeren-caractere\\\/#breadcrumb\",\"itemListElement\":[{\"@type\":\"ListItem\",\"position\":1,\"name\":\"Home\",\"item\":\"https:\\\/\\\/kaashandeldammers.nl\\\/\"},{\"@type\":\"ListItem\",\"position\":2,\"name\":\"Aanbod\",\"item\":\"https:\\\/\\\/kaashandeldammers.nl\\\/aanbod\\\/\"},{\"@type\":\"ListItem\",\"position\":3,\"name\":\"Boeren Caractere\"}]},{\"@type\":\"WebSite\",\"@id\":\"https:\\\/\\\/kaashandeldammers.nl\\\/#website\",\"url\":\"https:\\\/\\\/kaashandeldammers.nl\\\/\",\"name\":\"Kaashandel Dammers\",\"description\":\"Ambachtelijke kaas, vers van het mes\",\"potentialAction\":[{\"@type\":\"SearchAction\",\"target\":{\"@type\":\"EntryPoint\",\"urlTemplate\":\"https:\\\/\\\/kaashandeldammers.nl\\\/?s={search_term_string}\"},\"query-input\":{\"@type\":\"PropertyValueSpecification\",\"valueRequired\":true,\"valueName\":\"search_term_string\"}}],\"inLanguage\":\"de\"}]}<\/script>\n<!-- \/ Yoast SEO plugin. -->","yoast_head_json":{"title":"Boeren Caractere - Kaashandel Dammers","robots":{"index":"index","follow":"follow","max-snippet":"max-snippet:-1","max-image-preview":"max-image-preview:large","max-video-preview":"max-video-preview:-1"},"canonical":"https:\/\/kaashandeldammers.nl\/de\/produkt\/boeren-caractere\/","og_locale":"de_DE","og_type":"article","og_title":"Boeren Caractere - Kaashandel Dammers","og_description":"Kaasliefhebbers opgelet! Deze is onweerstaanbaar!","og_url":"https:\/\/kaashandeldammers.nl\/de\/produkt\/boeren-caractere\/","og_site_name":"Kaashandel Dammers","article_modified_time":"2026-01-21T16:53:30+00:00","og_image":[{"width":1080,"height":1080,"url":"https:\/\/kaashandeldammers.nl\/wp-content\/uploads\/2026\/01\/2125919856.png","type":"image\/png"}],"twitter_card":"summary_large_image","twitter_misc":{"Gesch\u00e4tzte Lesezeit":"1\u00a0Minute"},"schema":{"@context":"https:\/\/schema.org","@graph":[{"@type":"WebPage","@id":"https:\/\/kaashandeldammers.nl\/product\/boeren-caractere\/","url":"https:\/\/kaashandeldammers.nl\/product\/boeren-caractere\/","name":"Boeren Caractere - Kaashandel Dammers","isPartOf":{"@id":"https:\/\/kaashandeldammers.nl\/#website"},"primaryImageOfPage":{"@id":"https:\/\/kaashandeldammers.nl\/product\/boeren-caractere\/#primaryimage"},"image":{"@id":"https:\/\/kaashandeldammers.nl\/product\/boeren-caractere\/#primaryimage"},"thumbnailUrl":"https:\/\/kaashandeldammers.nl\/wp-content\/uploads\/2026\/01\/2125919856-1.png","datePublished":"2026-01-21T16:21:27+00:00","dateModified":"2026-01-21T16:53:30+00:00","breadcrumb":{"@id":"https:\/\/kaashandeldammers.nl\/product\/boeren-caractere\/#breadcrumb"},"inLanguage":"de","potentialAction":[{"@type":"ReadAction","target":["https:\/\/kaashandeldammers.nl\/product\/boeren-caractere\/"]}]},{"@type":"ImageObject","inLanguage":"de","@id":"https:\/\/kaashandeldammers.nl\/product\/boeren-caractere\/#primaryimage","url":"https:\/\/kaashandeldammers.nl\/wp-content\/uploads\/2026\/01\/2125919856-1.png","contentUrl":"https:\/\/kaashandeldammers.nl\/wp-content\/uploads\/2026\/01\/2125919856-1.png","width":1080,"height":1080},{"@type":"BreadcrumbList","@id":"https:\/\/kaashandeldammers.nl\/product\/boeren-caractere\/#breadcrumb","itemListElement":[{"@type":"ListItem","position":1,"name":"Home","item":"https:\/\/kaashandeldammers.nl\/"},{"@type":"ListItem","position":2,"name":"Aanbod","item":"https:\/\/kaashandeldammers.nl\/aanbod\/"},{"@type":"ListItem","position":3,"name":"Boeren Caractere"}]},{"@type":"WebSite","@id":"https:\/\/kaashandeldammers.nl\/#website","url":"https:\/\/kaashandeldammers.nl\/","name":"Dammers K\u00e4segesch\u00e4ft","description":"Handwerklich hergestellter K\u00e4se, frisch vom Messer","potentialAction":[{"@type":"SearchAction","target":{"@type":"EntryPoint","urlTemplate":"https:\/\/kaashandeldammers.nl\/?s={search_term_string}"},"query-input":{"@type":"PropertyValueSpecification","valueRequired":true,"valueName":"search_term_string"}}],"inLanguage":"de"}]}},"jetpack_sharing_enabled":true,"_links":{"self":[{"href":"https:\/\/kaashandeldammers.nl\/de\/wp-json\/wp\/v2\/product\/1034","targetHints":{"allow":["GET"]}}],"collection":[{"href":"https:\/\/kaashandeldammers.nl\/de\/wp-json\/wp\/v2\/product"}],"about":[{"href":"https:\/\/kaashandeldammers.nl\/de\/wp-json\/wp\/v2\/types\/product"}],"wp:featuredmedia":[{"embeddable":true,"href":"https:\/\/kaashandeldammers.nl\/de\/wp-json\/wp\/v2\/media\/1394"}],"wp:attachment":[{"href":"https:\/\/kaashandeldammers.nl\/de\/wp-json\/wp\/v2\/media?parent=1034"}],"wp:term":[{"taxonomy":"product_brand","embeddable":true,"href":"https:\/\/kaashandeldammers.nl\/de\/wp-json\/wp\/v2\/product_brand?post=1034"},{"taxonomy":"product_cat","embeddable":true,"href":"https:\/\/kaashandeldammers.nl\/de\/wp-json\/wp\/v2\/product_cat?post=1034"},{"taxonomy":"product_tag","embeddable":true,"href":"https:\/\/kaashandeldammers.nl\/de\/wp-json\/wp\/v2\/product_tag?post=1034"}],"curies":[{"name":"wp","href":"https:\/\/api.w.org\/{rel}","templated":true}]}}