{"id":1028,"date":"2026-01-21T16:20:56","date_gmt":"2026-01-21T16:20:56","guid":{"rendered":"https:\/\/kaashandeldammers.nl\/product\/kaasmes-met-gravering\/"},"modified":"2026-01-21T16:52:50","modified_gmt":"2026-01-21T16:52:50","slug":"kaasmes-met-gravering","status":"publish","type":"product","link":"https:\/\/kaashandeldammers.nl\/de\/produkt\/kaasmes-met-gravering\/","title":{"rendered":"K\u00e4semesser mit Gravur"},"content":{"rendered":"<p>K\u00e4se ist gewiss keine rein niederl\u00e4ndische Angelegenheit: Pro Person werden j\u00e4hrlich Dutzende Kilo K\u00e4se mit Genuss verzehrt. K\u00f6stlicher Weichk\u00e4se, junger K\u00e4se, Ziegenk\u00e4se, Blauschimmelk\u00e4se, Brie oder gereifter K\u00e4se: K\u00e4se wird mit Begeisterung gegessen und geteilt.<\/p>\n<ul>\n<li>6 verschiedene Arten von K\u00e4semessersets<\/li>\n<li>Ein breites Messer f\u00fcr h\u00e4rtere K\u00e4sesorten.<\/li>\n<li>Ein Messer f\u00fcr Hart- und Weichk\u00e4se<\/li>\n<li>K\u00e4semesser sind an einer stabilen Pappkarte befestigt.<\/li>\n<\/ul>\n<p>Ein \u00dcberblick \u00fcber die technischen Merkmale:<\/p>\n<ul>\n<li>K\u00e4sebrechergr\u00f6\u00dfe (breite Klinge): 4,5 x 12 cm<\/li>\n<li>Schmale Klingengr\u00f6\u00dfe mit Spitze: 2,5 x 12 cm<\/li>\n<li>Kartengr\u00f6\u00dfe: 8 x 16 cm<\/li>\n<li>Beide Messer haben Klingen aus hochwertigem Edelstahl<\/li>\n<li>Griff aus robustem Gummibaumholz<\/li>\n<\/ul>","protected":false},"excerpt":{"rendered":"<p>K\u00e4se ist gewiss nicht nur eine niederl\u00e4ndische Angelegenheit: Weltweit werden jedes Jahr Dutzende Kilo K\u00e4se mit Genuss verspeist. K\u00f6stlicher Weichk\u00e4se, junger K\u00e4se, Ziegenk\u00e4se, ...<\/p>","protected":false},"featured_media":1378,"template":"","meta":[],"product_brand":[],"product_cat":[31],"product_tag":[],"class_list":{"0":"post-1028","1":"product","2":"type-product","3":"status-publish","4":"has-post-thumbnail","6":"product_cat-kaasgereedschap","8":"first","9":"outofstock","10":"taxable","11":"shipping-taxable","12":"product-type-simple"},"yoast_head":"<!-- This site is optimized with the Yoast SEO plugin v27.3 - https:\/\/yoast.com\/product\/yoast-seo-wordpress\/ -->\n<title>Kaasmes met gravering - Kaashandel Dammers<\/title>\n<meta name=\"robots\" content=\"index, follow, max-snippet:-1, max-image-preview:large, max-video-preview:-1\" \/>\n<link rel=\"canonical\" href=\"https:\/\/kaashandeldammers.nl\/de\/produkt\/kaasmes-met-gravering\/\" \/>\n<meta property=\"og:locale\" content=\"de_DE\" \/>\n<meta property=\"og:type\" content=\"article\" \/>\n<meta property=\"og:title\" content=\"Kaasmes met gravering - Kaashandel Dammers\" \/>\n<meta property=\"og:description\" content=\"Kaas is z&eacute;ker niet alleen een Nederlands ding: wereldwijd worden er tientallen kilo&rsquo;s kaas per jaar, per persoon met smaak verorberd. Heerlijke zachte kaas, jonge kaas, geitenkaas, bla...\" \/>\n<meta property=\"og:url\" content=\"https:\/\/kaashandeldammers.nl\/de\/produkt\/kaasmes-met-gravering\/\" \/>\n<meta property=\"og:site_name\" content=\"Kaashandel Dammers\" \/>\n<meta property=\"article:modified_time\" content=\"2026-01-21T16:52:50+00:00\" \/>\n<meta name=\"twitter:card\" content=\"summary_large_image\" \/>\n<meta name=\"twitter:label1\" content=\"Gesch\u00e4tzte Lesezeit\" \/>\n\t<meta name=\"twitter:data1\" content=\"1\u00a0Minute\" \/>\n<script type=\"application\/ld+json\" class=\"yoast-schema-graph\">{\"@context\":\"https:\\\/\\\/schema.org\",\"@graph\":[{\"@type\":\"WebPage\",\"@id\":\"https:\\\/\\\/kaashandeldammers.nl\\\/product\\\/kaasmes-met-gravering\\\/\",\"url\":\"https:\\\/\\\/kaashandeldammers.nl\\\/product\\\/kaasmes-met-gravering\\\/\",\"name\":\"Kaasmes met gravering - Kaashandel Dammers\",\"isPartOf\":{\"@id\":\"https:\\\/\\\/kaashandeldammers.nl\\\/#website\"},\"primaryImageOfPage\":{\"@id\":\"https:\\\/\\\/kaashandeldammers.nl\\\/product\\\/kaasmes-met-gravering\\\/#primaryimage\"},\"image\":{\"@id\":\"https:\\\/\\\/kaashandeldammers.nl\\\/product\\\/kaasmes-met-gravering\\\/#primaryimage\"},\"thumbnailUrl\":\"https:\\\/\\\/kaashandeldammers.nl\\\/wp-content\\\/uploads\\\/2026\\\/01\\\/1975153032-1.jpg\",\"datePublished\":\"2026-01-21T16:20:56+00:00\",\"dateModified\":\"2026-01-21T16:52:50+00:00\",\"breadcrumb\":{\"@id\":\"https:\\\/\\\/kaashandeldammers.nl\\\/product\\\/kaasmes-met-gravering\\\/#breadcrumb\"},\"inLanguage\":\"de\",\"potentialAction\":[{\"@type\":\"ReadAction\",\"target\":[\"https:\\\/\\\/kaashandeldammers.nl\\\/product\\\/kaasmes-met-gravering\\\/\"]}]},{\"@type\":\"ImageObject\",\"inLanguage\":\"de\",\"@id\":\"https:\\\/\\\/kaashandeldammers.nl\\\/product\\\/kaasmes-met-gravering\\\/#primaryimage\",\"url\":\"https:\\\/\\\/kaashandeldammers.nl\\\/wp-content\\\/uploads\\\/2026\\\/01\\\/1975153032-1.jpg\",\"contentUrl\":\"https:\\\/\\\/kaashandeldammers.nl\\\/wp-content\\\/uploads\\\/2026\\\/01\\\/1975153032-1.jpg\",\"width\":1000,\"height\":1000},{\"@type\":\"BreadcrumbList\",\"@id\":\"https:\\\/\\\/kaashandeldammers.nl\\\/product\\\/kaasmes-met-gravering\\\/#breadcrumb\",\"itemListElement\":[{\"@type\":\"ListItem\",\"position\":1,\"name\":\"Home\",\"item\":\"https:\\\/\\\/kaashandeldammers.nl\\\/\"},{\"@type\":\"ListItem\",\"position\":2,\"name\":\"Aanbod\",\"item\":\"https:\\\/\\\/kaashandeldammers.nl\\\/aanbod\\\/\"},{\"@type\":\"ListItem\",\"position\":3,\"name\":\"Kaasmes met gravering\"}]},{\"@type\":\"WebSite\",\"@id\":\"https:\\\/\\\/kaashandeldammers.nl\\\/#website\",\"url\":\"https:\\\/\\\/kaashandeldammers.nl\\\/\",\"name\":\"Kaashandel Dammers\",\"description\":\"Ambachtelijke kaas, vers van het mes\",\"potentialAction\":[{\"@type\":\"SearchAction\",\"target\":{\"@type\":\"EntryPoint\",\"urlTemplate\":\"https:\\\/\\\/kaashandeldammers.nl\\\/?s={search_term_string}\"},\"query-input\":{\"@type\":\"PropertyValueSpecification\",\"valueRequired\":true,\"valueName\":\"search_term_string\"}}],\"inLanguage\":\"de\"}]}<\/script>\n<!-- \/ Yoast SEO plugin. -->","yoast_head_json":{"title":"Kaasmes met gravering - Kaashandel Dammers","robots":{"index":"index","follow":"follow","max-snippet":"max-snippet:-1","max-image-preview":"max-image-preview:large","max-video-preview":"max-video-preview:-1"},"canonical":"https:\/\/kaashandeldammers.nl\/de\/produkt\/kaasmes-met-gravering\/","og_locale":"de_DE","og_type":"article","og_title":"Kaasmes met gravering - Kaashandel Dammers","og_description":"Kaas is z&eacute;ker niet alleen een Nederlands ding: wereldwijd worden er tientallen kilo&rsquo;s kaas per jaar, per persoon met smaak verorberd. Heerlijke zachte kaas, jonge kaas, geitenkaas, bla...","og_url":"https:\/\/kaashandeldammers.nl\/de\/produkt\/kaasmes-met-gravering\/","og_site_name":"Kaashandel Dammers","article_modified_time":"2026-01-21T16:52:50+00:00","twitter_card":"summary_large_image","twitter_misc":{"Gesch\u00e4tzte Lesezeit":"1\u00a0Minute"},"schema":{"@context":"https:\/\/schema.org","@graph":[{"@type":"WebPage","@id":"https:\/\/kaashandeldammers.nl\/product\/kaasmes-met-gravering\/","url":"https:\/\/kaashandeldammers.nl\/product\/kaasmes-met-gravering\/","name":"Kaasmes met gravering - Kaashandel Dammers","isPartOf":{"@id":"https:\/\/kaashandeldammers.nl\/#website"},"primaryImageOfPage":{"@id":"https:\/\/kaashandeldammers.nl\/product\/kaasmes-met-gravering\/#primaryimage"},"image":{"@id":"https:\/\/kaashandeldammers.nl\/product\/kaasmes-met-gravering\/#primaryimage"},"thumbnailUrl":"https:\/\/kaashandeldammers.nl\/wp-content\/uploads\/2026\/01\/1975153032-1.jpg","datePublished":"2026-01-21T16:20:56+00:00","dateModified":"2026-01-21T16:52:50+00:00","breadcrumb":{"@id":"https:\/\/kaashandeldammers.nl\/product\/kaasmes-met-gravering\/#breadcrumb"},"inLanguage":"de","potentialAction":[{"@type":"ReadAction","target":["https:\/\/kaashandeldammers.nl\/product\/kaasmes-met-gravering\/"]}]},{"@type":"ImageObject","inLanguage":"de","@id":"https:\/\/kaashandeldammers.nl\/product\/kaasmes-met-gravering\/#primaryimage","url":"https:\/\/kaashandeldammers.nl\/wp-content\/uploads\/2026\/01\/1975153032-1.jpg","contentUrl":"https:\/\/kaashandeldammers.nl\/wp-content\/uploads\/2026\/01\/1975153032-1.jpg","width":1000,"height":1000},{"@type":"BreadcrumbList","@id":"https:\/\/kaashandeldammers.nl\/product\/kaasmes-met-gravering\/#breadcrumb","itemListElement":[{"@type":"ListItem","position":1,"name":"Home","item":"https:\/\/kaashandeldammers.nl\/"},{"@type":"ListItem","position":2,"name":"Aanbod","item":"https:\/\/kaashandeldammers.nl\/aanbod\/"},{"@type":"ListItem","position":3,"name":"Kaasmes met gravering"}]},{"@type":"WebSite","@id":"https:\/\/kaashandeldammers.nl\/#website","url":"https:\/\/kaashandeldammers.nl\/","name":"Dammers K\u00e4segesch\u00e4ft","description":"Handwerklich hergestellter K\u00e4se, frisch vom Messer","potentialAction":[{"@type":"SearchAction","target":{"@type":"EntryPoint","urlTemplate":"https:\/\/kaashandeldammers.nl\/?s={search_term_string}"},"query-input":{"@type":"PropertyValueSpecification","valueRequired":true,"valueName":"search_term_string"}}],"inLanguage":"de"}]}},"jetpack_sharing_enabled":true,"_links":{"self":[{"href":"https:\/\/kaashandeldammers.nl\/de\/wp-json\/wp\/v2\/product\/1028","targetHints":{"allow":["GET"]}}],"collection":[{"href":"https:\/\/kaashandeldammers.nl\/de\/wp-json\/wp\/v2\/product"}],"about":[{"href":"https:\/\/kaashandeldammers.nl\/de\/wp-json\/wp\/v2\/types\/product"}],"wp:featuredmedia":[{"embeddable":true,"href":"https:\/\/kaashandeldammers.nl\/de\/wp-json\/wp\/v2\/media\/1378"}],"wp:attachment":[{"href":"https:\/\/kaashandeldammers.nl\/de\/wp-json\/wp\/v2\/media?parent=1028"}],"wp:term":[{"taxonomy":"product_brand","embeddable":true,"href":"https:\/\/kaashandeldammers.nl\/de\/wp-json\/wp\/v2\/product_brand?post=1028"},{"taxonomy":"product_cat","embeddable":true,"href":"https:\/\/kaashandeldammers.nl\/de\/wp-json\/wp\/v2\/product_cat?post=1028"},{"taxonomy":"product_tag","embeddable":true,"href":"https:\/\/kaashandeldammers.nl\/de\/wp-json\/wp\/v2\/product_tag?post=1028"}],"curies":[{"name":"wp","href":"https:\/\/api.w.org\/{rel}","templated":true}]}}