{"id":1014,"date":"2026-01-21T16:20:37","date_gmt":"2026-01-21T16:20:37","guid":{"rendered":"https:\/\/kaashandeldammers.nl\/product\/borrelplank-met-gravering\/"},"modified":"2026-01-21T16:52:38","modified_gmt":"2026-01-21T16:52:38","slug":"borrelplank-met-gravering","status":"publish","type":"product","link":"https:\/\/kaashandeldammers.nl\/de\/produkt\/borrelplank-met-gravering\/","title":{"rendered":"Getr\u00e4nkebrett mit Gravur"},"content":{"rendered":"<p>Es gibt nat\u00fcrlich unz\u00e4hlige Anl\u00e4sse f\u00fcr ein gem\u00fctliches Beisammensein: eine Geburtstagsfeier zu Hause mit Familie und Freunden, ein Feierabenddrink am Freitagnachmittag mit den Lieblingskollegen oder eine rauschende Hochzeitsfeier. Eine sch\u00f6ne Art, anzusto\u00dfen und ein Glas Wein zu erheben, w\u00e4hrend man einen kleinen Imbiss und ein Getr\u00e4nk genie\u00dft.<\/p>\n<ul>\n<li>Erh\u00e4ltlich in 5 verschiedenen Designs<\/li>\n<li>Geeignet f\u00fcr jeden Anlass<\/li>\n<li>In Bambus gelaserte Texte<\/li>\n<li>Robust, hygienisch und umweltfreundlich<\/li>\n<li>Nicht sp\u00fclmaschinengeeignet<\/li>\n<\/ul>\n<p>\nEin \u00dcberblick \u00fcber die technischen Merkmale:<\/p>\n<ul>\n<li>Gr\u00f6\u00dfe: 26,5 x 14 cm bei einer Dicke von 1 cm<\/li>\n<li>Hergestellt aus nachhaltigem Bambus<\/li>\n<li>100% Naturprodukt, daher kann die Farbe jeder Diele variieren.<\/li>\n<li>Inklusive praktischer Schnur<\/li>\n<\/ul>","protected":false},"excerpt":{"rendered":"<p>Es gibt nat\u00fcrlich viele Anl\u00e4sse f\u00fcr ein nettes Beisammensein: eine Geburtstagsfeier zu Hause mit Familie und Freunden, ein Feierabendbier am Freitagnachmittag mit den Lieblingskollegen im B\u00fcro oder\u2026<\/p>","protected":false},"featured_media":1367,"template":"","meta":[],"product_brand":[],"product_cat":[31],"product_tag":[],"class_list":{"0":"post-1014","1":"product","2":"type-product","3":"status-publish","4":"has-post-thumbnail","6":"product_cat-kaasgereedschap","8":"first","9":"outofstock","10":"taxable","11":"shipping-taxable","12":"product-type-simple"},"yoast_head":"<!-- This site is optimized with the Yoast SEO plugin v27.4 - https:\/\/yoast.com\/product\/yoast-seo-wordpress\/ -->\n<title>Borrelplank met gravering - Kaashandel Dammers<\/title>\n<meta name=\"robots\" content=\"index, follow, max-snippet:-1, max-image-preview:large, max-video-preview:-1\" \/>\n<link rel=\"canonical\" href=\"https:\/\/kaashandeldammers.nl\/de\/produkt\/borrelplank-met-gravering\/\" \/>\n<meta property=\"og:locale\" content=\"de_DE\" \/>\n<meta property=\"og:type\" content=\"article\" \/>\n<meta property=\"og:title\" content=\"Borrelplank met gravering - Kaashandel Dammers\" \/>\n<meta property=\"og:description\" content=\"Er zijn natuurlijk tal van gelegenheden te verzinnen om te gezellig borrelen: een verjaardag thuis met familie en vrienden, de vrijdagmiddagborrel op het werk met de leukste collega&rsquo;s of een ...\" \/>\n<meta property=\"og:url\" content=\"https:\/\/kaashandeldammers.nl\/de\/produkt\/borrelplank-met-gravering\/\" \/>\n<meta property=\"og:site_name\" content=\"Kaashandel Dammers\" \/>\n<meta property=\"article:modified_time\" content=\"2026-01-21T16:52:38+00:00\" \/>\n<meta name=\"twitter:card\" content=\"summary_large_image\" \/>\n<meta name=\"twitter:label1\" content=\"Gesch\u00e4tzte Lesezeit\" \/>\n\t<meta name=\"twitter:data1\" content=\"1\u00a0Minute\" \/>\n<script type=\"application\/ld+json\" class=\"yoast-schema-graph\">{\"@context\":\"https:\\\/\\\/schema.org\",\"@graph\":[{\"@type\":\"WebPage\",\"@id\":\"https:\\\/\\\/kaashandeldammers.nl\\\/product\\\/borrelplank-met-gravering\\\/\",\"url\":\"https:\\\/\\\/kaashandeldammers.nl\\\/product\\\/borrelplank-met-gravering\\\/\",\"name\":\"Borrelplank met gravering - Kaashandel Dammers\",\"isPartOf\":{\"@id\":\"https:\\\/\\\/kaashandeldammers.nl\\\/#website\"},\"primaryImageOfPage\":{\"@id\":\"https:\\\/\\\/kaashandeldammers.nl\\\/product\\\/borrelplank-met-gravering\\\/#primaryimage\"},\"image\":{\"@id\":\"https:\\\/\\\/kaashandeldammers.nl\\\/product\\\/borrelplank-met-gravering\\\/#primaryimage\"},\"thumbnailUrl\":\"https:\\\/\\\/kaashandeldammers.nl\\\/wp-content\\\/uploads\\\/2026\\\/01\\\/1975145316-1.jpg\",\"datePublished\":\"2026-01-21T16:20:37+00:00\",\"dateModified\":\"2026-01-21T16:52:38+00:00\",\"breadcrumb\":{\"@id\":\"https:\\\/\\\/kaashandeldammers.nl\\\/product\\\/borrelplank-met-gravering\\\/#breadcrumb\"},\"inLanguage\":\"de\",\"potentialAction\":[{\"@type\":\"ReadAction\",\"target\":[\"https:\\\/\\\/kaashandeldammers.nl\\\/product\\\/borrelplank-met-gravering\\\/\"]}]},{\"@type\":\"ImageObject\",\"inLanguage\":\"de\",\"@id\":\"https:\\\/\\\/kaashandeldammers.nl\\\/product\\\/borrelplank-met-gravering\\\/#primaryimage\",\"url\":\"https:\\\/\\\/kaashandeldammers.nl\\\/wp-content\\\/uploads\\\/2026\\\/01\\\/1975145316-1.jpg\",\"contentUrl\":\"https:\\\/\\\/kaashandeldammers.nl\\\/wp-content\\\/uploads\\\/2026\\\/01\\\/1975145316-1.jpg\",\"width\":250,\"height\":250},{\"@type\":\"BreadcrumbList\",\"@id\":\"https:\\\/\\\/kaashandeldammers.nl\\\/product\\\/borrelplank-met-gravering\\\/#breadcrumb\",\"itemListElement\":[{\"@type\":\"ListItem\",\"position\":1,\"name\":\"Home\",\"item\":\"https:\\\/\\\/kaashandeldammers.nl\\\/\"},{\"@type\":\"ListItem\",\"position\":2,\"name\":\"Aanbod\",\"item\":\"https:\\\/\\\/kaashandeldammers.nl\\\/aanbod\\\/\"},{\"@type\":\"ListItem\",\"position\":3,\"name\":\"Borrelplank met gravering\"}]},{\"@type\":\"WebSite\",\"@id\":\"https:\\\/\\\/kaashandeldammers.nl\\\/#website\",\"url\":\"https:\\\/\\\/kaashandeldammers.nl\\\/\",\"name\":\"Kaashandel Dammers\",\"description\":\"Ambachtelijke kaas, vers van het mes\",\"potentialAction\":[{\"@type\":\"SearchAction\",\"target\":{\"@type\":\"EntryPoint\",\"urlTemplate\":\"https:\\\/\\\/kaashandeldammers.nl\\\/?s={search_term_string}\"},\"query-input\":{\"@type\":\"PropertyValueSpecification\",\"valueRequired\":true,\"valueName\":\"search_term_string\"}}],\"inLanguage\":\"de\"}]}<\/script>\n<!-- \/ Yoast SEO plugin. -->","yoast_head_json":{"title":"Borrelplank met gravering - Kaashandel Dammers","robots":{"index":"index","follow":"follow","max-snippet":"max-snippet:-1","max-image-preview":"max-image-preview:large","max-video-preview":"max-video-preview:-1"},"canonical":"https:\/\/kaashandeldammers.nl\/de\/produkt\/borrelplank-met-gravering\/","og_locale":"de_DE","og_type":"article","og_title":"Borrelplank met gravering - Kaashandel Dammers","og_description":"Er zijn natuurlijk tal van gelegenheden te verzinnen om te gezellig borrelen: een verjaardag thuis met familie en vrienden, de vrijdagmiddagborrel op het werk met de leukste collega&rsquo;s of een ...","og_url":"https:\/\/kaashandeldammers.nl\/de\/produkt\/borrelplank-met-gravering\/","og_site_name":"Kaashandel Dammers","article_modified_time":"2026-01-21T16:52:38+00:00","twitter_card":"summary_large_image","twitter_misc":{"Gesch\u00e4tzte Lesezeit":"1\u00a0Minute"},"schema":{"@context":"https:\/\/schema.org","@graph":[{"@type":"WebPage","@id":"https:\/\/kaashandeldammers.nl\/product\/borrelplank-met-gravering\/","url":"https:\/\/kaashandeldammers.nl\/product\/borrelplank-met-gravering\/","name":"Borrelplank met gravering - Kaashandel Dammers","isPartOf":{"@id":"https:\/\/kaashandeldammers.nl\/#website"},"primaryImageOfPage":{"@id":"https:\/\/kaashandeldammers.nl\/product\/borrelplank-met-gravering\/#primaryimage"},"image":{"@id":"https:\/\/kaashandeldammers.nl\/product\/borrelplank-met-gravering\/#primaryimage"},"thumbnailUrl":"https:\/\/kaashandeldammers.nl\/wp-content\/uploads\/2026\/01\/1975145316-1.jpg","datePublished":"2026-01-21T16:20:37+00:00","dateModified":"2026-01-21T16:52:38+00:00","breadcrumb":{"@id":"https:\/\/kaashandeldammers.nl\/product\/borrelplank-met-gravering\/#breadcrumb"},"inLanguage":"de","potentialAction":[{"@type":"ReadAction","target":["https:\/\/kaashandeldammers.nl\/product\/borrelplank-met-gravering\/"]}]},{"@type":"ImageObject","inLanguage":"de","@id":"https:\/\/kaashandeldammers.nl\/product\/borrelplank-met-gravering\/#primaryimage","url":"https:\/\/kaashandeldammers.nl\/wp-content\/uploads\/2026\/01\/1975145316-1.jpg","contentUrl":"https:\/\/kaashandeldammers.nl\/wp-content\/uploads\/2026\/01\/1975145316-1.jpg","width":250,"height":250},{"@type":"BreadcrumbList","@id":"https:\/\/kaashandeldammers.nl\/product\/borrelplank-met-gravering\/#breadcrumb","itemListElement":[{"@type":"ListItem","position":1,"name":"Home","item":"https:\/\/kaashandeldammers.nl\/"},{"@type":"ListItem","position":2,"name":"Aanbod","item":"https:\/\/kaashandeldammers.nl\/aanbod\/"},{"@type":"ListItem","position":3,"name":"Borrelplank met gravering"}]},{"@type":"WebSite","@id":"https:\/\/kaashandeldammers.nl\/#website","url":"https:\/\/kaashandeldammers.nl\/","name":"Dammers K\u00e4segesch\u00e4ft","description":"Handwerklich hergestellter K\u00e4se, frisch vom Messer","potentialAction":[{"@type":"SearchAction","target":{"@type":"EntryPoint","urlTemplate":"https:\/\/kaashandeldammers.nl\/?s={search_term_string}"},"query-input":{"@type":"PropertyValueSpecification","valueRequired":true,"valueName":"search_term_string"}}],"inLanguage":"de"}]}},"jetpack_sharing_enabled":true,"_links":{"self":[{"href":"https:\/\/kaashandeldammers.nl\/de\/wp-json\/wp\/v2\/product\/1014","targetHints":{"allow":["GET"]}}],"collection":[{"href":"https:\/\/kaashandeldammers.nl\/de\/wp-json\/wp\/v2\/product"}],"about":[{"href":"https:\/\/kaashandeldammers.nl\/de\/wp-json\/wp\/v2\/types\/product"}],"wp:featuredmedia":[{"embeddable":true,"href":"https:\/\/kaashandeldammers.nl\/de\/wp-json\/wp\/v2\/media\/1367"}],"wp:attachment":[{"href":"https:\/\/kaashandeldammers.nl\/de\/wp-json\/wp\/v2\/media?parent=1014"}],"wp:term":[{"taxonomy":"product_brand","embeddable":true,"href":"https:\/\/kaashandeldammers.nl\/de\/wp-json\/wp\/v2\/product_brand?post=1014"},{"taxonomy":"product_cat","embeddable":true,"href":"https:\/\/kaashandeldammers.nl\/de\/wp-json\/wp\/v2\/product_cat?post=1014"},{"taxonomy":"product_tag","embeddable":true,"href":"https:\/\/kaashandeldammers.nl\/de\/wp-json\/wp\/v2\/product_tag?post=1014"}],"curies":[{"name":"wp","href":"https:\/\/api.w.org\/{rel}","templated":true}]}}