{"id":1003,"date":"2026-01-21T16:20:07","date_gmt":"2026-01-21T16:20:07","guid":{"rendered":"https:\/\/kaashandeldammers.nl\/product\/veense-bonck-oud-snijdbaar\/"},"modified":"2026-01-21T16:52:26","modified_gmt":"2026-01-21T16:52:26","slug":"veense-bonck-oud-snijdbaar","status":"publish","type":"product","link":"https:\/\/kaashandeldammers.nl\/de\/produkt\/veense-bonck-oud-snijdbaar\/","title":{"rendered":"Veense Bonck alter Schneidetisch"},"content":{"rendered":"<p>Veense Bonck<\/p>\n<p>St\u00e4ndig auf der Suche nach den besten K\u00e4sesorten! Das ist unser t\u00e4gliches Gesch\u00e4ft f\u00fcr unsere k\u00e4sebegeisterten Kunden, und jetzt k\u00f6nnen wir Ihnen ein fantastisches Ergebnis pr\u00e4sentieren: unseren eigenen 'Veense Bonck', einen wundersch\u00f6nen, extra dicken, anderthalb Jahre gereiften K\u00e4se. Dieser K\u00e4se hatte anderthalb Jahre Zeit, in Ruhe und nat\u00fcrlich auf traditionellen Holzbrettern zu reifen. In dieser Zeit entwickelte er ein wahrhaft wunderbares Aroma. Dank seiner enormen Dicke (nur halb so dick wie ein herk\u00f6mmlicher K\u00e4se) bleibt er selbst nach 18 Monaten unglaublich cremig, und die Proteine sind kristallisiert, wodurch knusprige Kristalle entstanden sind. Doch das vielleicht Unerwartetste an diesem K\u00e4se ist die feine S\u00fc\u00dfe im Nachgeschmack.<\/p>\n<p>Unser 'Veense Bonck' ist ein gereifter K\u00e4se von h\u00f6chster Qualit\u00e4t, hergestellt von den handwerklichen K\u00e4semeistern aus Bleskensgraaf.<\/p>","protected":false},"excerpt":{"rendered":"<p>Ein alter, schnittfester K\u00e4se von h\u00f6chster Qualit\u00e4t, das nennen wir unseren \u201dVeense Bonck\u201d \u2013 ein herrlich dicker K\u00e4se mit einem wunderbar cremigen Geschmack und einer k\u00f6stlich knackigen Kristallstruktur.<\/p>","protected":false},"featured_media":1359,"template":"","meta":[],"product_brand":[],"product_cat":[23],"product_tag":[],"class_list":{"0":"post-1003","1":"product","2":"type-product","3":"status-publish","4":"has-post-thumbnail","6":"product_cat-hollandse-goudse-kaas","8":"first","9":"outofstock","10":"taxable","11":"shipping-taxable","12":"product-type-simple"},"yoast_head":"<!-- This site is optimized with the Yoast SEO plugin v27.3 - https:\/\/yoast.com\/product\/yoast-seo-wordpress\/ -->\n<title>Veense Bonck oud snijdbaar - Kaashandel Dammers<\/title>\n<meta name=\"robots\" content=\"index, follow, max-snippet:-1, max-image-preview:large, max-video-preview:-1\" \/>\n<link rel=\"canonical\" href=\"https:\/\/kaashandeldammers.nl\/de\/produkt\/veense-bonck-oud-snijdbaar\/\" \/>\n<meta property=\"og:locale\" content=\"de_DE\" \/>\n<meta property=\"og:type\" content=\"article\" \/>\n<meta property=\"og:title\" content=\"Veense Bonck oud snijdbaar - Kaashandel Dammers\" \/>\n<meta property=\"og:description\" content=\"Een oude snijdbare kaas van het hoogste niveau, dat noemen wij onze &#039;&#039;Veense Bonck&#039;&#039; een schitterende dikke kaas met een geweldige romige smaak en een heerlijk knisperend kristal.\" \/>\n<meta property=\"og:url\" content=\"https:\/\/kaashandeldammers.nl\/de\/produkt\/veense-bonck-oud-snijdbaar\/\" \/>\n<meta property=\"og:site_name\" content=\"Kaashandel Dammers\" \/>\n<meta property=\"article:modified_time\" content=\"2026-01-21T16:52:26+00:00\" \/>\n<meta property=\"og:image\" content=\"https:\/\/kaashandeldammers.nl\/wp-content\/uploads\/2026\/01\/2009349147-1.png\" \/>\n\t<meta property=\"og:image:width\" content=\"1080\" \/>\n\t<meta property=\"og:image:height\" content=\"1080\" \/>\n\t<meta property=\"og:image:type\" content=\"image\/png\" \/>\n<meta name=\"twitter:card\" content=\"summary_large_image\" \/>\n<meta name=\"twitter:label1\" content=\"Gesch\u00e4tzte Lesezeit\" \/>\n\t<meta name=\"twitter:data1\" content=\"1\u00a0Minute\" \/>\n<script type=\"application\/ld+json\" class=\"yoast-schema-graph\">{\"@context\":\"https:\\\/\\\/schema.org\",\"@graph\":[{\"@type\":\"WebPage\",\"@id\":\"https:\\\/\\\/kaashandeldammers.nl\\\/product\\\/veense-bonck-oud-snijdbaar\\\/\",\"url\":\"https:\\\/\\\/kaashandeldammers.nl\\\/product\\\/veense-bonck-oud-snijdbaar\\\/\",\"name\":\"Veense Bonck oud snijdbaar - Kaashandel Dammers\",\"isPartOf\":{\"@id\":\"https:\\\/\\\/kaashandeldammers.nl\\\/#website\"},\"primaryImageOfPage\":{\"@id\":\"https:\\\/\\\/kaashandeldammers.nl\\\/product\\\/veense-bonck-oud-snijdbaar\\\/#primaryimage\"},\"image\":{\"@id\":\"https:\\\/\\\/kaashandeldammers.nl\\\/product\\\/veense-bonck-oud-snijdbaar\\\/#primaryimage\"},\"thumbnailUrl\":\"https:\\\/\\\/kaashandeldammers.nl\\\/wp-content\\\/uploads\\\/2026\\\/01\\\/2009349147-2.png\",\"datePublished\":\"2026-01-21T16:20:07+00:00\",\"dateModified\":\"2026-01-21T16:52:26+00:00\",\"breadcrumb\":{\"@id\":\"https:\\\/\\\/kaashandeldammers.nl\\\/product\\\/veense-bonck-oud-snijdbaar\\\/#breadcrumb\"},\"inLanguage\":\"de\",\"potentialAction\":[{\"@type\":\"ReadAction\",\"target\":[\"https:\\\/\\\/kaashandeldammers.nl\\\/product\\\/veense-bonck-oud-snijdbaar\\\/\"]}]},{\"@type\":\"ImageObject\",\"inLanguage\":\"de\",\"@id\":\"https:\\\/\\\/kaashandeldammers.nl\\\/product\\\/veense-bonck-oud-snijdbaar\\\/#primaryimage\",\"url\":\"https:\\\/\\\/kaashandeldammers.nl\\\/wp-content\\\/uploads\\\/2026\\\/01\\\/2009349147-2.png\",\"contentUrl\":\"https:\\\/\\\/kaashandeldammers.nl\\\/wp-content\\\/uploads\\\/2026\\\/01\\\/2009349147-2.png\",\"width\":1080,\"height\":1080},{\"@type\":\"BreadcrumbList\",\"@id\":\"https:\\\/\\\/kaashandeldammers.nl\\\/product\\\/veense-bonck-oud-snijdbaar\\\/#breadcrumb\",\"itemListElement\":[{\"@type\":\"ListItem\",\"position\":1,\"name\":\"Home\",\"item\":\"https:\\\/\\\/kaashandeldammers.nl\\\/\"},{\"@type\":\"ListItem\",\"position\":2,\"name\":\"Aanbod\",\"item\":\"https:\\\/\\\/kaashandeldammers.nl\\\/aanbod\\\/\"},{\"@type\":\"ListItem\",\"position\":3,\"name\":\"Veense Bonck oud snijdbaar\"}]},{\"@type\":\"WebSite\",\"@id\":\"https:\\\/\\\/kaashandeldammers.nl\\\/#website\",\"url\":\"https:\\\/\\\/kaashandeldammers.nl\\\/\",\"name\":\"Kaashandel Dammers\",\"description\":\"Ambachtelijke kaas, vers van het mes\",\"potentialAction\":[{\"@type\":\"SearchAction\",\"target\":{\"@type\":\"EntryPoint\",\"urlTemplate\":\"https:\\\/\\\/kaashandeldammers.nl\\\/?s={search_term_string}\"},\"query-input\":{\"@type\":\"PropertyValueSpecification\",\"valueRequired\":true,\"valueName\":\"search_term_string\"}}],\"inLanguage\":\"de\"}]}<\/script>\n<!-- \/ Yoast SEO plugin. -->","yoast_head_json":{"title":"Veense Bonck oud snijdbaar - Kaashandel Dammers","robots":{"index":"index","follow":"follow","max-snippet":"max-snippet:-1","max-image-preview":"max-image-preview:large","max-video-preview":"max-video-preview:-1"},"canonical":"https:\/\/kaashandeldammers.nl\/de\/produkt\/veense-bonck-oud-snijdbaar\/","og_locale":"de_DE","og_type":"article","og_title":"Veense Bonck oud snijdbaar - Kaashandel Dammers","og_description":"Een oude snijdbare kaas van het hoogste niveau, dat noemen wij onze ''Veense Bonck'' een schitterende dikke kaas met een geweldige romige smaak en een heerlijk knisperend kristal.","og_url":"https:\/\/kaashandeldammers.nl\/de\/produkt\/veense-bonck-oud-snijdbaar\/","og_site_name":"Kaashandel Dammers","article_modified_time":"2026-01-21T16:52:26+00:00","og_image":[{"width":1080,"height":1080,"url":"https:\/\/kaashandeldammers.nl\/wp-content\/uploads\/2026\/01\/2009349147-1.png","type":"image\/png"}],"twitter_card":"summary_large_image","twitter_misc":{"Gesch\u00e4tzte Lesezeit":"1\u00a0Minute"},"schema":{"@context":"https:\/\/schema.org","@graph":[{"@type":"WebPage","@id":"https:\/\/kaashandeldammers.nl\/product\/veense-bonck-oud-snijdbaar\/","url":"https:\/\/kaashandeldammers.nl\/product\/veense-bonck-oud-snijdbaar\/","name":"Veense Bonck oud snijdbaar - Kaashandel Dammers","isPartOf":{"@id":"https:\/\/kaashandeldammers.nl\/#website"},"primaryImageOfPage":{"@id":"https:\/\/kaashandeldammers.nl\/product\/veense-bonck-oud-snijdbaar\/#primaryimage"},"image":{"@id":"https:\/\/kaashandeldammers.nl\/product\/veense-bonck-oud-snijdbaar\/#primaryimage"},"thumbnailUrl":"https:\/\/kaashandeldammers.nl\/wp-content\/uploads\/2026\/01\/2009349147-2.png","datePublished":"2026-01-21T16:20:07+00:00","dateModified":"2026-01-21T16:52:26+00:00","breadcrumb":{"@id":"https:\/\/kaashandeldammers.nl\/product\/veense-bonck-oud-snijdbaar\/#breadcrumb"},"inLanguage":"de","potentialAction":[{"@type":"ReadAction","target":["https:\/\/kaashandeldammers.nl\/product\/veense-bonck-oud-snijdbaar\/"]}]},{"@type":"ImageObject","inLanguage":"de","@id":"https:\/\/kaashandeldammers.nl\/product\/veense-bonck-oud-snijdbaar\/#primaryimage","url":"https:\/\/kaashandeldammers.nl\/wp-content\/uploads\/2026\/01\/2009349147-2.png","contentUrl":"https:\/\/kaashandeldammers.nl\/wp-content\/uploads\/2026\/01\/2009349147-2.png","width":1080,"height":1080},{"@type":"BreadcrumbList","@id":"https:\/\/kaashandeldammers.nl\/product\/veense-bonck-oud-snijdbaar\/#breadcrumb","itemListElement":[{"@type":"ListItem","position":1,"name":"Home","item":"https:\/\/kaashandeldammers.nl\/"},{"@type":"ListItem","position":2,"name":"Aanbod","item":"https:\/\/kaashandeldammers.nl\/aanbod\/"},{"@type":"ListItem","position":3,"name":"Veense Bonck oud snijdbaar"}]},{"@type":"WebSite","@id":"https:\/\/kaashandeldammers.nl\/#website","url":"https:\/\/kaashandeldammers.nl\/","name":"Dammers K\u00e4segesch\u00e4ft","description":"Handwerklich hergestellter K\u00e4se, frisch vom Messer","potentialAction":[{"@type":"SearchAction","target":{"@type":"EntryPoint","urlTemplate":"https:\/\/kaashandeldammers.nl\/?s={search_term_string}"},"query-input":{"@type":"PropertyValueSpecification","valueRequired":true,"valueName":"search_term_string"}}],"inLanguage":"de"}]}},"jetpack_sharing_enabled":true,"_links":{"self":[{"href":"https:\/\/kaashandeldammers.nl\/de\/wp-json\/wp\/v2\/product\/1003","targetHints":{"allow":["GET"]}}],"collection":[{"href":"https:\/\/kaashandeldammers.nl\/de\/wp-json\/wp\/v2\/product"}],"about":[{"href":"https:\/\/kaashandeldammers.nl\/de\/wp-json\/wp\/v2\/types\/product"}],"wp:featuredmedia":[{"embeddable":true,"href":"https:\/\/kaashandeldammers.nl\/de\/wp-json\/wp\/v2\/media\/1359"}],"wp:attachment":[{"href":"https:\/\/kaashandeldammers.nl\/de\/wp-json\/wp\/v2\/media?parent=1003"}],"wp:term":[{"taxonomy":"product_brand","embeddable":true,"href":"https:\/\/kaashandeldammers.nl\/de\/wp-json\/wp\/v2\/product_brand?post=1003"},{"taxonomy":"product_cat","embeddable":true,"href":"https:\/\/kaashandeldammers.nl\/de\/wp-json\/wp\/v2\/product_cat?post=1003"},{"taxonomy":"product_tag","embeddable":true,"href":"https:\/\/kaashandeldammers.nl\/de\/wp-json\/wp\/v2\/product_tag?post=1003"}],"curies":[{"name":"wp","href":"https:\/\/api.w.org\/{rel}","templated":true}]}}