{"id":89,"date":"2025-11-25T10:51:57","date_gmt":"2025-11-25T10:51:57","guid":{"rendered":"https:\/\/kaashandeldammers.nl\/?page_id=89"},"modified":"2026-04-08T13:50:25","modified_gmt":"2026-04-08T13:50:25","slug":"over-ons","status":"publish","type":"page","link":"https:\/\/kaashandeldammers.nl\/de\/over-ons\/","title":{"rendered":"\u00dcber Dammers K\u00e4segesch\u00e4ft"},"content":{"rendered":"<div>\n<p>        <img decoding=\"async\" src=\"\/wp-content\/uploads\/2025\/11\/team-dammers.jpg\" alt=\"\"><\/p>\n<div>\n<div class=\"container-content page\">\n<div class=\"content-page-text\">\n<p>Kaashandel Dammers is een naam die al sinds de jaren \u201930 van de vorige eeuw met kaas verbonden is. Begonnen met een kruiwagen, later met een fiets en toen er auto&#8217;s kwamen konden we onze kaas ook verkopen verderop in het land. \u00a0<\/p>\n<p>De familie Dammers houdt echt van kaas. Meerdere familieleden hadden of hebben een kaaswinkel. Zo ook de vader van Piet, Herman Dammers. Piet begon in 1979 met een eigen winkel. Om elkaar niet in de weg te zitten kozen ze al snel voor vaste standplaatsen en markten. En toen Piet in 1983 trouwde kwam zijn vrouw ook in de zaak.<\/p>\n<p>In 2018 begon de familie een kaaswinkel in het Zuid-Hollandse Ouddorp. Veel Duitsers die de kust bezoeken ontdekken hier de fantastische Nederlandse kazen. We mogen inmiddels klanten begroeten van over de gehele wereld. Maar vooral veel in Belgi\u00eb, Engeland en Duitsland.<\/p>\n<p>Inmiddels zijn dochter Marianne en schoonzoon Henk in de zaak gekomen. Zo kunnen ook de volgende generaties blijven genieten van een goed stuk kaas, tegen een eerlijke prijs.<\/p>\n<\/div>\n<\/div>\n<\/div>\n<\/div>\n<h5>Onze verkoopkanalen<\/h5>\n<ul>\n<li>\n<p>        <img decoding=\"async\" src=\"\/wp-content\/uploads\/2025\/11\/truck.svg\" alt=\"\"><\/p>\n<h3>Markten<\/h3>\n<p><a href=\"\/markten\/\">Bekijk<\/a><\/p>\n<\/li>\n<li>\n<p>        <img decoding=\"async\" src=\"\/wp-content\/uploads\/2025\/11\/shop.svg\" alt=\"\"><\/p>\n<h3>Kaaswinkel Ouddorp<\/h3>\n<p><a href=\"\/kaaswinkel-ouddorp\/\">Bekijk<\/a><\/p>\n<\/li>\n<li>\n<p>        <img decoding=\"async\" src=\"\/wp-content\/uploads\/2025\/11\/vending-machine.svg\" alt=\"\"><\/p>\n<h3>Kaasautomaten<\/h3>\n<p><a href=\"\/kaasautomaten\/\">Bekijk<\/a><\/p>\n<\/li>\n<\/ul>\n<p><!--more--><br \/>\n<!-- {\"type\":\"layout\",\"children\":[{\"type\":\"section\",\"props\":{\"header_transparent\":false,\"height\":\"section\",\"image_parallax_bgx\":\"0 0%\",\"image_position\":\"top-center\",\"image_size\":\"width-1-1\",\"media_background\":\"rgba(0, 0, 0, 0.25)\",\"media_blend_mode\":\"darken\",\"style\":\"default\",\"title_breakpoint\":\"xl\",\"title_position\":\"top-left\",\"title_rotation\":\"left\",\"vertical_align\":\"middle\",\"width\":\"default\"},\"children\":[{\"type\":\"row\",\"children\":[{\"type\":\"column\",\"props\":{\"image_position\":\"center-center\",\"position_sticky_breakpoint\":\"m\"},\"children\":[{\"type\":\"headline\",\"props\":{\"image_align\":\"left\",\"image_margin\":\"xsmall\",\"title_element\":\"h1\"},\"source\":{\"query\":{\"name\":\"pages.singlePage\"},\"props\":{\"content\":{\"name\":\"title\"}}}},{\"type\":\"panel\",\"props\":{\"content\":\"\n\n<div class=\\\"container-content page\\\">\\n\n\n<div class=\\\"content-page-text\\\">\\n\n\n<p>Kaashandel Dammers is een naam die al sinds de jaren \u201930 van de vorige eeuw met kaas verbonden is. Begonnen met een kruiwagen, later met een fiets en toen er auto's kwamen konden we onze kaas ook verkopen verderop in het land. \u00a0<\/p>\n\n\\n\n\n<p>De familie Dammers houdt echt van kaas. Meerdere familieleden hadden of hebben een kaaswinkel. Zo ook de vader van Piet, Herman Dammers. Piet begon in 1979 met een eigen winkel. Om elkaar niet in de weg te zitten kozen ze al snel voor vaste standplaatsen en markten. En toen Piet in 1983 trouwde kwam zijn vrouw ook in de zaak.<\/p>\n\n\\n\n\n<p>In 2018 begon de familie een kaaswinkel in het Zuid-Hollandse Ouddorp. Veel Duitsers die de kust bezoeken ontdekken hier de fantastische Nederlandse kazen. We mogen inmiddels klanten begroeten van over de gehele wereld. Maar vooral veel in Belgi\u00eb, Engeland en Duitsland.<\/p>\n\n\\n\n\n<p>Inmiddels zijn dochter Marianne en schoonzoon Henk in de zaak gekomen. Zo kunnen ook de volgende generaties blijven genieten van een goed stuk kaas, tegen een eerlijke prijs.<\/p>\n\n\\n<\/div>\n\n\\n<\/div>\n\n\",\"content_column\":\"1-2\",\"content_column_breakpoint\":\"m\",\"image\":\"wp-content\/uploads\/2025\/11\/team-dammers.jpg\",\"image_align\":\"top\",\"image_grid_breakpoint\":\"m\",\"image_grid_width\":\"1-2\",\"image_svg_color\":\"emphasis\",\"link_style\":\"default\",\"link_text\":\"Read more\",\"margin_bottom\":\"default\",\"margin_top\":\"default\",\"meta_align\":\"below-title\",\"meta_element\":\"div\",\"meta_style\":\"text-meta\",\"title_align\":\"top\",\"title_element\":\"h3\",\"title_grid_breakpoint\":\"m\",\"title_grid_width\":\"1-2\",\"title_hover_style\":\"reset\"}}]}]}]},{\"type\":\"section\",\"props\":{\"image_position\":\"center-center\",\"padding_top\":\"none\",\"style\":\"default\",\"title_breakpoint\":\"xl\",\"title_position\":\"top-left\",\"title_rotation\":\"left\",\"vertical_align\":\"middle\",\"width\":\"default\"},\"children\":[{\"type\":\"row\",\"children\":[{\"type\":\"column\",\"props\":{\"image_position\":\"center-center\",\"position_sticky_breakpoint\":\"m\"},\"children\":[{\"type\":\"headline\",\"props\":{\"content\":\"Onze verkoopkanalen\",\"image_align\":\"left\",\"image_margin\":\"xsmall\",\"title_element\":\"h5\"}},{\"type\":\"panel-slider\",\"props\":{\"blend\":false,\"container_padding_remove\":false,\"content_column_breakpoint\":\"m\",\"content_margin\":\"small\",\"content_margin_auto\":true,\"height_expand\":false,\"image_align\":\"top\",\"image_expand\":true,\"image_grid_breakpoint\":\"m\",\"image_grid_width\":\"1-2\",\"image_height\":100,\"image_link\":true,\"image_loading\":true,\"image_svg_animate\":true,\"image_svg_color\":\"warning\",\"image_svg_inline\":true,\"image_transition\":\"scale-up\",\"link_fullwidth\":false,\"link_style\":\"primary\",\"link_text\":\"Bekijk\",\"margin_bottom\":\"default\",\"margin_top\":\"default\",\"meta_align\":\"below-title\",\"meta_element\":\"div\",\"meta_margin_auto\":true,\"meta_style\":\"text-meta\",\"nav\":\"dotnav\",\"nav_align\":\"center\",\"nav_breakpoint\":\"s\",\"panel_card_offset\":false,\"panel_image_no_padding\":false,\"panel_link\":true,\"panel_link_hover\":true,\"panel_match\":true,\"panel_padding\":\"small\",\"panel_style\":\"card-default\",\"show_content\":true,\"show_hover_image\":true,\"show_hover_video\":true,\"show_image\":true,\"show_link\":true,\"show_meta\":true,\"show_title\":true,\"show_video\":true,\"slidenav\":\"default\",\"slidenav_breakpoint\":\"xl\",\"slidenav_hover\":false,\"slidenav_large\":false,\"slidenav_margin\":\"medium\",\"slidenav_outside_breakpoint\":\"xl\",\"slider_autoplay_pause\":true,\"slider_center\":false,\"slider_divider\":false,\"slider_gap\":\"medium\",\"slider_parallax\":false,\"slider_sets\":true,\"slider_width\":\"fixed\",\"slider_width_default\":\"5-6\",\"slider_width_large\":\"1-4\",\"slider_width_medium\":\"1-4\",\"slider_width_small\":\"1-3\",\"slider_width_xlarge\":\"1-4\",\"text_align\":\"justify\",\"title_align\":\"top\",\"title_element\":\"h3\",\"title_grid_breakpoint\":\"m\",\"title_grid_width\":\"1-2\",\"title_hover_style\":\"reset\",\"title_link\":true,\"title_margin_auto\":true,\"title_style\":\"text-large\"},\"children\":[{\"type\":\"panel-slider_item\",\"props\":{\"icon\":\"\",\"image\":\"wp-content\/uploads\/2025\/11\/truck.svg\",\"image_focal_point\":\"top-center\",\"image_text_color\":\"dark\",\"link\":\"markten\/\",\"title\":\"Markten\"}},{\"type\":\"panel-slider_item\",\"props\":{\"icon\":\"\",\"image\":\"wp-content\/uploads\/2025\/11\/shop.svg\",\"image_focal_point\":\"top-center\",\"image_text_color\":\"dark\",\"link\":\"kaaswinkel-ouddorp\/\",\"title\":\"Kaaswinkel Ouddorp\"}},{\"type\":\"panel-slider_item\",\"props\":{\"icon\":\"\",\"image\":\"wp-content\/uploads\/2025\/11\/vending-machine.svg\",\"image_focal_point\":\"top-center\",\"image_text_color\":\"dark\",\"link\":\"kaasautomaten\/\",\"title\":\"Kaasautomaten\"}},{\"type\":\"panel-slider_item\",\"props\":{\"icon\":\"\",\"image\":\"wp-content\/uploads\/2025\/11\/locations.svg\",\"image_focal_point\":\"top-center\",\"image_text_color\":\"dark\",\"link\":\"verkooppunten\/\",\"status\":\"disabled\",\"title\":\"Verkooppunten\"}}]}]}]}]}],\"version\":\"5.0.28\"} --><\/p>\n","protected":false},"excerpt":{"rendered":"<p>Kaashandel Dammers is een naam die al sinds de jaren \u201930 van de vorige eeuw met kaas verbonden is. Begonnen met een kruiwagen, later met een fiets en toen er auto&#8217;s kwamen konden we onze kaas ook verkopen verderop in het land. \u00a0 De familie Dammers houdt echt van kaas. Meerdere familieleden hadden of hebben [&hellip;]<\/p>\n","protected":false},"author":1,"featured_media":0,"parent":0,"menu_order":0,"comment_status":"closed","ping_status":"closed","template":"","meta":{"footnotes":""},"class_list":["post-89","page","type-page","status-publish","hentry"],"yoast_head":"<!-- This site is optimized with the Yoast SEO plugin v27.3 - https:\/\/yoast.com\/product\/yoast-seo-wordpress\/ -->\n<title>Over Kaashandel Dammers \u2013 Ambacht &amp; Familiebedrijf<\/title>\n<meta name=\"description\" content=\"Ontdek het verhaal achter Kaashandel Dammers. Een familiebedrijf met passie voor ambachtelijke Hollandse kaas en persoonlijke service.\" \/>\n<meta name=\"robots\" content=\"index, follow, max-snippet:-1, max-image-preview:large, max-video-preview:-1\" \/>\n<link rel=\"canonical\" href=\"https:\/\/kaashandeldammers.nl\/de\/over-ons\/\" \/>\n<meta property=\"og:locale\" content=\"de_DE\" \/>\n<meta property=\"og:type\" content=\"article\" \/>\n<meta property=\"og:title\" content=\"Over Kaashandel Dammers \u2013 Ambacht &amp; Familiebedrijf\" \/>\n<meta property=\"og:description\" content=\"Ontdek het verhaal achter Kaashandel Dammers. Een familiebedrijf met passie voor ambachtelijke Hollandse kaas en persoonlijke service.\" \/>\n<meta property=\"og:url\" content=\"https:\/\/kaashandeldammers.nl\/de\/over-ons\/\" \/>\n<meta property=\"og:site_name\" content=\"Kaashandel Dammers\" \/>\n<meta property=\"article:modified_time\" content=\"2026-04-08T13:50:25+00:00\" \/>\n<meta name=\"twitter:card\" content=\"summary_large_image\" \/>\n<meta name=\"twitter:label1\" content=\"Gesch\u00e4tzte Lesezeit\" \/>\n\t<meta name=\"twitter:data1\" content=\"2\u00a0Minuten\" \/>\n<script type=\"application\/ld+json\" class=\"yoast-schema-graph\">{\"@context\":\"https:\\\/\\\/schema.org\",\"@graph\":[{\"@type\":\"WebPage\",\"@id\":\"https:\\\/\\\/kaashandeldammers.nl\\\/over-ons\\\/\",\"url\":\"https:\\\/\\\/kaashandeldammers.nl\\\/over-ons\\\/\",\"name\":\"Over Kaashandel Dammers \u2013 Ambacht & Familiebedrijf\",\"isPartOf\":{\"@id\":\"https:\\\/\\\/kaashandeldammers.nl\\\/#website\"},\"datePublished\":\"2025-11-25T10:51:57+00:00\",\"dateModified\":\"2026-04-08T13:50:25+00:00\",\"description\":\"Ontdek het verhaal achter Kaashandel Dammers. Een familiebedrijf met passie voor ambachtelijke Hollandse kaas en persoonlijke service.\",\"breadcrumb\":{\"@id\":\"https:\\\/\\\/kaashandeldammers.nl\\\/over-ons\\\/#breadcrumb\"},\"inLanguage\":\"de\",\"potentialAction\":[{\"@type\":\"ReadAction\",\"target\":[\"https:\\\/\\\/kaashandeldammers.nl\\\/over-ons\\\/\"]}]},{\"@type\":\"BreadcrumbList\",\"@id\":\"https:\\\/\\\/kaashandeldammers.nl\\\/over-ons\\\/#breadcrumb\",\"itemListElement\":[{\"@type\":\"ListItem\",\"position\":1,\"name\":\"Home\",\"item\":\"https:\\\/\\\/kaashandeldammers.nl\\\/\"},{\"@type\":\"ListItem\",\"position\":2,\"name\":\"Over Kaashandel Dammers\"}]},{\"@type\":\"WebSite\",\"@id\":\"https:\\\/\\\/kaashandeldammers.nl\\\/#website\",\"url\":\"https:\\\/\\\/kaashandeldammers.nl\\\/\",\"name\":\"Kaashandel Dammers\",\"description\":\"Ambachtelijke kaas, vers van het mes\",\"potentialAction\":[{\"@type\":\"SearchAction\",\"target\":{\"@type\":\"EntryPoint\",\"urlTemplate\":\"https:\\\/\\\/kaashandeldammers.nl\\\/?s={search_term_string}\"},\"query-input\":{\"@type\":\"PropertyValueSpecification\",\"valueRequired\":true,\"valueName\":\"search_term_string\"}}],\"inLanguage\":\"de\"}]}<\/script>\n<!-- \/ Yoast SEO plugin. -->","yoast_head_json":{"title":"Over Kaashandel Dammers \u2013 Ambacht & Familiebedrijf","description":"Ontdek het verhaal achter Kaashandel Dammers. Een familiebedrijf met passie voor ambachtelijke Hollandse kaas en persoonlijke service.","robots":{"index":"index","follow":"follow","max-snippet":"max-snippet:-1","max-image-preview":"max-image-preview:large","max-video-preview":"max-video-preview:-1"},"canonical":"https:\/\/kaashandeldammers.nl\/de\/over-ons\/","og_locale":"de_DE","og_type":"article","og_title":"Over Kaashandel Dammers \u2013 Ambacht & Familiebedrijf","og_description":"Ontdek het verhaal achter Kaashandel Dammers. Een familiebedrijf met passie voor ambachtelijke Hollandse kaas en persoonlijke service.","og_url":"https:\/\/kaashandeldammers.nl\/de\/over-ons\/","og_site_name":"Kaashandel Dammers","article_modified_time":"2026-04-08T13:50:25+00:00","twitter_card":"summary_large_image","twitter_misc":{"Gesch\u00e4tzte Lesezeit":"2\u00a0Minuten"},"schema":{"@context":"https:\/\/schema.org","@graph":[{"@type":"WebPage","@id":"https:\/\/kaashandeldammers.nl\/over-ons\/","url":"https:\/\/kaashandeldammers.nl\/over-ons\/","name":"Over Kaashandel Dammers \u2013 Ambacht & Familiebedrijf","isPartOf":{"@id":"https:\/\/kaashandeldammers.nl\/#website"},"datePublished":"2025-11-25T10:51:57+00:00","dateModified":"2026-04-08T13:50:25+00:00","description":"Ontdek het verhaal achter Kaashandel Dammers. Een familiebedrijf met passie voor ambachtelijke Hollandse kaas en persoonlijke service.","breadcrumb":{"@id":"https:\/\/kaashandeldammers.nl\/over-ons\/#breadcrumb"},"inLanguage":"de","potentialAction":[{"@type":"ReadAction","target":["https:\/\/kaashandeldammers.nl\/over-ons\/"]}]},{"@type":"BreadcrumbList","@id":"https:\/\/kaashandeldammers.nl\/over-ons\/#breadcrumb","itemListElement":[{"@type":"ListItem","position":1,"name":"Home","item":"https:\/\/kaashandeldammers.nl\/"},{"@type":"ListItem","position":2,"name":"Over Kaashandel Dammers"}]},{"@type":"WebSite","@id":"https:\/\/kaashandeldammers.nl\/#website","url":"https:\/\/kaashandeldammers.nl\/","name":"Dammers K\u00e4segesch\u00e4ft","description":"Handwerklich hergestellter K\u00e4se, frisch vom Messer","potentialAction":[{"@type":"SearchAction","target":{"@type":"EntryPoint","urlTemplate":"https:\/\/kaashandeldammers.nl\/?s={search_term_string}"},"query-input":{"@type":"PropertyValueSpecification","valueRequired":true,"valueName":"search_term_string"}}],"inLanguage":"de"}]}},"jetpack_sharing_enabled":true,"_links":{"self":[{"href":"https:\/\/kaashandeldammers.nl\/de\/wp-json\/wp\/v2\/pages\/89","targetHints":{"allow":["GET"]}}],"collection":[{"href":"https:\/\/kaashandeldammers.nl\/de\/wp-json\/wp\/v2\/pages"}],"about":[{"href":"https:\/\/kaashandeldammers.nl\/de\/wp-json\/wp\/v2\/types\/page"}],"author":[{"embeddable":true,"href":"https:\/\/kaashandeldammers.nl\/de\/wp-json\/wp\/v2\/users\/1"}],"replies":[{"embeddable":true,"href":"https:\/\/kaashandeldammers.nl\/de\/wp-json\/wp\/v2\/comments?post=89"}],"version-history":[{"count":10,"href":"https:\/\/kaashandeldammers.nl\/de\/wp-json\/wp\/v2\/pages\/89\/revisions"}],"predecessor-version":[{"id":1505,"href":"https:\/\/kaashandeldammers.nl\/de\/wp-json\/wp\/v2\/pages\/89\/revisions\/1505"}],"wp:attachment":[{"href":"https:\/\/kaashandeldammers.nl\/de\/wp-json\/wp\/v2\/media?parent=89"}],"curies":[{"name":"wp","href":"https:\/\/api.w.org\/{rel}","templated":true}]}}