{"id":85,"date":"2025-11-25T10:52:19","date_gmt":"2025-11-25T10:52:19","guid":{"rendered":"https:\/\/kaashandeldammers.nl\/?page_id=85"},"modified":"2026-04-02T16:22:52","modified_gmt":"2026-04-02T16:22:52","slug":"kaaswinkel-ouddorp","status":"publish","type":"page","link":"https:\/\/kaashandeldammers.nl\/de\/kaaswinkel-ouddorp\/","title":{"rendered":"K\u00e4segesch\u00e4ft Ouddorp"},"content":{"rendered":"<p><img decoding=\"async\" src=\"\/wp-content\/uploads\/2025\/11\/Dammers_Logo_Kaaswinkel_Ouddorp_Liggend-scaled.png\" alt=\"\"><\/p>\n<div>\n<p class=\"p1\">Naast onze marktkraam hebben wij ook een eigen winkel in het Zuid-Hollandse Ouddorp. In deze landelijke en gezellige kaaswinkel vindt u een uitgebreid assortiment <span class=\"s1\">ambachtelijke Hollandse kazen<\/span>, vers van het mes. Van jonge en belegen boerenkaas tot pittige oude kaas en verrassende kruidenkazen \u2013 u vindt het allemaal onder \u00e9\u00e9n dak.<\/p>\n<p class=\"p1\">Onze winkel in Ouddorp staat bekend om de <span class=\"s1\">persoonlijke service<\/span>, <span class=\"s1\">vriendelijke sfeer<\/span> en de <span class=\"s1\">kwaliteit van echte Hollandse kaas<\/span>. U kunt hier niet alleen terecht voor uw wekelijkse kaasproducten, maar ook voor cadeaupakketten, kaasplanken en diverse streekproducten. Alles wordt dagelijks met zorg bereid en vers verpakt.<\/p>\n<p class=\"p1\">Kom gerust langs en proef het verschil. Onze medewerkers helpen u graag met advies over smaken, rijpheid en bewaartips.<\/p>\n<p class=\"p1\">Onze winkel is eenvoudig te bereiken en biedt voldoende parkeergelegenheid voor de deur.<\/p>\n<\/div>\n<hr>\n<div>\n<div>\n<p>Wilt u onze producten bestellen? Bekijk hier ons aanbod. Bestellen kan eenvoudig via een mail naar <a href=\"mailto:info@kaashandeldammers.nl\">info@kaashandeldammers.nl<\/a> of een <a href=\"http:\/\/wa.me\/31416532554\">WhatsApp bericht<\/a>.<\/p>\n<\/div>\n<\/div>\n<p><p>\n        <a href=\"\/aanbod\/\">Bekijk ons product aanbod<\/a>\n    <\/p>\n<\/p>\n<h4>Laatste nieuws<\/h4>\n<div>\n<\/div>\n<div><strong>Adres<\/strong><br \/>\n<br \/>\nRaadhuisstraat 6<br \/>\n<br \/>\n3253 AN Ouddorp<\/div>\n<div>\n<p>51.8087947,3.9363044<\/p>\n<h3>Kaaswinkel Ouddorp<\/h3>\n<p>Raadhuisstraat 6, 3253AN Ouddorp<\/p>\n<\/div>\n<div>\n<p><strong>Openingstijden<\/strong><\/p>\n<\/div>\n<p><p>\n        <a href=\"https:\/\/maps.app.goo.gl\/oggTRkPy6VDcrCTF8\">Bekijk actuele openingstijden op Google Maps<\/a>\n    <\/p>\n<\/p>\n<div>\n<p><iframe loading=\"lazy\" width=\"100%\" height=\"450px\" style=\"border: 0;\" allowfullscreen=\"allowfullscreen\" src=\"https:\/\/www.google.com\/maps\/embed?pb=!4v1716630702533!6m8!1m7!1sCAoSLEFGMVFpcE9FSEFPaTlxQkdPNnlVRnhjaXh5WHNxT3ZRWXV6NV9KYXZCbFVK!2m2!1d51.808772852086!2d3.9363191024978!3f310.5188866617978!4f-4.33592028563875!5f0.7820865974627469\"><\/iframe><\/p>\n<\/div>\n<p><!--more--><br \/>\n<!-- {\"type\":\"layout\",\"children\":[{\"type\":\"section\",\"props\":{\"image_position\":\"center-center\",\"padding_bottom\":\"none\",\"style\":\"default\",\"title_breakpoint\":\"xl\",\"title_position\":\"top-left\",\"title_rotation\":\"left\",\"vertical_align\":\"middle\",\"width\":\"default\"},\"children\":[{\"type\":\"row\",\"children\":[{\"type\":\"column\",\"props\":{\"image_position\":\"center-center\",\"position_sticky_breakpoint\":\"m\",\"width_medium\":\"1-2\"},\"children\":[{\"type\":\"headline\",\"props\":{\"image_align\":\"left\",\"image_margin\":\"xsmall\",\"title_element\":\"h1\"},\"source\":{\"query\":{\"name\":\"pages.singlePage\"},\"props\":{\"content\":{\"name\":\"title\"}}}}]},{\"type\":\"column\",\"props\":{\"image_position\":\"center-center\",\"position_sticky_breakpoint\":\"m\",\"width_medium\":\"1-2\"},\"children\":[{\"type\":\"image\",\"props\":{\"image\":\"wp-content\/uploads\/2025\/11\/Dammers_Logo_Kaaswinkel_Ouddorp_Liggend-scaled.png\",\"image_height\":85,\"image_svg_color\":\"emphasis\",\"margin_bottom\":\"default\",\"margin_top\":\"default\",\"text_align\":\"right\",\"visibility\":\"m\"}}]}],\"props\":{\"layout\":\"1-2,1-2\"}}]},{\"type\":\"section\",\"props\":{\"image_position\":\"center-center\",\"padding_bottom\":\"none\",\"padding_top\":\"small\",\"style\":\"default\",\"title_breakpoint\":\"xl\",\"title_position\":\"top-left\",\"title_rotation\":\"left\",\"vertical_align\":\"middle\",\"width\":\"default\"},\"children\":[{\"type\":\"row\",\"props\":{\"layout\":\"1-2,1-2\"},\"children\":[{\"type\":\"column\",\"props\":{\"image_position\":\"center-center\",\"position_sticky_breakpoint\":\"m\",\"width_medium\":\"1-2\"},\"children\":[{\"type\":\"text\",\"props\":{\"column_breakpoint\":\"m\",\"content\":\"\n\n<p class=\\\"p1\\\">Naast onze marktkraam hebben wij ook een eigen winkel in het Zuid-Hollandse Ouddorp. In deze landelijke en gezellige kaaswinkel vindt u een uitgebreid assortiment <span class=\\\"s1\\\">ambachtelijke Hollandse kazen<\/span>, vers van het mes. Van jonge en belegen boerenkaas tot pittige oude kaas en verrassende kruidenkazen \u2013 u vindt het allemaal onder \u00e9\u00e9n dak.<\/p>\n\n\\n\n\n<p class=\\\"p1\\\">Onze winkel in Ouddorp staat bekend om de <span class=\\\"s1\\\">persoonlijke service<\/span>, <span class=\\\"s1\\\">vriendelijke sfeer<\/span> en de <span class=\\\"s1\\\">kwaliteit van echte Hollandse kaas<\/span>. U kunt hier niet alleen terecht voor uw wekelijkse kaasproducten, maar ook voor cadeaupakketten, kaasplanken en diverse streekproducten. Alles wordt dagelijks met zorg bereid en vers verpakt.<\/p>\n\n\\n\n\n<p class=\\\"p1\\\">Kom gerust langs en proef het verschil. Onze medewerkers helpen u graag met advies over smaken, rijpheid en bewaartips.<\/p>\n\n\\n\n\n<p class=\\\"p1\\\">Onze winkel is eenvoudig te bereiken en biedt voldoende parkeergelegenheid voor de deur.<\/p>\n\n\",\"margin_bottom\":\"default\",\"margin_top\":\"default\"}},{\"type\":\"divider\",\"props\":{\"divider_element\":\"hr\"}},{\"type\":\"alert\",\"props\":{\"alert_style\":\"primary\",\"content\":\"\n\n<p>Wilt u onze producten bestellen? Bekijk hier ons aanbod. Bestellen kan eenvoudig via een mail naar <a href=\\\"mailto:info@kaashandeldammers.nl\\\">info@kaashandeldammers.nl<\/a> of een <a href=\\\"http:\/\/wa.me\/31416532554\\\">WhatsApp bericht<\/a>.<\/p>\n\n\",\"title_element\":\"h3\"}},{\"type\":\"button\",\"props\":{\"grid_column_gap\":\"small\",\"grid_row_gap\":\"small\",\"margin_bottom\":\"default\",\"margin_top\":\"default\"},\"children\":[{\"type\":\"button_item\",\"props\":{\"button_style\":\"primary\",\"content\":\"Bekijk ons product aanbod\",\"dialog_layout\":\"modal\",\"dialog_offcanvas_flip\":true,\"icon_align\":\"left\",\"link\":\"aanbod\/\"}}]}]},{\"type\":\"column\",\"props\":{\"image_position\":\"center-center\",\"position_sticky_breakpoint\":\"m\",\"width_medium\":\"1-2\"},\"children\":[{\"type\":\"headline\",\"props\":{\"content\":\"Laatste nieuws\",\"image_align\":\"left\",\"image_margin\":\"xsmall\",\"title_element\":\"h4\"}},{\"type\":\"grid\",\"props\":{\"content_column_breakpoint\":\"m\",\"content_margin_auto\":true,\"filter_align\":\"left\",\"filter_all\":true,\"filter_grid_breakpoint\":\"m\",\"filter_grid_width\":\"auto\",\"filter_position\":\"top\",\"filter_style\":\"tab\",\"grid_column_align\":false,\"grid_default\":\"1\",\"grid_medium\":\"\",\"grid_parallax_justify\":false,\"grid_row_align\":false,\"image_align\":\"top\",\"image_expand\":true,\"image_grid_breakpoint\":\"m\",\"image_grid_width\":\"1-2\",\"image_svg_color\":\"emphasis\",\"item_animation\":true,\"lightbox_bg_close\":true,\"link_fullwidth\":false,\"link_style\":\"primary\",\"link_text\":\"Bekijk\",\"margin_bottom\":\"default\",\"margin_top\":\"default\",\"meta_align\":\"below-title\",\"meta_element\":\"div\",\"meta_style\":\"text-meta\",\"panel_padding\":\"small\",\"panel_style\":\"card-default\",\"show_content\":false,\"show_hover_image\":true,\"show_hover_video\":true,\"show_image\":true,\"show_link\":true,\"show_meta\":true,\"show_title\":true,\"show_video\":true,\"title_align\":\"top\",\"title_element\":\"h3\",\"title_grid_breakpoint\":\"m\",\"title_grid_width\":\"1-2\",\"title_hover_style\":\"reset\"},\"children\":[{\"type\":\"grid_item\",\"props\":{\"panel_style\":\"card-default\"},\"source\":{\"query\":{\"name\":\"posts.customPosts\",\"arguments\":{\"terms\":[8],\"category_operator\":\"IN\",\"post_tag_operator\":\"IN\",\"users\":[],\"users_operator\":\"IN\",\"offset\":0,\"limit\":1,\"order\":\"date\",\"order_direction\":\"DESC\"}},\"props\":{\"title\":{\"name\":\"title\"},\"content\":{\"arguments\":{\"show_intro_text\":true},\"name\":\"content\"},\"image\":{\"name\":\"featuredImage.url\"},\"link\":{\"name\":\"link\"},\"meta\":{\"arguments\":{\"separator\":\", \",\"show_link\":true,\"link_style\":\"\"},\"name\":\"categoryString\"}}}}]}]}]}]},{\"type\":\"section\",\"props\":{\"image_position\":\"center-center\",\"padding_bottom\":\"small\",\"padding_top\":\"small\",\"style\":\"default\",\"title_breakpoint\":\"xl\",\"title_position\":\"top-left\",\"title_rotation\":\"left\",\"vertical_align\":\"middle\",\"width\":\"default\"},\"children\":[{\"type\":\"row\",\"props\":{\"layout\":\"1-2,1-2\"},\"children\":[{\"type\":\"column\",\"props\":{\"image_position\":\"center-center\",\"position_sticky_breakpoint\":\"m\",\"width_medium\":\"1-2\"},\"children\":[{\"type\":\"text\",\"props\":{\"column_breakpoint\":\"m\",\"content\":\"<strong>Adres<\/strong>\\n<br \/>\\nRaadhuisstraat 6\\n<br \/>\\n3253 AN Ouddorp\",\"margin_bottom\":\"default\",\"margin_top\":\"default\"}},{\"type\":\"map\",\"props\":{\"controls\":true,\"dragging\":false,\"fit_bounds\":false,\"image_svg_color\":\"emphasis\",\"link_style\":\"default\",\"link_text\":\"Read more\",\"margin_bottom\":\"default\",\"margin_top\":\"default\",\"max_zoom\":18,\"meta_align\":\"below-title\",\"meta_element\":\"div\",\"meta_style\":\"text-meta\",\"min_zoom\":0,\"poi\":false,\"show_content\":true,\"show_image\":true,\"show_link\":true,\"show_meta\":true,\"show_title\":true,\"title_element\":\"h3\",\"title_hover_style\":\"reset\",\"title_style\":\"text-small\",\"type\":\"roadmap\",\"zoom\":\"11\",\"zooming\":false},\"children\":[{\"type\":\"map_item\",\"props\":{\"hide\":false,\"item_element\":\"address\",\"location\":\"51.8087947,3.9363044\",\"meta\":\"Raadhuisstraat 6, 3253AN Ouddorp\",\"show_popup\":false,\"title\":\"Kaaswinkel Ouddorp\"}}]}]},{\"type\":\"column\",\"props\":{\"image_position\":\"center-center\",\"position_sticky_breakpoint\":\"m\",\"style\":\"tile-muted\",\"width_medium\":\"1-2\"},\"children\":[{\"type\":\"text\",\"props\":{\"column_breakpoint\":\"m\",\"content\":\"\n\n<p><strong>Openingstijden<\/strong><\/p>\n\n\",\"margin_bottom\":\"remove\",\"margin_top\":\"default\"}},{\"type\":\"button\",\"props\":{\"grid_column_gap\":\"small\",\"grid_row_gap\":\"small\",\"margin_bottom\":\"default\",\"margin_top\":\"default\"},\"children\":[{\"type\":\"button_item\",\"props\":{\"button_style\":\"primary\",\"content\":\"Bekijk actuele openingstijden op Google Maps\",\"dialog_layout\":\"modal\",\"dialog_offcanvas_flip\":true,\"icon\":\"google\",\"icon_align\":\"left\",\"link\":\"https:\/\/maps.app.goo.gl\/oggTRkPy6VDcrCTF8\",\"link_target\":true}}]}]}]}]},{\"type\":\"section\",\"props\":{\"image_position\":\"center-center\",\"padding_bottom\":\"none\",\"padding_remove_horizontal\":false,\"padding_top\":\"none\",\"style\":\"default\",\"title_breakpoint\":\"xl\",\"title_position\":\"top-left\",\"title_rotation\":\"left\",\"vertical_align\":\"middle\",\"width\":\"\"},\"children\":[{\"type\":\"row\",\"children\":[{\"type\":\"column\",\"props\":{\"image_position\":\"center-center\",\"position_sticky_breakpoint\":\"m\"},\"children\":[{\"type\":\"text\",\"props\":{\"blend\":false,\"column_breakpoint\":\"m\",\"content\":\"\n\n<p><iframe width=\\\"100%\\\" height=\\\"450px\\\" style=\\\"border: 0;\\\" allowfullscreen=\\\"allowfullscreen\\\" src=\\\"https:\/\/www.google.com\/maps\/embed?pb=!4v1716630702533!6m8!1m7!1sCAoSLEFGMVFpcE9FSEFPaTlxQkdPNnlVRnhjaXh5WHNxT3ZRWXV6NV9KYXZCbFVK!2m2!1d51.808772852086!2d3.9363191024978!3f310.5188866617978!4f-4.33592028563875!5f0.7820865974627469\\\"><\/iframe><\/p>\n\n\",\"margin_bottom\":\"remove\",\"margin_top\":\"remove\"}}]}]}],\"name\":\"Streetview\"}],\"version\":\"5.0.17\"} --><\/p>\n","protected":false},"excerpt":{"rendered":"<p>Naast onze marktkraam hebben wij ook een eigen winkel in het Zuid-Hollandse Ouddorp. In deze landelijke en gezellige kaaswinkel vindt u een uitgebreid assortiment ambachtelijke Hollandse kazen, vers van het mes. Van jonge en belegen boerenkaas tot pittige oude kaas en verrassende kruidenkazen \u2013 u vindt het allemaal onder \u00e9\u00e9n dak. Onze winkel in Ouddorp [&hellip;]<\/p>\n","protected":false},"author":1,"featured_media":0,"parent":0,"menu_order":0,"comment_status":"closed","ping_status":"closed","template":"","meta":{"footnotes":""},"class_list":["post-85","page","type-page","status-publish","hentry"],"yoast_head":"<!-- This site is optimized with the Yoast SEO plugin v27.3 - https:\/\/yoast.com\/product\/yoast-seo-wordpress\/ -->\n<title>Kaaswinkel Ouddorp \u2013 Ambachtelijke Kaas van Dammers<\/title>\n<meta name=\"description\" content=\"Bezoek onze winkel voor het beste assortiment Hollandse kazen, vers van het mes. Deskundig advies en altijd topkwaliteit.\" \/>\n<meta name=\"robots\" content=\"index, follow, max-snippet:-1, max-image-preview:large, max-video-preview:-1\" \/>\n<link rel=\"canonical\" href=\"https:\/\/kaashandeldammers.nl\/de\/kaaswinkel-ouddorp\/\" \/>\n<meta property=\"og:locale\" content=\"de_DE\" \/>\n<meta property=\"og:type\" content=\"article\" \/>\n<meta property=\"og:title\" content=\"Kaaswinkel Ouddorp \u2013 Ambachtelijke Kaas van Dammers\" \/>\n<meta property=\"og:description\" content=\"Bezoek onze winkel voor het beste assortiment Hollandse kazen, vers van het mes. Deskundig advies en altijd topkwaliteit.\" \/>\n<meta property=\"og:url\" content=\"https:\/\/kaashandeldammers.nl\/de\/kaaswinkel-ouddorp\/\" \/>\n<meta property=\"og:site_name\" content=\"Kaashandel Dammers\" \/>\n<meta property=\"article:modified_time\" content=\"2026-04-02T16:22:52+00:00\" \/>\n<meta name=\"twitter:card\" content=\"summary_large_image\" \/>\n<meta name=\"twitter:label1\" content=\"Gesch\u00e4tzte Lesezeit\" \/>\n\t<meta name=\"twitter:data1\" content=\"2\u00a0Minuten\" \/>\n<script type=\"application\/ld+json\" class=\"yoast-schema-graph\">{\"@context\":\"https:\\\/\\\/schema.org\",\"@graph\":[{\"@type\":\"WebPage\",\"@id\":\"https:\\\/\\\/kaashandeldammers.nl\\\/kaaswinkel-ouddorp\\\/\",\"url\":\"https:\\\/\\\/kaashandeldammers.nl\\\/kaaswinkel-ouddorp\\\/\",\"name\":\"Kaaswinkel Ouddorp \u2013 Ambachtelijke Kaas van Dammers\",\"isPartOf\":{\"@id\":\"https:\\\/\\\/kaashandeldammers.nl\\\/#website\"},\"datePublished\":\"2025-11-25T10:52:19+00:00\",\"dateModified\":\"2026-04-02T16:22:52+00:00\",\"description\":\"Bezoek onze winkel voor het beste assortiment Hollandse kazen, vers van het mes. Deskundig advies en altijd topkwaliteit.\",\"breadcrumb\":{\"@id\":\"https:\\\/\\\/kaashandeldammers.nl\\\/kaaswinkel-ouddorp\\\/#breadcrumb\"},\"inLanguage\":\"de\",\"potentialAction\":[{\"@type\":\"ReadAction\",\"target\":[\"https:\\\/\\\/kaashandeldammers.nl\\\/kaaswinkel-ouddorp\\\/\"]}]},{\"@type\":\"BreadcrumbList\",\"@id\":\"https:\\\/\\\/kaashandeldammers.nl\\\/kaaswinkel-ouddorp\\\/#breadcrumb\",\"itemListElement\":[{\"@type\":\"ListItem\",\"position\":1,\"name\":\"Home\",\"item\":\"https:\\\/\\\/kaashandeldammers.nl\\\/\"},{\"@type\":\"ListItem\",\"position\":2,\"name\":\"Kaaswinkel Ouddorp\"}]},{\"@type\":\"WebSite\",\"@id\":\"https:\\\/\\\/kaashandeldammers.nl\\\/#website\",\"url\":\"https:\\\/\\\/kaashandeldammers.nl\\\/\",\"name\":\"Kaashandel Dammers\",\"description\":\"Ambachtelijke kaas, vers van het mes\",\"potentialAction\":[{\"@type\":\"SearchAction\",\"target\":{\"@type\":\"EntryPoint\",\"urlTemplate\":\"https:\\\/\\\/kaashandeldammers.nl\\\/?s={search_term_string}\"},\"query-input\":{\"@type\":\"PropertyValueSpecification\",\"valueRequired\":true,\"valueName\":\"search_term_string\"}}],\"inLanguage\":\"de\"}]}<\/script>\n<!-- \/ Yoast SEO plugin. -->","yoast_head_json":{"title":"Kaaswinkel Ouddorp \u2013 Ambachtelijke Kaas van Dammers","description":"Bezoek onze winkel voor het beste assortiment Hollandse kazen, vers van het mes. Deskundig advies en altijd topkwaliteit.","robots":{"index":"index","follow":"follow","max-snippet":"max-snippet:-1","max-image-preview":"max-image-preview:large","max-video-preview":"max-video-preview:-1"},"canonical":"https:\/\/kaashandeldammers.nl\/de\/kaaswinkel-ouddorp\/","og_locale":"de_DE","og_type":"article","og_title":"Kaaswinkel Ouddorp \u2013 Ambachtelijke Kaas van Dammers","og_description":"Bezoek onze winkel voor het beste assortiment Hollandse kazen, vers van het mes. Deskundig advies en altijd topkwaliteit.","og_url":"https:\/\/kaashandeldammers.nl\/de\/kaaswinkel-ouddorp\/","og_site_name":"Kaashandel Dammers","article_modified_time":"2026-04-02T16:22:52+00:00","twitter_card":"summary_large_image","twitter_misc":{"Gesch\u00e4tzte Lesezeit":"2\u00a0Minuten"},"schema":{"@context":"https:\/\/schema.org","@graph":[{"@type":"WebPage","@id":"https:\/\/kaashandeldammers.nl\/kaaswinkel-ouddorp\/","url":"https:\/\/kaashandeldammers.nl\/kaaswinkel-ouddorp\/","name":"Kaaswinkel Ouddorp \u2013 Ambachtelijke Kaas van Dammers","isPartOf":{"@id":"https:\/\/kaashandeldammers.nl\/#website"},"datePublished":"2025-11-25T10:52:19+00:00","dateModified":"2026-04-02T16:22:52+00:00","description":"Bezoek onze winkel voor het beste assortiment Hollandse kazen, vers van het mes. Deskundig advies en altijd topkwaliteit.","breadcrumb":{"@id":"https:\/\/kaashandeldammers.nl\/kaaswinkel-ouddorp\/#breadcrumb"},"inLanguage":"de","potentialAction":[{"@type":"ReadAction","target":["https:\/\/kaashandeldammers.nl\/kaaswinkel-ouddorp\/"]}]},{"@type":"BreadcrumbList","@id":"https:\/\/kaashandeldammers.nl\/kaaswinkel-ouddorp\/#breadcrumb","itemListElement":[{"@type":"ListItem","position":1,"name":"Home","item":"https:\/\/kaashandeldammers.nl\/"},{"@type":"ListItem","position":2,"name":"Kaaswinkel Ouddorp"}]},{"@type":"WebSite","@id":"https:\/\/kaashandeldammers.nl\/#website","url":"https:\/\/kaashandeldammers.nl\/","name":"Dammers K\u00e4segesch\u00e4ft","description":"Handwerklich hergestellter K\u00e4se, frisch vom Messer","potentialAction":[{"@type":"SearchAction","target":{"@type":"EntryPoint","urlTemplate":"https:\/\/kaashandeldammers.nl\/?s={search_term_string}"},"query-input":{"@type":"PropertyValueSpecification","valueRequired":true,"valueName":"search_term_string"}}],"inLanguage":"de"}]}},"jetpack_sharing_enabled":true,"_links":{"self":[{"href":"https:\/\/kaashandeldammers.nl\/de\/wp-json\/wp\/v2\/pages\/85","targetHints":{"allow":["GET"]}}],"collection":[{"href":"https:\/\/kaashandeldammers.nl\/de\/wp-json\/wp\/v2\/pages"}],"about":[{"href":"https:\/\/kaashandeldammers.nl\/de\/wp-json\/wp\/v2\/types\/page"}],"author":[{"embeddable":true,"href":"https:\/\/kaashandeldammers.nl\/de\/wp-json\/wp\/v2\/users\/1"}],"replies":[{"embeddable":true,"href":"https:\/\/kaashandeldammers.nl\/de\/wp-json\/wp\/v2\/comments?post=85"}],"version-history":[{"count":25,"href":"https:\/\/kaashandeldammers.nl\/de\/wp-json\/wp\/v2\/pages\/85\/revisions"}],"predecessor-version":[{"id":1501,"href":"https:\/\/kaashandeldammers.nl\/de\/wp-json\/wp\/v2\/pages\/85\/revisions\/1501"}],"wp:attachment":[{"href":"https:\/\/kaashandeldammers.nl\/de\/wp-json\/wp\/v2\/media?parent=85"}],"curies":[{"name":"wp","href":"https:\/\/api.w.org\/{rel}","templated":true}]}}