{"id":79,"date":"2025-11-25T11:22:10","date_gmt":"2025-11-25T11:22:10","guid":{"rendered":"https:\/\/kaashandeldammers.nl\/?page_id=79"},"modified":"2025-11-26T23:07:30","modified_gmt":"2025-11-26T23:07:30","slug":"kaasautomaten","status":"publish","type":"page","link":"https:\/\/kaashandeldammers.nl\/de\/kaasautomaten\/","title":{"rendered":"K\u00e4seautomaten"},"content":{"rendered":"<div>\n<p>Bent u op zoek naar heerlijke, authentieke kaas van Kaashandel Dammers? U kunt nu op een gemakkelijke manier onze vertrouwde kazen kopen via kaasautomaten op verschillende locaties in Nederland. Onze kaasautomaten zijn strategisch geplaatst om makkelijk bereikbaar te zijn, zodat u altijd kunt genieten van de beste kwaliteit kaas.<\/p>\n<\/div>\n<ul>\n<li>\n<div>\n<p>De kaasautomaten zijn te vinden op de volgende locaties:<\/p>\n<ul><\/ul>\n<\/div>\n<\/li>\n<li>\n<div><strong>Grotestraat 75, Veen<\/strong> \u2013 Bij Kaashandel Dammers, ingang aan de Schmitzstraat.<\/div>\n<\/li>\n<li>\n<div><strong>Lange Reke 3, Renesse<\/strong> \u2013 Voor de winkel van slagerij The Butcher.<\/div>\n<\/li>\n<li>\n<div><strong>Parallelweg 53a, Opheusden<\/strong> \u2013 Op het terrein van Speelgoed de Betuwe.<\/div>\n<\/li>\n<li>\n<div><strong>Kerkhovensestraat 60, Oisterwijk<\/strong> \u2013 Bij Williams Boerderijwinkel.<\/div>\n<\/li>\n<li>\n<div><span><strong>Wellenseind 9, Lage Mierden<\/strong> &#8211; In de campingwinkel van TopParken Resort de Brabantse Kempen<\/span><\/div>\n<\/li>\n<\/ul>\n<ul>\n<li>\n<p>51.7767,5.1023<\/p>\n<h3>Veen <\/h3>\n<p>Grotestraat 75, Veen<\/p>\n<div>\n<p>Bij Kaashandel Dammers, ingang aan de Schmitzstraat.<\/p>\n<\/div>\n<\/li>\n<li>\n<p>51.7323689,3.7732818<\/p>\n<h3>Renesse<\/h3>\n<p>Lange Reke 3, Renesse<\/p>\n<div>\n<p>Voor de winkel van slagerij The Butcher.<\/p>\n<\/div>\n<\/li>\n<li>\n<p>51.9282773,5.6052773<\/p>\n<h3>Opheusden<\/h3>\n<p>Parallelweg 53a, Opheusden<\/p>\n<div>\n<p>Op het terrein van Speelgoed de Betuwe.<\/p>\n<\/div>\n<\/li>\n<li>\n<p>51.5905337,5.1905299<\/p>\n<h3>Oisterwijk<\/h3>\n<p>Kerkhovensestraat 60, Oisterwijk<\/p>\n<div>\n<p>Bij Williams Boerderijwinkel.<\/p>\n<\/div>\n<\/li>\n<li>\n<p>51.4210791,5.1419643<\/p>\n<h3>Lage Mierden<\/h3>\n<p>Wellenseind 9, Lage Mierden<\/p>\n<div>\n<p><span>In de campingwinkel van TopParken Resort de Brabantse Kempen<\/span><\/p>\n<\/div>\n<\/li>\n<\/ul>\n<ul>\n<li>\n<p>        <img decoding=\"async\" src=\"\/wp-content\/uploads\/2025\/11\/w555_1023237_nl.jpeg.webp\" alt=\"\"><\/p>\n<h3>Kaasautomaat voor de slagerij in Renesse<\/h3>\n<\/li>\n<li>\n<p>        <img decoding=\"async\" src=\"\/wp-content\/uploads\/2025\/11\/w555_1023240_nl.png.webp\" alt=\"\"><\/p>\n<h3>Kaasautomaat bij Speelgoed de Betuwe in Opheusden<\/h3>\n<\/li>\n<li>\n<p>        <img decoding=\"async\" src=\"\/wp-content\/uploads\/2025\/11\/w555_1023234_nl.jpeg.webp\" alt=\"\"><\/p>\n<h3>Boederijautomaat in Oisterwijk<\/h3>\n<\/li>\n<\/ul>\n<p><!--more--><br \/>\n<!-- {\"type\":\"layout\",\"children\":[{\"type\":\"section\",\"props\":{\"image_position\":\"center-center\",\"style\":\"default\",\"title_breakpoint\":\"xl\",\"title_position\":\"top-left\",\"title_rotation\":\"left\",\"vertical_align\":\"middle\",\"width\":\"default\"},\"children\":[{\"type\":\"row\",\"children\":[{\"type\":\"column\",\"props\":{\"image_position\":\"center-center\",\"position_sticky_breakpoint\":\"m\"},\"children\":[{\"type\":\"headline\",\"props\":{\"title_element\":\"h1\"},\"source\":{\"query\":{\"name\":\"pages.singlePage\"},\"props\":{\"content\":{\"name\":\"title\"}}}},{\"type\":\"text\",\"props\":{\"column_breakpoint\":\"m\",\"content\":\"\n\n<p>Bent u op zoek naar heerlijke, authentieke kaas van Kaashandel Dammers? U kunt nu op een gemakkelijke manier onze vertrouwde kazen kopen via kaasautomaten op verschillende locaties in Nederland. Onze kaasautomaten zijn strategisch geplaatst om makkelijk bereikbaar te zijn, zodat u altijd kunt genieten van de beste kwaliteit kaas.<\\\/p>\",\"margin\":\"default\"}},{\"type\":\"list\",\"props\":{\"column_breakpoint\":\"m\",\"icon_color\":\"danger\",\"image_align\":\"left\",\"image_svg_color\":\"emphasis\",\"image_vertical_align\":true,\"list_element\":\"ul\",\"list_horizontal_separator\":\", \",\"list_type\":\"vertical\",\"show_image\":true,\"show_link\":true},\"children\":[{\"type\":\"list_item\",\"props\":{\"content\":\"\n\n<p>De kaasautomaten zijn te vinden op de volgende locaties:<\\\/p>\\n\n\n<ul><\\\/ul>\"}},{\"type\":\"list_item\",\"props\":{\"content\":\"<strong>Grotestraat 75, Veen<\\\/strong> \\u2013 Bij Kaashandel Dammers, ingang aan de Schmitzstraat.\",\"icon\":\"location\"}},{\"type\":\"list_item\",\"props\":{\"content\":\"<strong>Lange Reke 3, Renesse<\\\/strong> \\u2013 Voor de winkel van slagerij The Butcher.\",\"icon\":\"location\"}},{\"type\":\"list_item\",\"props\":{\"content\":\"<strong>Parallelweg 53a, Opheusden<\\\/strong> \\u2013 Op het terrein van Speelgoed de Betuwe.\",\"icon\":\"location\"}},{\"type\":\"list_item\",\"props\":{\"content\":\"<strong>Kerkhovensestraat 60, Oisterwijk<\\\/strong> \\u2013 Bij Williams Boerderijwinkel.\",\"icon\":\"location\"}},{\"type\":\"list_item\",\"props\":{\"content\":\"<span><strong>Wellenseind 9, Lage Mierden<\\\/strong> - In de campingwinkel van TopParken Resort de Brabantse Kempen<\\\/span>\",\"icon\":\"location\"}}]},{\"type\":\"map\",\"props\":{\"controls\":true,\"dragging\":true,\"fit_bounds\":true,\"image_svg_color\":\"emphasis\",\"link_style\":\"default\",\"link_text\":\"Read more\",\"margin\":\"default\",\"max_zoom\":18,\"meta_align\":\"below-title\",\"meta_element\":\"div\",\"meta_style\":\"text-meta\",\"min_zoom\":0,\"poi\":false,\"show_content\":true,\"show_image\":true,\"show_link\":true,\"show_meta\":true,\"show_title\":true,\"title_element\":\"h3\",\"title_hover_style\":\"reset\",\"type\":\"roadmap\",\"zoom\":10,\"zooming\":true},\"children\":[{\"type\":\"map_item\",\"props\":{\"content\":\"\n\n<p>Bij Kaashandel Dammers, ingang aan de Schmitzstraat.<\\\/p>\",\"location\":\"51.7767,5.1023\",\"meta\":\"Grotestraat 75, Veen\",\"title\":\"Veen \"}},{\"type\":\"map_item\",\"props\":{\"content\":\"\n\n<p>Voor de winkel van slagerij The Butcher.<\\\/p>\",\"location\":\"51.7323689,3.7732818\",\"meta\":\"Lange Reke 3, Renesse\",\"title\":\"Renesse\"}},{\"type\":\"map_item\",\"props\":{\"content\":\"\n\n<p>Op het terrein van Speelgoed de Betuwe.<\\\/p>\",\"location\":\"51.9282773,5.6052773\",\"meta\":\"Parallelweg 53a, Opheusden\",\"title\":\"Opheusden\"}},{\"type\":\"map_item\",\"props\":{\"content\":\"\n\n<p>Bij Williams Boerderijwinkel.<\\\/p>\",\"location\":\"51.5905337,5.1905299\",\"meta\":\"Kerkhovensestraat 60, Oisterwijk\",\"title\":\"Oisterwijk\"}},{\"type\":\"map_item\",\"props\":{\"content\":\"\n\n<p><span>In de campingwinkel van TopParken Resort de Brabantse Kempen<\\\/span><\\\/p>\",\"location\":\"51.4210791,5.1419643\",\"meta\":\"Wellenseind 9, Lage Mierden\",\"title\":\"Lage Mierden\"}}]},{\"type\":\"gallery\",\"props\":{\"filter_align\":\"left\",\"filter_all\":true,\"filter_grid_breakpoint\":\"m\",\"filter_grid_width\":\"auto\",\"filter_position\":\"top\",\"filter_style\":\"tab\",\"grid_default\":\"1\",\"grid_divider\":true,\"grid_medium\":\"3\",\"item_animation\":true,\"lightbox_bg_close\":true,\"link_style\":\"default\",\"link_text\":\"Read more\",\"margin\":\"default\",\"meta_align\":\"below-title\",\"meta_element\":\"div\",\"meta_style\":\"text-meta\",\"overlay_hover\":true,\"overlay_mode\":\"cover\",\"overlay_position\":\"center\",\"overlay_style\":\"overlay-primary\",\"overlay_transition\":\"fade\",\"show_content\":true,\"show_hover_image\":true,\"show_hover_video\":true,\"show_link\":true,\"show_meta\":true,\"show_title\":true,\"text_align\":\"center\",\"text_color\":\"light\",\"title_element\":\"h3\",\"title_hover_style\":\"reset\"},\"children\":[{\"type\":\"gallery_item\",\"props\":{\"image\":\"wp-content\\\/uploads\\\/2025\\\/11\\\/w555_1023237_nl.jpeg.webp\",\"title\":\"Kaasautomaat voor de slagerij in Renesse\"}},{\"type\":\"gallery_item\",\"props\":{\"image\":\"wp-content\\\/uploads\\\/2025\\\/11\\\/w555_1023240_nl.png.webp\",\"title\":\"Kaasautomaat bij Speelgoed de Betuwe in Opheusden\"}},{\"type\":\"gallery_item\",\"props\":{\"image\":\"wp-content\\\/uploads\\\/2025\\\/11\\\/w555_1023234_nl.jpeg.webp\",\"title\":\"Boederijautomaat in Oisterwijk\"}}]}]}]}]}],\"version\":\"4.5.32\"} --><\/p>\n","protected":false},"excerpt":{"rendered":"<p>Bent u op zoek naar heerlijke, authentieke kaas van Kaashandel Dammers? U kunt nu op een gemakkelijke manier onze vertrouwde kazen kopen via kaasautomaten op verschillende locaties in Nederland. Onze kaasautomaten zijn strategisch geplaatst om makkelijk bereikbaar te zijn, zodat u altijd kunt genieten van de beste kwaliteit kaas. De kaasautomaten zijn te vinden op [&hellip;]<\/p>\n","protected":false},"author":1,"featured_media":0,"parent":0,"menu_order":0,"comment_status":"closed","ping_status":"closed","template":"","meta":{"footnotes":""},"class_list":["post-79","page","type-page","status-publish","hentry"],"yoast_head":"<!-- This site is optimized with the Yoast SEO plugin v27.3 - https:\/\/yoast.com\/product\/yoast-seo-wordpress\/ -->\n<title>Kaasautomaten - Kaashandel Dammers<\/title>\n<meta name=\"robots\" content=\"index, follow, max-snippet:-1, max-image-preview:large, max-video-preview:-1\" \/>\n<link rel=\"canonical\" href=\"https:\/\/kaashandeldammers.nl\/de\/kaasautomaten\/\" \/>\n<meta property=\"og:locale\" content=\"de_DE\" \/>\n<meta property=\"og:type\" content=\"article\" \/>\n<meta property=\"og:title\" content=\"Kaasautomaten - Kaashandel Dammers\" \/>\n<meta property=\"og:description\" content=\"Bent u op zoek naar heerlijke, authentieke kaas van Kaashandel Dammers? U kunt nu op een gemakkelijke manier onze vertrouwde kazen kopen via kaasautomaten op verschillende locaties in Nederland. Onze kaasautomaten zijn strategisch geplaatst om makkelijk bereikbaar te zijn, zodat u altijd kunt genieten van de beste kwaliteit kaas. De kaasautomaten zijn te vinden op [&hellip;]\" \/>\n<meta property=\"og:url\" content=\"https:\/\/kaashandeldammers.nl\/de\/kaasautomaten\/\" \/>\n<meta property=\"og:site_name\" content=\"Kaashandel Dammers\" \/>\n<meta property=\"article:modified_time\" content=\"2025-11-26T23:07:30+00:00\" \/>\n<meta name=\"twitter:card\" content=\"summary_large_image\" \/>\n<meta name=\"twitter:label1\" content=\"Gesch\u00e4tzte Lesezeit\" \/>\n\t<meta name=\"twitter:data1\" content=\"1\u00a0Minute\" \/>\n<script type=\"application\/ld+json\" class=\"yoast-schema-graph\">{\"@context\":\"https:\\\/\\\/schema.org\",\"@graph\":[{\"@type\":\"WebPage\",\"@id\":\"https:\\\/\\\/kaashandeldammers.nl\\\/kaasautomaten\\\/\",\"url\":\"https:\\\/\\\/kaashandeldammers.nl\\\/kaasautomaten\\\/\",\"name\":\"Kaasautomaten - Kaashandel Dammers\",\"isPartOf\":{\"@id\":\"https:\\\/\\\/kaashandeldammers.nl\\\/#website\"},\"datePublished\":\"2025-11-25T11:22:10+00:00\",\"dateModified\":\"2025-11-26T23:07:30+00:00\",\"breadcrumb\":{\"@id\":\"https:\\\/\\\/kaashandeldammers.nl\\\/kaasautomaten\\\/#breadcrumb\"},\"inLanguage\":\"de\",\"potentialAction\":[{\"@type\":\"ReadAction\",\"target\":[\"https:\\\/\\\/kaashandeldammers.nl\\\/kaasautomaten\\\/\"]}]},{\"@type\":\"BreadcrumbList\",\"@id\":\"https:\\\/\\\/kaashandeldammers.nl\\\/kaasautomaten\\\/#breadcrumb\",\"itemListElement\":[{\"@type\":\"ListItem\",\"position\":1,\"name\":\"Home\",\"item\":\"https:\\\/\\\/kaashandeldammers.nl\\\/\"},{\"@type\":\"ListItem\",\"position\":2,\"name\":\"Kaasautomaten\"}]},{\"@type\":\"WebSite\",\"@id\":\"https:\\\/\\\/kaashandeldammers.nl\\\/#website\",\"url\":\"https:\\\/\\\/kaashandeldammers.nl\\\/\",\"name\":\"Kaashandel Dammers\",\"description\":\"Ambachtelijke kaas, vers van het mes\",\"potentialAction\":[{\"@type\":\"SearchAction\",\"target\":{\"@type\":\"EntryPoint\",\"urlTemplate\":\"https:\\\/\\\/kaashandeldammers.nl\\\/?s={search_term_string}\"},\"query-input\":{\"@type\":\"PropertyValueSpecification\",\"valueRequired\":true,\"valueName\":\"search_term_string\"}}],\"inLanguage\":\"de\"}]}<\/script>\n<!-- \/ Yoast SEO plugin. -->","yoast_head_json":{"title":"K\u00e4seautomaten - Cheese Trade Dammers","robots":{"index":"index","follow":"follow","max-snippet":"max-snippet:-1","max-image-preview":"max-image-preview:large","max-video-preview":"max-video-preview:-1"},"canonical":"https:\/\/kaashandeldammers.nl\/de\/kaasautomaten\/","og_locale":"de_DE","og_type":"article","og_title":"Kaasautomaten - Kaashandel Dammers","og_description":"Bent u op zoek naar heerlijke, authentieke kaas van Kaashandel Dammers? U kunt nu op een gemakkelijke manier onze vertrouwde kazen kopen via kaasautomaten op verschillende locaties in Nederland. Onze kaasautomaten zijn strategisch geplaatst om makkelijk bereikbaar te zijn, zodat u altijd kunt genieten van de beste kwaliteit kaas. De kaasautomaten zijn te vinden op [&hellip;]","og_url":"https:\/\/kaashandeldammers.nl\/de\/kaasautomaten\/","og_site_name":"Kaashandel Dammers","article_modified_time":"2025-11-26T23:07:30+00:00","twitter_card":"summary_large_image","twitter_misc":{"Gesch\u00e4tzte Lesezeit":"1\u00a0Minute"},"schema":{"@context":"https:\/\/schema.org","@graph":[{"@type":"WebPage","@id":"https:\/\/kaashandeldammers.nl\/kaasautomaten\/","url":"https:\/\/kaashandeldammers.nl\/kaasautomaten\/","name":"K\u00e4seautomaten - Cheese Trade Dammers","isPartOf":{"@id":"https:\/\/kaashandeldammers.nl\/#website"},"datePublished":"2025-11-25T11:22:10+00:00","dateModified":"2025-11-26T23:07:30+00:00","breadcrumb":{"@id":"https:\/\/kaashandeldammers.nl\/kaasautomaten\/#breadcrumb"},"inLanguage":"de","potentialAction":[{"@type":"ReadAction","target":["https:\/\/kaashandeldammers.nl\/kaasautomaten\/"]}]},{"@type":"BreadcrumbList","@id":"https:\/\/kaashandeldammers.nl\/kaasautomaten\/#breadcrumb","itemListElement":[{"@type":"ListItem","position":1,"name":"Home","item":"https:\/\/kaashandeldammers.nl\/"},{"@type":"ListItem","position":2,"name":"Kaasautomaten"}]},{"@type":"WebSite","@id":"https:\/\/kaashandeldammers.nl\/#website","url":"https:\/\/kaashandeldammers.nl\/","name":"Dammers K\u00e4segesch\u00e4ft","description":"Handwerklich hergestellter K\u00e4se, frisch vom Messer","potentialAction":[{"@type":"SearchAction","target":{"@type":"EntryPoint","urlTemplate":"https:\/\/kaashandeldammers.nl\/?s={search_term_string}"},"query-input":{"@type":"PropertyValueSpecification","valueRequired":true,"valueName":"search_term_string"}}],"inLanguage":"de"}]}},"jetpack_sharing_enabled":true,"_links":{"self":[{"href":"https:\/\/kaashandeldammers.nl\/de\/wp-json\/wp\/v2\/pages\/79","targetHints":{"allow":["GET"]}}],"collection":[{"href":"https:\/\/kaashandeldammers.nl\/de\/wp-json\/wp\/v2\/pages"}],"about":[{"href":"https:\/\/kaashandeldammers.nl\/de\/wp-json\/wp\/v2\/types\/page"}],"author":[{"embeddable":true,"href":"https:\/\/kaashandeldammers.nl\/de\/wp-json\/wp\/v2\/users\/1"}],"replies":[{"embeddable":true,"href":"https:\/\/kaashandeldammers.nl\/de\/wp-json\/wp\/v2\/comments?post=79"}],"version-history":[{"count":9,"href":"https:\/\/kaashandeldammers.nl\/de\/wp-json\/wp\/v2\/pages\/79\/revisions"}],"predecessor-version":[{"id":217,"href":"https:\/\/kaashandeldammers.nl\/de\/wp-json\/wp\/v2\/pages\/79\/revisions\/217"}],"wp:attachment":[{"href":"https:\/\/kaashandeldammers.nl\/de\/wp-json\/wp\/v2\/media?parent=79"}],"curies":[{"name":"wp","href":"https:\/\/api.w.org\/{rel}","templated":true}]}}