{"id":76,"date":"2025-11-24T17:16:40","date_gmt":"2025-11-24T17:16:40","guid":{"rendered":"https:\/\/kaashandeldammers.nl\/?page_id=76"},"modified":"2026-01-20T13:35:30","modified_gmt":"2026-01-20T13:35:30","slug":"markten","status":"publish","type":"page","link":"https:\/\/kaashandeldammers.nl\/de\/markten\/","title":{"rendered":"M\u00e4rkte"},"content":{"rendered":"<div>\n<p class=\"p1\">Kaashandel Dammers is al jarenlang te vinden op diverse weekmarkten, waar we dagelijks onze klanten voorzien van <span class=\"s2\">verse, ambachtelijke Hollandse kazen<\/span>. Op de markt presenteren we een ruim assortiment Goudse kaas, boerenkazen, buitenlandse specialiteiten en verse eieren \u2013 allemaal rechtstreeks uit onze eigen selectie.<\/p>\n<p class=\"p1\">Onze marktkraam staat bekend om de <span class=\"s2\">kwaliteit, persoonlijke service en eerlijk advies<\/span>. Kom langs, proef een stukje en ontdek waarom zoveel klanten al jaren trouw bij ons kopen.<\/p>\n<p class=\"p4\">Vers van het mes, met aandacht gesneden en altijd prettig geprijsd.<\/p>\n<\/div>\n<table>\n<thead>\n<tr>\n<th>Dag<\/th>\n<th>Plaats<\/th>\n<th>Tijd<\/th>\n<th>Facebook<\/th>\n<\/tr>\n<\/thead>\n<tbody>\n<tr>\n<td>Dinsdag<\/td>\n<td>Ouddorp<\/td>\n<td>08:00 \u2013 15.00<\/td>\n<td>\n        <a href=\"https:\/\/www.facebook.com\/marktouddorp\">Bekijk pagina<\/a>\n    <\/td>\n<\/tr>\n<tr>\n<td>Woensdag<\/td>\n<td>Kloosterzande<\/td>\n<td>08:00 \u2013 12:00<\/td>\n<td>\n        <a href=\"https:\/\/www.facebook.com\/weekmarktkloosterzande\">Bekijk pagina<\/a>\n    <\/td>\n<\/tr>\n<tr>\n<td>Woensdag<\/td>\n<td>Vogelwaarde<\/td>\n<td>12:45 \u2013 14:00<\/td>\n<td>\n        <a href=\"https:\/\/www.facebook.com\/kaasboervogelwaarde\/\">Bekijk pagina<\/a>\n    <\/td>\n<\/tr>\n<tr>\n<td>Donderdag<\/td>\n<td>Sprang-Capelle\t<\/td>\n<td>08:00 \u2013 12:00\n<\/td>\n<td>\n        <a href=\"https:\/\/www.facebook.com\/MarktSprang\">Bekijk pagina<\/a>\n    <\/td>\n<\/tr>\n<tr>\n<td>Vrijdag<\/td>\n<td>Andel<\/td>\n<td>08:00 \u2013 12:00\n<\/td>\n<td>\n        <a href=\"https:\/\/www.facebook.com\/weekmarktandel\">Bekijk pagina<\/a>\n    <\/td>\n<\/tr>\n<tr>\n<td>Vrijdag<\/td>\n<td>Herkingen<\/td>\n<td>\n<p>09:00 \u2013 12:00<\/p>\n<\/td>\n<td>\n    <\/td>\n<\/tr>\n<tr>\n<td>Vrijdag<\/td>\n<td>Melissant<\/td>\n<td>\n<p>13:00 \u2013 16:30<\/p>\n<\/td>\n<td>\n    <\/td>\n<\/tr>\n<tr>\n<td>Vrijdag<\/td>\n<td>Koudekerk aan den Rijn\t<\/td>\n<td>14:00 \u2013 18:00\n<\/td>\n<td>\n        <a href=\"https:\/\/www.facebook.com\/koudekerkadrijn\">Bekijk pagina<\/a>\n    <\/td>\n<\/tr>\n<tr>\n<td>Zaterdag<\/td>\n<td>Diemen<\/td>\n<td>08:00 \u2013 13:00<\/td>\n<td>\n        <a href=\"https:\/\/www.facebook.com\/marktdiemen\">Bekijk pagina<\/a>\n    <\/td>\n<\/tr>\n<\/tbody>\n<\/table>\n<ul>\n<li>\n<p>51.80918,3.93614<\/p>\n<h3>Ouddorp<\/h3>\n<p>Dinsdag<\/p>\n<div>08:00 \u2013 15.00<\/div>\n<\/li>\n<li>\n<p>51.368644,4.016467<\/p>\n<h3>Kloosterzande<\/h3>\n<p>Woensdag<\/p>\n<div>08:00 \u2013 12:00 <\/div>\n<\/li>\n<li>\n<p>51.326003,3.977133<\/p>\n<h3>Vogelwaarde<\/h3>\n<p>Woensdag<\/p>\n<div>12:45 \u2013 14:00<\/div>\n<\/li>\n<li>\n<p>52.1332,4.601887<\/p>\n<h3>Koudekerk aan den Rijn<\/h3>\n<p>Vrijdag<\/p>\n<div>14:00 \u2013 18:00\n<\/div>\n<\/li>\n<li>\n<p>51.783897,5.052651<\/p>\n<h3>Andel<\/h3>\n<p>Vrijdag<\/p>\n<div>08:00 \u2013 12:00\n<\/div>\n<\/li>\n<li>\n<p>51.670933,5.023953<\/p>\n<h3>Sprang-Capelle<\/h3>\n<p>Donderdag<\/p>\n<div>08:00 \u2013 12:00\n<\/div>\n<\/li>\n<li>\n<p>52.341272,4.963299<\/p>\n<h3>Diemen<\/h3>\n<p>Zaterdag<\/p>\n<div>08:00 \u2013 13:00\n<\/div>\n<\/li>\n<li>\n<p>51.7694585,4.0668319<\/p>\n<h3>Melissant<\/h3>\n<p>Vrijdag<\/p>\n<div>\n<p>13:00 &#8211; 16:30<\/p>\n<\/div>\n<\/li>\n<li>\n<p>51.7089,4.0888<\/p>\n<h3>Herkingen<\/h3>\n<p>Vrijdag<\/p>\n<div>\n<p>09:00 &#8211; 12:00<\/p>\n<\/div>\n<\/li>\n<\/ul>\n<p><!--more--><br \/>\n<!-- {\"type\":\"layout\",\"children\":[{\"type\":\"section\",\"props\":{\"image_position\":\"center-center\",\"style\":\"default\",\"title_breakpoint\":\"xl\",\"title_position\":\"top-left\",\"title_rotation\":\"left\",\"vertical_align\":\"middle\",\"width\":\"default\"},\"children\":[{\"type\":\"row\",\"children\":[{\"type\":\"column\",\"props\":{\"image_position\":\"center-center\",\"position_sticky_breakpoint\":\"m\"},\"children\":[{\"type\":\"headline\",\"props\":{\"title_element\":\"h1\"},\"source\":{\"query\":{\"name\":\"pages.singlePage\"},\"props\":{\"content\":{\"name\":\"title\"}}}},{\"type\":\"text\",\"props\":{\"column_breakpoint\":\"m\",\"content\":\"\n\n<p class=\\\"p1\\\">Kaashandel Dammers is al jarenlang te vinden op diverse weekmarkten, waar we dagelijks onze klanten voorzien van <span class=\\\"s2\\\">verse, ambachtelijke Hollandse kazen<\\\/span>. Op de markt presenteren we een ruim assortiment Goudse kaas, boerenkazen, buitenlandse specialiteiten en verse eieren \\u2013 allemaal rechtstreeks uit onze eigen selectie.<\\\/p>\\n\n\n<p class=\\\"p1\\\">Onze marktkraam staat bekend om de <span class=\\\"s2\\\">kwaliteit, persoonlijke service en eerlijk advies<\\\/span>. Kom langs, proef een stukje en ontdek waarom zoveel klanten al jaren trouw bij ons kopen.<\\\/p>\\n\n\n<p class=\\\"p4\\\">Vers van het mes, met aandacht gesneden en altijd prettig geprijsd.<\\\/p>\",\"margin\":\"default\"}},{\"type\":\"table\",\"props\":{\"image_svg_color\":\"emphasis\",\"link_style\":\"primary\",\"link_target\":true,\"link_text\":\"Bekijk pagina\",\"meta_style\":\"\",\"show_content\":true,\"show_image\":true,\"show_link\":true,\"show_meta\":true,\"show_title\":true,\"table_head_content\":\"Tijd\",\"table_head_link\":\"Facebook\",\"table_head_meta\":\"Plaats\",\"table_head_title\":\"Dag\",\"table_hover\":false,\"table_justify\":false,\"table_order\":\"5\",\"table_responsive\":\"overflow\",\"table_style\":\"striped\",\"table_vertical_align\":true,\"table_width_content\":\"small\",\"table_width_meta\":\"small\",\"table_width_title\":\"small\"},\"children\":[{\"type\":\"table_item\",\"props\":{\"content\":\"08:00 \\u2013 15.00\",\"link\":\"https:\\\/\\\/www.facebook.com\\\/marktouddorp\",\"meta\":\"Ouddorp\",\"title\":\"Dinsdag\"}},{\"type\":\"table_item\",\"props\":{\"content\":\"08:00 \\u2013 12:00\",\"link\":\"https:\\\/\\\/www.facebook.com\\\/weekmarktkloosterzande\",\"meta\":\"Kloosterzande\",\"title\":\"Woensdag\"}},{\"type\":\"table_item\",\"props\":{\"content\":\"12:45 \\u2013 14:00\",\"link\":\"https:\\\/\\\/www.facebook.com\\\/kaasboervogelwaarde\\\/\",\"meta\":\"Vogelwaarde\",\"title\":\"Woensdag\"}},{\"type\":\"table_item\",\"props\":{\"content\":\"08:00 \\u2013 12:00\\n\",\"link\":\"https:\\\/\\\/www.facebook.com\\\/MarktSprang\",\"meta\":\"Sprang-Capelle\\t\",\"title\":\"Donderdag\"}},{\"type\":\"table_item\",\"props\":{\"content\":\"08:00 \\u2013 12:00\\n\",\"link\":\"https:\\\/\\\/www.facebook.com\\\/weekmarktandel\",\"meta\":\"Andel\",\"title\":\"Vrijdag\"}},{\"type\":\"table_item\",\"props\":{\"content\":\"\n\n<p>09:00 \\u2013 12:00<\\\/p>\",\"meta\":\"Herkingen\",\"title\":\"Vrijdag\"}},{\"type\":\"table_item\",\"props\":{\"content\":\"\n\n<p>13:00 \\u2013 16:30<\\\/p>\",\"meta\":\"Melissant\",\"title\":\"Vrijdag\"}},{\"type\":\"table_item\",\"props\":{\"content\":\"14:00 \\u2013 18:00\\n\",\"link\":\"https:\\\/\\\/www.facebook.com\\\/koudekerkadrijn\",\"meta\":\"Koudekerk aan den Rijn\\t\",\"title\":\"Vrijdag\"}},{\"type\":\"table_item\",\"props\":{\"content\":\"08:00 \\u2013 13:00\",\"link\":\"https:\\\/\\\/www.facebook.com\\\/marktdiemen\",\"meta\":\"Diemen\",\"title\":\"Zaterdag\"}}]},{\"type\":\"map\",\"props\":{\"clustering\":false,\"controls\":true,\"dragging\":true,\"fit_bounds\":true,\"image_svg_color\":\"emphasis\",\"link_style\":\"default\",\"link_text\":\"Read more\",\"margin\":\"default\",\"max_zoom\":18,\"meta_align\":\"below-title\",\"meta_element\":\"div\",\"meta_style\":\"text-meta\",\"min_zoom\":0,\"poi\":false,\"show_content\":true,\"show_image\":true,\"show_link\":true,\"show_meta\":true,\"show_title\":true,\"title_element\":\"h3\",\"title_hover_style\":\"reset\",\"type\":\"roadmap\",\"zoom\":10,\"zooming\":true},\"children\":[{\"type\":\"map_item\",\"props\":{\"content\":\"08:00 \\u2013 15.00\",\"location\":\"51.80918,3.93614\",\"meta\":\"Dinsdag\",\"show_popup\":false,\"title\":\"Ouddorp\"}},{\"type\":\"map_item\",\"props\":{\"content\":\"08:00 \\u2013 12:00 \",\"location\":\"51.368644,4.016467\",\"meta\":\"Woensdag\",\"title\":\"Kloosterzande\"}},{\"type\":\"map_item\",\"props\":{\"content\":\"12:45 \\u2013 14:00\",\"location\":\"51.326003,3.977133\",\"meta\":\"Woensdag\",\"title\":\"Vogelwaarde\"}},{\"type\":\"map_item\",\"props\":{\"content\":\"14:00 \\u2013 18:00\\n\",\"location\":\"52.1332,4.601887\",\"meta\":\"Vrijdag\",\"title\":\"Koudekerk aan den Rijn\"}},{\"type\":\"map_item\",\"props\":{\"content\":\"08:00 \\u2013 12:00 \\n\",\"location\":\"51.783897,5.052651\",\"meta\":\"Vrijdag\",\"title\":\"Andel\"}},{\"type\":\"map_item\",\"props\":{\"content\":\"08:00 \\u2013 12:00\\n\",\"location\":\"51.670933,5.023953\",\"meta\":\"Donderdag\",\"title\":\"Sprang-Capelle\"}},{\"type\":\"map_item\",\"props\":{\"content\":\"08:00 \\u2013 13:00\\n\",\"location\":\"52.341272,4.963299\",\"meta\":\"Zaterdag\",\"title\":\"Diemen\"}},{\"type\":\"map_item\",\"props\":{\"content\":\"\n\n<p>13:00 - 16:30<\\\/p>\",\"location\":\"51.7694585,4.0668319\",\"meta\":\"Vrijdag\",\"title\":\"Melissant\"}},{\"type\":\"map_item\",\"props\":{\"content\":\"\n\n<p>09:00 - 12:00<\\\/p>\",\"location\":\"51.7089,4.0888\",\"meta\":\"Vrijdag\",\"title\":\"Herkingen\"}}]}]}]}]}],\"version\":\"4.5.33\"} --><\/p>\n","protected":false},"excerpt":{"rendered":"<p>Kaashandel Dammers is al jarenlang te vinden op diverse weekmarkten, waar we dagelijks onze klanten voorzien van verse, ambachtelijke Hollandse kazen. Op de markt presenteren we een ruim assortiment Goudse kaas, boerenkazen, buitenlandse specialiteiten en verse eieren \u2013 allemaal rechtstreeks uit onze eigen selectie. Onze marktkraam staat bekend om de kwaliteit, persoonlijke service en eerlijk [&hellip;]<\/p>\n","protected":false},"author":1,"featured_media":0,"parent":0,"menu_order":0,"comment_status":"closed","ping_status":"closed","template":"","meta":{"footnotes":""},"class_list":["post-76","page","type-page","status-publish","hentry"],"yoast_head":"<!-- This site is optimized with the Yoast SEO plugin v27.3 - https:\/\/yoast.com\/product\/yoast-seo-wordpress\/ -->\n<title>Waar wij staan \u2013 Markten &amp; Verkooppunten | Kaashandel Dammers<\/title>\n<meta name=\"description\" content=\"Bezoek Kaashandel Dammers op diverse markten en verkooppunten. Wekelijks verse Hollandse kaas, altijd vakmanschap en kwaliteit.\" \/>\n<meta name=\"robots\" content=\"index, follow, max-snippet:-1, max-image-preview:large, max-video-preview:-1\" \/>\n<link rel=\"canonical\" href=\"https:\/\/kaashandeldammers.nl\/de\/markten\/\" \/>\n<meta property=\"og:locale\" content=\"de_DE\" \/>\n<meta property=\"og:type\" content=\"article\" \/>\n<meta property=\"og:title\" content=\"Waar wij staan \u2013 Markten &amp; Verkooppunten | Kaashandel Dammers\" \/>\n<meta property=\"og:description\" content=\"Bezoek Kaashandel Dammers op diverse markten en verkooppunten. Wekelijks verse Hollandse kaas, altijd vakmanschap en kwaliteit.\" \/>\n<meta property=\"og:url\" content=\"https:\/\/kaashandeldammers.nl\/de\/markten\/\" \/>\n<meta property=\"og:site_name\" content=\"Kaashandel Dammers\" \/>\n<meta property=\"article:modified_time\" content=\"2026-01-20T13:35:30+00:00\" \/>\n<meta name=\"twitter:card\" content=\"summary_large_image\" \/>\n<meta name=\"twitter:label1\" content=\"Gesch\u00e4tzte Lesezeit\" \/>\n\t<meta name=\"twitter:data1\" content=\"1\u00a0Minute\" \/>\n<script type=\"application\/ld+json\" class=\"yoast-schema-graph\">{\"@context\":\"https:\\\/\\\/schema.org\",\"@graph\":[{\"@type\":\"WebPage\",\"@id\":\"https:\\\/\\\/kaashandeldammers.nl\\\/markten\\\/\",\"url\":\"https:\\\/\\\/kaashandeldammers.nl\\\/markten\\\/\",\"name\":\"Waar wij staan \u2013 Markten & Verkooppunten | Kaashandel Dammers\",\"isPartOf\":{\"@id\":\"https:\\\/\\\/kaashandeldammers.nl\\\/#website\"},\"datePublished\":\"2025-11-24T17:16:40+00:00\",\"dateModified\":\"2026-01-20T13:35:30+00:00\",\"description\":\"Bezoek Kaashandel Dammers op diverse markten en verkooppunten. Wekelijks verse Hollandse kaas, altijd vakmanschap en kwaliteit.\",\"breadcrumb\":{\"@id\":\"https:\\\/\\\/kaashandeldammers.nl\\\/markten\\\/#breadcrumb\"},\"inLanguage\":\"de\",\"potentialAction\":[{\"@type\":\"ReadAction\",\"target\":[\"https:\\\/\\\/kaashandeldammers.nl\\\/markten\\\/\"]}]},{\"@type\":\"BreadcrumbList\",\"@id\":\"https:\\\/\\\/kaashandeldammers.nl\\\/markten\\\/#breadcrumb\",\"itemListElement\":[{\"@type\":\"ListItem\",\"position\":1,\"name\":\"Home\",\"item\":\"https:\\\/\\\/kaashandeldammers.nl\\\/\"},{\"@type\":\"ListItem\",\"position\":2,\"name\":\"Markten\"}]},{\"@type\":\"WebSite\",\"@id\":\"https:\\\/\\\/kaashandeldammers.nl\\\/#website\",\"url\":\"https:\\\/\\\/kaashandeldammers.nl\\\/\",\"name\":\"Kaashandel Dammers\",\"description\":\"Ambachtelijke kaas, vers van het mes\",\"potentialAction\":[{\"@type\":\"SearchAction\",\"target\":{\"@type\":\"EntryPoint\",\"urlTemplate\":\"https:\\\/\\\/kaashandeldammers.nl\\\/?s={search_term_string}\"},\"query-input\":{\"@type\":\"PropertyValueSpecification\",\"valueRequired\":true,\"valueName\":\"search_term_string\"}}],\"inLanguage\":\"de\"}]}<\/script>\n<!-- \/ Yoast SEO plugin. -->","yoast_head_json":{"title":"Waar wij staan \u2013 Markten & Verkooppunten | Kaashandel Dammers","description":"Bezoek Kaashandel Dammers op diverse markten en verkooppunten. Wekelijks verse Hollandse kaas, altijd vakmanschap en kwaliteit.","robots":{"index":"index","follow":"follow","max-snippet":"max-snippet:-1","max-image-preview":"max-image-preview:large","max-video-preview":"max-video-preview:-1"},"canonical":"https:\/\/kaashandeldammers.nl\/de\/markten\/","og_locale":"de_DE","og_type":"article","og_title":"Waar wij staan \u2013 Markten & Verkooppunten | Kaashandel Dammers","og_description":"Bezoek Kaashandel Dammers op diverse markten en verkooppunten. Wekelijks verse Hollandse kaas, altijd vakmanschap en kwaliteit.","og_url":"https:\/\/kaashandeldammers.nl\/de\/markten\/","og_site_name":"Kaashandel Dammers","article_modified_time":"2026-01-20T13:35:30+00:00","twitter_card":"summary_large_image","twitter_misc":{"Gesch\u00e4tzte Lesezeit":"1\u00a0Minute"},"schema":{"@context":"https:\/\/schema.org","@graph":[{"@type":"WebPage","@id":"https:\/\/kaashandeldammers.nl\/markten\/","url":"https:\/\/kaashandeldammers.nl\/markten\/","name":"Waar wij staan \u2013 Markten & Verkooppunten | Kaashandel Dammers","isPartOf":{"@id":"https:\/\/kaashandeldammers.nl\/#website"},"datePublished":"2025-11-24T17:16:40+00:00","dateModified":"2026-01-20T13:35:30+00:00","description":"Bezoek Kaashandel Dammers op diverse markten en verkooppunten. Wekelijks verse Hollandse kaas, altijd vakmanschap en kwaliteit.","breadcrumb":{"@id":"https:\/\/kaashandeldammers.nl\/markten\/#breadcrumb"},"inLanguage":"de","potentialAction":[{"@type":"ReadAction","target":["https:\/\/kaashandeldammers.nl\/markten\/"]}]},{"@type":"BreadcrumbList","@id":"https:\/\/kaashandeldammers.nl\/markten\/#breadcrumb","itemListElement":[{"@type":"ListItem","position":1,"name":"Home","item":"https:\/\/kaashandeldammers.nl\/"},{"@type":"ListItem","position":2,"name":"Markten"}]},{"@type":"WebSite","@id":"https:\/\/kaashandeldammers.nl\/#website","url":"https:\/\/kaashandeldammers.nl\/","name":"Dammers K\u00e4segesch\u00e4ft","description":"Handwerklich hergestellter K\u00e4se, frisch vom Messer","potentialAction":[{"@type":"SearchAction","target":{"@type":"EntryPoint","urlTemplate":"https:\/\/kaashandeldammers.nl\/?s={search_term_string}"},"query-input":{"@type":"PropertyValueSpecification","valueRequired":true,"valueName":"search_term_string"}}],"inLanguage":"de"}]}},"jetpack_sharing_enabled":true,"_links":{"self":[{"href":"https:\/\/kaashandeldammers.nl\/de\/wp-json\/wp\/v2\/pages\/76","targetHints":{"allow":["GET"]}}],"collection":[{"href":"https:\/\/kaashandeldammers.nl\/de\/wp-json\/wp\/v2\/pages"}],"about":[{"href":"https:\/\/kaashandeldammers.nl\/de\/wp-json\/wp\/v2\/types\/page"}],"author":[{"embeddable":true,"href":"https:\/\/kaashandeldammers.nl\/de\/wp-json\/wp\/v2\/users\/1"}],"replies":[{"embeddable":true,"href":"https:\/\/kaashandeldammers.nl\/de\/wp-json\/wp\/v2\/comments?post=76"}],"version-history":[{"count":9,"href":"https:\/\/kaashandeldammers.nl\/de\/wp-json\/wp\/v2\/pages\/76\/revisions"}],"predecessor-version":[{"id":303,"href":"https:\/\/kaashandeldammers.nl\/de\/wp-json\/wp\/v2\/pages\/76\/revisions\/303"}],"wp:attachment":[{"href":"https:\/\/kaashandeldammers.nl\/de\/wp-json\/wp\/v2\/media?parent=76"}],"curies":[{"name":"wp","href":"https:\/\/api.w.org\/{rel}","templated":true}]}}