{"id":27,"date":"2025-11-24T13:30:30","date_gmt":"2025-11-24T13:30:30","guid":{"rendered":"https:\/\/kaashandeldammers.nl\/?page_id=27"},"modified":"2025-11-25T11:56:37","modified_gmt":"2025-11-25T11:56:37","slug":"kaas-met-een-verhaal","status":"publish","type":"page","link":"https:\/\/kaashandeldammers.nl\/de\/kaas-met-een-verhaal\/","title":{"rendered":"K\u00e4se mit einer Geschichte"},"content":{"rendered":"<h1>Kaas met een verhaal<\/h1>\n<div>\n<\/div>\n<p><!--more--><br \/>\n<!-- {\"type\":\"layout\",\"children\":[{\"type\":\"section\",\"props\":{\"image_position\":\"center-center\",\"style\":\"default\",\"title_breakpoint\":\"xl\",\"title_position\":\"top-left\",\"title_rotation\":\"left\",\"vertical_align\":\"middle\",\"width\":\"default\"},\"children\":[{\"type\":\"row\",\"children\":[{\"type\":\"column\",\"props\":{\"image_position\":\"center-center\",\"position_sticky_breakpoint\":\"m\"},\"children\":[{\"type\":\"headline\",\"props\":{\"content\":\"Kaas met een verhaal\",\"title_element\":\"h1\"}},{\"type\":\"grid\",\"props\":{\"animation\":\"slide-right-medium\",\"blend\":false,\"container_padding_remove\":false,\"content_align\":false,\"content_column_breakpoint\":\"m\",\"content_dropcap\":false,\"filter_align\":\"left\",\"filter_all\":true,\"filter_grid_breakpoint\":\"m\",\"filter_grid_width\":\"auto\",\"filter_position\":\"top\",\"filter_style\":\"tab\",\"grid_column_align\":false,\"grid_default\":\"1\",\"grid_divider\":false,\"grid_medium\":\"3\",\"grid_parallax_justify\":false,\"grid_row_align\":false,\"icon_width\":80,\"image_align\":\"top\",\"image_border\":\"rounded\",\"image_grid_breakpoint\":\"m\",\"image_grid_width\":\"1-2\",\"image_link\":true,\"image_loading\":false,\"image_svg_color\":\"emphasis\",\"image_transition\":\"scale-up\",\"image_transition_border\":false,\"image_width\":500,\"item_animation\":true,\"lightbox\":false,\"lightbox_bg_close\":true,\"link_fullwidth\":false,\"link_style\":\"default\",\"link_text\":\"Lees verder\",\"margin\":\"default\",\"meta_align\":\"below-title\",\"meta_element\":\"div\",\"meta_style\":\"text-meta\",\"panel_expand\":\"both\",\"show_content\":true,\"show_hover_image\":false,\"show_hover_video\":false,\"show_image\":true,\"show_link\":true,\"show_meta\":false,\"show_title\":true,\"show_video\":false,\"title_align\":\"top\",\"title_element\":\"h3\",\"title_grid_breakpoint\":\"m\",\"title_grid_width\":\"1-2\",\"title_hover_style\":\"heading\",\"title_link\":true},\"children\":[{\"type\":\"grid_item\",\"source\":{\"query\":{\"name\":\"posts.customPosts\",\"arguments\":{\"terms\":[3],\"category_operator\":\"IN\",\"post_tag_operator\":\"IN\",\"users\":[],\"users_operator\":\"IN\",\"offset\":0,\"limit\":10,\"order\":\"date\",\"order_direction\":\"DESC\"}},\"props\":{\"title\":{\"name\":\"title\"},\"image\":{\"name\":\"featuredImage.url\"},\"link\":{\"name\":\"link\"},\"meta\":{\"filters\":{\"date\":\"\"},\"name\":\"date\"},\"content\":{\"arguments\":{\"show_excerpt\":true,\"show_content\":true},\"name\":\"teaser\"}}}}]}]}]}]}],\"version\":\"4.5.32\"} --><\/p>\n","protected":false},"excerpt":{"rendered":"<p>K\u00e4se mit einer Geschichte<\/p>","protected":false},"author":1,"featured_media":0,"parent":0,"menu_order":0,"comment_status":"closed","ping_status":"closed","template":"","meta":{"footnotes":""},"class_list":["post-27","page","type-page","status-publish","hentry"],"yoast_head":"<!-- This site is optimized with the Yoast SEO plugin v27.4 - https:\/\/yoast.com\/product\/yoast-seo-wordpress\/ -->\n<title>Kaas met een verhaal - Kaashandel Dammers<\/title>\n<meta name=\"robots\" content=\"index, follow, max-snippet:-1, max-image-preview:large, max-video-preview:-1\" \/>\n<link rel=\"canonical\" href=\"https:\/\/kaashandeldammers.nl\/de\/kaas-met-een-verhaal\/\" \/>\n<meta property=\"og:locale\" content=\"de_DE\" \/>\n<meta property=\"og:type\" content=\"article\" \/>\n<meta property=\"og:title\" content=\"Kaas met een verhaal - Kaashandel Dammers\" \/>\n<meta property=\"og:description\" content=\"Kaas met een verhaal\" \/>\n<meta property=\"og:url\" content=\"https:\/\/kaashandeldammers.nl\/de\/kaas-met-een-verhaal\/\" \/>\n<meta property=\"og:site_name\" content=\"Kaashandel Dammers\" \/>\n<meta property=\"article:modified_time\" content=\"2025-11-25T11:56:37+00:00\" \/>\n<meta name=\"twitter:card\" content=\"summary_large_image\" \/>\n<script type=\"application\/ld+json\" class=\"yoast-schema-graph\">{\"@context\":\"https:\\\/\\\/schema.org\",\"@graph\":[{\"@type\":\"WebPage\",\"@id\":\"https:\\\/\\\/kaashandeldammers.nl\\\/kaas-met-een-verhaal\\\/\",\"url\":\"https:\\\/\\\/kaashandeldammers.nl\\\/kaas-met-een-verhaal\\\/\",\"name\":\"Kaas met een verhaal - Kaashandel Dammers\",\"isPartOf\":{\"@id\":\"https:\\\/\\\/kaashandeldammers.nl\\\/#website\"},\"datePublished\":\"2025-11-24T13:30:30+00:00\",\"dateModified\":\"2025-11-25T11:56:37+00:00\",\"breadcrumb\":{\"@id\":\"https:\\\/\\\/kaashandeldammers.nl\\\/kaas-met-een-verhaal\\\/#breadcrumb\"},\"inLanguage\":\"de\",\"potentialAction\":[{\"@type\":\"ReadAction\",\"target\":[\"https:\\\/\\\/kaashandeldammers.nl\\\/kaas-met-een-verhaal\\\/\"]}]},{\"@type\":\"BreadcrumbList\",\"@id\":\"https:\\\/\\\/kaashandeldammers.nl\\\/kaas-met-een-verhaal\\\/#breadcrumb\",\"itemListElement\":[{\"@type\":\"ListItem\",\"position\":1,\"name\":\"Home\",\"item\":\"https:\\\/\\\/kaashandeldammers.nl\\\/\"},{\"@type\":\"ListItem\",\"position\":2,\"name\":\"Kaas met een verhaal\"}]},{\"@type\":\"WebSite\",\"@id\":\"https:\\\/\\\/kaashandeldammers.nl\\\/#website\",\"url\":\"https:\\\/\\\/kaashandeldammers.nl\\\/\",\"name\":\"Kaashandel Dammers\",\"description\":\"Ambachtelijke kaas, vers van het mes\",\"potentialAction\":[{\"@type\":\"SearchAction\",\"target\":{\"@type\":\"EntryPoint\",\"urlTemplate\":\"https:\\\/\\\/kaashandeldammers.nl\\\/?s={search_term_string}\"},\"query-input\":{\"@type\":\"PropertyValueSpecification\",\"valueRequired\":true,\"valueName\":\"search_term_string\"}}],\"inLanguage\":\"de\"}]}<\/script>\n<!-- \/ Yoast SEO plugin. -->","yoast_head_json":{"title":"Kaas met een verhaal - Kaashandel Dammers","robots":{"index":"index","follow":"follow","max-snippet":"max-snippet:-1","max-image-preview":"max-image-preview:large","max-video-preview":"max-video-preview:-1"},"canonical":"https:\/\/kaashandeldammers.nl\/de\/kaas-met-een-verhaal\/","og_locale":"de_DE","og_type":"article","og_title":"Kaas met een verhaal - Kaashandel Dammers","og_description":"Kaas met een verhaal","og_url":"https:\/\/kaashandeldammers.nl\/de\/kaas-met-een-verhaal\/","og_site_name":"Kaashandel Dammers","article_modified_time":"2025-11-25T11:56:37+00:00","twitter_card":"summary_large_image","schema":{"@context":"https:\/\/schema.org","@graph":[{"@type":"WebPage","@id":"https:\/\/kaashandeldammers.nl\/kaas-met-een-verhaal\/","url":"https:\/\/kaashandeldammers.nl\/kaas-met-een-verhaal\/","name":"Kaas met een verhaal - Kaashandel Dammers","isPartOf":{"@id":"https:\/\/kaashandeldammers.nl\/#website"},"datePublished":"2025-11-24T13:30:30+00:00","dateModified":"2025-11-25T11:56:37+00:00","breadcrumb":{"@id":"https:\/\/kaashandeldammers.nl\/kaas-met-een-verhaal\/#breadcrumb"},"inLanguage":"de","potentialAction":[{"@type":"ReadAction","target":["https:\/\/kaashandeldammers.nl\/kaas-met-een-verhaal\/"]}]},{"@type":"BreadcrumbList","@id":"https:\/\/kaashandeldammers.nl\/kaas-met-een-verhaal\/#breadcrumb","itemListElement":[{"@type":"ListItem","position":1,"name":"Home","item":"https:\/\/kaashandeldammers.nl\/"},{"@type":"ListItem","position":2,"name":"Kaas met een verhaal"}]},{"@type":"WebSite","@id":"https:\/\/kaashandeldammers.nl\/#website","url":"https:\/\/kaashandeldammers.nl\/","name":"Dammers K\u00e4segesch\u00e4ft","description":"Handwerklich hergestellter K\u00e4se, frisch vom Messer","potentialAction":[{"@type":"SearchAction","target":{"@type":"EntryPoint","urlTemplate":"https:\/\/kaashandeldammers.nl\/?s={search_term_string}"},"query-input":{"@type":"PropertyValueSpecification","valueRequired":true,"valueName":"search_term_string"}}],"inLanguage":"de"}]}},"jetpack_sharing_enabled":true,"_links":{"self":[{"href":"https:\/\/kaashandeldammers.nl\/de\/wp-json\/wp\/v2\/pages\/27","targetHints":{"allow":["GET"]}}],"collection":[{"href":"https:\/\/kaashandeldammers.nl\/de\/wp-json\/wp\/v2\/pages"}],"about":[{"href":"https:\/\/kaashandeldammers.nl\/de\/wp-json\/wp\/v2\/types\/page"}],"author":[{"embeddable":true,"href":"https:\/\/kaashandeldammers.nl\/de\/wp-json\/wp\/v2\/users\/1"}],"replies":[{"embeddable":true,"href":"https:\/\/kaashandeldammers.nl\/de\/wp-json\/wp\/v2\/comments?post=27"}],"version-history":[{"count":10,"href":"https:\/\/kaashandeldammers.nl\/de\/wp-json\/wp\/v2\/pages\/27\/revisions"}],"predecessor-version":[{"id":126,"href":"https:\/\/kaashandeldammers.nl\/de\/wp-json\/wp\/v2\/pages\/27\/revisions\/126"}],"wp:attachment":[{"href":"https:\/\/kaashandeldammers.nl\/de\/wp-json\/wp\/v2\/media?parent=27"}],"curies":[{"name":"wp","href":"https:\/\/api.w.org\/{rel}","templated":true}]}}